{"id":4082,"date":"2025-11-12T01:33:27","date_gmt":"2025-11-11T18:33:27","guid":{"rendered":"https:\/\/xuongnoithattipi.com\/?post_type=product&#038;p=4082"},"modified":"2025-11-15T21:57:21","modified_gmt":"2025-11-15T14:57:21","slug":"combo-phong-ngu-mdf-thong-minh","status":"publish","type":"product","link":"https:\/\/xuongnoithattipi.com\/?product=combo-phong-ngu-mdf-thong-minh","title":{"rendered":"Combo Ph\u00f2ng Ng\u1ee7 MDF Th\u00f4ng Minh"},"content":{"rendered":"<p><b>Combo Ph\u00f2ng Ng\u1ee7 MDF Th\u00f4ng Minh \u2013 Gi\u1ea3i Ph\u00e1p T\u1ed1i \u01afu Cho Cu\u1ed9c S\u1ed1ng Hi\u1ec7n \u0110\u1ea1i<\/b><\/p>\n<p>B\u1ea1n \u0111ang \u0111\u1ed1i m\u1eb7t v\u1edbi v\u1ea5n \u0111\u1ec1 kh\u00f4ng gian s\u1ed1ng h\u1ea1n ch\u1ebf nh\u01b0ng v\u1eabn mong mu\u1ed1n m\u1ed9t ph\u00f2ng ng\u1ee7 \u0111\u1ea7y \u0111\u1ee7 ti\u1ec7n nghi v\u00e0 phong c\u00e1ch? Combo ph\u00f2ng ng\u1ee7 MDF th\u00f4ng minh ch\u00ednh l\u00e0 ch\u00eca kh\u00f3a. \u0110\u00e2y l\u00e0 gi\u1ea3i ph\u00e1p n\u1ed9i th\u1ea5t \u0111\u1ed9t ph\u00e1, t\u00edch h\u1ee3p nhi\u1ec1u ch\u1ee9c n\u0103ng trong m\u1ed9t, gi\u00fap b\u1ea1n t\u1eadn d\u1ee5ng tri\u1ec7t \u0111\u1ec3 m\u1ecdi m\u00e9t vu\u00f4ng trong c\u0103n h\u1ed9.<\/p>\n<p><img loading=\"lazy\" decoding=\"async\" class=\"alignnone wp-image-4087\" src=\"http:\/\/xuongnoithattipi.com\/wp-content\/uploads\/2025\/11\/combo-phong-ngu-thong-minh-4-300x300.jpg\" alt=\"\" width=\"396\" height=\"396\" srcset=\"https:\/\/xuongnoithattipi.com\/wp-content\/uploads\/2025\/11\/combo-phong-ngu-thong-minh-4-300x300.jpg 300w, https:\/\/xuongnoithattipi.com\/wp-content\/uploads\/2025\/11\/combo-phong-ngu-thong-minh-4-150x150.jpg 150w, https:\/\/xuongnoithattipi.com\/wp-content\/uploads\/2025\/11\/combo-phong-ngu-thong-minh-4-768x768.jpg 768w, https:\/\/xuongnoithattipi.com\/wp-content\/uploads\/2025\/11\/combo-phong-ngu-thong-minh-4-256x256.jpg 256w, https:\/\/xuongnoithattipi.com\/wp-content\/uploads\/2025\/11\/combo-phong-ngu-thong-minh-4-100x100.jpg 100w, https:\/\/xuongnoithattipi.com\/wp-content\/uploads\/2025\/11\/combo-phong-ngu-thong-minh-4.jpg 1024w\" sizes=\"auto, (max-width: 396px) 100vw, 396px\" \/> <img loading=\"lazy\" decoding=\"async\" class=\"alignnone wp-image-4086\" src=\"http:\/\/xuongnoithattipi.com\/wp-content\/uploads\/2025\/11\/combo-phong-ngu-thong-minh3-300x300.jpg\" alt=\"\" width=\"397\" height=\"397\" srcset=\"https:\/\/xuongnoithattipi.com\/wp-content\/uploads\/2025\/11\/combo-phong-ngu-thong-minh3-300x300.jpg 300w, https:\/\/xuongnoithattipi.com\/wp-content\/uploads\/2025\/11\/combo-phong-ngu-thong-minh3-150x150.jpg 150w, https:\/\/xuongnoithattipi.com\/wp-content\/uploads\/2025\/11\/combo-phong-ngu-thong-minh3-768x768.jpg 768w, https:\/\/xuongnoithattipi.com\/wp-content\/uploads\/2025\/11\/combo-phong-ngu-thong-minh3-256x256.jpg 256w, https:\/\/xuongnoithattipi.com\/wp-content\/uploads\/2025\/11\/combo-phong-ngu-thong-minh3-100x100.jpg 100w, https:\/\/xuongnoithattipi.com\/wp-content\/uploads\/2025\/11\/combo-phong-ngu-thong-minh3.jpg 1024w\" sizes=\"auto, (max-width: 397px) 100vw, 397px\" \/><\/p>\n<p><b>Combo Ph\u00f2ng Ng\u1ee7 MDF Th\u00f4ng Minh: \u0110a N\u0103ng Bi\u1ebfn H\u00ecnh, Khai Th\u00e1c T\u1ed1i \u0110a Di\u1ec7n T\u00edch<\/b> Combo ph\u00f2ng ng\u1ee7 MDF th\u00f4ng minh kh\u00f4ng ch\u1ec9 \u0111\u01a1n thu\u1ea7n l\u00e0 n\u1ed9i th\u1ea5t, m\u00e0 l\u00e0 s\u1ef1 \u0111\u1ea7u t\u01b0 v\u00e0o m\u1ed9t kh\u00f4ng gian s\u1ed1ng linh ho\u1ea1t, c\u00f3 kh\u1ea3 n\u0103ng &#8220;bi\u1ebfn h\u00ecnh&#8221; t\u1eeb ph\u00f2ng ng\u1ee7 th\u00e0nh ph\u00f2ng l\u00e0m vi\u1ec7c hay khu v\u1ef1c sinh ho\u1ea1t ch\u1ec9 trong t\u00edch t\u1eafc.<\/p>\n<p><b>T\u1ea1i Sao N\u00ean Ch\u1ecdn Combo Ph\u00f2ng Ng\u1ee7 MDF Th\u00f4ng Minh C\u1ee7a N\u1ed8I TH\u1ea4T TIPI?<\/b><\/p>\n<ol start=\"1\">\n<li><b>T\u00ednh N\u0103ng \u0110a D\u1ee5ng, Ti\u1ebft Ki\u1ec7m Kh\u00f4ng Gian V\u01b0\u1ee3t Tr\u1ed9i:<\/b> Combo bao g\u1ed3m c\u00e1c m\u00f3n \u0111\u1ed3 t\u00edch h\u1ee3p nh\u01b0 gi\u01b0\u1eddng g\u1ea5p\/gi\u01b0\u1eddng \u00e2m t\u01b0\u1eddng, b\u00e0n l\u00e0m vi\u1ec7c \u1ea9n, k\u1ec7 s\u00e1ch xoay, ho\u1eb7c gi\u01b0\u1eddng k\u1ebft h\u1ee3p gh\u1ebf sofa. C\u00e1c t\u00ednh n\u0103ng &#8220;2 trong 1&#8221; n\u00e0y gi\u00fap gi\u1ea3i ph\u00f3ng kh\u00f4ng gian s\u00e0n \u0111\u00e1ng k\u1ec3 v\u00e0o ban ng\u00e0y, \u0111\u1eb7c bi\u1ec7t l\u00fd t\u01b0\u1edfng cho c\u00e1c c\u0103n h\u1ed9 studio ho\u1eb7c ph\u00f2ng ng\u1ee7 nh\u1ecf.<\/li>\n<li><b>Ch\u1ea5t Li\u1ec7u MDF Cao C\u1ea5p, \u0110\u1ea3m B\u1ea3o C\u01a1 Ch\u1ebf V\u1eadn H\u00e0nh B\u1ec1n B\u1ec9:<\/b> Ch\u00fang t\u00f4i s\u1eed d\u1ee5ng g\u1ed7 c\u00f4ng nghi\u1ec7p MDF (Medium Density Fiberboard) ch\u1ea5t l\u01b0\u1ee3ng cao, k\u1ebft h\u1ee3p v\u1edbi b\u1ed9 ph\u1ee5 ki\u1ec7n c\u01a1 kh\u00ed ch\u1ea5t l\u01b0\u1ee3ng (b\u1ea3n l\u1ec1, ray tr\u01b0\u1ee3t, piston) nh\u1eadp kh\u1ea9u. \u0110i\u1ec1u n\u00e0y \u0111\u1ea3m b\u1ea3o c\u00e1c thao t\u00e1c g\u1ea5p, m\u1edf, tr\u01b0\u1ee3t \u0111\u01b0\u1ee3c th\u1ef1c hi\u1ec7n nh\u1eb9 nh\u00e0ng, an to\u00e0n v\u00e0 c\u00f3 \u0111\u1ed9 b\u1ec1n cao, gi\u1eef cho n\u1ed9i th\u1ea5t th\u00f4ng minh v\u1eadn h\u00e0nh tr\u01a1n tru qua th\u1eddi gian d\u00e0i.<\/li>\n<li><b>Thi\u1ebft K\u1ebf Hi\u1ec7n \u0110\u1ea1i, \u0110\u1eb9p M\u1eaft:<\/b> M\u1eb7c d\u00f9 t\u1eadp trung v\u00e0o c\u00f4ng n\u0103ng, Combo th\u00f4ng minh v\u1eabn gi\u1eef \u0111\u01b0\u1ee3c v\u1ebb ngo\u00e0i hi\u1ec7n \u0111\u1ea1i, tinh t\u1ebf. C\u00e1c thi\u1ebft k\u1ebf th\u01b0\u1eddng mang phong c\u00e1ch t\u1ed1i gi\u1ea3n, \u0111\u01b0\u1eddng n\u00e9t g\u1ecdn g\u00e0ng, ph\u00f9 h\u1ee3p v\u1edbi xu h\u01b0\u1edbng ki\u1ebfn tr\u00fac hi\u1ec7n nay. Khi g\u1ea5p l\u1ea1i, c\u00e1c m\u00f3n \u0111\u1ed3 tr\u00f4ng gi\u1ed1ng nh\u01b0 m\u1ed9t b\u1ee9c t\u01b0\u1eddng trang tr\u00ed ho\u1eb7c m\u1ed9t chi\u1ebfc t\u1ee7 g\u1ecdn g\u00e0ng.<\/li>\n<li><b>Gi\u1ea3i Ph\u00e1p To\u00e0n Di\u1ec7n, N\u00e2ng Cao Ch\u1ea5t L\u01b0\u1ee3ng S\u1ed1ng:<\/b> L\u1ef1a ch\u1ecdn combo ph\u00f2ng ng\u1ee7 th\u00f4ng minh l\u00e0 m\u1ed9t quy\u1ebft \u0111\u1ecbnh \u0111\u1ea7u t\u01b0 th\u00f4ng minh, gi\u00fap b\u1ea1n c\u00f3 \u0111\u01b0\u1ee3c m\u1ed9t kh\u00f4ng gian s\u1ed1ng \u0111a ch\u1ee9c n\u0103ng, ti\u1ec7n l\u1ee3i m\u00e0 kh\u00f4ng ph\u1ea3i hy sinh s\u1ef1 tho\u1ea3i m\u00e1i hay th\u1ea9m m\u1ef9. \u0110\u00e2y l\u00e0 gi\u1ea3i ph\u00e1p n\u00e2ng cao ch\u1ea5t l\u01b0\u1ee3ng s\u1ed1ng cho ng\u01b0\u1eddi d\u00e2n th\u00e0nh th\u1ecb.<img loading=\"lazy\" decoding=\"async\" class=\"alignnone wp-image-4085\" src=\"http:\/\/xuongnoithattipi.com\/wp-content\/uploads\/2025\/11\/combo-phong-ngu-thong-minh2-300x300.jpg\" alt=\"\" width=\"395\" height=\"395\" srcset=\"https:\/\/xuongnoithattipi.com\/wp-content\/uploads\/2025\/11\/combo-phong-ngu-thong-minh2-300x300.jpg 300w, https:\/\/xuongnoithattipi.com\/wp-content\/uploads\/2025\/11\/combo-phong-ngu-thong-minh2-150x150.jpg 150w, https:\/\/xuongnoithattipi.com\/wp-content\/uploads\/2025\/11\/combo-phong-ngu-thong-minh2-768x768.jpg 768w, https:\/\/xuongnoithattipi.com\/wp-content\/uploads\/2025\/11\/combo-phong-ngu-thong-minh2-256x256.jpg 256w, https:\/\/xuongnoithattipi.com\/wp-content\/uploads\/2025\/11\/combo-phong-ngu-thong-minh2-100x100.jpg 100w, https:\/\/xuongnoithattipi.com\/wp-content\/uploads\/2025\/11\/combo-phong-ngu-thong-minh2.jpg 1024w\" sizes=\"auto, (max-width: 395px) 100vw, 395px\" \/> <img loading=\"lazy\" decoding=\"async\" class=\"alignnone wp-image-4084\" src=\"http:\/\/xuongnoithattipi.com\/wp-content\/uploads\/2025\/11\/combo-phong-ngu-thong-minh1-300x300.jpg\" alt=\"\" width=\"393\" height=\"393\" srcset=\"https:\/\/xuongnoithattipi.com\/wp-content\/uploads\/2025\/11\/combo-phong-ngu-thong-minh1-300x300.jpg 300w, https:\/\/xuongnoithattipi.com\/wp-content\/uploads\/2025\/11\/combo-phong-ngu-thong-minh1-150x150.jpg 150w, https:\/\/xuongnoithattipi.com\/wp-content\/uploads\/2025\/11\/combo-phong-ngu-thong-minh1-768x768.jpg 768w, https:\/\/xuongnoithattipi.com\/wp-content\/uploads\/2025\/11\/combo-phong-ngu-thong-minh1-256x256.jpg 256w, https:\/\/xuongnoithattipi.com\/wp-content\/uploads\/2025\/11\/combo-phong-ngu-thong-minh1-100x100.jpg 100w, https:\/\/xuongnoithattipi.com\/wp-content\/uploads\/2025\/11\/combo-phong-ngu-thong-minh1.jpg 1024w\" sizes=\"auto, (max-width: 393px) 100vw, 393px\" \/><\/li>\n<\/ol>\n<p><b>Li\u00ean H\u1ec7 N\u1ed8I TH\u1ea4T TIPI \u0110\u1ec3 \u0110\u01b0\u1ee3c T\u01b0 V\u1ea5n:<\/b><\/p>\n<p>\u0110\u1ec3 \u0111\u01b0\u1ee3c t\u01b0 v\u1ea5n chi ti\u1ebft v\u00e0 s\u1edf h\u1eefu ngay combo ph\u00f2ng ng\u1ee7 MDF th\u00f4ng minh \u01b0ng \u00fd, h\u00e3y li\u00ean h\u1ec7 v\u1edbi N\u1ed8I TH\u1ea4T TIPI qua th\u00f4ng tin d\u01b0\u1edbi \u0111\u00e2y:<\/p>\n<ul>\n<li><b>C\u00d4NG TY TNHH TH\u01af\u01a0NG M\u1ea0I V\u00c0 S\u1ea2N XU\u1ea4T TIPI WOOD<\/b><\/li>\n<li><b>\u0110\u1ecba ch\u1ec9:<\/b> 221\/229 B\u00ecnh Th\u00e0nh, Ph\u01b0\u1eddng B\u00ecnh T\u00e2n, TP.HCM<\/li>\n<li><b>Kinh doanh:<\/b> 0909.52.69.62<\/li>\n<li><b>H\u1ed7 tr\u1ee3 k\u1ef9 thu\u1eadt:<\/b> 0938.40.50.62<\/li>\n<li><b>Email:<\/b> tipiwood.sg@gmail.com<\/li>\n<\/ul>\n<p>N\u1ed8I TH\u1ea4T TIPI lu\u00f4n s\u1eb5n l\u00f2ng ph\u1ee5c v\u1ee5 v\u00e0 mang \u0111\u1ebfn nh\u1eefng gi\u1ea3i ph\u00e1p n\u1ed9i th\u1ea5t ho\u00e0n h\u1ea3o nh\u1ea5t cho kh\u00f4ng gian s\u1ed1ng c\u1ee7a b\u1ea1n!<\/p>\n","protected":false},"excerpt":{"rendered":"<p>Kh\u00e1m ph\u00e1 combo ph\u00f2ng ng\u1ee7 MDF th\u00f4ng minh t\u1eeb N\u1ed8I TH\u1ea4T TIPI \u2013 gi\u1ea3i ph\u00e1p \u0111a n\u0103ng t\u00edch h\u1ee3p, t\u1ed1i \u01b0u h\u00f3a di\u1ec7n t\u00edch v\u00e0 n\u00e2ng t\u1ea7m ti\u1ec7n \u00edch cho c\u0103n h\u1ed9 hi\u1ec7n \u0111\u1ea1i. \u0110\u1eb7t h\u00e0ng ngay t\u1ea1i TP.HCM.<\/p>\n","protected":false},"featured_media":4083,"comment_status":"open","ping_status":"closed","template":"","meta":{"_acf_changed":false},"product_brand":[],"product_cat":[150],"product_tag":[],"class_list":{"0":"post-4082","1":"product","2":"type-product","3":"status-publish","4":"has-post-thumbnail","6":"product_cat-combo-phong-ngu-mdf","8":"first","9":"instock","10":"shipping-taxable","11":"purchasable","12":"product-type-simple"},"acf":[],"yoast_head":"<!-- This site is optimized with the Yoast SEO Premium plugin v22.6 (Yoast SEO v26.3) - https:\/\/yoast.com\/wordpress\/plugins\/seo\/ -->\n<title>Combo Ph\u00f2ng Ng\u1ee7 MDF Th\u00f4ng Minh - N\u1ed9i th\u1ea5t Tipi<\/title>\n<meta name=\"robots\" content=\"index, follow, max-snippet:-1, max-image-preview:large, max-video-preview:-1\" \/>\n<link rel=\"canonical\" href=\"https:\/\/xuongnoithattipi.com\/?product=combo-phong-ngu-mdf-thong-minh\" \/>\n<meta property=\"og:locale\" content=\"vi_VN\" \/>\n<meta property=\"og:type\" content=\"article\" \/>\n<meta property=\"og:title\" content=\"Combo Ph\u00f2ng Ng\u1ee7 MDF Th\u00f4ng Minh\" \/>\n<meta property=\"og:description\" content=\"Kh\u00e1m ph\u00e1 combo ph\u00f2ng ng\u1ee7 MDF th\u00f4ng minh t\u1eeb N\u1ed8I TH\u1ea4T TIPI \u2013 gi\u1ea3i ph\u00e1p \u0111a n\u0103ng t\u00edch h\u1ee3p, t\u1ed1i \u01b0u h\u00f3a di\u1ec7n t\u00edch v\u00e0 n\u00e2ng t\u1ea7m ti\u1ec7n \u00edch cho c\u0103n h\u1ed9 hi\u1ec7n \u0111\u1ea1i. \u0110\u1eb7t h\u00e0ng ngay t\u1ea1i TP.HCM.\" \/>\n<meta property=\"og:url\" content=\"https:\/\/xuongnoithattipi.com\/?product=combo-phong-ngu-mdf-thong-minh\" \/>\n<meta property=\"og:site_name\" content=\"N\u1ed9i th\u1ea5t Tipi\" \/>\n<meta property=\"article:publisher\" content=\"https:\/\/www.facebook.com\/profile.php?id=61583275246966#\" \/>\n<meta property=\"article:modified_time\" content=\"2025-11-15T14:57:21+00:00\" \/>\n<meta property=\"og:image\" content=\"https:\/\/xuongnoithattipi.com\/wp-content\/uploads\/2025\/11\/combo-phong-ngu-thong-minh6.jpg\" \/>\n\t<meta property=\"og:image:width\" content=\"1024\" \/>\n\t<meta property=\"og:image:height\" content=\"1024\" \/>\n\t<meta property=\"og:image:type\" content=\"image\/jpeg\" \/>\n<meta name=\"twitter:card\" content=\"summary_large_image\" \/>\n<meta name=\"twitter:label1\" content=\"\u01af\u1edbc t\u00ednh th\u1eddi gian \u0111\u1ecdc\" \/>\n\t<meta name=\"twitter:data1\" content=\"4 ph\u00fat\" \/>\n<script type=\"application\/ld+json\" class=\"yoast-schema-graph\">{\"@context\":\"https:\/\/schema.org\",\"@graph\":[{\"@type\":\"WebPage\",\"@id\":\"https:\/\/xuongnoithattipi.com\/?product=combo-phong-ngu-mdf-thong-minh\",\"url\":\"https:\/\/xuongnoithattipi.com\/?product=combo-phong-ngu-mdf-thong-minh\",\"name\":\"Combo Ph\u00f2ng Ng\u1ee7 MDF Th\u00f4ng Minh - N\u1ed9i th\u1ea5t Tipi\",\"isPartOf\":{\"@id\":\"https:\/\/xuongnoithattipi.com\/#website\"},\"primaryImageOfPage\":{\"@id\":\"https:\/\/xuongnoithattipi.com\/?product=combo-phong-ngu-mdf-thong-minh#primaryimage\"},\"image\":{\"@id\":\"https:\/\/xuongnoithattipi.com\/?product=combo-phong-ngu-mdf-thong-minh#primaryimage\"},\"thumbnailUrl\":\"https:\/\/xuongnoithattipi.com\/wp-content\/uploads\/2025\/11\/combo-phong-ngu-thong-minh6.jpg\",\"datePublished\":\"2025-11-11T18:33:27+00:00\",\"dateModified\":\"2025-11-15T14:57:21+00:00\",\"breadcrumb\":{\"@id\":\"https:\/\/xuongnoithattipi.com\/?product=combo-phong-ngu-mdf-thong-minh#breadcrumb\"},\"inLanguage\":\"vi\",\"potentialAction\":[{\"@type\":\"ReadAction\",\"target\":[\"https:\/\/xuongnoithattipi.com\/?product=combo-phong-ngu-mdf-thong-minh\"]}]},{\"@type\":\"ImageObject\",\"inLanguage\":\"vi\",\"@id\":\"https:\/\/xuongnoithattipi.com\/?product=combo-phong-ngu-mdf-thong-minh#primaryimage\",\"url\":\"https:\/\/xuongnoithattipi.com\/wp-content\/uploads\/2025\/11\/combo-phong-ngu-thong-minh6.jpg\",\"contentUrl\":\"https:\/\/xuongnoithattipi.com\/wp-content\/uploads\/2025\/11\/combo-phong-ngu-thong-minh6.jpg\",\"width\":1024,\"height\":1024},{\"@type\":\"BreadcrumbList\",\"@id\":\"https:\/\/xuongnoithattipi.com\/?product=combo-phong-ngu-mdf-thong-minh#breadcrumb\",\"itemListElement\":[{\"@type\":\"ListItem\",\"position\":1,\"name\":\"Trang ch\u1ee7\",\"item\":\"https:\/\/xuongnoithattipi.com\/\"},{\"@type\":\"ListItem\",\"position\":2,\"name\":\"S\u1ea3n ph\u1ea9m\",\"item\":\"https:\/\/xuongnoithattipi.com\/shop\/\"},{\"@type\":\"ListItem\",\"position\":3,\"name\":\"Combo ph\u00f2ng ng\u1ee7 MDF\",\"item\":\"https:\/\/xuongnoithattipi.com\/danh-muc-san-pham\/combo-phong-ngu-mdf\/\"},{\"@type\":\"ListItem\",\"position\":4,\"name\":\"Combo Ph\u00f2ng Ng\u1ee7 MDF Th\u00f4ng Minh\"}]},{\"@type\":\"WebSite\",\"@id\":\"https:\/\/xuongnoithattipi.com\/#website\",\"url\":\"https:\/\/xuongnoithattipi.com\/\",\"name\":\"N\u1ed9i th\u1ea5t Tipi\",\"description\":\"\",\"publisher\":{\"@id\":\"https:\/\/xuongnoithattipi.com\/#organization\"},\"potentialAction\":[{\"@type\":\"SearchAction\",\"target\":{\"@type\":\"EntryPoint\",\"urlTemplate\":\"https:\/\/xuongnoithattipi.com\/?s={search_term_string}\"},\"query-input\":{\"@type\":\"PropertyValueSpecification\",\"valueRequired\":true,\"valueName\":\"search_term_string\"}}],\"inLanguage\":\"vi\"},{\"@type\":\"Organization\",\"@id\":\"https:\/\/xuongnoithattipi.com\/#organization\",\"name\":\"N\u1ed9i th\u1ea5t Tipi\",\"url\":\"https:\/\/xuongnoithattipi.com\/\",\"logo\":{\"@type\":\"ImageObject\",\"inLanguage\":\"vi\",\"@id\":\"https:\/\/xuongnoithattipi.com\/#\/schema\/logo\/image\/\",\"url\":\"http:\/\/xuongnoithattipi.com\/wp-content\/uploads\/2025\/11\/LOGO_XUONG-NOI-THAT-TIPI_WEB-COLOR-full.png\",\"contentUrl\":\"http:\/\/xuongnoithattipi.com\/wp-content\/uploads\/2025\/11\/LOGO_XUONG-NOI-THAT-TIPI_WEB-COLOR-full.png\",\"width\":536,\"height\":126,\"caption\":\"N\u1ed9i th\u1ea5t Tipi\"},\"image\":{\"@id\":\"https:\/\/xuongnoithattipi.com\/#\/schema\/logo\/image\/\"},\"sameAs\":[\"https:\/\/www.facebook.com\/profile.php?id=61583275246966#\"]}]}<\/script>\n<!-- \/ Yoast SEO Premium plugin. -->","yoast_head_json":{"title":"Combo Ph\u00f2ng Ng\u1ee7 MDF Th\u00f4ng Minh - N\u1ed9i th\u1ea5t Tipi","robots":{"index":"index","follow":"follow","max-snippet":"max-snippet:-1","max-image-preview":"max-image-preview:large","max-video-preview":"max-video-preview:-1"},"canonical":"https:\/\/xuongnoithattipi.com\/?product=combo-phong-ngu-mdf-thong-minh","og_locale":"vi_VN","og_type":"article","og_title":"Combo Ph\u00f2ng Ng\u1ee7 MDF Th\u00f4ng Minh","og_description":"Kh\u00e1m ph\u00e1 combo ph\u00f2ng ng\u1ee7 MDF th\u00f4ng minh t\u1eeb N\u1ed8I TH\u1ea4T TIPI \u2013 gi\u1ea3i ph\u00e1p \u0111a n\u0103ng t\u00edch h\u1ee3p, t\u1ed1i \u01b0u h\u00f3a di\u1ec7n t\u00edch v\u00e0 n\u00e2ng t\u1ea7m ti\u1ec7n \u00edch cho c\u0103n h\u1ed9 hi\u1ec7n \u0111\u1ea1i. \u0110\u1eb7t h\u00e0ng ngay t\u1ea1i TP.HCM.","og_url":"https:\/\/xuongnoithattipi.com\/?product=combo-phong-ngu-mdf-thong-minh","og_site_name":"N\u1ed9i th\u1ea5t Tipi","article_publisher":"https:\/\/www.facebook.com\/profile.php?id=61583275246966#","article_modified_time":"2025-11-15T14:57:21+00:00","og_image":[{"width":1024,"height":1024,"url":"https:\/\/xuongnoithattipi.com\/wp-content\/uploads\/2025\/11\/combo-phong-ngu-thong-minh6.jpg","type":"image\/jpeg"}],"twitter_card":"summary_large_image","twitter_misc":{"\u01af\u1edbc t\u00ednh th\u1eddi gian \u0111\u1ecdc":"4 ph\u00fat"},"schema":{"@context":"https:\/\/schema.org","@graph":[{"@type":"WebPage","@id":"https:\/\/xuongnoithattipi.com\/?product=combo-phong-ngu-mdf-thong-minh","url":"https:\/\/xuongnoithattipi.com\/?product=combo-phong-ngu-mdf-thong-minh","name":"Combo Ph\u00f2ng Ng\u1ee7 MDF Th\u00f4ng Minh - N\u1ed9i th\u1ea5t Tipi","isPartOf":{"@id":"https:\/\/xuongnoithattipi.com\/#website"},"primaryImageOfPage":{"@id":"https:\/\/xuongnoithattipi.com\/?product=combo-phong-ngu-mdf-thong-minh#primaryimage"},"image":{"@id":"https:\/\/xuongnoithattipi.com\/?product=combo-phong-ngu-mdf-thong-minh#primaryimage"},"thumbnailUrl":"https:\/\/xuongnoithattipi.com\/wp-content\/uploads\/2025\/11\/combo-phong-ngu-thong-minh6.jpg","datePublished":"2025-11-11T18:33:27+00:00","dateModified":"2025-11-15T14:57:21+00:00","breadcrumb":{"@id":"https:\/\/xuongnoithattipi.com\/?product=combo-phong-ngu-mdf-thong-minh#breadcrumb"},"inLanguage":"vi","potentialAction":[{"@type":"ReadAction","target":["https:\/\/xuongnoithattipi.com\/?product=combo-phong-ngu-mdf-thong-minh"]}]},{"@type":"ImageObject","inLanguage":"vi","@id":"https:\/\/xuongnoithattipi.com\/?product=combo-phong-ngu-mdf-thong-minh#primaryimage","url":"https:\/\/xuongnoithattipi.com\/wp-content\/uploads\/2025\/11\/combo-phong-ngu-thong-minh6.jpg","contentUrl":"https:\/\/xuongnoithattipi.com\/wp-content\/uploads\/2025\/11\/combo-phong-ngu-thong-minh6.jpg","width":1024,"height":1024},{"@type":"BreadcrumbList","@id":"https:\/\/xuongnoithattipi.com\/?product=combo-phong-ngu-mdf-thong-minh#breadcrumb","itemListElement":[{"@type":"ListItem","position":1,"name":"Trang ch\u1ee7","item":"https:\/\/xuongnoithattipi.com\/"},{"@type":"ListItem","position":2,"name":"S\u1ea3n ph\u1ea9m","item":"https:\/\/xuongnoithattipi.com\/shop\/"},{"@type":"ListItem","position":3,"name":"Combo ph\u00f2ng ng\u1ee7 MDF","item":"https:\/\/xuongnoithattipi.com\/danh-muc-san-pham\/combo-phong-ngu-mdf\/"},{"@type":"ListItem","position":4,"name":"Combo Ph\u00f2ng Ng\u1ee7 MDF Th\u00f4ng Minh"}]},{"@type":"WebSite","@id":"https:\/\/xuongnoithattipi.com\/#website","url":"https:\/\/xuongnoithattipi.com\/","name":"N\u1ed9i th\u1ea5t Tipi","description":"","publisher":{"@id":"https:\/\/xuongnoithattipi.com\/#organization"},"potentialAction":[{"@type":"SearchAction","target":{"@type":"EntryPoint","urlTemplate":"https:\/\/xuongnoithattipi.com\/?s={search_term_string}"},"query-input":{"@type":"PropertyValueSpecification","valueRequired":true,"valueName":"search_term_string"}}],"inLanguage":"vi"},{"@type":"Organization","@id":"https:\/\/xuongnoithattipi.com\/#organization","name":"N\u1ed9i th\u1ea5t Tipi","url":"https:\/\/xuongnoithattipi.com\/","logo":{"@type":"ImageObject","inLanguage":"vi","@id":"https:\/\/xuongnoithattipi.com\/#\/schema\/logo\/image\/","url":"http:\/\/xuongnoithattipi.com\/wp-content\/uploads\/2025\/11\/LOGO_XUONG-NOI-THAT-TIPI_WEB-COLOR-full.png","contentUrl":"http:\/\/xuongnoithattipi.com\/wp-content\/uploads\/2025\/11\/LOGO_XUONG-NOI-THAT-TIPI_WEB-COLOR-full.png","width":536,"height":126,"caption":"N\u1ed9i th\u1ea5t Tipi"},"image":{"@id":"https:\/\/xuongnoithattipi.com\/#\/schema\/logo\/image\/"},"sameAs":["https:\/\/www.facebook.com\/profile.php?id=61583275246966#"]}]}},"_links":{"self":[{"href":"https:\/\/xuongnoithattipi.com\/index.php?rest_route=\/wp\/v2\/product\/4082","targetHints":{"allow":["GET"]}}],"collection":[{"href":"https:\/\/xuongnoithattipi.com\/index.php?rest_route=\/wp\/v2\/product"}],"about":[{"href":"https:\/\/xuongnoithattipi.com\/index.php?rest_route=\/wp\/v2\/types\/product"}],"replies":[{"embeddable":true,"href":"https:\/\/xuongnoithattipi.com\/index.php?rest_route=%2Fwp%2Fv2%2Fcomments&post=4082"}],"wp:featuredmedia":[{"embeddable":true,"href":"https:\/\/xuongnoithattipi.com\/index.php?rest_route=\/wp\/v2\/media\/4083"}],"wp:attachment":[{"href":"https:\/\/xuongnoithattipi.com\/index.php?rest_route=%2Fwp%2Fv2%2Fmedia&parent=4082"}],"wp:term":[{"taxonomy":"product_brand","embeddable":true,"href":"https:\/\/xuongnoithattipi.com\/index.php?rest_route=%2Fwp%2Fv2%2Fproduct_brand&post=4082"},{"taxonomy":"product_cat","embeddable":true,"href":"https:\/\/xuongnoithattipi.com\/index.php?rest_route=%2Fwp%2Fv2%2Fproduct_cat&post=4082"},{"taxonomy":"product_tag","embeddable":true,"href":"https:\/\/xuongnoithattipi.com\/index.php?rest_route=%2Fwp%2Fv2%2Fproduct_tag&post=4082"}],"curies":[{"name":"wp","href":"https:\/\/api.w.org\/{rel}","templated":true}]}}