{"id":4073,"date":"2025-11-12T01:30:00","date_gmt":"2025-11-11T18:30:00","guid":{"rendered":"https:\/\/xuongnoithattipi.com\/?post_type=product&#038;p=4073"},"modified":"2025-11-15T22:02:07","modified_gmt":"2025-11-15T15:02:07","slug":"combo-phong-ngu-mdf-hien-dai","status":"publish","type":"product","link":"https:\/\/xuongnoithattipi.com\/?product=combo-phong-ngu-mdf-hien-dai","title":{"rendered":"Combo Ph\u00f2ng Ng\u1ee7 MDF Hi\u1ec7n \u0110\u1ea1i"},"content":{"rendered":"<p><b>Combo Ph\u00f2ng Ng\u1ee7 MDF Hi\u1ec7n \u0110\u1ea1i \u2013 Ki\u1ebfn T\u1ea1o Kh\u00f4ng Gian S\u1ed1ng T\u1ed1i Gi\u1ea3n<\/b><\/p>\n<p>B\u1ea1n y\u00eau th\u00edch phong c\u00e1ch t\u1ed1i gi\u1ea3n, \u0111\u1ec1 cao s\u1ef1 ti\u1ec7n nghi v\u00e0 mu\u1ed1n m\u1ed9t kh\u00f4ng gian ngh\u1ec9 ng\u01a1i g\u1ecdn g\u00e0ng, tho\u00e1ng \u0111\u00e3ng? Combo ph\u00f2ng ng\u1ee7 MDF hi\u1ec7n \u0111\u1ea1i ch\u00ednh l\u00e0 l\u1ef1a ch\u1ecdn ho\u00e0n h\u1ea3o. \u0110\u00e2y l\u00e0 gi\u1ea3i ph\u00e1p tr\u1ecdn g\u00f3i mang \u0111\u1ebfn s\u1ef1 \u0111\u1ed3ng b\u1ed9 tuy\u1ec7t \u0111\u1ed1i v\u1ec1 thi\u1ebft k\u1ebf, gi\u00fap c\u0103n ph\u00f2ng c\u1ee7a b\u1ea1n tr\u1edf n\u00ean tinh t\u1ebf v\u00e0 hi\u1ec7n \u0111\u1ea1i h\u01a1n bao gi\u1edd h\u1ebft.<\/p>\n<p><img loading=\"lazy\" decoding=\"async\" class=\"alignnone wp-image-4081 \" src=\"http:\/\/xuongnoithattipi.com\/wp-content\/uploads\/2025\/11\/comb-phong-ngu-hien-dai-dai-2.jpg\" alt=\"\" width=\"1063\" height=\"709\" srcset=\"https:\/\/xuongnoithattipi.com\/wp-content\/uploads\/2025\/11\/comb-phong-ngu-hien-dai-dai-2.jpg 1536w, https:\/\/xuongnoithattipi.com\/wp-content\/uploads\/2025\/11\/comb-phong-ngu-hien-dai-dai-2-300x200.jpg 300w, https:\/\/xuongnoithattipi.com\/wp-content\/uploads\/2025\/11\/comb-phong-ngu-hien-dai-dai-2-768x512.jpg 768w, https:\/\/xuongnoithattipi.com\/wp-content\/uploads\/2025\/11\/comb-phong-ngu-hien-dai-dai-2-256x171.jpg 256w\" sizes=\"auto, (max-width: 1063px) 100vw, 1063px\" \/><\/p>\n<p><b>Combo Ph\u00f2ng Ng\u1ee7 MDF Hi\u1ec7n \u0110\u1ea1i: Ti\u1ec7n Nghi, Tinh T\u1ebf Trong T\u1eebng \u0110\u01b0\u1eddng N\u00e9t<\/b> Combo ph\u00f2ng ng\u1ee7 MDF hi\u1ec7n \u0111\u1ea1i l\u00e0 s\u1ef1 k\u1ebft h\u1ee3p th\u00f4ng minh c\u1ee7a gi\u01b0\u1eddng, t\u1ee7, v\u00e0 c\u00e1c ph\u1ee5 ki\u1ec7n kh\u00e1c, mang l\u1ea1i kh\u00f4ng gian s\u1ed1ng h\u00e0i h\u00f2a, t\u1ed1i \u01b0u h\u00f3a c\u00f4ng n\u0103ng v\u00e0 th\u1ea9m m\u1ef9 cho ng\u01b0\u1eddi d\u00f9ng.<\/p>\n<p><b>T\u1ea1i Sao N\u00ean Ch\u1ecdn Combo Ph\u00f2ng Ng\u1ee7 MDF Hi\u1ec7n \u0110\u1ea1i C\u1ee7a N\u1ed8I TH\u1ea4T TIPI?<\/p>\n<p><img loading=\"lazy\" decoding=\"async\" class=\"alignnone  wp-image-4080\" src=\"http:\/\/xuongnoithattipi.com\/wp-content\/uploads\/2025\/11\/comb-phong-ngu-hien-daii-4-300x300.jpg\" alt=\"\" width=\"396\" height=\"396\" srcset=\"https:\/\/xuongnoithattipi.com\/wp-content\/uploads\/2025\/11\/comb-phong-ngu-hien-daii-4-300x300.jpg 300w, https:\/\/xuongnoithattipi.com\/wp-content\/uploads\/2025\/11\/comb-phong-ngu-hien-daii-4-150x150.jpg 150w, https:\/\/xuongnoithattipi.com\/wp-content\/uploads\/2025\/11\/comb-phong-ngu-hien-daii-4-768x768.jpg 768w, https:\/\/xuongnoithattipi.com\/wp-content\/uploads\/2025\/11\/comb-phong-ngu-hien-daii-4-256x256.jpg 256w, https:\/\/xuongnoithattipi.com\/wp-content\/uploads\/2025\/11\/comb-phong-ngu-hien-daii-4-100x100.jpg 100w, https:\/\/xuongnoithattipi.com\/wp-content\/uploads\/2025\/11\/comb-phong-ngu-hien-daii-4.jpg 1024w\" sizes=\"auto, (max-width: 396px) 100vw, 396px\" \/> <img loading=\"lazy\" decoding=\"async\" class=\"alignnone  wp-image-4077\" src=\"http:\/\/xuongnoithattipi.com\/wp-content\/uploads\/2025\/11\/comb-phong-ngu-hien-dai-5-300x300.jpg\" alt=\"\" width=\"395\" height=\"395\" srcset=\"https:\/\/xuongnoithattipi.com\/wp-content\/uploads\/2025\/11\/comb-phong-ngu-hien-dai-5-300x300.jpg 300w, https:\/\/xuongnoithattipi.com\/wp-content\/uploads\/2025\/11\/comb-phong-ngu-hien-dai-5-150x150.jpg 150w, https:\/\/xuongnoithattipi.com\/wp-content\/uploads\/2025\/11\/comb-phong-ngu-hien-dai-5-768x768.jpg 768w, https:\/\/xuongnoithattipi.com\/wp-content\/uploads\/2025\/11\/comb-phong-ngu-hien-dai-5-256x256.jpg 256w, https:\/\/xuongnoithattipi.com\/wp-content\/uploads\/2025\/11\/comb-phong-ngu-hien-dai-5-100x100.jpg 100w, https:\/\/xuongnoithattipi.com\/wp-content\/uploads\/2025\/11\/comb-phong-ngu-hien-dai-5.jpg 1024w\" sizes=\"auto, (max-width: 395px) 100vw, 395px\" \/><br \/>\n<\/b><\/p>\n<ol start=\"1\">\n<li><b>Thi\u1ebft K\u1ebf T\u1ed1i Gi\u1ea3n, \u0110\u1ed3ng B\u1ed9 Ho\u00e0n H\u1ea3o:<\/b> Combo bao g\u1ed3m c\u00e1c m\u00f3n \u0111\u1ed3 thi\u1ebft y\u1ebfu nh\u01b0 gi\u01b0\u1eddng ng\u1ee7, t\u1ee7 qu\u1ea7n \u00e1o, b\u00e0n trang \u0111i\u1ec3m\/b\u00e0n l\u00e0m vi\u1ec7c v\u00e0 tab \u0111\u1ea7u gi\u01b0\u1eddng, t\u1ea5t c\u1ea3 \u0111\u1ec1u tu\u00e2n th\u1ee7 nguy\u00ean t\u1eafc t\u1ed1i gi\u1ea3n, \u0111\u01b0\u1eddng n\u00e9t th\u1eb3ng v\u00e0 g\u00f3c c\u1ea1nh s\u1eafc n\u00e9t. S\u1ef1 \u0111\u1ed3ng b\u1ed9 v\u1ec1 m\u00e0u s\u1eafc (th\u01b0\u1eddng l\u00e0 tr\u1eafng, x\u00e1m, ho\u1eb7c v\u00e2n g\u1ed7 s\u00e1ng) gi\u00fap c\u0103n ph\u00f2ng tr\u00f4ng r\u1ed9ng r\u00e3i, s\u1ea1ch s\u1ebd v\u00e0 hi\u1ec7n \u0111\u1ea1i.<\/li>\n<li><b>Ch\u1ea5t Li\u1ec7u MDF Cao C\u1ea5p, \u0110\u1ea3m B\u1ea3o \u0110\u1ed9 B\u1ec1n:<\/b> Ch\u00fang t\u00f4i cam k\u1ebft s\u1eed d\u1ee5ng g\u1ed7 c\u00f4ng nghi\u1ec7p MDF (Medium Density Fiberboard) ch\u1ea5t l\u01b0\u1ee3ng cao, \u0111\u00e3 qua x\u1eed l\u00fd ch\u1ed1ng cong v\u00eanh, \u1ea9m m\u1ed1c. B\u1ec1 m\u1eb7t ph\u1ee7 Melamine ho\u1eb7c Laminate kh\u00f4ng ch\u1ec9 mang l\u1ea1i t\u00ednh th\u1ea9m m\u1ef9 cao, ch\u1ed1ng tr\u1ea7y x\u01b0\u1edbc m\u00e0 c\u00f2n d\u1ec5 d\u00e0ng v\u1ec7 sinh, duy tr\u00ec v\u1ebb \u0111\u1eb9p c\u1ee7a b\u1ed9 combo qua nhi\u1ec1u n\u0103m s\u1eed d\u1ee5ng.<\/li>\n<li><b>T\u1ed1i \u01afu H\u00f3a C\u00f4ng N\u0103ng v\u00e0 Kh\u00f4ng Gian:<\/b> N\u1ed9i th\u1ea5t hi\u1ec7n \u0111\u1ea1i lu\u00f4n \u01b0u ti\u00ean t\u00ednh \u0111a n\u0103ng. C\u00e1c s\u1ea3n ph\u1ea9m trong combo th\u01b0\u1eddng \u0111\u01b0\u1ee3c t\u00edch h\u1ee3p c\u00e1c gi\u1ea3i ph\u00e1p l\u01b0u tr\u1eef th\u00f4ng minh nh\u01b0 h\u1ed9c t\u1ee7, ng\u0103n k\u00e9o \u1ea9n, gi\u00fap b\u1ea1n c\u1ea5t gi\u1eef \u0111\u1ed3 \u0111\u1ea1c g\u1ecdn g\u00e0ng, gi\u1ea3i ph\u00f3ng kh\u00f4ng gian s\u00e0n v\u00e0 duy tr\u00ec s\u1ef1 ng\u0103n n\u1eafp, tho\u00e1ng \u0111\u00e3ng cho ph\u00f2ng ng\u1ee7.<\/li>\n<li><b>Gi\u00e1 Tr\u1ecb Kinh T\u1ebf Cao, Ti\u1ebft Ki\u1ec7m Chi Ph\u00ed Mua S\u1eafm:<\/b> Vi\u1ec7c mua s\u1eafm tr\u1ecdn b\u1ed9 combo ph\u00f2ng ng\u1ee7 kh\u00f4ng ch\u1ec9 \u0111\u1ea3m b\u1ea3o s\u1ef1 h\u00e0i h\u00f2a v\u1ec1 thi\u1ebft k\u1ebf m\u00e0 c\u00f2n gi\u00fap b\u1ea1n ti\u1ebft ki\u1ec7m chi ph\u00ed \u0111\u00e1ng k\u1ec3 so v\u1edbi vi\u1ec7c mua l\u1ebb t\u1eebng m\u00f3n \u0111\u1ed3. N\u1ed8I TH\u1ea4T TIPI mang \u0111\u1ebfn gi\u1ea3i ph\u00e1p to\u00e0n di\u1ec7n v\u1edbi m\u1ee9c gi\u00e1 c\u1ea1nh tranh, h\u1ee3p l\u00fd v\u1edbi ng\u00e2n s\u00e1ch c\u1ee7a m\u1ecdi gia \u0111\u00ecnh.<\/li>\n<\/ol>\n<p><b>Li\u00ean H\u1ec7 N\u1ed8I TH\u1ea4T TIPI \u0110\u1ec3 \u0110\u01b0\u1ee3c T\u01b0 V\u1ea5n:<\/b><\/p>\n<p>\u0110\u1ec3 \u0111\u01b0\u1ee3c t\u01b0 v\u1ea5n chi ti\u1ebft v\u00e0 s\u1edf h\u1eefu ngay combo ph\u00f2ng ng\u1ee7 MDF hi\u1ec7n \u0111\u1ea1i \u01b0ng \u00fd, h\u00e3y li\u00ean h\u1ec7 v\u1edbi N\u1ed8I TH\u1ea4T TIPI qua th\u00f4ng tin d\u01b0\u1edbi \u0111\u00e2y:<\/p>\n<ul>\n<li><b>C\u00d4NG TY TNHH TH\u01af\u01a0NG M\u1ea0I V\u00c0 S\u1ea2N XU\u1ea4T TIPI WOOD<\/b><\/li>\n<li><b>\u0110\u1ecba ch\u1ec9:<\/b> 221\/229 B\u00ecnh Th\u00e0nh, Ph\u01b0\u1eddng B\u00ecnh T\u00e2n, TP.HCM<\/li>\n<li><b>Kinh doanh:<\/b> 0909.52.69.62<\/li>\n<li><b>H\u1ed7 tr\u1ee3 k\u1ef9 thu\u1eadt:<\/b> 0938.40.50.62<\/li>\n<li><b>Email:<\/b> tipiwood.sg@gmail.com<\/li>\n<\/ul>\n<p>N\u1ed8I TH\u1ea4T TIPI lu\u00f4n s\u1eb5n l\u00f2ng ph\u1ee5c v\u1ee5 v\u00e0 mang \u0111\u1ebfn nh\u1eefng gi\u1ea3i ph\u00e1p n\u1ed9i th\u1ea5t ho\u00e0n h\u1ea3o nh\u1ea5t cho kh\u00f4ng gian s\u1ed1ng c\u1ee7a b\u1ea1n!<\/p>\n","protected":false},"excerpt":{"rendered":"<p>Kh\u00e1m ph\u00e1 combo ph\u00f2ng ng\u1ee7 MDF hi\u1ec7n \u0111\u1ea1i c\u1ee7a N\u1ed8I TH\u1ea4T TIPI \u2013 thi\u1ebft k\u1ebf tinh g\u1ecdn, ch\u1ea5t li\u1ec7u b\u1ec1n b\u1ec9 v\u00e0 s\u1ef1 \u0111\u1ed3ng b\u1ed9 ho\u00e0n h\u1ea3o cho kh\u00f4ng gian s\u1ed1ng th\u1ebf k\u1ef7 21. \u0110\u1eb7t h\u00e0ng ngay t\u1ea1i TP.HCM.<\/p>\n","protected":false},"featured_media":4074,"comment_status":"open","ping_status":"closed","template":"","meta":{"_acf_changed":false},"product_brand":[],"product_cat":[150],"product_tag":[],"class_list":{"0":"post-4073","1":"product","2":"type-product","3":"status-publish","4":"has-post-thumbnail","6":"product_cat-combo-phong-ngu-mdf","8":"first","9":"instock","10":"shipping-taxable","11":"purchasable","12":"product-type-simple"},"acf":[],"yoast_head":"<!-- This site is optimized with the Yoast SEO Premium plugin v22.6 (Yoast SEO v26.3) - https:\/\/yoast.com\/wordpress\/plugins\/seo\/ -->\n<title>Combo Ph\u00f2ng Ng\u1ee7 MDF Hi\u1ec7n \u0110\u1ea1i - N\u1ed9i th\u1ea5t Tipi<\/title>\n<meta name=\"robots\" content=\"index, follow, max-snippet:-1, max-image-preview:large, max-video-preview:-1\" \/>\n<link rel=\"canonical\" href=\"https:\/\/xuongnoithattipi.com\/?product=combo-phong-ngu-mdf-hien-dai\" \/>\n<meta property=\"og:locale\" content=\"vi_VN\" \/>\n<meta property=\"og:type\" content=\"article\" \/>\n<meta property=\"og:title\" content=\"Combo Ph\u00f2ng Ng\u1ee7 MDF Hi\u1ec7n \u0110\u1ea1i\" \/>\n<meta property=\"og:description\" content=\"Kh\u00e1m ph\u00e1 combo ph\u00f2ng ng\u1ee7 MDF hi\u1ec7n \u0111\u1ea1i c\u1ee7a N\u1ed8I TH\u1ea4T TIPI \u2013 thi\u1ebft k\u1ebf tinh g\u1ecdn, ch\u1ea5t li\u1ec7u b\u1ec1n b\u1ec9 v\u00e0 s\u1ef1 \u0111\u1ed3ng b\u1ed9 ho\u00e0n h\u1ea3o cho kh\u00f4ng gian s\u1ed1ng th\u1ebf k\u1ef7 21. \u0110\u1eb7t h\u00e0ng ngay t\u1ea1i TP.HCM.\" \/>\n<meta property=\"og:url\" content=\"https:\/\/xuongnoithattipi.com\/?product=combo-phong-ngu-mdf-hien-dai\" \/>\n<meta property=\"og:site_name\" content=\"N\u1ed9i th\u1ea5t Tipi\" \/>\n<meta property=\"article:publisher\" content=\"https:\/\/www.facebook.com\/profile.php?id=61583275246966#\" \/>\n<meta property=\"article:modified_time\" content=\"2025-11-15T15:02:07+00:00\" \/>\n<meta property=\"og:image\" content=\"https:\/\/xuongnoithattipi.com\/wp-content\/uploads\/2025\/11\/comb-phong-ngu-hien-dai-2.jpg\" \/>\n\t<meta property=\"og:image:width\" content=\"1024\" \/>\n\t<meta property=\"og:image:height\" content=\"1024\" \/>\n\t<meta property=\"og:image:type\" content=\"image\/jpeg\" \/>\n<meta name=\"twitter:card\" content=\"summary_large_image\" \/>\n<meta name=\"twitter:label1\" content=\"\u01af\u1edbc t\u00ednh th\u1eddi gian \u0111\u1ecdc\" \/>\n\t<meta name=\"twitter:data1\" content=\"4 ph\u00fat\" \/>\n<script type=\"application\/ld+json\" class=\"yoast-schema-graph\">{\"@context\":\"https:\/\/schema.org\",\"@graph\":[{\"@type\":\"WebPage\",\"@id\":\"https:\/\/xuongnoithattipi.com\/?product=combo-phong-ngu-mdf-hien-dai\",\"url\":\"https:\/\/xuongnoithattipi.com\/?product=combo-phong-ngu-mdf-hien-dai\",\"name\":\"Combo Ph\u00f2ng Ng\u1ee7 MDF Hi\u1ec7n \u0110\u1ea1i - N\u1ed9i th\u1ea5t Tipi\",\"isPartOf\":{\"@id\":\"https:\/\/xuongnoithattipi.com\/#website\"},\"primaryImageOfPage\":{\"@id\":\"https:\/\/xuongnoithattipi.com\/?product=combo-phong-ngu-mdf-hien-dai#primaryimage\"},\"image\":{\"@id\":\"https:\/\/xuongnoithattipi.com\/?product=combo-phong-ngu-mdf-hien-dai#primaryimage\"},\"thumbnailUrl\":\"https:\/\/xuongnoithattipi.com\/wp-content\/uploads\/2025\/11\/comb-phong-ngu-hien-dai-2.jpg\",\"datePublished\":\"2025-11-11T18:30:00+00:00\",\"dateModified\":\"2025-11-15T15:02:07+00:00\",\"breadcrumb\":{\"@id\":\"https:\/\/xuongnoithattipi.com\/?product=combo-phong-ngu-mdf-hien-dai#breadcrumb\"},\"inLanguage\":\"vi\",\"potentialAction\":[{\"@type\":\"ReadAction\",\"target\":[\"https:\/\/xuongnoithattipi.com\/?product=combo-phong-ngu-mdf-hien-dai\"]}]},{\"@type\":\"ImageObject\",\"inLanguage\":\"vi\",\"@id\":\"https:\/\/xuongnoithattipi.com\/?product=combo-phong-ngu-mdf-hien-dai#primaryimage\",\"url\":\"https:\/\/xuongnoithattipi.com\/wp-content\/uploads\/2025\/11\/comb-phong-ngu-hien-dai-2.jpg\",\"contentUrl\":\"https:\/\/xuongnoithattipi.com\/wp-content\/uploads\/2025\/11\/comb-phong-ngu-hien-dai-2.jpg\",\"width\":1024,\"height\":1024},{\"@type\":\"BreadcrumbList\",\"@id\":\"https:\/\/xuongnoithattipi.com\/?product=combo-phong-ngu-mdf-hien-dai#breadcrumb\",\"itemListElement\":[{\"@type\":\"ListItem\",\"position\":1,\"name\":\"Trang ch\u1ee7\",\"item\":\"https:\/\/xuongnoithattipi.com\/\"},{\"@type\":\"ListItem\",\"position\":2,\"name\":\"S\u1ea3n ph\u1ea9m\",\"item\":\"https:\/\/xuongnoithattipi.com\/shop\/\"},{\"@type\":\"ListItem\",\"position\":3,\"name\":\"Combo ph\u00f2ng ng\u1ee7 MDF\",\"item\":\"https:\/\/xuongnoithattipi.com\/danh-muc-san-pham\/combo-phong-ngu-mdf\/\"},{\"@type\":\"ListItem\",\"position\":4,\"name\":\"Combo Ph\u00f2ng Ng\u1ee7 MDF Hi\u1ec7n \u0110\u1ea1i\"}]},{\"@type\":\"WebSite\",\"@id\":\"https:\/\/xuongnoithattipi.com\/#website\",\"url\":\"https:\/\/xuongnoithattipi.com\/\",\"name\":\"N\u1ed9i th\u1ea5t Tipi\",\"description\":\"\",\"publisher\":{\"@id\":\"https:\/\/xuongnoithattipi.com\/#organization\"},\"potentialAction\":[{\"@type\":\"SearchAction\",\"target\":{\"@type\":\"EntryPoint\",\"urlTemplate\":\"https:\/\/xuongnoithattipi.com\/?s={search_term_string}\"},\"query-input\":{\"@type\":\"PropertyValueSpecification\",\"valueRequired\":true,\"valueName\":\"search_term_string\"}}],\"inLanguage\":\"vi\"},{\"@type\":\"Organization\",\"@id\":\"https:\/\/xuongnoithattipi.com\/#organization\",\"name\":\"N\u1ed9i th\u1ea5t Tipi\",\"url\":\"https:\/\/xuongnoithattipi.com\/\",\"logo\":{\"@type\":\"ImageObject\",\"inLanguage\":\"vi\",\"@id\":\"https:\/\/xuongnoithattipi.com\/#\/schema\/logo\/image\/\",\"url\":\"http:\/\/xuongnoithattipi.com\/wp-content\/uploads\/2025\/11\/LOGO_XUONG-NOI-THAT-TIPI_WEB-COLOR-full.png\",\"contentUrl\":\"http:\/\/xuongnoithattipi.com\/wp-content\/uploads\/2025\/11\/LOGO_XUONG-NOI-THAT-TIPI_WEB-COLOR-full.png\",\"width\":536,\"height\":126,\"caption\":\"N\u1ed9i th\u1ea5t Tipi\"},\"image\":{\"@id\":\"https:\/\/xuongnoithattipi.com\/#\/schema\/logo\/image\/\"},\"sameAs\":[\"https:\/\/www.facebook.com\/profile.php?id=61583275246966#\"]}]}<\/script>\n<!-- \/ Yoast SEO Premium plugin. -->","yoast_head_json":{"title":"Combo Ph\u00f2ng Ng\u1ee7 MDF Hi\u1ec7n \u0110\u1ea1i - N\u1ed9i th\u1ea5t Tipi","robots":{"index":"index","follow":"follow","max-snippet":"max-snippet:-1","max-image-preview":"max-image-preview:large","max-video-preview":"max-video-preview:-1"},"canonical":"https:\/\/xuongnoithattipi.com\/?product=combo-phong-ngu-mdf-hien-dai","og_locale":"vi_VN","og_type":"article","og_title":"Combo Ph\u00f2ng Ng\u1ee7 MDF Hi\u1ec7n \u0110\u1ea1i","og_description":"Kh\u00e1m ph\u00e1 combo ph\u00f2ng ng\u1ee7 MDF hi\u1ec7n \u0111\u1ea1i c\u1ee7a N\u1ed8I TH\u1ea4T TIPI \u2013 thi\u1ebft k\u1ebf tinh g\u1ecdn, ch\u1ea5t li\u1ec7u b\u1ec1n b\u1ec9 v\u00e0 s\u1ef1 \u0111\u1ed3ng b\u1ed9 ho\u00e0n h\u1ea3o cho kh\u00f4ng gian s\u1ed1ng th\u1ebf k\u1ef7 21. \u0110\u1eb7t h\u00e0ng ngay t\u1ea1i TP.HCM.","og_url":"https:\/\/xuongnoithattipi.com\/?product=combo-phong-ngu-mdf-hien-dai","og_site_name":"N\u1ed9i th\u1ea5t Tipi","article_publisher":"https:\/\/www.facebook.com\/profile.php?id=61583275246966#","article_modified_time":"2025-11-15T15:02:07+00:00","og_image":[{"width":1024,"height":1024,"url":"https:\/\/xuongnoithattipi.com\/wp-content\/uploads\/2025\/11\/comb-phong-ngu-hien-dai-2.jpg","type":"image\/jpeg"}],"twitter_card":"summary_large_image","twitter_misc":{"\u01af\u1edbc t\u00ednh th\u1eddi gian \u0111\u1ecdc":"4 ph\u00fat"},"schema":{"@context":"https:\/\/schema.org","@graph":[{"@type":"WebPage","@id":"https:\/\/xuongnoithattipi.com\/?product=combo-phong-ngu-mdf-hien-dai","url":"https:\/\/xuongnoithattipi.com\/?product=combo-phong-ngu-mdf-hien-dai","name":"Combo Ph\u00f2ng Ng\u1ee7 MDF Hi\u1ec7n \u0110\u1ea1i - N\u1ed9i th\u1ea5t Tipi","isPartOf":{"@id":"https:\/\/xuongnoithattipi.com\/#website"},"primaryImageOfPage":{"@id":"https:\/\/xuongnoithattipi.com\/?product=combo-phong-ngu-mdf-hien-dai#primaryimage"},"image":{"@id":"https:\/\/xuongnoithattipi.com\/?product=combo-phong-ngu-mdf-hien-dai#primaryimage"},"thumbnailUrl":"https:\/\/xuongnoithattipi.com\/wp-content\/uploads\/2025\/11\/comb-phong-ngu-hien-dai-2.jpg","datePublished":"2025-11-11T18:30:00+00:00","dateModified":"2025-11-15T15:02:07+00:00","breadcrumb":{"@id":"https:\/\/xuongnoithattipi.com\/?product=combo-phong-ngu-mdf-hien-dai#breadcrumb"},"inLanguage":"vi","potentialAction":[{"@type":"ReadAction","target":["https:\/\/xuongnoithattipi.com\/?product=combo-phong-ngu-mdf-hien-dai"]}]},{"@type":"ImageObject","inLanguage":"vi","@id":"https:\/\/xuongnoithattipi.com\/?product=combo-phong-ngu-mdf-hien-dai#primaryimage","url":"https:\/\/xuongnoithattipi.com\/wp-content\/uploads\/2025\/11\/comb-phong-ngu-hien-dai-2.jpg","contentUrl":"https:\/\/xuongnoithattipi.com\/wp-content\/uploads\/2025\/11\/comb-phong-ngu-hien-dai-2.jpg","width":1024,"height":1024},{"@type":"BreadcrumbList","@id":"https:\/\/xuongnoithattipi.com\/?product=combo-phong-ngu-mdf-hien-dai#breadcrumb","itemListElement":[{"@type":"ListItem","position":1,"name":"Trang ch\u1ee7","item":"https:\/\/xuongnoithattipi.com\/"},{"@type":"ListItem","position":2,"name":"S\u1ea3n ph\u1ea9m","item":"https:\/\/xuongnoithattipi.com\/shop\/"},{"@type":"ListItem","position":3,"name":"Combo ph\u00f2ng ng\u1ee7 MDF","item":"https:\/\/xuongnoithattipi.com\/danh-muc-san-pham\/combo-phong-ngu-mdf\/"},{"@type":"ListItem","position":4,"name":"Combo Ph\u00f2ng Ng\u1ee7 MDF Hi\u1ec7n \u0110\u1ea1i"}]},{"@type":"WebSite","@id":"https:\/\/xuongnoithattipi.com\/#website","url":"https:\/\/xuongnoithattipi.com\/","name":"N\u1ed9i th\u1ea5t Tipi","description":"","publisher":{"@id":"https:\/\/xuongnoithattipi.com\/#organization"},"potentialAction":[{"@type":"SearchAction","target":{"@type":"EntryPoint","urlTemplate":"https:\/\/xuongnoithattipi.com\/?s={search_term_string}"},"query-input":{"@type":"PropertyValueSpecification","valueRequired":true,"valueName":"search_term_string"}}],"inLanguage":"vi"},{"@type":"Organization","@id":"https:\/\/xuongnoithattipi.com\/#organization","name":"N\u1ed9i th\u1ea5t Tipi","url":"https:\/\/xuongnoithattipi.com\/","logo":{"@type":"ImageObject","inLanguage":"vi","@id":"https:\/\/xuongnoithattipi.com\/#\/schema\/logo\/image\/","url":"http:\/\/xuongnoithattipi.com\/wp-content\/uploads\/2025\/11\/LOGO_XUONG-NOI-THAT-TIPI_WEB-COLOR-full.png","contentUrl":"http:\/\/xuongnoithattipi.com\/wp-content\/uploads\/2025\/11\/LOGO_XUONG-NOI-THAT-TIPI_WEB-COLOR-full.png","width":536,"height":126,"caption":"N\u1ed9i th\u1ea5t Tipi"},"image":{"@id":"https:\/\/xuongnoithattipi.com\/#\/schema\/logo\/image\/"},"sameAs":["https:\/\/www.facebook.com\/profile.php?id=61583275246966#"]}]}},"_links":{"self":[{"href":"https:\/\/xuongnoithattipi.com\/index.php?rest_route=\/wp\/v2\/product\/4073","targetHints":{"allow":["GET"]}}],"collection":[{"href":"https:\/\/xuongnoithattipi.com\/index.php?rest_route=\/wp\/v2\/product"}],"about":[{"href":"https:\/\/xuongnoithattipi.com\/index.php?rest_route=\/wp\/v2\/types\/product"}],"replies":[{"embeddable":true,"href":"https:\/\/xuongnoithattipi.com\/index.php?rest_route=%2Fwp%2Fv2%2Fcomments&post=4073"}],"wp:featuredmedia":[{"embeddable":true,"href":"https:\/\/xuongnoithattipi.com\/index.php?rest_route=\/wp\/v2\/media\/4074"}],"wp:attachment":[{"href":"https:\/\/xuongnoithattipi.com\/index.php?rest_route=%2Fwp%2Fv2%2Fmedia&parent=4073"}],"wp:term":[{"taxonomy":"product_brand","embeddable":true,"href":"https:\/\/xuongnoithattipi.com\/index.php?rest_route=%2Fwp%2Fv2%2Fproduct_brand&post=4073"},{"taxonomy":"product_cat","embeddable":true,"href":"https:\/\/xuongnoithattipi.com\/index.php?rest_route=%2Fwp%2Fv2%2Fproduct_cat&post=4073"},{"taxonomy":"product_tag","embeddable":true,"href":"https:\/\/xuongnoithattipi.com\/index.php?rest_route=%2Fwp%2Fv2%2Fproduct_tag&post=4073"}],"curies":[{"name":"wp","href":"https:\/\/api.w.org\/{rel}","templated":true}]}}