{"id":4064,"date":"2025-11-12T01:23:47","date_gmt":"2025-11-11T18:23:47","guid":{"rendered":"https:\/\/xuongnoithattipi.com\/?post_type=product&#038;p=4064"},"modified":"2025-11-15T22:02:21","modified_gmt":"2025-11-15T15:02:21","slug":"combo-phong-ngu-mdf-co-dien","status":"publish","type":"product","link":"https:\/\/xuongnoithattipi.com\/?product=combo-phong-ngu-mdf-co-dien","title":{"rendered":"Combo Ph\u00f2ng Ng\u1ee7 MDF C\u1ed5 \u0110i\u1ec3n"},"content":{"rendered":"<p><b> Combo Ph\u00f2ng Ng\u1ee7 MDF C\u1ed5 \u0110i\u1ec3n \u2013 N\u00e2ng T\u1ea7m \u0110\u1eb3ng C\u1ea5p S\u1ed1ng C\u1ee7a B\u1ea1n<\/b><\/p>\n<p>B\u1ea1n m\u01a1 \u01b0\u1edbc m\u1ed9t kh\u00f4ng gian ph\u00f2ng ng\u1ee7 \u0111\u1ed3ng b\u1ed9, sang tr\u1ecdng v\u00e0 \u0111\u1ea7y \u0111\u1ee7 ti\u1ec7n nghi v\u1edbi phong c\u00e1ch c\u1ed5 \u0111i\u1ec3n tinh t\u1ebf? Combo ph\u00f2ng ng\u1ee7 MDF c\u1ed5 \u0111i\u1ec3n ch\u00ednh l\u00e0 gi\u1ea3i ph\u00e1p l\u00fd t\u01b0\u1edfng, mang \u0111\u1ebfn v\u1ebb \u0111\u1eb9p v\u01b0\u1ee3t th\u1eddi gian v\u00e0 s\u1ef1 h\u00e0i h\u00f2a tuy\u1ec7t \u0111\u1ed1i cho t\u1ed5 \u1ea5m c\u1ee7a b\u1ea1n.<\/p>\n<p><img loading=\"lazy\" decoding=\"async\" class=\"alignnone wp-image-4071 \" src=\"http:\/\/xuongnoithattipi.com\/wp-content\/uploads\/2025\/11\/combo-phong-ngu-co-dien-ngang-1.jpg\" alt=\"\" width=\"1161\" height=\"774\" srcset=\"https:\/\/xuongnoithattipi.com\/wp-content\/uploads\/2025\/11\/combo-phong-ngu-co-dien-ngang-1.jpg 1536w, https:\/\/xuongnoithattipi.com\/wp-content\/uploads\/2025\/11\/combo-phong-ngu-co-dien-ngang-1-300x200.jpg 300w, https:\/\/xuongnoithattipi.com\/wp-content\/uploads\/2025\/11\/combo-phong-ngu-co-dien-ngang-1-768x512.jpg 768w, https:\/\/xuongnoithattipi.com\/wp-content\/uploads\/2025\/11\/combo-phong-ngu-co-dien-ngang-1-256x171.jpg 256w\" sizes=\"auto, (max-width: 1161px) 100vw, 1161px\" \/><\/p>\n<p><b>Combo Ph\u00f2ng Ng\u1ee7 MDF C\u1ed5 \u0110i\u1ec3n: Tinh Hoa Ki\u1ebfn Tr\u00fac, Ti\u1ec7n Nghi Hi\u1ec7n \u0110\u1ea1i Trong T\u1eebng Chi Ti\u1ebft<\/b> Combo ph\u00f2ng ng\u1ee7 MDF c\u1ed5 \u0111i\u1ec3n kh\u00f4ng ch\u1ec9 l\u00e0 s\u1ef1 k\u1ebft h\u1ee3p c\u1ee7a c\u00e1c m\u00f3n \u0111\u1ed3 n\u1ed9i th\u1ea5t m\u00e0 c\u00f2n l\u00e0 t\u1ed5ng h\u00f2a c\u1ee7a phong c\u00e1ch, s\u1ef1 ti\u1ec7n d\u1ee5ng v\u00e0 \u0111\u1eb3ng c\u1ea5p, t\u1ea1o n\u00ean m\u1ed9t kh\u00f4ng gian ngh\u1ec9 ng\u01a1i ho\u00e0n h\u1ea3o.<\/p>\n<p><img loading=\"lazy\" decoding=\"async\" class=\"alignnone  wp-image-4070\" src=\"http:\/\/xuongnoithattipi.com\/wp-content\/uploads\/2025\/11\/combo-phong-ngu-co-dien-5-300x300.jpg\" alt=\"\" width=\"390\" height=\"390\" srcset=\"https:\/\/xuongnoithattipi.com\/wp-content\/uploads\/2025\/11\/combo-phong-ngu-co-dien-5-300x300.jpg 300w, https:\/\/xuongnoithattipi.com\/wp-content\/uploads\/2025\/11\/combo-phong-ngu-co-dien-5-150x150.jpg 150w, https:\/\/xuongnoithattipi.com\/wp-content\/uploads\/2025\/11\/combo-phong-ngu-co-dien-5-768x768.jpg 768w, https:\/\/xuongnoithattipi.com\/wp-content\/uploads\/2025\/11\/combo-phong-ngu-co-dien-5-256x256.jpg 256w, https:\/\/xuongnoithattipi.com\/wp-content\/uploads\/2025\/11\/combo-phong-ngu-co-dien-5-100x100.jpg 100w, https:\/\/xuongnoithattipi.com\/wp-content\/uploads\/2025\/11\/combo-phong-ngu-co-dien-5.jpg 1024w\" sizes=\"auto, (max-width: 390px) 100vw, 390px\" \/> <img loading=\"lazy\" decoding=\"async\" class=\"alignnone  wp-image-4069\" src=\"http:\/\/xuongnoithattipi.com\/wp-content\/uploads\/2025\/11\/combo-phong-ngu-co-dien-4-300x300.jpg\" alt=\"\" width=\"388\" height=\"388\" srcset=\"https:\/\/xuongnoithattipi.com\/wp-content\/uploads\/2025\/11\/combo-phong-ngu-co-dien-4-300x300.jpg 300w, https:\/\/xuongnoithattipi.com\/wp-content\/uploads\/2025\/11\/combo-phong-ngu-co-dien-4-150x150.jpg 150w, https:\/\/xuongnoithattipi.com\/wp-content\/uploads\/2025\/11\/combo-phong-ngu-co-dien-4-768x768.jpg 768w, https:\/\/xuongnoithattipi.com\/wp-content\/uploads\/2025\/11\/combo-phong-ngu-co-dien-4-256x256.jpg 256w, https:\/\/xuongnoithattipi.com\/wp-content\/uploads\/2025\/11\/combo-phong-ngu-co-dien-4-100x100.jpg 100w, https:\/\/xuongnoithattipi.com\/wp-content\/uploads\/2025\/11\/combo-phong-ngu-co-dien-4.jpg 1024w\" sizes=\"auto, (max-width: 388px) 100vw, 388px\" \/><\/p>\n<p><b>T\u1ea1i Sao N\u00ean Ch\u1ecdn Combo Ph\u00f2ng Ng\u1ee7 MDF C\u1ed5 \u0110i\u1ec3n C\u1ee7a N\u1ed8I TH\u1ea4T TIPI?<\/b><\/p>\n<ol start=\"1\">\n<li><b>Thi\u1ebft K\u1ebf \u0110\u1ed3ng B\u1ed9, H\u00e0i H\u00f2a Tuy\u1ec7t \u0110\u1ed1i:<\/b> V\u1edbi combo ph\u00f2ng ng\u1ee7 c\u1ed5 \u0111i\u1ec3n, b\u1ea1n s\u1ebd s\u1edf h\u1eefu tr\u1ecdn b\u1ed9 n\u1ed9i th\u1ea5t \u0111\u01b0\u1ee3c thi\u1ebft k\u1ebf \u0103n kh\u1edbp v\u1ec1 ki\u1ec3u d\u00e1ng, m\u00e0u s\u1eafc v\u00e0 ch\u1ea5t li\u1ec7u. T\u1eeb gi\u01b0\u1eddng ng\u1ee7, t\u1ee7 qu\u1ea7n \u00e1o, b\u00e0n trang \u0111i\u1ec3m \u0111\u1ebfn tab \u0111\u1ea7u gi\u01b0\u1eddng, m\u1ecdi m\u00f3n \u0111\u1ed3 \u0111\u1ec1u \u0111\u01b0\u1ee3c ch\u0103m ch\u00fat t\u1ec9 m\u1ec9 \u0111\u1ec3 t\u1ea1o n\u00ean m\u1ed9t t\u1ed5ng th\u1ec3 th\u1ed1ng nh\u1ea5t, mang \u0111\u1eadm phong c\u00e1ch c\u1ed5 \u0111i\u1ec3n sang tr\u1ecdng v\u00e0 tinh t\u1ebf.<\/li>\n<li><b>Ch\u1ea5t Li\u1ec7u MDF Cao C\u1ea5p, B\u1ec1n \u0110\u1eb9p Theo Th\u1eddi Gian:<\/b> Ch\u00fang t\u00f4i cam k\u1ebft s\u1eed d\u1ee5ng g\u1ed7 c\u00f4ng nghi\u1ec7p MDF (Medium Density Fiberboard) ch\u1ea5t l\u01b0\u1ee3ng cao, \u0111\u00e3 qua x\u1eed l\u00fd nghi\u00eam ng\u1eb7t \u0111\u1ec3 ch\u1ed1ng \u1ea9m m\u1ed1c, cong v\u00eanh v\u00e0 m\u1ed1i m\u1ecdt hi\u1ec7u qu\u1ea3. B\u1ec1 m\u1eb7t g\u1ed7 \u0111\u01b0\u1ee3c ph\u1ee7 Melamine ho\u1eb7c Laminate cao c\u1ea5p kh\u00f4ng ch\u1ec9 gi\u00fap t\u0103ng c\u01b0\u1eddng \u0111\u1ed9 b\u1ec1n, ch\u1ed1ng tr\u1ea7y x\u01b0\u1edbc m\u00e0 c\u00f2n mang l\u1ea1i v\u1ebb \u0111\u1eb9p t\u1ef1 nhi\u00ean, sang tr\u1ecdng v\u00e0 d\u1ec5 d\u00e0ng v\u1ec7 sinh.<\/li>\n<li><b>Kh\u00f4ng Gian Ngh\u1ec9 Ng\u01a1i \u0110\u1eb3ng C\u1ea5p, \u0110\u1ea7y \u0110\u1ee7 Ti\u1ec7n Nghi:<\/b> Combo ph\u00f2ng ng\u1ee7 c\u1ed5 \u0111i\u1ec3n kh\u00f4ng ch\u1ec9 \u0111\u1eb9p m\u00e0 c\u00f2n t\u1ed1i \u01b0u h\u00f3a c\u00f4ng n\u0103ng s\u1eed d\u1ee5ng. M\u1ed7i s\u1ea3n ph\u1ea9m \u0111\u01b0\u1ee3c thi\u1ebft k\u1ebf \u0111\u1ec3 ph\u1ee5c v\u1ee5 t\u1ed1i \u0111a nhu c\u1ea7u c\u1ee7a b\u1ea1n, t\u1eeb vi\u1ec7c l\u01b0u tr\u1eef qu\u1ea7n \u00e1o, \u0111\u1ed3 d\u00f9ng c\u00e1 nh\u00e2n \u0111\u1ebfn kh\u00f4ng gian l\u00e0m \u0111\u1eb9p hay th\u01b0 gi\u00e3n. B\u1ea1n s\u1ebd c\u00f3 m\u1ed9t ph\u00f2ng ng\u1ee7 v\u1eeba ti\u1ec7n nghi, v\u1eeba th\u1ec3 hi\u1ec7n gu th\u1ea9m m\u1ef9 tinh t\u1ebf.<\/li>\n<li><b>Gi\u1ea3i Ph\u00e1p Ti\u1ebft Ki\u1ec7m Th\u1eddi Gian v\u00e0 Chi Ph\u00ed:<\/b> Ch\u1ecdn combo ph\u00f2ng ng\u1ee7 gi\u00fap b\u1ea1n ti\u1ebft ki\u1ec7m \u0111\u00e1ng k\u1ec3 th\u1eddi gian v\u00e0 c\u00f4ng s\u1ee9c trong vi\u1ec7c l\u1ef1a ch\u1ecdn t\u1eebng m\u00f3n \u0111\u1ed3 ri\u00eang l\u1ebb. \u0110\u1ed3ng th\u1eddi, vi\u1ec7c mua theo combo th\u01b0\u1eddng \u0111i k\u00e8m v\u1edbi m\u1ee9c gi\u00e1 \u01b0u \u0111\u00e3i h\u01a1n so v\u1edbi mua r\u1eddi, l\u00e0 gi\u1ea3i ph\u00e1p kinh t\u1ebf th\u00f4ng minh cho vi\u1ec7c ki\u1ebfn t\u1ea1o kh\u00f4ng gian s\u1ed1ng m\u01a1 \u01b0\u1edbc.\n<p><img loading=\"lazy\" decoding=\"async\" class=\"alignnone wp-image-4072 \" src=\"http:\/\/xuongnoithattipi.com\/wp-content\/uploads\/2025\/11\/combo-phong-ngu-co-dien-ngang-2.jpg\" alt=\"\" width=\"1058\" height=\"705\" srcset=\"https:\/\/xuongnoithattipi.com\/wp-content\/uploads\/2025\/11\/combo-phong-ngu-co-dien-ngang-2.jpg 1536w, https:\/\/xuongnoithattipi.com\/wp-content\/uploads\/2025\/11\/combo-phong-ngu-co-dien-ngang-2-300x200.jpg 300w, https:\/\/xuongnoithattipi.com\/wp-content\/uploads\/2025\/11\/combo-phong-ngu-co-dien-ngang-2-768x512.jpg 768w, https:\/\/xuongnoithattipi.com\/wp-content\/uploads\/2025\/11\/combo-phong-ngu-co-dien-ngang-2-256x171.jpg 256w\" sizes=\"auto, (max-width: 1058px) 100vw, 1058px\" \/><\/li>\n<\/ol>\n<p><b>Li\u00ean H\u1ec7 N\u1ed8I TH\u1ea4T TIPI \u0110\u1ec3 \u0110\u01b0\u1ee3c T\u01b0 V\u1ea5n:<\/b><\/p>\n<p>\u0110\u1ec3 \u0111\u01b0\u1ee3c t\u01b0 v\u1ea5n chi ti\u1ebft v\u00e0 s\u1edf h\u1eefu ngay combo ph\u00f2ng ng\u1ee7 MDF c\u1ed5 \u0111i\u1ec3n \u01b0ng \u00fd, h\u00e3y li\u00ean h\u1ec7 v\u1edbi N\u1ed8I TH\u1ea4T TIPI qua th\u00f4ng tin d\u01b0\u1edbi \u0111\u00e2y:<\/p>\n<ul>\n<li><b>C\u00d4NG TY TNHH TH\u01af\u01a0NG M\u1ea0I V\u00c0 S\u1ea2N XU\u1ea4T TIPI WOOD<\/b><\/li>\n<li><b>\u0110\u1ecba ch\u1ec9:<\/b> 221\/229 B\u00ecnh Th\u00e0nh, Ph\u01b0\u1eddng B\u00ecnh T\u00e2n, TP.HCM<\/li>\n<li><b>Kinh doanh:<\/b> 0909.52.69.62<\/li>\n<li><b>H\u1ed7 tr\u1ee3 k\u1ef9 thu\u1eadt:<\/b> 0938.40.50.62<\/li>\n<li><b>Email:<\/b> tipiwood.sg@gmail.com<\/li>\n<\/ul>\n<p>N\u1ed8I TH\u1ea4T TIPI lu\u00f4n s\u1eb5n l\u00f2ng ph\u1ee5c v\u1ee5 v\u00e0 mang \u0111\u1ebfn nh\u1eefng gi\u1ea3i ph\u00e1p n\u1ed9i th\u1ea5t ho\u00e0n h\u1ea3o nh\u1ea5t cho kh\u00f4ng gian s\u1ed1ng c\u1ee7a b\u1ea1n!<\/p>\n","protected":false},"excerpt":{"rendered":"<p>Kh\u00e1m ph\u00e1 combo ph\u00f2ng ng\u1ee7 MDF c\u1ed5 \u0111i\u1ec3n t\u1eeb N\u1ed8I TH\u1ea4T TIPI \u2013 gi\u1ea3i ph\u00e1p tr\u1ecdn g\u00f3i mang \u0111\u1ebfn v\u1ebb \u0111\u1eb9p \u0111\u1eb3ng c\u1ea5p, ch\u1ea5t li\u1ec7u b\u1ec1n b\u1ec9 v\u00e0 s\u1ef1 h\u00e0i h\u00f2a tinh t\u1ebf cho kh\u00f4ng gian ngh\u1ec9 ng\u01a1i c\u1ee7a b\u1ea1n. \u0110\u1eb7t h\u00e0ng ngay t\u1ea1i TP.HCM.<\/p>\n","protected":false},"featured_media":4065,"comment_status":"open","ping_status":"closed","template":"","meta":{"_acf_changed":false},"product_brand":[],"product_cat":[150],"product_tag":[],"class_list":{"0":"post-4064","1":"product","2":"type-product","3":"status-publish","4":"has-post-thumbnail","6":"product_cat-combo-phong-ngu-mdf","8":"first","9":"instock","10":"shipping-taxable","11":"purchasable","12":"product-type-simple"},"acf":[],"yoast_head":"<!-- This site is optimized with the Yoast SEO Premium plugin v22.6 (Yoast SEO v26.3) - https:\/\/yoast.com\/wordpress\/plugins\/seo\/ -->\n<title>Combo Ph\u00f2ng Ng\u1ee7 MDF C\u1ed5 \u0110i\u1ec3n - N\u1ed9i th\u1ea5t Tipi<\/title>\n<meta name=\"robots\" content=\"index, follow, max-snippet:-1, max-image-preview:large, max-video-preview:-1\" \/>\n<link rel=\"canonical\" href=\"https:\/\/xuongnoithattipi.com\/?product=combo-phong-ngu-mdf-co-dien\" \/>\n<meta property=\"og:locale\" content=\"vi_VN\" \/>\n<meta property=\"og:type\" content=\"article\" \/>\n<meta property=\"og:title\" content=\"Combo Ph\u00f2ng Ng\u1ee7 MDF C\u1ed5 \u0110i\u1ec3n\" \/>\n<meta property=\"og:description\" content=\"Kh\u00e1m ph\u00e1 combo ph\u00f2ng ng\u1ee7 MDF c\u1ed5 \u0111i\u1ec3n t\u1eeb N\u1ed8I TH\u1ea4T TIPI \u2013 gi\u1ea3i ph\u00e1p tr\u1ecdn g\u00f3i mang \u0111\u1ebfn v\u1ebb \u0111\u1eb9p \u0111\u1eb3ng c\u1ea5p, ch\u1ea5t li\u1ec7u b\u1ec1n b\u1ec9 v\u00e0 s\u1ef1 h\u00e0i h\u00f2a tinh t\u1ebf cho kh\u00f4ng gian ngh\u1ec9 ng\u01a1i c\u1ee7a b\u1ea1n. \u0110\u1eb7t h\u00e0ng ngay t\u1ea1i TP.HCM.\" \/>\n<meta property=\"og:url\" content=\"https:\/\/xuongnoithattipi.com\/?product=combo-phong-ngu-mdf-co-dien\" \/>\n<meta property=\"og:site_name\" content=\"N\u1ed9i th\u1ea5t Tipi\" \/>\n<meta property=\"article:publisher\" content=\"https:\/\/www.facebook.com\/profile.php?id=61583275246966#\" \/>\n<meta property=\"article:modified_time\" content=\"2025-11-15T15:02:21+00:00\" \/>\n<meta property=\"og:image\" content=\"https:\/\/xuongnoithattipi.com\/wp-content\/uploads\/2025\/11\/combo-phong-ngu-co-dien-2.jpg\" \/>\n\t<meta property=\"og:image:width\" content=\"1024\" \/>\n\t<meta property=\"og:image:height\" content=\"1024\" \/>\n\t<meta property=\"og:image:type\" content=\"image\/jpeg\" \/>\n<meta name=\"twitter:card\" content=\"summary_large_image\" \/>\n<meta name=\"twitter:label1\" content=\"\u01af\u1edbc t\u00ednh th\u1eddi gian \u0111\u1ecdc\" \/>\n\t<meta name=\"twitter:data1\" content=\"4 ph\u00fat\" \/>\n<script type=\"application\/ld+json\" class=\"yoast-schema-graph\">{\"@context\":\"https:\/\/schema.org\",\"@graph\":[{\"@type\":\"WebPage\",\"@id\":\"https:\/\/xuongnoithattipi.com\/?product=combo-phong-ngu-mdf-co-dien\",\"url\":\"https:\/\/xuongnoithattipi.com\/?product=combo-phong-ngu-mdf-co-dien\",\"name\":\"Combo Ph\u00f2ng Ng\u1ee7 MDF C\u1ed5 \u0110i\u1ec3n - N\u1ed9i th\u1ea5t Tipi\",\"isPartOf\":{\"@id\":\"https:\/\/xuongnoithattipi.com\/#website\"},\"primaryImageOfPage\":{\"@id\":\"https:\/\/xuongnoithattipi.com\/?product=combo-phong-ngu-mdf-co-dien#primaryimage\"},\"image\":{\"@id\":\"https:\/\/xuongnoithattipi.com\/?product=combo-phong-ngu-mdf-co-dien#primaryimage\"},\"thumbnailUrl\":\"https:\/\/xuongnoithattipi.com\/wp-content\/uploads\/2025\/11\/combo-phong-ngu-co-dien-2.jpg\",\"datePublished\":\"2025-11-11T18:23:47+00:00\",\"dateModified\":\"2025-11-15T15:02:21+00:00\",\"breadcrumb\":{\"@id\":\"https:\/\/xuongnoithattipi.com\/?product=combo-phong-ngu-mdf-co-dien#breadcrumb\"},\"inLanguage\":\"vi\",\"potentialAction\":[{\"@type\":\"ReadAction\",\"target\":[\"https:\/\/xuongnoithattipi.com\/?product=combo-phong-ngu-mdf-co-dien\"]}]},{\"@type\":\"ImageObject\",\"inLanguage\":\"vi\",\"@id\":\"https:\/\/xuongnoithattipi.com\/?product=combo-phong-ngu-mdf-co-dien#primaryimage\",\"url\":\"https:\/\/xuongnoithattipi.com\/wp-content\/uploads\/2025\/11\/combo-phong-ngu-co-dien-2.jpg\",\"contentUrl\":\"https:\/\/xuongnoithattipi.com\/wp-content\/uploads\/2025\/11\/combo-phong-ngu-co-dien-2.jpg\",\"width\":1024,\"height\":1024},{\"@type\":\"BreadcrumbList\",\"@id\":\"https:\/\/xuongnoithattipi.com\/?product=combo-phong-ngu-mdf-co-dien#breadcrumb\",\"itemListElement\":[{\"@type\":\"ListItem\",\"position\":1,\"name\":\"Trang ch\u1ee7\",\"item\":\"https:\/\/xuongnoithattipi.com\/\"},{\"@type\":\"ListItem\",\"position\":2,\"name\":\"S\u1ea3n ph\u1ea9m\",\"item\":\"https:\/\/xuongnoithattipi.com\/shop\/\"},{\"@type\":\"ListItem\",\"position\":3,\"name\":\"Combo ph\u00f2ng ng\u1ee7 MDF\",\"item\":\"https:\/\/xuongnoithattipi.com\/danh-muc-san-pham\/combo-phong-ngu-mdf\/\"},{\"@type\":\"ListItem\",\"position\":4,\"name\":\"Combo Ph\u00f2ng Ng\u1ee7 MDF C\u1ed5 \u0110i\u1ec3n\"}]},{\"@type\":\"WebSite\",\"@id\":\"https:\/\/xuongnoithattipi.com\/#website\",\"url\":\"https:\/\/xuongnoithattipi.com\/\",\"name\":\"N\u1ed9i th\u1ea5t Tipi\",\"description\":\"\",\"publisher\":{\"@id\":\"https:\/\/xuongnoithattipi.com\/#organization\"},\"potentialAction\":[{\"@type\":\"SearchAction\",\"target\":{\"@type\":\"EntryPoint\",\"urlTemplate\":\"https:\/\/xuongnoithattipi.com\/?s={search_term_string}\"},\"query-input\":{\"@type\":\"PropertyValueSpecification\",\"valueRequired\":true,\"valueName\":\"search_term_string\"}}],\"inLanguage\":\"vi\"},{\"@type\":\"Organization\",\"@id\":\"https:\/\/xuongnoithattipi.com\/#organization\",\"name\":\"N\u1ed9i th\u1ea5t Tipi\",\"url\":\"https:\/\/xuongnoithattipi.com\/\",\"logo\":{\"@type\":\"ImageObject\",\"inLanguage\":\"vi\",\"@id\":\"https:\/\/xuongnoithattipi.com\/#\/schema\/logo\/image\/\",\"url\":\"http:\/\/xuongnoithattipi.com\/wp-content\/uploads\/2025\/11\/LOGO_XUONG-NOI-THAT-TIPI_WEB-COLOR-full.png\",\"contentUrl\":\"http:\/\/xuongnoithattipi.com\/wp-content\/uploads\/2025\/11\/LOGO_XUONG-NOI-THAT-TIPI_WEB-COLOR-full.png\",\"width\":536,\"height\":126,\"caption\":\"N\u1ed9i th\u1ea5t Tipi\"},\"image\":{\"@id\":\"https:\/\/xuongnoithattipi.com\/#\/schema\/logo\/image\/\"},\"sameAs\":[\"https:\/\/www.facebook.com\/profile.php?id=61583275246966#\"]}]}<\/script>\n<!-- \/ Yoast SEO Premium plugin. -->","yoast_head_json":{"title":"Combo Ph\u00f2ng Ng\u1ee7 MDF C\u1ed5 \u0110i\u1ec3n - N\u1ed9i th\u1ea5t Tipi","robots":{"index":"index","follow":"follow","max-snippet":"max-snippet:-1","max-image-preview":"max-image-preview:large","max-video-preview":"max-video-preview:-1"},"canonical":"https:\/\/xuongnoithattipi.com\/?product=combo-phong-ngu-mdf-co-dien","og_locale":"vi_VN","og_type":"article","og_title":"Combo Ph\u00f2ng Ng\u1ee7 MDF C\u1ed5 \u0110i\u1ec3n","og_description":"Kh\u00e1m ph\u00e1 combo ph\u00f2ng ng\u1ee7 MDF c\u1ed5 \u0111i\u1ec3n t\u1eeb N\u1ed8I TH\u1ea4T TIPI \u2013 gi\u1ea3i ph\u00e1p tr\u1ecdn g\u00f3i mang \u0111\u1ebfn v\u1ebb \u0111\u1eb9p \u0111\u1eb3ng c\u1ea5p, ch\u1ea5t li\u1ec7u b\u1ec1n b\u1ec9 v\u00e0 s\u1ef1 h\u00e0i h\u00f2a tinh t\u1ebf cho kh\u00f4ng gian ngh\u1ec9 ng\u01a1i c\u1ee7a b\u1ea1n. \u0110\u1eb7t h\u00e0ng ngay t\u1ea1i TP.HCM.","og_url":"https:\/\/xuongnoithattipi.com\/?product=combo-phong-ngu-mdf-co-dien","og_site_name":"N\u1ed9i th\u1ea5t Tipi","article_publisher":"https:\/\/www.facebook.com\/profile.php?id=61583275246966#","article_modified_time":"2025-11-15T15:02:21+00:00","og_image":[{"width":1024,"height":1024,"url":"https:\/\/xuongnoithattipi.com\/wp-content\/uploads\/2025\/11\/combo-phong-ngu-co-dien-2.jpg","type":"image\/jpeg"}],"twitter_card":"summary_large_image","twitter_misc":{"\u01af\u1edbc t\u00ednh th\u1eddi gian \u0111\u1ecdc":"4 ph\u00fat"},"schema":{"@context":"https:\/\/schema.org","@graph":[{"@type":"WebPage","@id":"https:\/\/xuongnoithattipi.com\/?product=combo-phong-ngu-mdf-co-dien","url":"https:\/\/xuongnoithattipi.com\/?product=combo-phong-ngu-mdf-co-dien","name":"Combo Ph\u00f2ng Ng\u1ee7 MDF C\u1ed5 \u0110i\u1ec3n - N\u1ed9i th\u1ea5t Tipi","isPartOf":{"@id":"https:\/\/xuongnoithattipi.com\/#website"},"primaryImageOfPage":{"@id":"https:\/\/xuongnoithattipi.com\/?product=combo-phong-ngu-mdf-co-dien#primaryimage"},"image":{"@id":"https:\/\/xuongnoithattipi.com\/?product=combo-phong-ngu-mdf-co-dien#primaryimage"},"thumbnailUrl":"https:\/\/xuongnoithattipi.com\/wp-content\/uploads\/2025\/11\/combo-phong-ngu-co-dien-2.jpg","datePublished":"2025-11-11T18:23:47+00:00","dateModified":"2025-11-15T15:02:21+00:00","breadcrumb":{"@id":"https:\/\/xuongnoithattipi.com\/?product=combo-phong-ngu-mdf-co-dien#breadcrumb"},"inLanguage":"vi","potentialAction":[{"@type":"ReadAction","target":["https:\/\/xuongnoithattipi.com\/?product=combo-phong-ngu-mdf-co-dien"]}]},{"@type":"ImageObject","inLanguage":"vi","@id":"https:\/\/xuongnoithattipi.com\/?product=combo-phong-ngu-mdf-co-dien#primaryimage","url":"https:\/\/xuongnoithattipi.com\/wp-content\/uploads\/2025\/11\/combo-phong-ngu-co-dien-2.jpg","contentUrl":"https:\/\/xuongnoithattipi.com\/wp-content\/uploads\/2025\/11\/combo-phong-ngu-co-dien-2.jpg","width":1024,"height":1024},{"@type":"BreadcrumbList","@id":"https:\/\/xuongnoithattipi.com\/?product=combo-phong-ngu-mdf-co-dien#breadcrumb","itemListElement":[{"@type":"ListItem","position":1,"name":"Trang ch\u1ee7","item":"https:\/\/xuongnoithattipi.com\/"},{"@type":"ListItem","position":2,"name":"S\u1ea3n ph\u1ea9m","item":"https:\/\/xuongnoithattipi.com\/shop\/"},{"@type":"ListItem","position":3,"name":"Combo ph\u00f2ng ng\u1ee7 MDF","item":"https:\/\/xuongnoithattipi.com\/danh-muc-san-pham\/combo-phong-ngu-mdf\/"},{"@type":"ListItem","position":4,"name":"Combo Ph\u00f2ng Ng\u1ee7 MDF C\u1ed5 \u0110i\u1ec3n"}]},{"@type":"WebSite","@id":"https:\/\/xuongnoithattipi.com\/#website","url":"https:\/\/xuongnoithattipi.com\/","name":"N\u1ed9i th\u1ea5t Tipi","description":"","publisher":{"@id":"https:\/\/xuongnoithattipi.com\/#organization"},"potentialAction":[{"@type":"SearchAction","target":{"@type":"EntryPoint","urlTemplate":"https:\/\/xuongnoithattipi.com\/?s={search_term_string}"},"query-input":{"@type":"PropertyValueSpecification","valueRequired":true,"valueName":"search_term_string"}}],"inLanguage":"vi"},{"@type":"Organization","@id":"https:\/\/xuongnoithattipi.com\/#organization","name":"N\u1ed9i th\u1ea5t Tipi","url":"https:\/\/xuongnoithattipi.com\/","logo":{"@type":"ImageObject","inLanguage":"vi","@id":"https:\/\/xuongnoithattipi.com\/#\/schema\/logo\/image\/","url":"http:\/\/xuongnoithattipi.com\/wp-content\/uploads\/2025\/11\/LOGO_XUONG-NOI-THAT-TIPI_WEB-COLOR-full.png","contentUrl":"http:\/\/xuongnoithattipi.com\/wp-content\/uploads\/2025\/11\/LOGO_XUONG-NOI-THAT-TIPI_WEB-COLOR-full.png","width":536,"height":126,"caption":"N\u1ed9i th\u1ea5t Tipi"},"image":{"@id":"https:\/\/xuongnoithattipi.com\/#\/schema\/logo\/image\/"},"sameAs":["https:\/\/www.facebook.com\/profile.php?id=61583275246966#"]}]}},"_links":{"self":[{"href":"https:\/\/xuongnoithattipi.com\/index.php?rest_route=\/wp\/v2\/product\/4064","targetHints":{"allow":["GET"]}}],"collection":[{"href":"https:\/\/xuongnoithattipi.com\/index.php?rest_route=\/wp\/v2\/product"}],"about":[{"href":"https:\/\/xuongnoithattipi.com\/index.php?rest_route=\/wp\/v2\/types\/product"}],"replies":[{"embeddable":true,"href":"https:\/\/xuongnoithattipi.com\/index.php?rest_route=%2Fwp%2Fv2%2Fcomments&post=4064"}],"wp:featuredmedia":[{"embeddable":true,"href":"https:\/\/xuongnoithattipi.com\/index.php?rest_route=\/wp\/v2\/media\/4065"}],"wp:attachment":[{"href":"https:\/\/xuongnoithattipi.com\/index.php?rest_route=%2Fwp%2Fv2%2Fmedia&parent=4064"}],"wp:term":[{"taxonomy":"product_brand","embeddable":true,"href":"https:\/\/xuongnoithattipi.com\/index.php?rest_route=%2Fwp%2Fv2%2Fproduct_brand&post=4064"},{"taxonomy":"product_cat","embeddable":true,"href":"https:\/\/xuongnoithattipi.com\/index.php?rest_route=%2Fwp%2Fv2%2Fproduct_cat&post=4064"},{"taxonomy":"product_tag","embeddable":true,"href":"https:\/\/xuongnoithattipi.com\/index.php?rest_route=%2Fwp%2Fv2%2Fproduct_tag&post=4064"}],"curies":[{"name":"wp","href":"https:\/\/api.w.org\/{rel}","templated":true}]}}