{"id":4047,"date":"2025-11-11T21:13:55","date_gmt":"2025-11-11T14:13:55","guid":{"rendered":"https:\/\/xuongnoithattipi.com\/?post_type=product&#038;p=4047"},"modified":"2025-11-15T22:04:18","modified_gmt":"2025-11-15T15:04:18","slug":"tu-bep-mdf-thong-minh","status":"publish","type":"product","link":"https:\/\/xuongnoithattipi.com\/?product=tu-bep-mdf-thong-minh","title":{"rendered":"T\u1ee7 B\u1ebfp MDF Th\u00f4ng Minh"},"content":{"rendered":"<p data-start=\"394\" data-end=\"485\"><strong data-start=\"394\" data-end=\"485\">T\u1ee7 B\u1ebfp MDF Th\u00f4ng Minh \u2013 L\u1ef1a Ch\u1ecdn T\u1ed1i \u01afu Cho Kh\u00f4ng Gian B\u1ebfp Hi\u1ec7n \u0110\u1ea1i<\/strong><\/p>\n<p data-start=\"487\" data-end=\"777\">T\u1ee7 b\u1ebfp MDF th\u00f4ng minh c\u1ee7a <strong data-start=\"513\" data-end=\"530\">N\u1ed8I TH\u1ea4T TIPI<\/strong> kh\u00f4ng ch\u1ec9 \u0111\u01a1n thu\u1ea7n l\u00e0 m\u1ed9t s\u1ea3n ph\u1ea9m n\u1ed9i th\u1ea5t m\u00e0 c\u00f2n l\u00e0 gi\u1ea3i ph\u00e1p t\u1ed1i \u01b0u cho kh\u00f4ng gian b\u1ebfp hi\u1ec7n \u0111\u1ea1i. V\u1edbi thi\u1ebft k\u1ebf th\u00f4ng minh, kh\u1ea3 n\u0103ng t\u1ed1i \u01b0u h\u00f3a kh\u00f4ng gian l\u01b0u tr\u1eef, t\u1ee7 b\u1ebfp MDF th\u00f4ng minh s\u1ebd mang l\u1ea1i s\u1ef1 ti\u1ec7n nghi v\u00e0 ti\u1ebft ki\u1ec7m cho c\u0103n b\u1ebfp c\u1ee7a b\u1ea1n.<\/p>\n<p><img loading=\"lazy\" decoding=\"async\" class=\"alignnone wp-image-4054 \" src=\"http:\/\/xuongnoithattipi.com\/wp-content\/uploads\/2025\/11\/tu-thong-minh-ngang.jpg\" alt=\"\" width=\"750\" height=\"421\" srcset=\"https:\/\/xuongnoithattipi.com\/wp-content\/uploads\/2025\/11\/tu-thong-minh-ngang.jpg 600w, https:\/\/xuongnoithattipi.com\/wp-content\/uploads\/2025\/11\/tu-thong-minh-ngang-300x169.jpg 300w, https:\/\/xuongnoithattipi.com\/wp-content\/uploads\/2025\/11\/tu-thong-minh-ngang-256x144.jpg 256w\" sizes=\"auto, (max-width: 750px) 100vw, 750px\" \/><\/p>\n<p data-start=\"779\" data-end=\"842\"><strong data-start=\"779\" data-end=\"842\">T\u1ee7 B\u1ebfp MDF Th\u00f4ng Minh: S\u1ef1 K\u1ebft H\u1ee3p Gi\u1eefa T\u00ednh N\u0103ng V\u00e0 Th\u1ea9m M\u1ef9<\/strong><\/p>\n<p data-start=\"844\" data-end=\"1160\">S\u1ea3n ph\u1ea9m t\u1ee7 b\u1ebfp MDF th\u00f4ng minh c\u1ee7a TIPI \u0111\u01b0\u1ee3c thi\u1ebft k\u1ebf v\u1edbi c\u00e1c t\u00ednh n\u0103ng hi\u1ec7n \u0111\u1ea1i, gi\u00fap b\u1ea1n ti\u1ebft ki\u1ec7m kh\u00f4ng gian v\u00e0 mang l\u1ea1i v\u1ebb \u0111\u1eb9p sang tr\u1ecdng cho b\u1ebfp. C\u00e1c ng\u0103n t\u1ee7 \u0111\u01b0\u1ee3c t\u1ed1i \u01b0u h\u00f3a \u0111\u1ec3 b\u1ea1n c\u00f3 th\u1ec3 d\u1ec5 d\u00e0ng t\u1ed5 ch\u1ee9c v\u00e0 l\u01b0u tr\u1eef \u0111\u1ed3 \u0111\u1ea1c, t\u1eeb n\u1ed3i ni\u00eau, ch\u00e9n d\u0129a \u0111\u1ebfn gia v\u1ecb, l\u00e0m cho kh\u00f4ng gian b\u1ebfp tr\u1edf n\u00ean g\u1ecdn g\u00e0ng, ng\u0103n n\u1eafp h\u01a1n.<\/p>\n<p><img loading=\"lazy\" decoding=\"async\" class=\"alignnone wp-image-4055 \" src=\"http:\/\/xuongnoithattipi.com\/wp-content\/uploads\/2025\/11\/tu-thong-minh-ngang-3.jpg\" alt=\"\" width=\"1022\" height=\"574\" srcset=\"https:\/\/xuongnoithattipi.com\/wp-content\/uploads\/2025\/11\/tu-thong-minh-ngang-3.jpg 1667w, https:\/\/xuongnoithattipi.com\/wp-content\/uploads\/2025\/11\/tu-thong-minh-ngang-3-300x168.jpg 300w, https:\/\/xuongnoithattipi.com\/wp-content\/uploads\/2025\/11\/tu-thong-minh-ngang-3-768x431.jpg 768w, https:\/\/xuongnoithattipi.com\/wp-content\/uploads\/2025\/11\/tu-thong-minh-ngang-3-1536x862.jpg 1536w, https:\/\/xuongnoithattipi.com\/wp-content\/uploads\/2025\/11\/tu-thong-minh-ngang-3-256x144.jpg 256w\" sizes=\"auto, (max-width: 1022px) 100vw, 1022px\" \/><\/p>\n<p data-start=\"1162\" data-end=\"1223\"><strong data-start=\"1162\" data-end=\"1223\">T\u1ea1i Sao N\u00ean Ch\u1ecdn T\u1ee7 B\u1ebfp MDF Th\u00f4ng Minh C\u1ee7a N\u1ed8I TH\u1ea4T TIPI?<\/strong><\/p>\n<ol data-start=\"1225\" data-end=\"2749\">\n<li data-start=\"1225\" data-end=\"1510\">\n<p data-start=\"1228\" data-end=\"1510\"><strong data-start=\"1228\" data-end=\"1271\">Thi\u1ebft K\u1ebf Th\u00f4ng Minh, T\u1ed1i \u01afu Kh\u00f4ng Gian:<\/strong><br data-start=\"1271\" data-end=\"1274\" \/>T\u1ee7 b\u1ebfp MDF th\u00f4ng minh \u0111\u01b0\u1ee3c thi\u1ebft k\u1ebf v\u1edbi c\u00e1c ng\u0103n t\u1ee7 th\u00f4ng minh gi\u00fap t\u1ed1i \u01b0u h\u00f3a kh\u00f4ng gian l\u01b0u tr\u1eef. C\u00e1c ng\u0103n k\u00e9o v\u00e0 k\u1ec7 m\u1edf \u0111\u01b0\u1ee3c s\u1eafp x\u1ebfp khoa h\u1ecdc gi\u00fap b\u1ea1n d\u1ec5 d\u00e0ng s\u1eafp x\u1ebfp \u0111\u1ed3 \u0111\u1ea1c, v\u1eeba ti\u1ebft ki\u1ec7m di\u1ec7n t\u00edch, v\u1eeba ti\u1ec7n l\u1ee3i trong vi\u1ec7c s\u1eed d\u1ee5ng.<\/p>\n<\/li>\n<li data-start=\"1512\" data-end=\"1810\">\n<p data-start=\"1515\" data-end=\"1810\"><strong data-start=\"1515\" data-end=\"1549\">Ch\u1ea5t Li\u1ec7u MDF Cao C\u1ea5p, B\u1ec1n B\u1ec9:<\/strong><br data-start=\"1549\" data-end=\"1552\" \/>T\u1ee7 b\u1ebfp \u0111\u01b0\u1ee3c l\u00e0m t\u1eeb g\u1ed7 MDF cao c\u1ea5p, ph\u1ee7 melamine ch\u1ed1ng tr\u1ea7y x\u01b0\u1edbc, ch\u1ed1ng th\u1ea5m n\u01b0\u1edbc, gi\u00fap s\u1ea3n ph\u1ea9m b\u1ec1n b\u1ec9 theo th\u1eddi gian. Ch\u1ea5t li\u1ec7u n\u00e0y mang \u0111\u1ebfn m\u1ed9t di\u1ec7n m\u1ea1o hi\u1ec7n \u0111\u1ea1i v\u00e0 d\u1ec5 d\u00e0ng b\u1ea3o d\u01b0\u1ee1ng, ph\u00f9 h\u1ee3p cho nh\u1eefng gia \u0111\u00ecnh y\u00eau th\u00edch s\u1ef1 ti\u1ec7n nghi v\u00e0 d\u1ec5 d\u00e0ng v\u1ec7 sinh.<\/p>\n<\/li>\n<li data-start=\"1812\" data-end=\"2160\">\n<p data-start=\"1815\" data-end=\"2160\"><strong data-start=\"1815\" data-end=\"1861\">T\u00ednh N\u0103ng Ti\u1ec7n \u00cdch V\u1edbi C\u00f4ng Ngh\u1ec7 T\u00edch H\u1ee3p:<\/strong><br data-start=\"1861\" data-end=\"1864\" \/>T\u1ee7 b\u1ebfp MDF th\u00f4ng minh \u0111\u01b0\u1ee3c t\u00edch h\u1ee3p c\u00e1c t\u00ednh n\u0103ng ti\u1ec7n l\u1ee3i nh\u01b0 h\u1ec7 th\u1ed1ng \u0111\u00e8n LED chi\u1ebfu s\u00e1ng d\u01b0\u1edbi c\u00e1c ng\u0103n t\u1ee7, ng\u0103n k\u00e9o t\u1ef1 \u0111\u1ed9ng, k\u1ec7 \u0111\u1ec3 gia v\u1ecb d\u1ec5 d\u00e0ng l\u1ea5y ra, v\u00e0 c\u00e1c ng\u0103n t\u1ee7 \u0111\u01b0\u1ee3c chia nh\u1ecf gi\u00fap t\u1ed1i \u01b0u h\u00f3a kh\u00f4ng gian l\u01b0u tr\u1eef. T\u1ea5t c\u1ea3 \u0111\u1ec1u \u0111\u01b0\u1ee3c thi\u1ebft k\u1ebf sao cho d\u1ec5 d\u00e0ng s\u1eed d\u1ee5ng v\u00e0 ti\u1ebft ki\u1ec7m th\u1eddi gian.<\/p>\n<\/li>\n<li data-start=\"2162\" data-end=\"2495\">\n<p data-start=\"2165\" data-end=\"2495\"><strong data-start=\"2165\" data-end=\"2223\">Thi\u1ebft K\u1ebf Tinh T\u1ebf, Ph\u00f9 H\u1ee3p V\u1edbi M\u1ecdi Phong C\u00e1ch N\u1ed9i Th\u1ea5t:<\/strong><br data-start=\"2223\" data-end=\"2226\" \/>T\u1ee7 b\u1ebfp MDF th\u00f4ng minh c\u00f3 thi\u1ebft k\u1ebf tinh t\u1ebf v\u1edbi c\u00e1c \u0111\u01b0\u1eddng n\u00e9t \u0111\u01a1n gi\u1ea3n nh\u01b0ng kh\u00f4ng k\u00e9m ph\u1ea7n sang tr\u1ecdng, ph\u00f9 h\u1ee3p v\u1edbi nhi\u1ec1u phong c\u00e1ch b\u1ebfp t\u1eeb hi\u1ec7n \u0111\u1ea1i \u0111\u1ebfn c\u1ed5 \u0111i\u1ec3n. M\u00e0u s\u1eafc t\u1ee7 b\u1ebfp c\u00f3 th\u1ec3 linh ho\u1ea1t theo s\u1edf th\u00edch v\u00e0 y\u00eau c\u1ea7u c\u1ee7a kh\u00e1ch h\u00e0ng, mang l\u1ea1i kh\u00f4ng gian s\u1ed1ng h\u00e0i h\u00f2a.<\/p>\n<\/li>\n<li data-start=\"2497\" data-end=\"2749\">\n<p data-start=\"2500\" data-end=\"2749\"><strong data-start=\"2500\" data-end=\"2531\">D\u1ec5 D\u00e0ng L\u1eafp \u0110\u1eb7t v\u00e0 V\u1ec7 Sinh:<\/strong><br data-start=\"2531\" data-end=\"2534\" \/>V\u1edbi thi\u1ebft k\u1ebf \u0111\u01a1n gi\u1ea3n, c\u00e1c ng\u0103n t\u1ee7 v\u00e0 ng\u0103n k\u00e9o c\u1ee7a t\u1ee7 b\u1ebfp MDF th\u00f4ng minh d\u1ec5 d\u00e0ng l\u1eafp \u0111\u1eb7t v\u00e0 v\u1ec7 sinh. S\u1ea3n ph\u1ea9m kh\u00f4ng ch\u1ec9 ti\u1ebft ki\u1ec7m kh\u00f4ng gian m\u00e0 c\u00f2n gi\u00fap b\u1ea1n ti\u1ebft ki\u1ec7m th\u1eddi gian trong vi\u1ec7c b\u1ea3o tr\u00ec v\u00e0 l\u00e0m s\u1ea1ch b\u1ebfp.<\/p>\n<p><img loading=\"lazy\" decoding=\"async\" class=\"alignnone wp-image-4057 \" src=\"http:\/\/xuongnoithattipi.com\/wp-content\/uploads\/2025\/11\/tu-thong-minh-ngang-2.jpg\" alt=\"\" width=\"798\" height=\"448\" srcset=\"https:\/\/xuongnoithattipi.com\/wp-content\/uploads\/2025\/11\/tu-thong-minh-ngang-2.jpg 600w, https:\/\/xuongnoithattipi.com\/wp-content\/uploads\/2025\/11\/tu-thong-minh-ngang-2-300x169.jpg 300w, https:\/\/xuongnoithattipi.com\/wp-content\/uploads\/2025\/11\/tu-thong-minh-ngang-2-256x144.jpg 256w\" sizes=\"auto, (max-width: 798px) 100vw, 798px\" \/><\/p>\n<\/li>\n<\/ol>\n<p data-start=\"2751\" data-end=\"2792\"><strong data-start=\"2751\" data-end=\"2792\">Li\u00ean H\u1ec7 N\u1ed8I TH\u1ea4T TIPI \u0110\u1ec3 \u0110\u01b0\u1ee3c T\u01b0 V\u1ea5n:<\/strong><\/p>\n<p data-start=\"2794\" data-end=\"3042\">N\u1ebfu b\u1ea1n \u0111ang t\u00ecm ki\u1ebfm m\u1ed9t chi\u1ebfc t\u1ee7 b\u1ebfp th\u00f4ng minh, ti\u1ec7n nghi v\u00e0 hi\u1ec7n \u0111\u1ea1i, h\u00e3y \u0111\u1ebfn v\u1edbi <strong data-start=\"2880\" data-end=\"2897\">N\u1ed8I TH\u1ea4T TIPI<\/strong>. Ch\u00fang t\u00f4i s\u1ebd gi\u00fap b\u1ea1n s\u1edf h\u1eefu m\u1ed9t chi\u1ebfc t\u1ee7 b\u1ebfp v\u1eeba \u0111\u00e1p \u1ee9ng \u0111\u01b0\u1ee3c y\u00eau c\u1ea7u v\u1ec1 t\u00ednh n\u0103ng, l\u1ea1i mang l\u1ea1i v\u1ebb \u0111\u1eb9p sang tr\u1ecdng cho kh\u00f4ng gian b\u1ebfp c\u1ee7a b\u1ea1n.<\/p>\n<p data-start=\"3044\" data-end=\"3093\"><strong data-start=\"3044\" data-end=\"3093\">C\u00d4NG TY TNHH TH\u01af\u01a0NG M\u1ea0I V\u00c0 S\u1ea2N XU\u1ea4T TIPI WOOD<\/strong><\/p>\n<ul data-start=\"3095\" data-end=\"3263\">\n<li data-start=\"3095\" data-end=\"3155\">\n<p data-start=\"3097\" data-end=\"3155\"><strong data-start=\"3097\" data-end=\"3109\">\u0110\u1ecba ch\u1ec9:<\/strong> 221\/229 B\u00ecnh Th\u00e0nh, Ph\u01b0\u1eddng B\u00ecnh T\u00e2n, TP.HCM<\/p>\n<\/li>\n<li data-start=\"3156\" data-end=\"3189\">\n<p data-start=\"3158\" data-end=\"3189\"><strong data-start=\"3158\" data-end=\"3173\">Kinh doanh:<\/strong> 0909.52.69.62<\/p>\n<\/li>\n<li data-start=\"3190\" data-end=\"3228\">\n<p data-start=\"3192\" data-end=\"3228\"><strong data-start=\"3192\" data-end=\"3212\">H\u1ed7 tr\u1ee3 k\u1ef9 thu\u1eadt:<\/strong> 0938.40.50.62<\/p>\n<\/li>\n<li data-start=\"3229\" data-end=\"3263\">\n<p data-start=\"3231\" data-end=\"3263\"><strong data-start=\"3231\" data-end=\"3241\">Email:<\/strong> <a class=\"decorated-link cursor-pointer\" rel=\"noopener\" data-start=\"3242\" data-end=\"3263\">tipiwood.sg@gmail.com<\/a><\/p>\n<\/li>\n<\/ul>\n<p data-start=\"3265\" data-end=\"3415\"><strong data-start=\"3265\" data-end=\"3282\">N\u1ed8I TH\u1ea4T TIPI<\/strong> lu\u00f4n cam k\u1ebft mang \u0111\u1ebfn nh\u1eefng gi\u1ea3i ph\u00e1p n\u1ed9i th\u1ea5t t\u1ed1i \u01b0u cho kh\u00f4ng gian s\u1ed1ng c\u1ee7a b\u1ea1n, gi\u00fap cu\u1ed9c s\u1ed1ng tr\u1edf n\u00ean ti\u1ec7n nghi v\u00e0 ho\u00e0n h\u1ea3o h\u01a1n.<\/p>\n","protected":false},"excerpt":{"rendered":"<p data-start=\"201\" data-end=\"387\">Kh\u00e1m ph\u00e1 t\u1ee7 b\u1ebfp MDF th\u00f4ng minh c\u1ee7a N\u1ed8I TH\u1ea4T TIPI \u2013 thi\u1ebft k\u1ebf t\u1ed1i \u01b0u kh\u00f4ng gian, th\u00f4ng minh, gi\u00fap c\u0103n b\u1ebfp tr\u1edf n\u00ean g\u1ecdn g\u00e0ng v\u00e0 ti\u1ec7n nghi h\u01a1n. \u0110\u1eb7t h\u00e0ng ngay t\u1ea1i TP.HCM.<\/p>\n","protected":false},"featured_media":4048,"comment_status":"open","ping_status":"closed","template":"","meta":{"_acf_changed":false},"product_brand":[],"product_cat":[149],"product_tag":[],"class_list":{"0":"post-4047","1":"product","2":"type-product","3":"status-publish","4":"has-post-thumbnail","6":"product_cat-tu-bep-mdf","8":"first","9":"instock","10":"shipping-taxable","11":"purchasable","12":"product-type-simple"},"acf":[],"yoast_head":"<!-- This site is optimized with the Yoast SEO Premium plugin v22.6 (Yoast SEO v26.3) - https:\/\/yoast.com\/wordpress\/plugins\/seo\/ -->\n<title>T\u1ee7 B\u1ebfp MDF Th\u00f4ng Minh - N\u1ed9i th\u1ea5t Tipi<\/title>\n<meta name=\"robots\" content=\"index, follow, max-snippet:-1, max-image-preview:large, max-video-preview:-1\" \/>\n<link rel=\"canonical\" href=\"https:\/\/xuongnoithattipi.com\/?product=tu-bep-mdf-thong-minh\" \/>\n<meta property=\"og:locale\" content=\"vi_VN\" \/>\n<meta property=\"og:type\" content=\"article\" \/>\n<meta property=\"og:title\" content=\"T\u1ee7 B\u1ebfp MDF Th\u00f4ng Minh\" \/>\n<meta property=\"og:description\" content=\"Kh\u00e1m ph\u00e1 t\u1ee7 b\u1ebfp MDF th\u00f4ng minh c\u1ee7a N\u1ed8I TH\u1ea4T TIPI \u2013 thi\u1ebft k\u1ebf t\u1ed1i \u01b0u kh\u00f4ng gian, th\u00f4ng minh, gi\u00fap c\u0103n b\u1ebfp tr\u1edf n\u00ean g\u1ecdn g\u00e0ng v\u00e0 ti\u1ec7n nghi h\u01a1n. \u0110\u1eb7t h\u00e0ng ngay t\u1ea1i TP.HCM.\" \/>\n<meta property=\"og:url\" content=\"https:\/\/xuongnoithattipi.com\/?product=tu-bep-mdf-thong-minh\" \/>\n<meta property=\"og:site_name\" content=\"N\u1ed9i th\u1ea5t Tipi\" \/>\n<meta property=\"article:publisher\" content=\"https:\/\/www.facebook.com\/profile.php?id=61583275246966#\" \/>\n<meta property=\"article:modified_time\" content=\"2025-11-15T15:04:18+00:00\" \/>\n<meta property=\"og:image\" content=\"https:\/\/xuongnoithattipi.com\/wp-content\/uploads\/2025\/11\/tu-bep-thong-minh-4.jpg\" \/>\n\t<meta property=\"og:image:width\" content=\"1024\" \/>\n\t<meta property=\"og:image:height\" content=\"1024\" \/>\n\t<meta property=\"og:image:type\" content=\"image\/jpeg\" \/>\n<meta name=\"twitter:card\" content=\"summary_large_image\" \/>\n<meta name=\"twitter:label1\" content=\"\u01af\u1edbc t\u00ednh th\u1eddi gian \u0111\u1ecdc\" \/>\n\t<meta name=\"twitter:data1\" content=\"5 ph\u00fat\" \/>\n<script type=\"application\/ld+json\" class=\"yoast-schema-graph\">{\"@context\":\"https:\/\/schema.org\",\"@graph\":[{\"@type\":\"WebPage\",\"@id\":\"https:\/\/xuongnoithattipi.com\/?product=tu-bep-mdf-thong-minh\",\"url\":\"https:\/\/xuongnoithattipi.com\/?product=tu-bep-mdf-thong-minh\",\"name\":\"T\u1ee7 B\u1ebfp MDF Th\u00f4ng Minh - N\u1ed9i th\u1ea5t Tipi\",\"isPartOf\":{\"@id\":\"https:\/\/xuongnoithattipi.com\/#website\"},\"primaryImageOfPage\":{\"@id\":\"https:\/\/xuongnoithattipi.com\/?product=tu-bep-mdf-thong-minh#primaryimage\"},\"image\":{\"@id\":\"https:\/\/xuongnoithattipi.com\/?product=tu-bep-mdf-thong-minh#primaryimage\"},\"thumbnailUrl\":\"https:\/\/xuongnoithattipi.com\/wp-content\/uploads\/2025\/11\/tu-bep-thong-minh-4.jpg\",\"datePublished\":\"2025-11-11T14:13:55+00:00\",\"dateModified\":\"2025-11-15T15:04:18+00:00\",\"breadcrumb\":{\"@id\":\"https:\/\/xuongnoithattipi.com\/?product=tu-bep-mdf-thong-minh#breadcrumb\"},\"inLanguage\":\"vi\",\"potentialAction\":[{\"@type\":\"ReadAction\",\"target\":[\"https:\/\/xuongnoithattipi.com\/?product=tu-bep-mdf-thong-minh\"]}]},{\"@type\":\"ImageObject\",\"inLanguage\":\"vi\",\"@id\":\"https:\/\/xuongnoithattipi.com\/?product=tu-bep-mdf-thong-minh#primaryimage\",\"url\":\"https:\/\/xuongnoithattipi.com\/wp-content\/uploads\/2025\/11\/tu-bep-thong-minh-4.jpg\",\"contentUrl\":\"https:\/\/xuongnoithattipi.com\/wp-content\/uploads\/2025\/11\/tu-bep-thong-minh-4.jpg\",\"width\":1024,\"height\":1024},{\"@type\":\"BreadcrumbList\",\"@id\":\"https:\/\/xuongnoithattipi.com\/?product=tu-bep-mdf-thong-minh#breadcrumb\",\"itemListElement\":[{\"@type\":\"ListItem\",\"position\":1,\"name\":\"Trang ch\u1ee7\",\"item\":\"https:\/\/xuongnoithattipi.com\/\"},{\"@type\":\"ListItem\",\"position\":2,\"name\":\"S\u1ea3n ph\u1ea9m\",\"item\":\"https:\/\/xuongnoithattipi.com\/shop\/\"},{\"@type\":\"ListItem\",\"position\":3,\"name\":\"T\u1ee7 b\u1ebfp MDF\",\"item\":\"https:\/\/xuongnoithattipi.com\/danh-muc-san-pham\/tu-bep-mdf\/\"},{\"@type\":\"ListItem\",\"position\":4,\"name\":\"T\u1ee7 B\u1ebfp MDF Th\u00f4ng Minh\"}]},{\"@type\":\"WebSite\",\"@id\":\"https:\/\/xuongnoithattipi.com\/#website\",\"url\":\"https:\/\/xuongnoithattipi.com\/\",\"name\":\"N\u1ed9i th\u1ea5t Tipi\",\"description\":\"\",\"publisher\":{\"@id\":\"https:\/\/xuongnoithattipi.com\/#organization\"},\"potentialAction\":[{\"@type\":\"SearchAction\",\"target\":{\"@type\":\"EntryPoint\",\"urlTemplate\":\"https:\/\/xuongnoithattipi.com\/?s={search_term_string}\"},\"query-input\":{\"@type\":\"PropertyValueSpecification\",\"valueRequired\":true,\"valueName\":\"search_term_string\"}}],\"inLanguage\":\"vi\"},{\"@type\":\"Organization\",\"@id\":\"https:\/\/xuongnoithattipi.com\/#organization\",\"name\":\"N\u1ed9i th\u1ea5t Tipi\",\"url\":\"https:\/\/xuongnoithattipi.com\/\",\"logo\":{\"@type\":\"ImageObject\",\"inLanguage\":\"vi\",\"@id\":\"https:\/\/xuongnoithattipi.com\/#\/schema\/logo\/image\/\",\"url\":\"http:\/\/xuongnoithattipi.com\/wp-content\/uploads\/2025\/11\/LOGO_XUONG-NOI-THAT-TIPI_WEB-COLOR-full.png\",\"contentUrl\":\"http:\/\/xuongnoithattipi.com\/wp-content\/uploads\/2025\/11\/LOGO_XUONG-NOI-THAT-TIPI_WEB-COLOR-full.png\",\"width\":536,\"height\":126,\"caption\":\"N\u1ed9i th\u1ea5t Tipi\"},\"image\":{\"@id\":\"https:\/\/xuongnoithattipi.com\/#\/schema\/logo\/image\/\"},\"sameAs\":[\"https:\/\/www.facebook.com\/profile.php?id=61583275246966#\"]}]}<\/script>\n<!-- \/ Yoast SEO Premium plugin. -->","yoast_head_json":{"title":"T\u1ee7 B\u1ebfp MDF Th\u00f4ng Minh - N\u1ed9i th\u1ea5t Tipi","robots":{"index":"index","follow":"follow","max-snippet":"max-snippet:-1","max-image-preview":"max-image-preview:large","max-video-preview":"max-video-preview:-1"},"canonical":"https:\/\/xuongnoithattipi.com\/?product=tu-bep-mdf-thong-minh","og_locale":"vi_VN","og_type":"article","og_title":"T\u1ee7 B\u1ebfp MDF Th\u00f4ng Minh","og_description":"Kh\u00e1m ph\u00e1 t\u1ee7 b\u1ebfp MDF th\u00f4ng minh c\u1ee7a N\u1ed8I TH\u1ea4T TIPI \u2013 thi\u1ebft k\u1ebf t\u1ed1i \u01b0u kh\u00f4ng gian, th\u00f4ng minh, gi\u00fap c\u0103n b\u1ebfp tr\u1edf n\u00ean g\u1ecdn g\u00e0ng v\u00e0 ti\u1ec7n nghi h\u01a1n. \u0110\u1eb7t h\u00e0ng ngay t\u1ea1i TP.HCM.","og_url":"https:\/\/xuongnoithattipi.com\/?product=tu-bep-mdf-thong-minh","og_site_name":"N\u1ed9i th\u1ea5t Tipi","article_publisher":"https:\/\/www.facebook.com\/profile.php?id=61583275246966#","article_modified_time":"2025-11-15T15:04:18+00:00","og_image":[{"width":1024,"height":1024,"url":"https:\/\/xuongnoithattipi.com\/wp-content\/uploads\/2025\/11\/tu-bep-thong-minh-4.jpg","type":"image\/jpeg"}],"twitter_card":"summary_large_image","twitter_misc":{"\u01af\u1edbc t\u00ednh th\u1eddi gian \u0111\u1ecdc":"5 ph\u00fat"},"schema":{"@context":"https:\/\/schema.org","@graph":[{"@type":"WebPage","@id":"https:\/\/xuongnoithattipi.com\/?product=tu-bep-mdf-thong-minh","url":"https:\/\/xuongnoithattipi.com\/?product=tu-bep-mdf-thong-minh","name":"T\u1ee7 B\u1ebfp MDF Th\u00f4ng Minh - N\u1ed9i th\u1ea5t Tipi","isPartOf":{"@id":"https:\/\/xuongnoithattipi.com\/#website"},"primaryImageOfPage":{"@id":"https:\/\/xuongnoithattipi.com\/?product=tu-bep-mdf-thong-minh#primaryimage"},"image":{"@id":"https:\/\/xuongnoithattipi.com\/?product=tu-bep-mdf-thong-minh#primaryimage"},"thumbnailUrl":"https:\/\/xuongnoithattipi.com\/wp-content\/uploads\/2025\/11\/tu-bep-thong-minh-4.jpg","datePublished":"2025-11-11T14:13:55+00:00","dateModified":"2025-11-15T15:04:18+00:00","breadcrumb":{"@id":"https:\/\/xuongnoithattipi.com\/?product=tu-bep-mdf-thong-minh#breadcrumb"},"inLanguage":"vi","potentialAction":[{"@type":"ReadAction","target":["https:\/\/xuongnoithattipi.com\/?product=tu-bep-mdf-thong-minh"]}]},{"@type":"ImageObject","inLanguage":"vi","@id":"https:\/\/xuongnoithattipi.com\/?product=tu-bep-mdf-thong-minh#primaryimage","url":"https:\/\/xuongnoithattipi.com\/wp-content\/uploads\/2025\/11\/tu-bep-thong-minh-4.jpg","contentUrl":"https:\/\/xuongnoithattipi.com\/wp-content\/uploads\/2025\/11\/tu-bep-thong-minh-4.jpg","width":1024,"height":1024},{"@type":"BreadcrumbList","@id":"https:\/\/xuongnoithattipi.com\/?product=tu-bep-mdf-thong-minh#breadcrumb","itemListElement":[{"@type":"ListItem","position":1,"name":"Trang ch\u1ee7","item":"https:\/\/xuongnoithattipi.com\/"},{"@type":"ListItem","position":2,"name":"S\u1ea3n ph\u1ea9m","item":"https:\/\/xuongnoithattipi.com\/shop\/"},{"@type":"ListItem","position":3,"name":"T\u1ee7 b\u1ebfp MDF","item":"https:\/\/xuongnoithattipi.com\/danh-muc-san-pham\/tu-bep-mdf\/"},{"@type":"ListItem","position":4,"name":"T\u1ee7 B\u1ebfp MDF Th\u00f4ng Minh"}]},{"@type":"WebSite","@id":"https:\/\/xuongnoithattipi.com\/#website","url":"https:\/\/xuongnoithattipi.com\/","name":"N\u1ed9i th\u1ea5t Tipi","description":"","publisher":{"@id":"https:\/\/xuongnoithattipi.com\/#organization"},"potentialAction":[{"@type":"SearchAction","target":{"@type":"EntryPoint","urlTemplate":"https:\/\/xuongnoithattipi.com\/?s={search_term_string}"},"query-input":{"@type":"PropertyValueSpecification","valueRequired":true,"valueName":"search_term_string"}}],"inLanguage":"vi"},{"@type":"Organization","@id":"https:\/\/xuongnoithattipi.com\/#organization","name":"N\u1ed9i th\u1ea5t Tipi","url":"https:\/\/xuongnoithattipi.com\/","logo":{"@type":"ImageObject","inLanguage":"vi","@id":"https:\/\/xuongnoithattipi.com\/#\/schema\/logo\/image\/","url":"http:\/\/xuongnoithattipi.com\/wp-content\/uploads\/2025\/11\/LOGO_XUONG-NOI-THAT-TIPI_WEB-COLOR-full.png","contentUrl":"http:\/\/xuongnoithattipi.com\/wp-content\/uploads\/2025\/11\/LOGO_XUONG-NOI-THAT-TIPI_WEB-COLOR-full.png","width":536,"height":126,"caption":"N\u1ed9i th\u1ea5t Tipi"},"image":{"@id":"https:\/\/xuongnoithattipi.com\/#\/schema\/logo\/image\/"},"sameAs":["https:\/\/www.facebook.com\/profile.php?id=61583275246966#"]}]}},"_links":{"self":[{"href":"https:\/\/xuongnoithattipi.com\/index.php?rest_route=\/wp\/v2\/product\/4047","targetHints":{"allow":["GET"]}}],"collection":[{"href":"https:\/\/xuongnoithattipi.com\/index.php?rest_route=\/wp\/v2\/product"}],"about":[{"href":"https:\/\/xuongnoithattipi.com\/index.php?rest_route=\/wp\/v2\/types\/product"}],"replies":[{"embeddable":true,"href":"https:\/\/xuongnoithattipi.com\/index.php?rest_route=%2Fwp%2Fv2%2Fcomments&post=4047"}],"wp:featuredmedia":[{"embeddable":true,"href":"https:\/\/xuongnoithattipi.com\/index.php?rest_route=\/wp\/v2\/media\/4048"}],"wp:attachment":[{"href":"https:\/\/xuongnoithattipi.com\/index.php?rest_route=%2Fwp%2Fv2%2Fmedia&parent=4047"}],"wp:term":[{"taxonomy":"product_brand","embeddable":true,"href":"https:\/\/xuongnoithattipi.com\/index.php?rest_route=%2Fwp%2Fv2%2Fproduct_brand&post=4047"},{"taxonomy":"product_cat","embeddable":true,"href":"https:\/\/xuongnoithattipi.com\/index.php?rest_route=%2Fwp%2Fv2%2Fproduct_cat&post=4047"},{"taxonomy":"product_tag","embeddable":true,"href":"https:\/\/xuongnoithattipi.com\/index.php?rest_route=%2Fwp%2Fv2%2Fproduct_tag&post=4047"}],"curies":[{"name":"wp","href":"https:\/\/api.w.org\/{rel}","templated":true}]}}