{"id":4029,"date":"2025-11-11T19:35:35","date_gmt":"2025-11-11T12:35:35","guid":{"rendered":"https:\/\/xuongnoithattipi.com\/?post_type=product&#038;p=4029"},"modified":"2025-11-15T22:02:32","modified_gmt":"2025-11-15T15:02:32","slug":"tu-bep-mdf-hien-dai","status":"publish","type":"product","link":"https:\/\/xuongnoithattipi.com\/?product=tu-bep-mdf-hien-dai","title":{"rendered":"T\u1ee7 b\u1ebfp MDF hi\u1ec7n \u0111\u1ea1i"},"content":{"rendered":"<p data-start=\"403\" data-end=\"496\"><strong data-start=\"403\" data-end=\"496\">T\u1ee7 B\u1ebfp MDF Hi\u1ec7n \u0110\u1ea1i \u2013 L\u1ef1a Ch\u1ecdn Ho\u00e0n H\u1ea3o Cho Kh\u00f4ng Gian B\u1ebfp Sang Tr\u1ecdng<\/strong><\/p>\n<p data-start=\"498\" data-end=\"801\">Khi n\u00f3i \u0111\u1ebfn kh\u00f4ng gian b\u1ebfp, m\u1ed9t chi\u1ebfc t\u1ee7 b\u1ebfp hi\u1ec7n \u0111\u1ea1i kh\u00f4ng ch\u1ec9 l\u00e0 m\u00f3n \u0111\u1ed3 n\u1ed9i th\u1ea5t thi\u1ebft y\u1ebfu m\u00e0 c\u00f2n l\u00e0 y\u1ebfu t\u1ed1 l\u00e0m n\u1ed5i b\u1eadt v\u1ebb \u0111\u1eb9p c\u1ee7a c\u0103n nh\u00e0. T\u1ee7 b\u1ebfp MDF hi\u1ec7n \u0111\u1ea1i t\u1eeb <strong data-start=\"663\" data-end=\"680\">N\u1ed8I TH\u1ea4T TIPI<\/strong> ch\u00ednh l\u00e0 l\u1ef1a ch\u1ecdn ho\u00e0n h\u1ea3o gi\u00fap b\u1ea1n t\u1ed1i \u01b0u h\u00f3a kh\u00f4ng gian s\u1ed1ng, \u0111\u1ed3ng th\u1eddi t\u1ea1o n\u00ean kh\u00f4ng gian b\u1ebfp sang tr\u1ecdng, ti\u1ec7n nghi.<\/p>\n<p><img loading=\"lazy\" decoding=\"async\" class=\"alignnone wp-image-4035 \" src=\"http:\/\/xuongnoithattipi.com\/wp-content\/uploads\/2025\/11\/tu-bep-mdf-ngang.jpg\" alt=\"\" width=\"721\" height=\"481\" srcset=\"https:\/\/xuongnoithattipi.com\/wp-content\/uploads\/2025\/11\/tu-bep-mdf-ngang.jpg 1030w, https:\/\/xuongnoithattipi.com\/wp-content\/uploads\/2025\/11\/tu-bep-mdf-ngang-300x200.jpg 300w, https:\/\/xuongnoithattipi.com\/wp-content\/uploads\/2025\/11\/tu-bep-mdf-ngang-768x512.jpg 768w, https:\/\/xuongnoithattipi.com\/wp-content\/uploads\/2025\/11\/tu-bep-mdf-ngang-256x171.jpg 256w\" sizes=\"auto, (max-width: 721px) 100vw, 721px\" \/><\/p>\n<h3 data-start=\"803\" data-end=\"862\">T\u1ea1i Sao N\u00ean Ch\u1ecdn T\u1ee7 B\u1ebfp MDF Hi\u1ec7n \u0110\u1ea1i C\u1ee7a N\u1ed8I TH\u1ea4T TIPI?<\/h3>\n<p data-start=\"864\" data-end=\"1219\"><strong data-start=\"864\" data-end=\"897\">Thi\u1ebft K\u1ebf Tinh T\u1ebf, Sang Tr\u1ecdng:<\/strong><br data-start=\"897\" data-end=\"900\" \/>T\u1ee7 b\u1ebfp MDF hi\u1ec7n \u0111\u1ea1i c\u1ee7a ch\u00fang t\u00f4i mang \u0111\u1ebfn v\u1ebb \u0111\u1eb9p thanh l\u1ecbch v\u1edbi nh\u1eefng \u0111\u01b0\u1eddng n\u00e9t thi\u1ebft k\u1ebf \u0111\u01a1n gi\u1ea3n nh\u01b0ng kh\u00f4ng k\u00e9m ph\u1ea7n sang tr\u1ecdng. V\u1edbi nh\u1eefng gam m\u00e0u nh\u1eb9 nh\u00e0ng, t\u1eeb m\u00e0u v\u00e2n g\u1ed7 t\u1ef1 nhi\u00ean \u0111\u1ebfn c\u00e1c t\u00f4ng m\u00e0u hi\u1ec7n \u0111\u1ea1i nh\u01b0 tr\u1eafng, x\u00e1m, b\u1ea1n c\u00f3 th\u1ec3 d\u1ec5 d\u00e0ng ph\u1ed1i h\u1ee3p v\u1edbi m\u1ecdi kh\u00f4ng gian b\u1ebfp, gi\u00fap t\u1ea1o \u0111i\u1ec3m nh\u1ea5n cho to\u00e0n b\u1ed9 c\u0103n ph\u00f2ng.<\/p>\n<p><img loading=\"lazy\" decoding=\"async\" class=\"alignnone  wp-image-4034\" src=\"http:\/\/xuongnoithattipi.com\/wp-content\/uploads\/2025\/11\/tu-bep-mdf-hien-dai-6-300x300.jpg\" alt=\"\" width=\"385\" height=\"385\" srcset=\"https:\/\/xuongnoithattipi.com\/wp-content\/uploads\/2025\/11\/tu-bep-mdf-hien-dai-6-300x300.jpg 300w, https:\/\/xuongnoithattipi.com\/wp-content\/uploads\/2025\/11\/tu-bep-mdf-hien-dai-6-150x150.jpg 150w, https:\/\/xuongnoithattipi.com\/wp-content\/uploads\/2025\/11\/tu-bep-mdf-hien-dai-6-768x768.jpg 768w, https:\/\/xuongnoithattipi.com\/wp-content\/uploads\/2025\/11\/tu-bep-mdf-hien-dai-6-256x256.jpg 256w, https:\/\/xuongnoithattipi.com\/wp-content\/uploads\/2025\/11\/tu-bep-mdf-hien-dai-6-100x100.jpg 100w, https:\/\/xuongnoithattipi.com\/wp-content\/uploads\/2025\/11\/tu-bep-mdf-hien-dai-6.jpg 1024w\" sizes=\"auto, (max-width: 385px) 100vw, 385px\" \/> <img loading=\"lazy\" decoding=\"async\" class=\"alignnone  wp-image-4033\" src=\"http:\/\/xuongnoithattipi.com\/wp-content\/uploads\/2025\/11\/tu-bep-mdf-hien-dai-4-300x300.jpg\" alt=\"\" width=\"383\" height=\"383\" srcset=\"https:\/\/xuongnoithattipi.com\/wp-content\/uploads\/2025\/11\/tu-bep-mdf-hien-dai-4-300x300.jpg 300w, https:\/\/xuongnoithattipi.com\/wp-content\/uploads\/2025\/11\/tu-bep-mdf-hien-dai-4-150x150.jpg 150w, https:\/\/xuongnoithattipi.com\/wp-content\/uploads\/2025\/11\/tu-bep-mdf-hien-dai-4-768x768.jpg 768w, https:\/\/xuongnoithattipi.com\/wp-content\/uploads\/2025\/11\/tu-bep-mdf-hien-dai-4-256x256.jpg 256w, https:\/\/xuongnoithattipi.com\/wp-content\/uploads\/2025\/11\/tu-bep-mdf-hien-dai-4-100x100.jpg 100w, https:\/\/xuongnoithattipi.com\/wp-content\/uploads\/2025\/11\/tu-bep-mdf-hien-dai-4.jpg 1024w\" sizes=\"auto, (max-width: 383px) 100vw, 383px\" \/><\/p>\n<p data-start=\"1221\" data-end=\"1491\"><strong data-start=\"1221\" data-end=\"1254\">Ch\u1ea5t Li\u1ec7u MDF Ch\u1ea5t L\u01b0\u1ee3ng Cao:<\/strong><br data-start=\"1254\" data-end=\"1257\" \/>S\u1ea3n ph\u1ea9m \u0111\u01b0\u1ee3c l\u00e0m t\u1eeb g\u1ed7 MDF cao c\u1ea5p, \u0111\u00e3 qua x\u1eed l\u00fd chuy\u00ean s\u00e2u \u0111\u1ec3 c\u00f3 kh\u1ea3 n\u0103ng ch\u1ed1ng \u1ea9m, ch\u1ed1ng m\u1ed1i m\u1ecdt v\u00e0 ch\u1ed1ng cong v\u00eanh. G\u1ed7 MDF kh\u00f4ng ch\u1ec9 b\u1ec1n, \u0111\u1eb9p m\u00e0 c\u00f2n r\u1ea5t d\u1ec5 d\u00e0ng v\u1ec7 sinh, ph\u00f9 h\u1ee3p v\u1edbi nh\u1eefng gia \u0111\u00ecnh y\u00eau th\u00edch s\u1ef1 s\u1ea1ch s\u1ebd v\u00e0 ti\u1ec7n l\u1ee3i.<\/p>\n<p data-start=\"1493\" data-end=\"1786\"><strong data-start=\"1493\" data-end=\"1519\">T\u1ed1i \u01afu H\u00f3a Kh\u00f4ng Gian:<\/strong><br data-start=\"1519\" data-end=\"1522\" \/>T\u1ee7 b\u1ebfp MDF hi\u1ec7n \u0111\u1ea1i \u0111\u01b0\u1ee3c thi\u1ebft k\u1ebf v\u1edbi c\u00e1c ng\u0103n ch\u1ee9a r\u1ed9ng r\u00e3i, gi\u00fap b\u1ea1n d\u1ec5 d\u00e0ng b\u1ed1 tr\u00ed c\u00e1c v\u1eadt d\u1ee5ng, \u0111\u1ed3 d\u00f9ng nh\u00e0 b\u1ebfp nh\u01b0 ch\u00e9n d\u0129a, n\u1ed3i ni\u00eau, gia v\u1ecb\u2026 M\u1ed9t s\u1ed1 m\u1eabu t\u1ee7 b\u1ebfp c\u00f2n \u0111\u01b0\u1ee3c t\u00edch h\u1ee3p k\u1ec7 \u0111\u1ec3 \u0111\u1ed3 kh\u00f4, t\u1ea1o n\u00ean s\u1ef1 g\u1ecdn g\u00e0ng, ng\u0103n n\u1eafp v\u00e0 ti\u1ebft ki\u1ec7m kh\u00f4ng gian cho c\u0103n b\u1ebfp.<\/p>\n<p data-start=\"1788\" data-end=\"2129\"><strong data-start=\"1788\" data-end=\"1815\">Ti\u1ec7n \u00cdch V\u00e0 \u0110\u1ed9 B\u1ec1n Cao:<\/strong><br data-start=\"1815\" data-end=\"1818\" \/>V\u1edbi thi\u1ebft k\u1ebf th\u00f4ng minh, t\u1ee7 b\u1ebfp MDF kh\u00f4ng ch\u1ec9 ti\u1ebft ki\u1ec7m di\u1ec7n t\u00edch m\u00e0 c\u00f2n mang l\u1ea1i s\u1ef1 ti\u1ec7n nghi khi s\u1eed d\u1ee5ng. C\u00e1c c\u00e1nh c\u1eeda t\u1ee7 \u0111\u01b0\u1ee3c thi\u1ebft k\u1ebf tr\u01b0\u1ee3t m\u01b0\u1ee3t m\u00e0, gi\u00fap ti\u1ebft ki\u1ec7m di\u1ec7n t\u00edch m\u1edf c\u00e1nh t\u1ee7, \u0111\u1ed3ng th\u1eddi n\u00e2ng cao \u0111\u1ed9 b\u1ec1n s\u1eed d\u1ee5ng l\u00e2u d\u00e0i. Ngo\u00e0i ra, s\u1ea3n ph\u1ea9m c\u00f2n c\u00f3 kh\u1ea3 n\u0103ng ch\u1ecbu nhi\u1ec7t t\u1ed1t, ph\u00f9 h\u1ee3p v\u1edbi m\u00f4i tr\u01b0\u1eddng b\u1ebfp.<\/p>\n<p data-start=\"2131\" data-end=\"2466\"><strong data-start=\"2131\" data-end=\"2166\">Ph\u00f9 H\u1ee3p V\u1edbi M\u1ecdi Kh\u00f4ng Gian B\u1ebfp:<\/strong><br data-start=\"2166\" data-end=\"2169\" \/>D\u00f9 b\u1ea1n c\u00f3 kh\u00f4ng gian b\u1ebfp nh\u1ecf hay l\u1edbn, t\u1ee7 b\u1ebfp MDF hi\u1ec7n \u0111\u1ea1i \u0111\u1ec1u c\u00f3 th\u1ec3 \u0111\u01b0\u1ee3c thi\u1ebft k\u1ebf theo y\u00eau c\u1ea7u c\u1ee7a b\u1ea1n, gi\u00fap kh\u00f4ng gian b\u1ebfp tr\u1edf n\u00ean tho\u00e1ng \u0111\u00e3ng v\u00e0 sang tr\u1ecdng h\u01a1n. B\u1ea1n c\u00f3 th\u1ec3 ch\u1ecdn c\u00e1c m\u1eabu t\u1ee7 b\u1ebfp th\u1eb3ng, ch\u1eef L, ch\u1eef U ho\u1eb7c c\u00e1c t\u1ee7 b\u1ebfp c\u00f3 k\u1ebft h\u1ee3p b\u00e0n \u0103n, t\u1ea1o kh\u00f4ng gian b\u1ebfp \u0111\u1eb9p m\u1eaft v\u00e0 \u0111\u1ea7y \u0111\u1ee7 ch\u1ee9c n\u0103ng.<\/p>\n<p><img loading=\"lazy\" decoding=\"async\" class=\"alignnone  wp-image-4031\" src=\"http:\/\/xuongnoithattipi.com\/wp-content\/uploads\/2025\/11\/tu-bep-mdf-hien-dai-300x300.jpg\" alt=\"\" width=\"388\" height=\"388\" srcset=\"https:\/\/xuongnoithattipi.com\/wp-content\/uploads\/2025\/11\/tu-bep-mdf-hien-dai-300x300.jpg 300w, https:\/\/xuongnoithattipi.com\/wp-content\/uploads\/2025\/11\/tu-bep-mdf-hien-dai-150x150.jpg 150w, https:\/\/xuongnoithattipi.com\/wp-content\/uploads\/2025\/11\/tu-bep-mdf-hien-dai-768x768.jpg 768w, https:\/\/xuongnoithattipi.com\/wp-content\/uploads\/2025\/11\/tu-bep-mdf-hien-dai-256x256.jpg 256w, https:\/\/xuongnoithattipi.com\/wp-content\/uploads\/2025\/11\/tu-bep-mdf-hien-dai-100x100.jpg 100w, https:\/\/xuongnoithattipi.com\/wp-content\/uploads\/2025\/11\/tu-bep-mdf-hien-dai.jpg 1024w\" sizes=\"auto, (max-width: 388px) 100vw, 388px\" \/> <img loading=\"lazy\" decoding=\"async\" class=\"alignnone  wp-image-4030\" src=\"http:\/\/xuongnoithattipi.com\/wp-content\/uploads\/2025\/11\/tu-bep-mdf-hien-dai-3-300x300.jpg\" alt=\"\" width=\"388\" height=\"388\" srcset=\"https:\/\/xuongnoithattipi.com\/wp-content\/uploads\/2025\/11\/tu-bep-mdf-hien-dai-3-300x300.jpg 300w, https:\/\/xuongnoithattipi.com\/wp-content\/uploads\/2025\/11\/tu-bep-mdf-hien-dai-3-150x150.jpg 150w, https:\/\/xuongnoithattipi.com\/wp-content\/uploads\/2025\/11\/tu-bep-mdf-hien-dai-3-768x768.jpg 768w, https:\/\/xuongnoithattipi.com\/wp-content\/uploads\/2025\/11\/tu-bep-mdf-hien-dai-3-256x256.jpg 256w, https:\/\/xuongnoithattipi.com\/wp-content\/uploads\/2025\/11\/tu-bep-mdf-hien-dai-3-100x100.jpg 100w, https:\/\/xuongnoithattipi.com\/wp-content\/uploads\/2025\/11\/tu-bep-mdf-hien-dai-3.jpg 1024w\" sizes=\"auto, (max-width: 388px) 100vw, 388px\" \/><\/p>\n<h3 data-start=\"2468\" data-end=\"2509\">Li\u00ean H\u1ec7 N\u1ed8I TH\u1ea4T TIPI \u0110\u1ec3 \u0110\u01b0\u1ee3c T\u01b0 V\u1ea5n:<\/h3>\n<p data-start=\"2511\" data-end=\"2754\">N\u1ebfu b\u1ea1n \u0111ang t\u00ecm ki\u1ebfm m\u1ed9t chi\u1ebfc t\u1ee7 b\u1ebfp hi\u1ec7n \u0111\u1ea1i, ch\u1ea5t l\u01b0\u1ee3ng v\u00e0 b\u1ec1n \u0111\u1eb9p, \u0111\u1eebng ng\u1ea7n ng\u1ea1i li\u00ean h\u1ec7 v\u1edbi <strong data-start=\"2610\" data-end=\"2627\">N\u1ed8I TH\u1ea4T TIPI<\/strong>. Ch\u00fang t\u00f4i lu\u00f4n s\u1eb5n s\u00e0ng cung c\u1ea5p nh\u1eefng s\u1ea3n ph\u1ea9m n\u1ed9i th\u1ea5t MDF ch\u1ea5t l\u01b0\u1ee3ng cao, ph\u00f9 h\u1ee3p v\u1edbi m\u1ecdi kh\u00f4ng gian b\u1ebfp c\u1ee7a gia \u0111\u00ecnh b\u1ea1n.<\/p>\n<p data-start=\"2756\" data-end=\"2805\"><strong data-start=\"2756\" data-end=\"2805\">C\u00d4NG TY TNHH TH\u01af\u01a0NG M\u1ea0I V\u00c0 S\u1ea2N XU\u1ea4T TIPI WOOD<\/strong><\/p>\n<ul data-start=\"2807\" data-end=\"2975\">\n<li data-start=\"2807\" data-end=\"2867\">\n<p data-start=\"2809\" data-end=\"2867\"><strong data-start=\"2809\" data-end=\"2821\">\u0110\u1ecba ch\u1ec9:<\/strong> 221\/229 B\u00ecnh Th\u00e0nh, Ph\u01b0\u1eddng B\u00ecnh T\u00e2n, TP.HCM<\/p>\n<\/li>\n<li data-start=\"2868\" data-end=\"2901\">\n<p data-start=\"2870\" data-end=\"2901\"><strong data-start=\"2870\" data-end=\"2885\">Kinh doanh:<\/strong> 0909.52.69.62<\/p>\n<\/li>\n<li data-start=\"2902\" data-end=\"2940\">\n<p data-start=\"2904\" data-end=\"2940\"><strong data-start=\"2904\" data-end=\"2924\">H\u1ed7 tr\u1ee3 k\u1ef9 thu\u1eadt:<\/strong> 0938.40.50.62<\/p>\n<\/li>\n<li data-start=\"2941\" data-end=\"2975\">\n<p data-start=\"2943\" data-end=\"2975\"><strong data-start=\"2943\" data-end=\"2953\">Email:<\/strong> <a class=\"decorated-link cursor-pointer\" rel=\"noopener\" data-start=\"2954\" data-end=\"2975\">tipiwood.sg@gmail.com<\/a><\/p>\n<\/li>\n<\/ul>\n<p data-start=\"2977\" data-end=\"3155\"><strong data-start=\"2977\" data-end=\"2994\">N\u1ed8I TH\u1ea4T TIPI<\/strong> lu\u00f4n mang \u0111\u1ebfn cho b\u1ea1n nh\u1eefng gi\u1ea3i ph\u00e1p n\u1ed9i th\u1ea5t t\u1ed1i \u01b0u v\u00e0 kh\u00f4ng gian s\u1ed1ng ho\u00e0n h\u1ea3o, gi\u00fap b\u1ea1n t\u1eadn h\u01b0\u1edfng nh\u1eefng kho\u1ea3nh kh\u1eafc tuy\u1ec7t v\u1eddi trong kh\u00f4ng gian b\u1ebfp c\u1ee7a m\u00ecnh.<\/p>\n","protected":false},"excerpt":{"rendered":"<p>Kh\u00e1m ph\u00e1 t\u1ee7 b\u1ebfp MDF hi\u1ec7n \u0111\u1ea1i c\u1ee7a N\u1ed8I TH\u1ea4T TIPI. Thi\u1ebft k\u1ebf tinh t\u1ebf, ch\u1ea5t li\u1ec7u MDF b\u1ec1n \u0111\u1eb9p, t\u1ed1i \u01b0u kh\u00f4ng gian s\u1eed d\u1ee5ng v\u00e0 mang \u0111\u1ebfn v\u1ebb \u0111\u1eb9p sang tr\u1ecdng cho c\u0103n b\u1ebfp c\u1ee7a b\u1ea1n. \u0110\u1eb7t h\u00e0ng ngay t\u1ea1i TP.HCM.<\/p>\n","protected":false},"featured_media":4030,"comment_status":"open","ping_status":"closed","template":"","meta":{"_acf_changed":false},"product_brand":[],"product_cat":[149],"product_tag":[],"class_list":{"0":"post-4029","1":"product","2":"type-product","3":"status-publish","4":"has-post-thumbnail","6":"product_cat-tu-bep-mdf","8":"first","9":"instock","10":"shipping-taxable","11":"purchasable","12":"product-type-simple"},"acf":[],"yoast_head":"<!-- This site is optimized with the Yoast SEO Premium plugin v22.6 (Yoast SEO v26.3) - https:\/\/yoast.com\/wordpress\/plugins\/seo\/ -->\n<title>T\u1ee7 b\u1ebfp MDF hi\u1ec7n \u0111\u1ea1i - N\u1ed9i th\u1ea5t Tipi<\/title>\n<meta name=\"robots\" content=\"index, follow, max-snippet:-1, max-image-preview:large, max-video-preview:-1\" \/>\n<link rel=\"canonical\" href=\"https:\/\/xuongnoithattipi.com\/?product=tu-bep-mdf-hien-dai\" \/>\n<meta property=\"og:locale\" content=\"vi_VN\" \/>\n<meta property=\"og:type\" content=\"article\" \/>\n<meta property=\"og:title\" content=\"T\u1ee7 b\u1ebfp MDF hi\u1ec7n \u0111\u1ea1i\" \/>\n<meta property=\"og:description\" content=\"Kh\u00e1m ph\u00e1 t\u1ee7 b\u1ebfp MDF hi\u1ec7n \u0111\u1ea1i c\u1ee7a N\u1ed8I TH\u1ea4T TIPI. Thi\u1ebft k\u1ebf tinh t\u1ebf, ch\u1ea5t li\u1ec7u MDF b\u1ec1n \u0111\u1eb9p, t\u1ed1i \u01b0u kh\u00f4ng gian s\u1eed d\u1ee5ng v\u00e0 mang \u0111\u1ebfn v\u1ebb \u0111\u1eb9p sang tr\u1ecdng cho c\u0103n b\u1ebfp c\u1ee7a b\u1ea1n. \u0110\u1eb7t h\u00e0ng ngay t\u1ea1i TP.HCM.\" \/>\n<meta property=\"og:url\" content=\"https:\/\/xuongnoithattipi.com\/?product=tu-bep-mdf-hien-dai\" \/>\n<meta property=\"og:site_name\" content=\"N\u1ed9i th\u1ea5t Tipi\" \/>\n<meta property=\"article:publisher\" content=\"https:\/\/www.facebook.com\/profile.php?id=61583275246966#\" \/>\n<meta property=\"article:modified_time\" content=\"2025-11-15T15:02:32+00:00\" \/>\n<meta property=\"og:image\" content=\"https:\/\/xuongnoithattipi.com\/wp-content\/uploads\/2025\/11\/tu-bep-mdf-hien-dai-3.jpg\" \/>\n\t<meta property=\"og:image:width\" content=\"1024\" \/>\n\t<meta property=\"og:image:height\" content=\"1024\" \/>\n\t<meta property=\"og:image:type\" content=\"image\/jpeg\" \/>\n<meta name=\"twitter:card\" content=\"summary_large_image\" \/>\n<meta name=\"twitter:label1\" content=\"\u01af\u1edbc t\u00ednh th\u1eddi gian \u0111\u1ecdc\" \/>\n\t<meta name=\"twitter:data1\" content=\"5 ph\u00fat\" \/>\n<script type=\"application\/ld+json\" class=\"yoast-schema-graph\">{\"@context\":\"https:\/\/schema.org\",\"@graph\":[{\"@type\":\"WebPage\",\"@id\":\"https:\/\/xuongnoithattipi.com\/?product=tu-bep-mdf-hien-dai\",\"url\":\"https:\/\/xuongnoithattipi.com\/?product=tu-bep-mdf-hien-dai\",\"name\":\"T\u1ee7 b\u1ebfp MDF hi\u1ec7n \u0111\u1ea1i - N\u1ed9i th\u1ea5t Tipi\",\"isPartOf\":{\"@id\":\"https:\/\/xuongnoithattipi.com\/#website\"},\"primaryImageOfPage\":{\"@id\":\"https:\/\/xuongnoithattipi.com\/?product=tu-bep-mdf-hien-dai#primaryimage\"},\"image\":{\"@id\":\"https:\/\/xuongnoithattipi.com\/?product=tu-bep-mdf-hien-dai#primaryimage\"},\"thumbnailUrl\":\"https:\/\/xuongnoithattipi.com\/wp-content\/uploads\/2025\/11\/tu-bep-mdf-hien-dai-3.jpg\",\"datePublished\":\"2025-11-11T12:35:35+00:00\",\"dateModified\":\"2025-11-15T15:02:32+00:00\",\"breadcrumb\":{\"@id\":\"https:\/\/xuongnoithattipi.com\/?product=tu-bep-mdf-hien-dai#breadcrumb\"},\"inLanguage\":\"vi\",\"potentialAction\":[{\"@type\":\"ReadAction\",\"target\":[\"https:\/\/xuongnoithattipi.com\/?product=tu-bep-mdf-hien-dai\"]}]},{\"@type\":\"ImageObject\",\"inLanguage\":\"vi\",\"@id\":\"https:\/\/xuongnoithattipi.com\/?product=tu-bep-mdf-hien-dai#primaryimage\",\"url\":\"https:\/\/xuongnoithattipi.com\/wp-content\/uploads\/2025\/11\/tu-bep-mdf-hien-dai-3.jpg\",\"contentUrl\":\"https:\/\/xuongnoithattipi.com\/wp-content\/uploads\/2025\/11\/tu-bep-mdf-hien-dai-3.jpg\",\"width\":1024,\"height\":1024},{\"@type\":\"BreadcrumbList\",\"@id\":\"https:\/\/xuongnoithattipi.com\/?product=tu-bep-mdf-hien-dai#breadcrumb\",\"itemListElement\":[{\"@type\":\"ListItem\",\"position\":1,\"name\":\"Trang ch\u1ee7\",\"item\":\"https:\/\/xuongnoithattipi.com\/\"},{\"@type\":\"ListItem\",\"position\":2,\"name\":\"S\u1ea3n ph\u1ea9m\",\"item\":\"https:\/\/xuongnoithattipi.com\/shop\/\"},{\"@type\":\"ListItem\",\"position\":3,\"name\":\"T\u1ee7 b\u1ebfp MDF\",\"item\":\"https:\/\/xuongnoithattipi.com\/danh-muc-san-pham\/tu-bep-mdf\/\"},{\"@type\":\"ListItem\",\"position\":4,\"name\":\"T\u1ee7 b\u1ebfp MDF hi\u1ec7n \u0111\u1ea1i\"}]},{\"@type\":\"WebSite\",\"@id\":\"https:\/\/xuongnoithattipi.com\/#website\",\"url\":\"https:\/\/xuongnoithattipi.com\/\",\"name\":\"N\u1ed9i th\u1ea5t Tipi\",\"description\":\"\",\"publisher\":{\"@id\":\"https:\/\/xuongnoithattipi.com\/#organization\"},\"potentialAction\":[{\"@type\":\"SearchAction\",\"target\":{\"@type\":\"EntryPoint\",\"urlTemplate\":\"https:\/\/xuongnoithattipi.com\/?s={search_term_string}\"},\"query-input\":{\"@type\":\"PropertyValueSpecification\",\"valueRequired\":true,\"valueName\":\"search_term_string\"}}],\"inLanguage\":\"vi\"},{\"@type\":\"Organization\",\"@id\":\"https:\/\/xuongnoithattipi.com\/#organization\",\"name\":\"N\u1ed9i th\u1ea5t Tipi\",\"url\":\"https:\/\/xuongnoithattipi.com\/\",\"logo\":{\"@type\":\"ImageObject\",\"inLanguage\":\"vi\",\"@id\":\"https:\/\/xuongnoithattipi.com\/#\/schema\/logo\/image\/\",\"url\":\"http:\/\/xuongnoithattipi.com\/wp-content\/uploads\/2025\/11\/LOGO_XUONG-NOI-THAT-TIPI_WEB-COLOR-full.png\",\"contentUrl\":\"http:\/\/xuongnoithattipi.com\/wp-content\/uploads\/2025\/11\/LOGO_XUONG-NOI-THAT-TIPI_WEB-COLOR-full.png\",\"width\":536,\"height\":126,\"caption\":\"N\u1ed9i th\u1ea5t Tipi\"},\"image\":{\"@id\":\"https:\/\/xuongnoithattipi.com\/#\/schema\/logo\/image\/\"},\"sameAs\":[\"https:\/\/www.facebook.com\/profile.php?id=61583275246966#\"]}]}<\/script>\n<!-- \/ Yoast SEO Premium plugin. -->","yoast_head_json":{"title":"T\u1ee7 b\u1ebfp MDF hi\u1ec7n \u0111\u1ea1i - N\u1ed9i th\u1ea5t Tipi","robots":{"index":"index","follow":"follow","max-snippet":"max-snippet:-1","max-image-preview":"max-image-preview:large","max-video-preview":"max-video-preview:-1"},"canonical":"https:\/\/xuongnoithattipi.com\/?product=tu-bep-mdf-hien-dai","og_locale":"vi_VN","og_type":"article","og_title":"T\u1ee7 b\u1ebfp MDF hi\u1ec7n \u0111\u1ea1i","og_description":"Kh\u00e1m ph\u00e1 t\u1ee7 b\u1ebfp MDF hi\u1ec7n \u0111\u1ea1i c\u1ee7a N\u1ed8I TH\u1ea4T TIPI. Thi\u1ebft k\u1ebf tinh t\u1ebf, ch\u1ea5t li\u1ec7u MDF b\u1ec1n \u0111\u1eb9p, t\u1ed1i \u01b0u kh\u00f4ng gian s\u1eed d\u1ee5ng v\u00e0 mang \u0111\u1ebfn v\u1ebb \u0111\u1eb9p sang tr\u1ecdng cho c\u0103n b\u1ebfp c\u1ee7a b\u1ea1n. \u0110\u1eb7t h\u00e0ng ngay t\u1ea1i TP.HCM.","og_url":"https:\/\/xuongnoithattipi.com\/?product=tu-bep-mdf-hien-dai","og_site_name":"N\u1ed9i th\u1ea5t Tipi","article_publisher":"https:\/\/www.facebook.com\/profile.php?id=61583275246966#","article_modified_time":"2025-11-15T15:02:32+00:00","og_image":[{"width":1024,"height":1024,"url":"https:\/\/xuongnoithattipi.com\/wp-content\/uploads\/2025\/11\/tu-bep-mdf-hien-dai-3.jpg","type":"image\/jpeg"}],"twitter_card":"summary_large_image","twitter_misc":{"\u01af\u1edbc t\u00ednh th\u1eddi gian \u0111\u1ecdc":"5 ph\u00fat"},"schema":{"@context":"https:\/\/schema.org","@graph":[{"@type":"WebPage","@id":"https:\/\/xuongnoithattipi.com\/?product=tu-bep-mdf-hien-dai","url":"https:\/\/xuongnoithattipi.com\/?product=tu-bep-mdf-hien-dai","name":"T\u1ee7 b\u1ebfp MDF hi\u1ec7n \u0111\u1ea1i - N\u1ed9i th\u1ea5t Tipi","isPartOf":{"@id":"https:\/\/xuongnoithattipi.com\/#website"},"primaryImageOfPage":{"@id":"https:\/\/xuongnoithattipi.com\/?product=tu-bep-mdf-hien-dai#primaryimage"},"image":{"@id":"https:\/\/xuongnoithattipi.com\/?product=tu-bep-mdf-hien-dai#primaryimage"},"thumbnailUrl":"https:\/\/xuongnoithattipi.com\/wp-content\/uploads\/2025\/11\/tu-bep-mdf-hien-dai-3.jpg","datePublished":"2025-11-11T12:35:35+00:00","dateModified":"2025-11-15T15:02:32+00:00","breadcrumb":{"@id":"https:\/\/xuongnoithattipi.com\/?product=tu-bep-mdf-hien-dai#breadcrumb"},"inLanguage":"vi","potentialAction":[{"@type":"ReadAction","target":["https:\/\/xuongnoithattipi.com\/?product=tu-bep-mdf-hien-dai"]}]},{"@type":"ImageObject","inLanguage":"vi","@id":"https:\/\/xuongnoithattipi.com\/?product=tu-bep-mdf-hien-dai#primaryimage","url":"https:\/\/xuongnoithattipi.com\/wp-content\/uploads\/2025\/11\/tu-bep-mdf-hien-dai-3.jpg","contentUrl":"https:\/\/xuongnoithattipi.com\/wp-content\/uploads\/2025\/11\/tu-bep-mdf-hien-dai-3.jpg","width":1024,"height":1024},{"@type":"BreadcrumbList","@id":"https:\/\/xuongnoithattipi.com\/?product=tu-bep-mdf-hien-dai#breadcrumb","itemListElement":[{"@type":"ListItem","position":1,"name":"Trang ch\u1ee7","item":"https:\/\/xuongnoithattipi.com\/"},{"@type":"ListItem","position":2,"name":"S\u1ea3n ph\u1ea9m","item":"https:\/\/xuongnoithattipi.com\/shop\/"},{"@type":"ListItem","position":3,"name":"T\u1ee7 b\u1ebfp MDF","item":"https:\/\/xuongnoithattipi.com\/danh-muc-san-pham\/tu-bep-mdf\/"},{"@type":"ListItem","position":4,"name":"T\u1ee7 b\u1ebfp MDF hi\u1ec7n \u0111\u1ea1i"}]},{"@type":"WebSite","@id":"https:\/\/xuongnoithattipi.com\/#website","url":"https:\/\/xuongnoithattipi.com\/","name":"N\u1ed9i th\u1ea5t Tipi","description":"","publisher":{"@id":"https:\/\/xuongnoithattipi.com\/#organization"},"potentialAction":[{"@type":"SearchAction","target":{"@type":"EntryPoint","urlTemplate":"https:\/\/xuongnoithattipi.com\/?s={search_term_string}"},"query-input":{"@type":"PropertyValueSpecification","valueRequired":true,"valueName":"search_term_string"}}],"inLanguage":"vi"},{"@type":"Organization","@id":"https:\/\/xuongnoithattipi.com\/#organization","name":"N\u1ed9i th\u1ea5t Tipi","url":"https:\/\/xuongnoithattipi.com\/","logo":{"@type":"ImageObject","inLanguage":"vi","@id":"https:\/\/xuongnoithattipi.com\/#\/schema\/logo\/image\/","url":"http:\/\/xuongnoithattipi.com\/wp-content\/uploads\/2025\/11\/LOGO_XUONG-NOI-THAT-TIPI_WEB-COLOR-full.png","contentUrl":"http:\/\/xuongnoithattipi.com\/wp-content\/uploads\/2025\/11\/LOGO_XUONG-NOI-THAT-TIPI_WEB-COLOR-full.png","width":536,"height":126,"caption":"N\u1ed9i th\u1ea5t Tipi"},"image":{"@id":"https:\/\/xuongnoithattipi.com\/#\/schema\/logo\/image\/"},"sameAs":["https:\/\/www.facebook.com\/profile.php?id=61583275246966#"]}]}},"_links":{"self":[{"href":"https:\/\/xuongnoithattipi.com\/index.php?rest_route=\/wp\/v2\/product\/4029","targetHints":{"allow":["GET"]}}],"collection":[{"href":"https:\/\/xuongnoithattipi.com\/index.php?rest_route=\/wp\/v2\/product"}],"about":[{"href":"https:\/\/xuongnoithattipi.com\/index.php?rest_route=\/wp\/v2\/types\/product"}],"replies":[{"embeddable":true,"href":"https:\/\/xuongnoithattipi.com\/index.php?rest_route=%2Fwp%2Fv2%2Fcomments&post=4029"}],"wp:featuredmedia":[{"embeddable":true,"href":"https:\/\/xuongnoithattipi.com\/index.php?rest_route=\/wp\/v2\/media\/4030"}],"wp:attachment":[{"href":"https:\/\/xuongnoithattipi.com\/index.php?rest_route=%2Fwp%2Fv2%2Fmedia&parent=4029"}],"wp:term":[{"taxonomy":"product_brand","embeddable":true,"href":"https:\/\/xuongnoithattipi.com\/index.php?rest_route=%2Fwp%2Fv2%2Fproduct_brand&post=4029"},{"taxonomy":"product_cat","embeddable":true,"href":"https:\/\/xuongnoithattipi.com\/index.php?rest_route=%2Fwp%2Fv2%2Fproduct_cat&post=4029"},{"taxonomy":"product_tag","embeddable":true,"href":"https:\/\/xuongnoithattipi.com\/index.php?rest_route=%2Fwp%2Fv2%2Fproduct_tag&post=4029"}],"curies":[{"name":"wp","href":"https:\/\/api.w.org\/{rel}","templated":true}]}}