{"id":4021,"date":"2025-11-11T18:30:21","date_gmt":"2025-11-11T11:30:21","guid":{"rendered":"https:\/\/xuongnoithattipi.com\/?post_type=product&#038;p=4021"},"modified":"2025-11-15T22:02:44","modified_gmt":"2025-11-15T15:02:44","slug":"tu-ao-thong-minh-mdf","status":"publish","type":"product","link":"https:\/\/xuongnoithattipi.com\/?product=tu-ao-thong-minh-mdf","title":{"rendered":"T\u1ee7 \u00c1o Th\u00f4ng Minh MDF"},"content":{"rendered":"<p data-start=\"422\" data-end=\"523\"><strong data-start=\"446\" data-end=\"523\">T\u1ee7 \u00c1o Th\u00f4ng Minh MDF \u2013 Gi\u1ea3i Ph\u00e1p L\u01b0u Tr\u1eef Ti\u1ec7n Nghi Cho Ph\u00f2ng Ng\u1ee7 Hi\u1ec7n \u0110\u1ea1i<\/strong><\/p>\n<p data-start=\"525\" data-end=\"838\">Trong th\u1ebf gi\u1edbi n\u1ed9i th\u1ea5t hi\u1ec7n \u0111\u1ea1i, t\u1ee7 \u00e1o th\u00f4ng minh MDF c\u1ee7a N\u1ed8I TH\u1ea4T TIPI l\u00e0 s\u1ef1 l\u1ef1a ch\u1ecdn ho\u00e0n h\u1ea3o cho nh\u1eefng ai mu\u1ed1n t\u1ed1i \u01b0u h\u00f3a kh\u00f4ng gian s\u1ed1ng m\u00e0 v\u1eabn \u0111\u1ea3m b\u1ea3o t\u00ednh th\u1ea9m m\u1ef9 v\u00e0 ti\u1ec7n \u00edch. V\u1edbi thi\u1ebft k\u1ebf th\u00f4ng minh, d\u1ec5 s\u1eed d\u1ee5ng v\u00e0 kh\u1ea3 n\u0103ng ti\u1ebft ki\u1ec7m kh\u00f4ng gian, s\u1ea3n ph\u1ea9m n\u00e0y s\u1ebd l\u00e0 \u0111i\u1ec3m nh\u1ea5n ho\u00e0n h\u1ea3o cho ph\u00f2ng ng\u1ee7 c\u1ee7a b\u1ea1n.<\/p>\n<p><img loading=\"lazy\" decoding=\"async\" class=\"alignnone  wp-image-4027\" src=\"http:\/\/xuongnoithattipi.com\/wp-content\/uploads\/2025\/11\/tu-thong-minh.-ngang-300x165.jpg\" alt=\"\" width=\"585\" height=\"322\" srcset=\"https:\/\/xuongnoithattipi.com\/wp-content\/uploads\/2025\/11\/tu-thong-minh.-ngang-300x165.jpg 300w, https:\/\/xuongnoithattipi.com\/wp-content\/uploads\/2025\/11\/tu-thong-minh.-ngang-768x422.jpg 768w, https:\/\/xuongnoithattipi.com\/wp-content\/uploads\/2025\/11\/tu-thong-minh.-ngang-256x141.jpg 256w, https:\/\/xuongnoithattipi.com\/wp-content\/uploads\/2025\/11\/tu-thong-minh.-ngang.jpg 994w\" sizes=\"auto, (max-width: 585px) 100vw, 585px\" \/><\/p>\n<p data-start=\"840\" data-end=\"909\"><strong data-start=\"840\" data-end=\"909\">T\u1ee7 \u00c1o Th\u00f4ng Minh MDF: T\u1ed1i \u01afu H\u00f3a Kh\u00f4ng Gian, T\u0103ng C\u01b0\u1eddng Ti\u1ec7n Nghi<\/strong><\/p>\n<p data-start=\"911\" data-end=\"1221\">T\u1ee7 \u00e1o th\u00f4ng minh MDF TIPI \u0111\u01b0\u1ee3c thi\u1ebft k\u1ebf \u0111\u1ec3 t\u1ed1i \u01b0u h\u00f3a di\u1ec7n t\u00edch ph\u00f2ng ng\u1ee7 m\u00e0 kh\u00f4ng l\u00e0m m\u1ea5t \u0111i v\u1ebb \u0111\u1eb9p sang tr\u1ecdng v\u00e0 t\u00ednh n\u0103ng s\u1eed d\u1ee5ng. V\u1edbi c\u00e1c ng\u0103n t\u1ee7 \u0111a d\u1ea1ng, ch\u1ee9c n\u0103ng th\u00f4ng minh nh\u01b0 c\u00e1nh tr\u01b0\u1ee3t, ng\u0103n k\u00e9o v\u00e0 k\u1ec7 ch\u1ee9a \u0111\u1ed3, s\u1ea3n ph\u1ea9m n\u00e0y mang \u0111\u1ebfn cho b\u1ea1n s\u1ef1 g\u1ecdn g\u00e0ng, ng\u0103n n\u1eafp v\u00e0 ti\u1ec7n l\u1ee3i trong vi\u1ec7c l\u01b0u tr\u1eef \u0111\u1ed3 \u0111\u1ea1c.<\/p>\n<p><img loading=\"lazy\" decoding=\"async\" class=\"alignnone  wp-image-4026\" src=\"http:\/\/xuongnoithattipi.com\/wp-content\/uploads\/2025\/11\/tu-thong-minh-5-300x300.jpg\" alt=\"\" width=\"365\" height=\"365\" srcset=\"https:\/\/xuongnoithattipi.com\/wp-content\/uploads\/2025\/11\/tu-thong-minh-5-300x300.jpg 300w, https:\/\/xuongnoithattipi.com\/wp-content\/uploads\/2025\/11\/tu-thong-minh-5-150x150.jpg 150w, https:\/\/xuongnoithattipi.com\/wp-content\/uploads\/2025\/11\/tu-thong-minh-5-768x768.jpg 768w, https:\/\/xuongnoithattipi.com\/wp-content\/uploads\/2025\/11\/tu-thong-minh-5-256x256.jpg 256w, https:\/\/xuongnoithattipi.com\/wp-content\/uploads\/2025\/11\/tu-thong-minh-5-100x100.jpg 100w, https:\/\/xuongnoithattipi.com\/wp-content\/uploads\/2025\/11\/tu-thong-minh-5.jpg 1024w\" sizes=\"auto, (max-width: 365px) 100vw, 365px\" \/> <img loading=\"lazy\" decoding=\"async\" class=\"alignnone  wp-image-4025\" src=\"http:\/\/xuongnoithattipi.com\/wp-content\/uploads\/2025\/11\/tu-thong-minh4-300x300.jpg\" alt=\"\" width=\"366\" height=\"366\" srcset=\"https:\/\/xuongnoithattipi.com\/wp-content\/uploads\/2025\/11\/tu-thong-minh4-300x300.jpg 300w, https:\/\/xuongnoithattipi.com\/wp-content\/uploads\/2025\/11\/tu-thong-minh4-150x150.jpg 150w, https:\/\/xuongnoithattipi.com\/wp-content\/uploads\/2025\/11\/tu-thong-minh4-768x768.jpg 768w, https:\/\/xuongnoithattipi.com\/wp-content\/uploads\/2025\/11\/tu-thong-minh4-256x256.jpg 256w, https:\/\/xuongnoithattipi.com\/wp-content\/uploads\/2025\/11\/tu-thong-minh4-100x100.jpg 100w, https:\/\/xuongnoithattipi.com\/wp-content\/uploads\/2025\/11\/tu-thong-minh4.jpg 1024w\" sizes=\"auto, (max-width: 366px) 100vw, 366px\" \/><\/p>\n<p data-start=\"1223\" data-end=\"1283\"><strong data-start=\"1223\" data-end=\"1283\">T\u1ea1i Sao N\u00ean Ch\u1ecdn T\u1ee7 \u00c1o Th\u00f4ng Minh MDF C\u1ee7a N\u1ed8I TH\u1ea4T TIPI?<\/strong><\/p>\n<p data-start=\"1285\" data-end=\"1558\"><strong data-start=\"1285\" data-end=\"1318\">Thi\u1ebft K\u1ebf Th\u00f4ng Minh, Ti\u1ec7n L\u1ee3i<\/strong>:<br data-start=\"1319\" data-end=\"1322\" \/>T\u1ee7 \u00e1o th\u00f4ng minh MDF TIPI s\u1edf h\u1eefu thi\u1ebft k\u1ebf hi\u1ec7n \u0111\u1ea1i v\u00e0 t\u1ed1i gi\u1ea3n, gi\u00fap b\u1ea1n d\u1ec5 d\u00e0ng l\u01b0u tr\u1eef qu\u1ea7n \u00e1o, gi\u00e0y d\u00e9p v\u00e0 c\u00e1c v\u1eadt d\u1ee5ng c\u00e1 nh\u00e2n m\u00e0 kh\u00f4ng chi\u1ebfm qu\u00e1 nhi\u1ec1u di\u1ec7n t\u00edch. C\u00e1c ng\u0103n t\u1ee7 \u0111\u01b0\u1ee3c ph\u00e2n chia h\u1ee3p l\u00fd gi\u00fap t\u1ed1i \u01b0u h\u00f3a kh\u00f4ng gian l\u01b0u tr\u1eef.<\/p>\n<p data-start=\"1560\" data-end=\"1837\"><strong data-start=\"1560\" data-end=\"1585\">Ch\u1ea5t Li\u1ec7u MDF Cao C\u1ea5p<\/strong>:<br data-start=\"1586\" data-end=\"1589\" \/>S\u1ea3n ph\u1ea9m \u0111\u01b0\u1ee3c l\u00e0m t\u1eeb g\u1ed7 MDF cao c\u1ea5p, b\u1ec1n b\u1ec9 v\u00e0 d\u1ec5 d\u00e0ng v\u1ec7 sinh. B\u1ec1 m\u1eb7t g\u1ed7 \u0111\u01b0\u1ee3c ph\u1ee7 l\u1edbp melamine ch\u1ed1ng th\u1ea5m, ch\u1ed1ng tr\u1ea7y x\u01b0\u1edbc v\u00e0 m\u1ed1i m\u1ecdt, gi\u00fap t\u1ee7 \u00e1o lu\u00f4n gi\u1eef \u0111\u01b0\u1ee3c \u0111\u1ed9 m\u1edbi l\u00e2u d\u00e0i. MDF mang l\u1ea1i v\u1ebb ngo\u00e0i thanh tho\u00e1t nh\u01b0ng v\u1eabn \u0111\u1ea3m b\u1ea3o \u0111\u1ed9 c\u1ee9ng c\u00e1p cho t\u1ee7.<\/p>\n<p data-start=\"1839\" data-end=\"2185\"><strong data-start=\"1839\" data-end=\"1885\">Ch\u1ee9c N\u0103ng Th\u00f4ng Minh, Ti\u1ebft Ki\u1ec7m Kh\u00f4ng Gian<\/strong>:<br data-start=\"1886\" data-end=\"1889\" \/>T\u1ee7 \u00e1o th\u00f4ng minh MDF TIPI t\u00edch h\u1ee3p nhi\u1ec1u t\u00ednh n\u0103ng nh\u01b0 c\u00e1nh tr\u01b0\u1ee3t d\u1ec5 d\u00e0ng m\u1edf ra \u0111\u00f3ng v\u00e0o m\u00e0 kh\u00f4ng chi\u1ebfm di\u1ec7n t\u00edch, c\u00e1c ng\u0103n k\u00e9o \u0111a n\u0103ng gi\u00fap b\u1ea1n d\u1ec5 d\u00e0ng s\u1eafp x\u1ebfp \u0111\u1ed3 \u0111\u1ea1c. \u0110\u1eb7c bi\u1ec7t, c\u00e1c k\u1ec7 l\u01b0u tr\u1eef b\u00ean ngo\u00e0i gi\u00fap b\u1ea1n \u0111\u1ec3 nh\u1eefng v\u1eadt d\u1ee5ng th\u01b0\u1eddng xuy\u00ean s\u1eed d\u1ee5ng m\u00e0 kh\u00f4ng l\u00e0m cho kh\u00f4ng gian tr\u1edf n\u00ean l\u1ed9n x\u1ed9n.<\/p>\n<p data-start=\"2187\" data-end=\"2445\"><strong data-start=\"2187\" data-end=\"2226\">T\u1ed1i \u01afu Kh\u00f4ng Gian Cho Ph\u00f2ng Ng\u1ee7 Nh\u1ecf<\/strong>:<br data-start=\"2227\" data-end=\"2230\" \/>V\u1edbi thi\u1ebft k\u1ebf g\u1ecdn g\u00e0ng v\u00e0 h\u1ee3p l\u00fd, t\u1ee7 \u00e1o th\u00f4ng minh MDF TIPI kh\u00f4ng ch\u1ec9 ph\u00f9 h\u1ee3p cho ph\u00f2ng ng\u1ee7 r\u1ed9ng m\u00e0 c\u00f2n l\u00e0 l\u1ef1a ch\u1ecdn l\u00fd t\u01b0\u1edfng cho nh\u1eefng kh\u00f4ng gian nh\u1ecf, gi\u00fap b\u1ea1n t\u1ed1i \u01b0u h\u00f3a kh\u00f4ng gian m\u00e0 kh\u00f4ng l\u00e0m gi\u1ea3m \u0111i t\u00ednh th\u1ea9m m\u1ef9.<\/p>\n<p><img loading=\"lazy\" decoding=\"async\" class=\"alignnone  wp-image-4024\" src=\"http:\/\/xuongnoithattipi.com\/wp-content\/uploads\/2025\/11\/tu-thong-minh-3-300x300.jpg\" alt=\"\" width=\"374\" height=\"374\" srcset=\"https:\/\/xuongnoithattipi.com\/wp-content\/uploads\/2025\/11\/tu-thong-minh-3-300x300.jpg 300w, https:\/\/xuongnoithattipi.com\/wp-content\/uploads\/2025\/11\/tu-thong-minh-3-150x150.jpg 150w, https:\/\/xuongnoithattipi.com\/wp-content\/uploads\/2025\/11\/tu-thong-minh-3-768x768.jpg 768w, https:\/\/xuongnoithattipi.com\/wp-content\/uploads\/2025\/11\/tu-thong-minh-3-256x256.jpg 256w, https:\/\/xuongnoithattipi.com\/wp-content\/uploads\/2025\/11\/tu-thong-minh-3-100x100.jpg 100w, https:\/\/xuongnoithattipi.com\/wp-content\/uploads\/2025\/11\/tu-thong-minh-3.jpg 1024w\" sizes=\"auto, (max-width: 374px) 100vw, 374px\" \/> <img loading=\"lazy\" decoding=\"async\" class=\"alignnone  wp-image-4023\" src=\"http:\/\/xuongnoithattipi.com\/wp-content\/uploads\/2025\/11\/tu-thong-minh2-300x300.jpg\" alt=\"\" width=\"373\" height=\"373\" srcset=\"https:\/\/xuongnoithattipi.com\/wp-content\/uploads\/2025\/11\/tu-thong-minh2-300x300.jpg 300w, https:\/\/xuongnoithattipi.com\/wp-content\/uploads\/2025\/11\/tu-thong-minh2-150x150.jpg 150w, https:\/\/xuongnoithattipi.com\/wp-content\/uploads\/2025\/11\/tu-thong-minh2-768x768.jpg 768w, https:\/\/xuongnoithattipi.com\/wp-content\/uploads\/2025\/11\/tu-thong-minh2-256x256.jpg 256w, https:\/\/xuongnoithattipi.com\/wp-content\/uploads\/2025\/11\/tu-thong-minh2-100x100.jpg 100w, https:\/\/xuongnoithattipi.com\/wp-content\/uploads\/2025\/11\/tu-thong-minh2.jpg 1024w\" sizes=\"auto, (max-width: 373px) 100vw, 373px\" \/><\/p>\n<p data-start=\"2447\" data-end=\"2488\"><strong data-start=\"2447\" data-end=\"2488\">Li\u00ean H\u1ec7 N\u1ed8I TH\u1ea4T TIPI \u0110\u1ec3 \u0110\u01b0\u1ee3c T\u01b0 V\u1ea5n:<\/strong><\/p>\n<p data-start=\"2490\" data-end=\"2624\">\u0110\u1ec3 \u0111\u01b0\u1ee3c t\u01b0 v\u1ea5n chi ti\u1ebft v\u00e0 s\u1edf h\u1eefu ngay t\u1ee7 \u00e1o th\u00f4ng minh MDF TIPI ch\u1ea5t l\u01b0\u1ee3ng cao, h\u00e3y li\u00ean h\u1ec7 v\u1edbi N\u1ed8I TH\u1ea4T TIPI qua th\u00f4ng tin d\u01b0\u1edbi \u0111\u00e2y:<\/p>\n<p data-start=\"2626\" data-end=\"2822\"><strong data-start=\"2626\" data-end=\"2675\">C\u00d4NG TY TNHH TH\u01af\u01a0NG M\u1ea0I V\u00c0 S\u1ea2N XU\u1ea4T TIPI WOOD<\/strong><br data-start=\"2675\" data-end=\"2678\" \/>\u0110\u1ecba ch\u1ec9: 221\/229 B\u00ecnh Th\u00e0nh, Ph\u01b0\u1eddng B\u00ecnh T\u00e2n, TP.HCM<br data-start=\"2730\" data-end=\"2733\" \/>Kinh doanh: 0909.52.69.62<br data-start=\"2758\" data-end=\"2761\" \/>H\u1ed7 tr\u1ee3 k\u1ef9 thu\u1eadt: 0938.40.50.62<br data-start=\"2791\" data-end=\"2794\" \/>Email: <a class=\"decorated-link cursor-pointer\" rel=\"noopener\" data-start=\"2801\" data-end=\"2822\">tipiwood.sg@gmail.com<\/a><\/p>\n<p data-start=\"2824\" data-end=\"2928\">N\u1ed8I TH\u1ea4T TIPI lu\u00f4n s\u1eb5n s\u00e0ng ph\u1ee5c v\u1ee5 v\u00e0 mang \u0111\u1ebfn gi\u1ea3i ph\u00e1p n\u1ed9i th\u1ea5t ho\u00e0n h\u1ea3o cho kh\u00f4ng gian s\u1ed1ng c\u1ee7a b\u1ea1n!<\/p>\n","protected":false},"excerpt":{"rendered":"<p>Kh\u00e1m ph\u00e1 t\u1ee7 \u00e1o th\u00f4ng minh MDF c\u1ee7a N\u1ed8I TH\u1ea4T TIPI \u2013 thi\u1ebft k\u1ebf th\u00f4ng minh, nhi\u1ec1u ch\u1ee9c n\u0103ng, gi\u00fap t\u1ed1i \u01b0u h\u00f3a kh\u00f4ng gian v\u00e0 mang l\u1ea1i s\u1ef1 ti\u1ec7n nghi cho ph\u00f2ng ng\u1ee7 hi\u1ec7n \u0111\u1ea1i. \u0110\u1eb7t h\u00e0ng ngay t\u1ea1i TP.HCM.<\/p>\n","protected":false},"featured_media":4022,"comment_status":"open","ping_status":"closed","template":"","meta":{"_acf_changed":false},"product_brand":[],"product_cat":[148],"product_tag":[],"class_list":{"0":"post-4021","1":"product","2":"type-product","3":"status-publish","4":"has-post-thumbnail","6":"product_cat-tu-ao-mdf","8":"first","9":"instock","10":"shipping-taxable","11":"purchasable","12":"product-type-simple"},"acf":[],"yoast_head":"<!-- This site is optimized with the Yoast SEO Premium plugin v22.6 (Yoast SEO v26.3) - https:\/\/yoast.com\/wordpress\/plugins\/seo\/ -->\n<title>T\u1ee7 \u00c1o Th\u00f4ng Minh MDF - N\u1ed9i th\u1ea5t Tipi<\/title>\n<meta name=\"robots\" content=\"index, follow, max-snippet:-1, max-image-preview:large, max-video-preview:-1\" \/>\n<link rel=\"canonical\" href=\"https:\/\/xuongnoithattipi.com\/?product=tu-ao-thong-minh-mdf\" \/>\n<meta property=\"og:locale\" content=\"vi_VN\" \/>\n<meta property=\"og:type\" content=\"article\" \/>\n<meta property=\"og:title\" content=\"T\u1ee7 \u00c1o Th\u00f4ng Minh MDF\" \/>\n<meta property=\"og:description\" content=\"Kh\u00e1m ph\u00e1 t\u1ee7 \u00e1o th\u00f4ng minh MDF c\u1ee7a N\u1ed8I TH\u1ea4T TIPI \u2013 thi\u1ebft k\u1ebf th\u00f4ng minh, nhi\u1ec1u ch\u1ee9c n\u0103ng, gi\u00fap t\u1ed1i \u01b0u h\u00f3a kh\u00f4ng gian v\u00e0 mang l\u1ea1i s\u1ef1 ti\u1ec7n nghi cho ph\u00f2ng ng\u1ee7 hi\u1ec7n \u0111\u1ea1i. \u0110\u1eb7t h\u00e0ng ngay t\u1ea1i TP.HCM.\" \/>\n<meta property=\"og:url\" content=\"https:\/\/xuongnoithattipi.com\/?product=tu-ao-thong-minh-mdf\" \/>\n<meta property=\"og:site_name\" content=\"N\u1ed9i th\u1ea5t Tipi\" \/>\n<meta property=\"article:publisher\" content=\"https:\/\/www.facebook.com\/profile.php?id=61583275246966#\" \/>\n<meta property=\"article:modified_time\" content=\"2025-11-15T15:02:44+00:00\" \/>\n<meta property=\"og:image\" content=\"https:\/\/xuongnoithattipi.com\/wp-content\/uploads\/2025\/11\/tu-thong-minh.jpg\" \/>\n\t<meta property=\"og:image:width\" content=\"1024\" \/>\n\t<meta property=\"og:image:height\" content=\"1024\" \/>\n\t<meta property=\"og:image:type\" content=\"image\/jpeg\" \/>\n<meta name=\"twitter:card\" content=\"summary_large_image\" \/>\n<meta name=\"twitter:label1\" content=\"\u01af\u1edbc t\u00ednh th\u1eddi gian \u0111\u1ecdc\" \/>\n\t<meta name=\"twitter:data1\" content=\"4 ph\u00fat\" \/>\n<script type=\"application\/ld+json\" class=\"yoast-schema-graph\">{\"@context\":\"https:\/\/schema.org\",\"@graph\":[{\"@type\":\"WebPage\",\"@id\":\"https:\/\/xuongnoithattipi.com\/?product=tu-ao-thong-minh-mdf\",\"url\":\"https:\/\/xuongnoithattipi.com\/?product=tu-ao-thong-minh-mdf\",\"name\":\"T\u1ee7 \u00c1o Th\u00f4ng Minh MDF - N\u1ed9i th\u1ea5t Tipi\",\"isPartOf\":{\"@id\":\"https:\/\/xuongnoithattipi.com\/#website\"},\"primaryImageOfPage\":{\"@id\":\"https:\/\/xuongnoithattipi.com\/?product=tu-ao-thong-minh-mdf#primaryimage\"},\"image\":{\"@id\":\"https:\/\/xuongnoithattipi.com\/?product=tu-ao-thong-minh-mdf#primaryimage\"},\"thumbnailUrl\":\"https:\/\/xuongnoithattipi.com\/wp-content\/uploads\/2025\/11\/tu-thong-minh.jpg\",\"datePublished\":\"2025-11-11T11:30:21+00:00\",\"dateModified\":\"2025-11-15T15:02:44+00:00\",\"breadcrumb\":{\"@id\":\"https:\/\/xuongnoithattipi.com\/?product=tu-ao-thong-minh-mdf#breadcrumb\"},\"inLanguage\":\"vi\",\"potentialAction\":[{\"@type\":\"ReadAction\",\"target\":[\"https:\/\/xuongnoithattipi.com\/?product=tu-ao-thong-minh-mdf\"]}]},{\"@type\":\"ImageObject\",\"inLanguage\":\"vi\",\"@id\":\"https:\/\/xuongnoithattipi.com\/?product=tu-ao-thong-minh-mdf#primaryimage\",\"url\":\"https:\/\/xuongnoithattipi.com\/wp-content\/uploads\/2025\/11\/tu-thong-minh.jpg\",\"contentUrl\":\"https:\/\/xuongnoithattipi.com\/wp-content\/uploads\/2025\/11\/tu-thong-minh.jpg\",\"width\":1024,\"height\":1024},{\"@type\":\"BreadcrumbList\",\"@id\":\"https:\/\/xuongnoithattipi.com\/?product=tu-ao-thong-minh-mdf#breadcrumb\",\"itemListElement\":[{\"@type\":\"ListItem\",\"position\":1,\"name\":\"Trang ch\u1ee7\",\"item\":\"https:\/\/xuongnoithattipi.com\/\"},{\"@type\":\"ListItem\",\"position\":2,\"name\":\"S\u1ea3n ph\u1ea9m\",\"item\":\"https:\/\/xuongnoithattipi.com\/shop\/\"},{\"@type\":\"ListItem\",\"position\":3,\"name\":\"T\u1ee7 \u00e1o MDF\",\"item\":\"https:\/\/xuongnoithattipi.com\/danh-muc-san-pham\/tu-ao-mdf\/\"},{\"@type\":\"ListItem\",\"position\":4,\"name\":\"T\u1ee7 \u00c1o Th\u00f4ng Minh MDF\"}]},{\"@type\":\"WebSite\",\"@id\":\"https:\/\/xuongnoithattipi.com\/#website\",\"url\":\"https:\/\/xuongnoithattipi.com\/\",\"name\":\"N\u1ed9i th\u1ea5t Tipi\",\"description\":\"\",\"publisher\":{\"@id\":\"https:\/\/xuongnoithattipi.com\/#organization\"},\"potentialAction\":[{\"@type\":\"SearchAction\",\"target\":{\"@type\":\"EntryPoint\",\"urlTemplate\":\"https:\/\/xuongnoithattipi.com\/?s={search_term_string}\"},\"query-input\":{\"@type\":\"PropertyValueSpecification\",\"valueRequired\":true,\"valueName\":\"search_term_string\"}}],\"inLanguage\":\"vi\"},{\"@type\":\"Organization\",\"@id\":\"https:\/\/xuongnoithattipi.com\/#organization\",\"name\":\"N\u1ed9i th\u1ea5t Tipi\",\"url\":\"https:\/\/xuongnoithattipi.com\/\",\"logo\":{\"@type\":\"ImageObject\",\"inLanguage\":\"vi\",\"@id\":\"https:\/\/xuongnoithattipi.com\/#\/schema\/logo\/image\/\",\"url\":\"http:\/\/xuongnoithattipi.com\/wp-content\/uploads\/2025\/11\/LOGO_XUONG-NOI-THAT-TIPI_WEB-COLOR-full.png\",\"contentUrl\":\"http:\/\/xuongnoithattipi.com\/wp-content\/uploads\/2025\/11\/LOGO_XUONG-NOI-THAT-TIPI_WEB-COLOR-full.png\",\"width\":536,\"height\":126,\"caption\":\"N\u1ed9i th\u1ea5t Tipi\"},\"image\":{\"@id\":\"https:\/\/xuongnoithattipi.com\/#\/schema\/logo\/image\/\"},\"sameAs\":[\"https:\/\/www.facebook.com\/profile.php?id=61583275246966#\"]}]}<\/script>\n<!-- \/ Yoast SEO Premium plugin. -->","yoast_head_json":{"title":"T\u1ee7 \u00c1o Th\u00f4ng Minh MDF - N\u1ed9i th\u1ea5t Tipi","robots":{"index":"index","follow":"follow","max-snippet":"max-snippet:-1","max-image-preview":"max-image-preview:large","max-video-preview":"max-video-preview:-1"},"canonical":"https:\/\/xuongnoithattipi.com\/?product=tu-ao-thong-minh-mdf","og_locale":"vi_VN","og_type":"article","og_title":"T\u1ee7 \u00c1o Th\u00f4ng Minh MDF","og_description":"Kh\u00e1m ph\u00e1 t\u1ee7 \u00e1o th\u00f4ng minh MDF c\u1ee7a N\u1ed8I TH\u1ea4T TIPI \u2013 thi\u1ebft k\u1ebf th\u00f4ng minh, nhi\u1ec1u ch\u1ee9c n\u0103ng, gi\u00fap t\u1ed1i \u01b0u h\u00f3a kh\u00f4ng gian v\u00e0 mang l\u1ea1i s\u1ef1 ti\u1ec7n nghi cho ph\u00f2ng ng\u1ee7 hi\u1ec7n \u0111\u1ea1i. \u0110\u1eb7t h\u00e0ng ngay t\u1ea1i TP.HCM.","og_url":"https:\/\/xuongnoithattipi.com\/?product=tu-ao-thong-minh-mdf","og_site_name":"N\u1ed9i th\u1ea5t Tipi","article_publisher":"https:\/\/www.facebook.com\/profile.php?id=61583275246966#","article_modified_time":"2025-11-15T15:02:44+00:00","og_image":[{"width":1024,"height":1024,"url":"https:\/\/xuongnoithattipi.com\/wp-content\/uploads\/2025\/11\/tu-thong-minh.jpg","type":"image\/jpeg"}],"twitter_card":"summary_large_image","twitter_misc":{"\u01af\u1edbc t\u00ednh th\u1eddi gian \u0111\u1ecdc":"4 ph\u00fat"},"schema":{"@context":"https:\/\/schema.org","@graph":[{"@type":"WebPage","@id":"https:\/\/xuongnoithattipi.com\/?product=tu-ao-thong-minh-mdf","url":"https:\/\/xuongnoithattipi.com\/?product=tu-ao-thong-minh-mdf","name":"T\u1ee7 \u00c1o Th\u00f4ng Minh MDF - N\u1ed9i th\u1ea5t Tipi","isPartOf":{"@id":"https:\/\/xuongnoithattipi.com\/#website"},"primaryImageOfPage":{"@id":"https:\/\/xuongnoithattipi.com\/?product=tu-ao-thong-minh-mdf#primaryimage"},"image":{"@id":"https:\/\/xuongnoithattipi.com\/?product=tu-ao-thong-minh-mdf#primaryimage"},"thumbnailUrl":"https:\/\/xuongnoithattipi.com\/wp-content\/uploads\/2025\/11\/tu-thong-minh.jpg","datePublished":"2025-11-11T11:30:21+00:00","dateModified":"2025-11-15T15:02:44+00:00","breadcrumb":{"@id":"https:\/\/xuongnoithattipi.com\/?product=tu-ao-thong-minh-mdf#breadcrumb"},"inLanguage":"vi","potentialAction":[{"@type":"ReadAction","target":["https:\/\/xuongnoithattipi.com\/?product=tu-ao-thong-minh-mdf"]}]},{"@type":"ImageObject","inLanguage":"vi","@id":"https:\/\/xuongnoithattipi.com\/?product=tu-ao-thong-minh-mdf#primaryimage","url":"https:\/\/xuongnoithattipi.com\/wp-content\/uploads\/2025\/11\/tu-thong-minh.jpg","contentUrl":"https:\/\/xuongnoithattipi.com\/wp-content\/uploads\/2025\/11\/tu-thong-minh.jpg","width":1024,"height":1024},{"@type":"BreadcrumbList","@id":"https:\/\/xuongnoithattipi.com\/?product=tu-ao-thong-minh-mdf#breadcrumb","itemListElement":[{"@type":"ListItem","position":1,"name":"Trang ch\u1ee7","item":"https:\/\/xuongnoithattipi.com\/"},{"@type":"ListItem","position":2,"name":"S\u1ea3n ph\u1ea9m","item":"https:\/\/xuongnoithattipi.com\/shop\/"},{"@type":"ListItem","position":3,"name":"T\u1ee7 \u00e1o MDF","item":"https:\/\/xuongnoithattipi.com\/danh-muc-san-pham\/tu-ao-mdf\/"},{"@type":"ListItem","position":4,"name":"T\u1ee7 \u00c1o Th\u00f4ng Minh MDF"}]},{"@type":"WebSite","@id":"https:\/\/xuongnoithattipi.com\/#website","url":"https:\/\/xuongnoithattipi.com\/","name":"N\u1ed9i th\u1ea5t Tipi","description":"","publisher":{"@id":"https:\/\/xuongnoithattipi.com\/#organization"},"potentialAction":[{"@type":"SearchAction","target":{"@type":"EntryPoint","urlTemplate":"https:\/\/xuongnoithattipi.com\/?s={search_term_string}"},"query-input":{"@type":"PropertyValueSpecification","valueRequired":true,"valueName":"search_term_string"}}],"inLanguage":"vi"},{"@type":"Organization","@id":"https:\/\/xuongnoithattipi.com\/#organization","name":"N\u1ed9i th\u1ea5t Tipi","url":"https:\/\/xuongnoithattipi.com\/","logo":{"@type":"ImageObject","inLanguage":"vi","@id":"https:\/\/xuongnoithattipi.com\/#\/schema\/logo\/image\/","url":"http:\/\/xuongnoithattipi.com\/wp-content\/uploads\/2025\/11\/LOGO_XUONG-NOI-THAT-TIPI_WEB-COLOR-full.png","contentUrl":"http:\/\/xuongnoithattipi.com\/wp-content\/uploads\/2025\/11\/LOGO_XUONG-NOI-THAT-TIPI_WEB-COLOR-full.png","width":536,"height":126,"caption":"N\u1ed9i th\u1ea5t Tipi"},"image":{"@id":"https:\/\/xuongnoithattipi.com\/#\/schema\/logo\/image\/"},"sameAs":["https:\/\/www.facebook.com\/profile.php?id=61583275246966#"]}]}},"_links":{"self":[{"href":"https:\/\/xuongnoithattipi.com\/index.php?rest_route=\/wp\/v2\/product\/4021","targetHints":{"allow":["GET"]}}],"collection":[{"href":"https:\/\/xuongnoithattipi.com\/index.php?rest_route=\/wp\/v2\/product"}],"about":[{"href":"https:\/\/xuongnoithattipi.com\/index.php?rest_route=\/wp\/v2\/types\/product"}],"replies":[{"embeddable":true,"href":"https:\/\/xuongnoithattipi.com\/index.php?rest_route=%2Fwp%2Fv2%2Fcomments&post=4021"}],"wp:featuredmedia":[{"embeddable":true,"href":"https:\/\/xuongnoithattipi.com\/index.php?rest_route=\/wp\/v2\/media\/4022"}],"wp:attachment":[{"href":"https:\/\/xuongnoithattipi.com\/index.php?rest_route=%2Fwp%2Fv2%2Fmedia&parent=4021"}],"wp:term":[{"taxonomy":"product_brand","embeddable":true,"href":"https:\/\/xuongnoithattipi.com\/index.php?rest_route=%2Fwp%2Fv2%2Fproduct_brand&post=4021"},{"taxonomy":"product_cat","embeddable":true,"href":"https:\/\/xuongnoithattipi.com\/index.php?rest_route=%2Fwp%2Fv2%2Fproduct_cat&post=4021"},{"taxonomy":"product_tag","embeddable":true,"href":"https:\/\/xuongnoithattipi.com\/index.php?rest_route=%2Fwp%2Fv2%2Fproduct_tag&post=4021"}],"curies":[{"name":"wp","href":"https:\/\/api.w.org\/{rel}","templated":true}]}}