{"id":4002,"date":"2025-11-11T13:32:43","date_gmt":"2025-11-11T06:32:43","guid":{"rendered":"https:\/\/xuongnoithattipi.com\/?post_type=product&#038;p=4002"},"modified":"2025-11-15T23:09:58","modified_gmt":"2025-11-15T16:09:58","slug":"tu-ao-mdf-hien-dai","status":"publish","type":"product","link":"https:\/\/xuongnoithattipi.com\/?product=tu-ao-mdf-hien-dai","title":{"rendered":"T\u1ee7 \u00c1o MDF Hi\u1ec7n \u0110\u1ea1i"},"content":{"rendered":"<p data-start=\"384\" data-end=\"478\"><strong data-start=\"408\" data-end=\"478\">T\u1ee7 \u00c1o MDF Hi\u1ec7n \u0110\u1ea1i \u2013 \u0110em L\u1ea1i S\u1ef1 Tinh T\u1ebf V\u00e0 Ti\u1ec7n Nghi Cho Ph\u00f2ng Ng\u1ee7<\/strong><\/p>\n<p data-start=\"480\" data-end=\"771\">T\u1ee7 \u00e1o MDF hi\u1ec7n \u0111\u1ea1i c\u1ee7a N\u1ed8I TH\u1ea4T TIPI l\u00e0 l\u1ef1a ch\u1ecdn l\u00fd t\u01b0\u1edfng cho nh\u1eefng kh\u00f4ng gian ph\u00f2ng ng\u1ee7 hi\u1ec7n \u0111\u1ea1i, sang tr\u1ecdng. V\u1edbi thi\u1ebft k\u1ebf \u0111\u01a1n gi\u1ea3n, t\u1ed1i \u01b0u h\u00f3a kh\u00f4ng gian v\u00e0 ch\u1ea5t li\u1ec7u MDF b\u1ec1n b\u1ec9, s\u1ea3n ph\u1ea9m n\u00e0y kh\u00f4ng ch\u1ec9 gi\u00fap b\u1ea1n s\u1eafp x\u1ebfp qu\u1ea7n \u00e1o m\u00e0 c\u00f2n mang l\u1ea1i v\u1ebb \u0111\u1eb9p thanh l\u1ecbch cho kh\u00f4ng gian s\u1ed1ng c\u1ee7a b\u1ea1n.<br \/>\n<img loading=\"lazy\" decoding=\"async\" class=\"alignnone  wp-image-4010\" src=\"http:\/\/xuongnoithattipi.com\/wp-content\/uploads\/2025\/11\/tu-mdf-hien-dai-Doi-300x200.jpg\" alt=\"\" width=\"686\" height=\"457\" srcset=\"https:\/\/xuongnoithattipi.com\/wp-content\/uploads\/2025\/11\/tu-mdf-hien-dai-Doi-300x200.jpg 300w, https:\/\/xuongnoithattipi.com\/wp-content\/uploads\/2025\/11\/tu-mdf-hien-dai-Doi-768x512.jpg 768w, https:\/\/xuongnoithattipi.com\/wp-content\/uploads\/2025\/11\/tu-mdf-hien-dai-Doi-256x171.jpg 256w, https:\/\/xuongnoithattipi.com\/wp-content\/uploads\/2025\/11\/tu-mdf-hien-dai-Doi.jpg 1038w\" sizes=\"auto, (max-width: 686px) 100vw, 686px\" \/><\/p>\n<p data-start=\"773\" data-end=\"840\"><strong data-start=\"773\" data-end=\"840\">T\u1ee7 \u00c1o MDF Hi\u1ec7n \u0110\u1ea1i: S\u1ef1 K\u1ebft H\u1ee3p T\u1ed1i \u01afu Gi\u1eefa T\u00ednh N\u0103ng V\u00e0 Th\u1ea9m M\u1ef9<\/strong><\/p>\n<p data-start=\"842\" data-end=\"1114\">T\u1ee7 \u00e1o MDF hi\u1ec7n \u0111\u1ea1i c\u1ee7a TIPI \u0111\u01b0\u1ee3c thi\u1ebft k\u1ebf v\u1edbi c\u00e1c \u0111\u01b0\u1eddng n\u00e9t tinh t\u1ebf, nh\u1eb9 nh\u00e0ng nh\u01b0ng v\u00f4 c\u00f9ng hi\u1ec7n \u0111\u1ea1i. Ch\u1ea5t li\u1ec7u MDF cao c\u1ea5p kh\u00f4ng ch\u1ec9 \u0111\u1ea3m b\u1ea3o \u0111\u1ed9 b\u1ec1n m\u00e0 c\u00f2n d\u1ec5 d\u00e0ng k\u1ebft h\u1ee3p v\u1edbi c\u00e1c phong c\u00e1ch trang tr\u00ed n\u1ed9i th\u1ea5t hi\u1ec7n \u0111\u1ea1i, t\u1ea1o ra m\u1ed9t kh\u00f4ng gian s\u1ed1ng tho\u1ea3i m\u00e1i v\u00e0 sang tr\u1ecdng.<br \/>\n<img loading=\"lazy\" decoding=\"async\" class=\"alignnone  wp-image-4006\" src=\"http:\/\/xuongnoithattipi.com\/wp-content\/uploads\/2025\/11\/tu-mdf-hien-dai-3-300x300.jpg\" alt=\"\" width=\"372\" height=\"372\" srcset=\"https:\/\/xuongnoithattipi.com\/wp-content\/uploads\/2025\/11\/tu-mdf-hien-dai-3-300x300.jpg 300w, https:\/\/xuongnoithattipi.com\/wp-content\/uploads\/2025\/11\/tu-mdf-hien-dai-3-150x150.jpg 150w, https:\/\/xuongnoithattipi.com\/wp-content\/uploads\/2025\/11\/tu-mdf-hien-dai-3-768x768.jpg 768w, https:\/\/xuongnoithattipi.com\/wp-content\/uploads\/2025\/11\/tu-mdf-hien-dai-3-256x256.jpg 256w, https:\/\/xuongnoithattipi.com\/wp-content\/uploads\/2025\/11\/tu-mdf-hien-dai-3-100x100.jpg 100w, https:\/\/xuongnoithattipi.com\/wp-content\/uploads\/2025\/11\/tu-mdf-hien-dai-3.jpg 1024w\" sizes=\"auto, (max-width: 372px) 100vw, 372px\" \/> <img loading=\"lazy\" decoding=\"async\" class=\"alignnone  wp-image-4009\" src=\"http:\/\/xuongnoithattipi.com\/wp-content\/uploads\/2025\/11\/tu-mdf-hien-dai-6-300x300.jpg\" alt=\"\" width=\"407\" height=\"407\" srcset=\"https:\/\/xuongnoithattipi.com\/wp-content\/uploads\/2025\/11\/tu-mdf-hien-dai-6-300x300.jpg 300w, https:\/\/xuongnoithattipi.com\/wp-content\/uploads\/2025\/11\/tu-mdf-hien-dai-6-150x150.jpg 150w, https:\/\/xuongnoithattipi.com\/wp-content\/uploads\/2025\/11\/tu-mdf-hien-dai-6-768x768.jpg 768w, https:\/\/xuongnoithattipi.com\/wp-content\/uploads\/2025\/11\/tu-mdf-hien-dai-6-256x256.jpg 256w, https:\/\/xuongnoithattipi.com\/wp-content\/uploads\/2025\/11\/tu-mdf-hien-dai-6-100x100.jpg 100w, https:\/\/xuongnoithattipi.com\/wp-content\/uploads\/2025\/11\/tu-mdf-hien-dai-6.jpg 1024w\" sizes=\"auto, (max-width: 407px) 100vw, 407px\" \/><\/p>\n<p data-start=\"1116\" data-end=\"1174\"><strong data-start=\"1116\" data-end=\"1174\">T\u1ea1i Sao N\u00ean Ch\u1ecdn T\u1ee7 \u00c1o MDF Hi\u1ec7n \u0110\u1ea1i C\u1ee7a N\u1ed8I TH\u1ea4T TIPI?<\/strong><\/p>\n<p data-start=\"1176\" data-end=\"1486\"><strong data-start=\"1176\" data-end=\"1230\">Thi\u1ebft K\u1ebf T\u1ed1i Gi\u1ea3n, Ph\u00f9 H\u1ee3p V\u1edbi Phong C\u00e1ch Hi\u1ec7n \u0110\u1ea1i<\/strong>:<br data-start=\"1231\" data-end=\"1234\" \/>T\u1ee7 \u00e1o MDF hi\u1ec7n \u0111\u1ea1i TIPI mang \u0111\u1ebfn thi\u1ebft k\u1ebf \u0111\u01a1n gi\u1ea3n, kh\u00f4ng c\u1ea7u k\u1ef3 nh\u01b0ng v\u1eabn \u0111\u1ea7y \u0111\u1ee7 t\u00ednh n\u0103ng. Nh\u1eefng ng\u0103n t\u1ee7 r\u1ed9ng r\u00e3i, c\u00e1c chi ti\u1ebft tay n\u1eafm thanh m\u1ea3nh v\u00e0 c\u00e1c khoang ch\u1ee9a \u0111\u1ed3 \u0111\u01b0\u1ee3c b\u1ed1 tr\u00ed h\u1ee3p l\u00fd gi\u00fap kh\u00f4ng gian ph\u00f2ng ng\u1ee7 c\u1ee7a b\u1ea1n tr\u1edf n\u00ean g\u1ecdn g\u00e0ng v\u00e0 tinh t\u1ebf.<\/p>\n<p data-start=\"1488\" data-end=\"1732\"><strong data-start=\"1488\" data-end=\"1521\">Ch\u1ea5t Li\u1ec7u MDF Cao C\u1ea5p, B\u1ec1n B\u1ec9<\/strong>:<br data-start=\"1522\" data-end=\"1525\" \/>T\u1ee7 \u00e1o \u0111\u01b0\u1ee3c l\u00e0m t\u1eeb g\u1ed7 MDF cao c\u1ea5p, kh\u00f4ng ch\u1ec9 b\u1ec1n m\u00e0 c\u00f2n ch\u1ed1ng \u1ea9m, m\u1ed1i m\u1ecdt, gi\u00fap b\u1ea3o v\u1ec7 \u0111\u1ed3 \u0111\u1ea1c c\u1ee7a b\u1ea1n l\u00e2u d\u00e0i. B\u1ec1 m\u1eb7t t\u1ee7 \u0111\u01b0\u1ee3c ph\u1ee7 l\u1edbp s\u01a1n ch\u1ed1ng tr\u1ea7y x\u01b0\u1edbc, gi\u00fap d\u1ec5 d\u00e0ng v\u1ec7 sinh v\u00e0 gi\u1eef cho s\u1ea3n ph\u1ea9m lu\u00f4n m\u1edbi m\u1ebb.<\/p>\n<p data-start=\"1734\" data-end=\"2006\"><strong data-start=\"1734\" data-end=\"1763\">Kh\u00f4ng Gian L\u01b0u Tr\u1eef T\u1ed1i \u01afu<\/strong>:<br data-start=\"1764\" data-end=\"1767\" \/>V\u1edbi thi\u1ebft k\u1ebf h\u1ee3p l\u00fd, t\u1ee7 \u00e1o MDF hi\u1ec7n \u0111\u1ea1i TIPI cung c\u1ea5p kh\u00f4ng gian l\u01b0u tr\u1eef r\u1ed9ng r\u00e3i cho qu\u1ea7n \u00e1o, gi\u00e0y d\u00e9p v\u00e0 c\u00e1c v\u1eadt d\u1ee5ng kh\u00e1c. C\u00e1c ng\u0103n t\u1ee7 v\u00e0 ng\u0103n k\u00e9o \u0111\u01b0\u1ee3c thi\u1ebft k\u1ebf s\u00e2u v\u00e0 r\u1ed9ng, gi\u00fap b\u1ea1n d\u1ec5 d\u00e0ng t\u1ed5 ch\u1ee9c \u0111\u1ed3 \u0111\u1ea1c m\u1ed9t c\u00e1ch ng\u0103n n\u1eafp v\u00e0 khoa h\u1ecdc.<\/p>\n<p><img loading=\"lazy\" decoding=\"async\" class=\"alignnone  wp-image-4003\" src=\"http:\/\/xuongnoithattipi.com\/wp-content\/uploads\/2025\/11\/tu-mdf-hien-dai-1-300x300.jpg\" alt=\"\" width=\"390\" height=\"390\" srcset=\"https:\/\/xuongnoithattipi.com\/wp-content\/uploads\/2025\/11\/tu-mdf-hien-dai-1-300x300.jpg 300w, https:\/\/xuongnoithattipi.com\/wp-content\/uploads\/2025\/11\/tu-mdf-hien-dai-1-150x150.jpg 150w, https:\/\/xuongnoithattipi.com\/wp-content\/uploads\/2025\/11\/tu-mdf-hien-dai-1-768x768.jpg 768w, https:\/\/xuongnoithattipi.com\/wp-content\/uploads\/2025\/11\/tu-mdf-hien-dai-1-256x256.jpg 256w, https:\/\/xuongnoithattipi.com\/wp-content\/uploads\/2025\/11\/tu-mdf-hien-dai-1-100x100.jpg 100w, https:\/\/xuongnoithattipi.com\/wp-content\/uploads\/2025\/11\/tu-mdf-hien-dai-1.jpg 1024w\" sizes=\"auto, (max-width: 390px) 100vw, 390px\" \/><\/p>\n<p data-start=\"2008\" data-end=\"2271\"><strong data-start=\"2008\" data-end=\"2039\">T\u1ed1i \u01afu Kh\u00f4ng Gian Ph\u00f2ng Ng\u1ee7<\/strong>:<br data-start=\"2040\" data-end=\"2043\" \/>V\u1edbi ki\u1ec3u d\u00e1ng thanh m\u1ea3nh, t\u1ee7 \u00e1o MDF hi\u1ec7n \u0111\u1ea1i TIPI s\u1ebd kh\u00f4ng chi\u1ebfm qu\u00e1 nhi\u1ec1u di\u1ec7n t\u00edch, gi\u00fap kh\u00f4ng gian ph\u00f2ng ng\u1ee7 c\u1ee7a b\u1ea1n th\u00eam r\u1ed9ng r\u00e3i. S\u1ea3n ph\u1ea9m ph\u00f9 h\u1ee3p v\u1edbi c\u00e1c kh\u00f4ng gian nh\u1ecf ho\u1eb7c c\u00e1c ph\u00f2ng ng\u1ee7 c\u1ea7n t\u1ed1i \u01b0u h\u00f3a kh\u00f4ng gian l\u01b0u tr\u1eef.<\/p>\n<p data-start=\"2273\" data-end=\"2314\"><strong data-start=\"2273\" data-end=\"2314\">Li\u00ean H\u1ec7 N\u1ed8I TH\u1ea4T TIPI \u0110\u1ec3 \u0110\u01b0\u1ee3c T\u01b0 V\u1ea5n:<\/strong><\/p>\n<p data-start=\"2316\" data-end=\"2448\">\u0110\u1ec3 \u0111\u01b0\u1ee3c t\u01b0 v\u1ea5n chi ti\u1ebft v\u00e0 s\u1edf h\u1eefu ngay t\u1ee7 \u00e1o MDF hi\u1ec7n \u0111\u1ea1i TIPI ch\u1ea5t l\u01b0\u1ee3ng cao, h\u00e3y li\u00ean h\u1ec7 v\u1edbi N\u1ed8I TH\u1ea4T TIPI qua th\u00f4ng tin d\u01b0\u1edbi \u0111\u00e2y:<\/p>\n<p data-start=\"2450\" data-end=\"2646\"><strong data-start=\"2450\" data-end=\"2499\">C\u00d4NG TY TNHH TH\u01af\u01a0NG M\u1ea0I V\u00c0 S\u1ea2N XU\u1ea4T TIPI WOOD<\/strong><br data-start=\"2499\" data-end=\"2502\" \/>\u0110\u1ecba ch\u1ec9: 221\/229 B\u00ecnh Th\u00e0nh, Ph\u01b0\u1eddng B\u00ecnh T\u00e2n, TP.HCM<br data-start=\"2554\" data-end=\"2557\" \/>Kinh doanh: 0909.52.69.62<br data-start=\"2582\" data-end=\"2585\" \/>H\u1ed7 tr\u1ee3 k\u1ef9 thu\u1eadt: 0938.40.50.62<br data-start=\"2615\" data-end=\"2618\" \/>Email: <a class=\"decorated-link cursor-pointer\" rel=\"noopener\" data-start=\"2625\" data-end=\"2646\">tipiwood.sg@gmail.com<\/a><\/p>\n<p data-start=\"2648\" data-end=\"2752\">N\u1ed8I TH\u1ea4T TIPI lu\u00f4n s\u1eb5n s\u00e0ng ph\u1ee5c v\u1ee5 v\u00e0 mang \u0111\u1ebfn gi\u1ea3i ph\u00e1p n\u1ed9i th\u1ea5t ho\u00e0n h\u1ea3o cho kh\u00f4ng gian s\u1ed1ng c\u1ee7a b\u1ea1n!<\/p>\n","protected":false},"excerpt":{"rendered":"<p>Kh\u00e1m ph\u00e1 t\u1ee7 \u00e1o MDF hi\u1ec7n \u0111\u1ea1i c\u1ee7a N\u1ed8I TH\u1ea4T TIPI \u2013 thi\u1ebft k\u1ebf t\u1ed1i gi\u1ea3n, ch\u1ea5t li\u1ec7u MDF cao c\u1ea5p, ph\u00f9 h\u1ee3p v\u1edbi kh\u00f4ng gian s\u1ed1ng hi\u1ec7n \u0111\u1ea1i, mang l\u1ea1i s\u1ef1 g\u1ecdn g\u00e0ng v\u00e0 ti\u1ec7n nghi. \u0110\u1eb7t h\u00e0ng ngay t\u1ea1i TP.HCM.<\/p>\n","protected":false},"featured_media":4003,"comment_status":"open","ping_status":"closed","template":"","meta":{"_acf_changed":false},"product_brand":[],"product_cat":[148],"product_tag":[],"class_list":{"0":"post-4002","1":"product","2":"type-product","3":"status-publish","4":"has-post-thumbnail","6":"product_cat-tu-ao-mdf","8":"first","9":"instock","10":"shipping-taxable","11":"purchasable","12":"product-type-simple"},"acf":[],"yoast_head":"<!-- This site is optimized with the Yoast SEO Premium plugin v22.6 (Yoast SEO v26.3) - https:\/\/yoast.com\/wordpress\/plugins\/seo\/ -->\n<title>T\u1ee7 \u00c1o MDF Hi\u1ec7n \u0110\u1ea1i - N\u1ed9i th\u1ea5t Tipi<\/title>\n<meta name=\"robots\" content=\"index, follow, max-snippet:-1, max-image-preview:large, max-video-preview:-1\" \/>\n<link rel=\"canonical\" href=\"https:\/\/xuongnoithattipi.com\/?product=tu-ao-mdf-hien-dai\" \/>\n<meta property=\"og:locale\" content=\"vi_VN\" \/>\n<meta property=\"og:type\" content=\"article\" \/>\n<meta property=\"og:title\" content=\"T\u1ee7 \u00c1o MDF Hi\u1ec7n \u0110\u1ea1i\" \/>\n<meta property=\"og:description\" content=\"Kh\u00e1m ph\u00e1 t\u1ee7 \u00e1o MDF hi\u1ec7n \u0111\u1ea1i c\u1ee7a N\u1ed8I TH\u1ea4T TIPI \u2013 thi\u1ebft k\u1ebf t\u1ed1i gi\u1ea3n, ch\u1ea5t li\u1ec7u MDF cao c\u1ea5p, ph\u00f9 h\u1ee3p v\u1edbi kh\u00f4ng gian s\u1ed1ng hi\u1ec7n \u0111\u1ea1i, mang l\u1ea1i s\u1ef1 g\u1ecdn g\u00e0ng v\u00e0 ti\u1ec7n nghi. \u0110\u1eb7t h\u00e0ng ngay t\u1ea1i TP.HCM.\" \/>\n<meta property=\"og:url\" content=\"https:\/\/xuongnoithattipi.com\/?product=tu-ao-mdf-hien-dai\" \/>\n<meta property=\"og:site_name\" content=\"N\u1ed9i th\u1ea5t Tipi\" \/>\n<meta property=\"article:publisher\" content=\"https:\/\/www.facebook.com\/profile.php?id=61583275246966#\" \/>\n<meta property=\"article:modified_time\" content=\"2025-11-15T16:09:58+00:00\" \/>\n<meta property=\"og:image\" content=\"https:\/\/xuongnoithattipi.com\/wp-content\/uploads\/2025\/11\/tu-mdf-hien-dai-1.jpg\" \/>\n\t<meta property=\"og:image:width\" content=\"1024\" \/>\n\t<meta property=\"og:image:height\" content=\"1024\" \/>\n\t<meta property=\"og:image:type\" content=\"image\/jpeg\" \/>\n<meta name=\"twitter:card\" content=\"summary_large_image\" \/>\n<meta name=\"twitter:label1\" content=\"\u01af\u1edbc t\u00ednh th\u1eddi gian \u0111\u1ecdc\" \/>\n\t<meta name=\"twitter:data1\" content=\"4 ph\u00fat\" \/>\n<script type=\"application\/ld+json\" class=\"yoast-schema-graph\">{\"@context\":\"https:\/\/schema.org\",\"@graph\":[{\"@type\":\"WebPage\",\"@id\":\"https:\/\/xuongnoithattipi.com\/?product=tu-ao-mdf-hien-dai\",\"url\":\"https:\/\/xuongnoithattipi.com\/?product=tu-ao-mdf-hien-dai\",\"name\":\"T\u1ee7 \u00c1o MDF Hi\u1ec7n \u0110\u1ea1i - N\u1ed9i th\u1ea5t Tipi\",\"isPartOf\":{\"@id\":\"https:\/\/xuongnoithattipi.com\/#website\"},\"primaryImageOfPage\":{\"@id\":\"https:\/\/xuongnoithattipi.com\/?product=tu-ao-mdf-hien-dai#primaryimage\"},\"image\":{\"@id\":\"https:\/\/xuongnoithattipi.com\/?product=tu-ao-mdf-hien-dai#primaryimage\"},\"thumbnailUrl\":\"https:\/\/xuongnoithattipi.com\/wp-content\/uploads\/2025\/11\/tu-mdf-hien-dai-1.jpg\",\"datePublished\":\"2025-11-11T06:32:43+00:00\",\"dateModified\":\"2025-11-15T16:09:58+00:00\",\"breadcrumb\":{\"@id\":\"https:\/\/xuongnoithattipi.com\/?product=tu-ao-mdf-hien-dai#breadcrumb\"},\"inLanguage\":\"vi\",\"potentialAction\":[{\"@type\":\"ReadAction\",\"target\":[\"https:\/\/xuongnoithattipi.com\/?product=tu-ao-mdf-hien-dai\"]}]},{\"@type\":\"ImageObject\",\"inLanguage\":\"vi\",\"@id\":\"https:\/\/xuongnoithattipi.com\/?product=tu-ao-mdf-hien-dai#primaryimage\",\"url\":\"https:\/\/xuongnoithattipi.com\/wp-content\/uploads\/2025\/11\/tu-mdf-hien-dai-1.jpg\",\"contentUrl\":\"https:\/\/xuongnoithattipi.com\/wp-content\/uploads\/2025\/11\/tu-mdf-hien-dai-1.jpg\",\"width\":1024,\"height\":1024},{\"@type\":\"BreadcrumbList\",\"@id\":\"https:\/\/xuongnoithattipi.com\/?product=tu-ao-mdf-hien-dai#breadcrumb\",\"itemListElement\":[{\"@type\":\"ListItem\",\"position\":1,\"name\":\"Trang ch\u1ee7\",\"item\":\"https:\/\/xuongnoithattipi.com\/\"},{\"@type\":\"ListItem\",\"position\":2,\"name\":\"S\u1ea3n ph\u1ea9m\",\"item\":\"https:\/\/xuongnoithattipi.com\/shop\/\"},{\"@type\":\"ListItem\",\"position\":3,\"name\":\"T\u1ee7 \u00e1o MDF\",\"item\":\"https:\/\/xuongnoithattipi.com\/danh-muc-san-pham\/tu-ao-mdf\/\"},{\"@type\":\"ListItem\",\"position\":4,\"name\":\"T\u1ee7 \u00c1o MDF Hi\u1ec7n \u0110\u1ea1i\"}]},{\"@type\":\"WebSite\",\"@id\":\"https:\/\/xuongnoithattipi.com\/#website\",\"url\":\"https:\/\/xuongnoithattipi.com\/\",\"name\":\"N\u1ed9i th\u1ea5t Tipi\",\"description\":\"\",\"publisher\":{\"@id\":\"https:\/\/xuongnoithattipi.com\/#organization\"},\"potentialAction\":[{\"@type\":\"SearchAction\",\"target\":{\"@type\":\"EntryPoint\",\"urlTemplate\":\"https:\/\/xuongnoithattipi.com\/?s={search_term_string}\"},\"query-input\":{\"@type\":\"PropertyValueSpecification\",\"valueRequired\":true,\"valueName\":\"search_term_string\"}}],\"inLanguage\":\"vi\"},{\"@type\":\"Organization\",\"@id\":\"https:\/\/xuongnoithattipi.com\/#organization\",\"name\":\"N\u1ed9i th\u1ea5t Tipi\",\"url\":\"https:\/\/xuongnoithattipi.com\/\",\"logo\":{\"@type\":\"ImageObject\",\"inLanguage\":\"vi\",\"@id\":\"https:\/\/xuongnoithattipi.com\/#\/schema\/logo\/image\/\",\"url\":\"http:\/\/xuongnoithattipi.com\/wp-content\/uploads\/2025\/11\/LOGO_XUONG-NOI-THAT-TIPI_WEB-COLOR-full.png\",\"contentUrl\":\"http:\/\/xuongnoithattipi.com\/wp-content\/uploads\/2025\/11\/LOGO_XUONG-NOI-THAT-TIPI_WEB-COLOR-full.png\",\"width\":536,\"height\":126,\"caption\":\"N\u1ed9i th\u1ea5t Tipi\"},\"image\":{\"@id\":\"https:\/\/xuongnoithattipi.com\/#\/schema\/logo\/image\/\"},\"sameAs\":[\"https:\/\/www.facebook.com\/profile.php?id=61583275246966#\"]}]}<\/script>\n<!-- \/ Yoast SEO Premium plugin. -->","yoast_head_json":{"title":"T\u1ee7 \u00c1o MDF Hi\u1ec7n \u0110\u1ea1i - N\u1ed9i th\u1ea5t Tipi","robots":{"index":"index","follow":"follow","max-snippet":"max-snippet:-1","max-image-preview":"max-image-preview:large","max-video-preview":"max-video-preview:-1"},"canonical":"https:\/\/xuongnoithattipi.com\/?product=tu-ao-mdf-hien-dai","og_locale":"vi_VN","og_type":"article","og_title":"T\u1ee7 \u00c1o MDF Hi\u1ec7n \u0110\u1ea1i","og_description":"Kh\u00e1m ph\u00e1 t\u1ee7 \u00e1o MDF hi\u1ec7n \u0111\u1ea1i c\u1ee7a N\u1ed8I TH\u1ea4T TIPI \u2013 thi\u1ebft k\u1ebf t\u1ed1i gi\u1ea3n, ch\u1ea5t li\u1ec7u MDF cao c\u1ea5p, ph\u00f9 h\u1ee3p v\u1edbi kh\u00f4ng gian s\u1ed1ng hi\u1ec7n \u0111\u1ea1i, mang l\u1ea1i s\u1ef1 g\u1ecdn g\u00e0ng v\u00e0 ti\u1ec7n nghi. \u0110\u1eb7t h\u00e0ng ngay t\u1ea1i TP.HCM.","og_url":"https:\/\/xuongnoithattipi.com\/?product=tu-ao-mdf-hien-dai","og_site_name":"N\u1ed9i th\u1ea5t Tipi","article_publisher":"https:\/\/www.facebook.com\/profile.php?id=61583275246966#","article_modified_time":"2025-11-15T16:09:58+00:00","og_image":[{"width":1024,"height":1024,"url":"https:\/\/xuongnoithattipi.com\/wp-content\/uploads\/2025\/11\/tu-mdf-hien-dai-1.jpg","type":"image\/jpeg"}],"twitter_card":"summary_large_image","twitter_misc":{"\u01af\u1edbc t\u00ednh th\u1eddi gian \u0111\u1ecdc":"4 ph\u00fat"},"schema":{"@context":"https:\/\/schema.org","@graph":[{"@type":"WebPage","@id":"https:\/\/xuongnoithattipi.com\/?product=tu-ao-mdf-hien-dai","url":"https:\/\/xuongnoithattipi.com\/?product=tu-ao-mdf-hien-dai","name":"T\u1ee7 \u00c1o MDF Hi\u1ec7n \u0110\u1ea1i - N\u1ed9i th\u1ea5t Tipi","isPartOf":{"@id":"https:\/\/xuongnoithattipi.com\/#website"},"primaryImageOfPage":{"@id":"https:\/\/xuongnoithattipi.com\/?product=tu-ao-mdf-hien-dai#primaryimage"},"image":{"@id":"https:\/\/xuongnoithattipi.com\/?product=tu-ao-mdf-hien-dai#primaryimage"},"thumbnailUrl":"https:\/\/xuongnoithattipi.com\/wp-content\/uploads\/2025\/11\/tu-mdf-hien-dai-1.jpg","datePublished":"2025-11-11T06:32:43+00:00","dateModified":"2025-11-15T16:09:58+00:00","breadcrumb":{"@id":"https:\/\/xuongnoithattipi.com\/?product=tu-ao-mdf-hien-dai#breadcrumb"},"inLanguage":"vi","potentialAction":[{"@type":"ReadAction","target":["https:\/\/xuongnoithattipi.com\/?product=tu-ao-mdf-hien-dai"]}]},{"@type":"ImageObject","inLanguage":"vi","@id":"https:\/\/xuongnoithattipi.com\/?product=tu-ao-mdf-hien-dai#primaryimage","url":"https:\/\/xuongnoithattipi.com\/wp-content\/uploads\/2025\/11\/tu-mdf-hien-dai-1.jpg","contentUrl":"https:\/\/xuongnoithattipi.com\/wp-content\/uploads\/2025\/11\/tu-mdf-hien-dai-1.jpg","width":1024,"height":1024},{"@type":"BreadcrumbList","@id":"https:\/\/xuongnoithattipi.com\/?product=tu-ao-mdf-hien-dai#breadcrumb","itemListElement":[{"@type":"ListItem","position":1,"name":"Trang ch\u1ee7","item":"https:\/\/xuongnoithattipi.com\/"},{"@type":"ListItem","position":2,"name":"S\u1ea3n ph\u1ea9m","item":"https:\/\/xuongnoithattipi.com\/shop\/"},{"@type":"ListItem","position":3,"name":"T\u1ee7 \u00e1o MDF","item":"https:\/\/xuongnoithattipi.com\/danh-muc-san-pham\/tu-ao-mdf\/"},{"@type":"ListItem","position":4,"name":"T\u1ee7 \u00c1o MDF Hi\u1ec7n \u0110\u1ea1i"}]},{"@type":"WebSite","@id":"https:\/\/xuongnoithattipi.com\/#website","url":"https:\/\/xuongnoithattipi.com\/","name":"N\u1ed9i th\u1ea5t Tipi","description":"","publisher":{"@id":"https:\/\/xuongnoithattipi.com\/#organization"},"potentialAction":[{"@type":"SearchAction","target":{"@type":"EntryPoint","urlTemplate":"https:\/\/xuongnoithattipi.com\/?s={search_term_string}"},"query-input":{"@type":"PropertyValueSpecification","valueRequired":true,"valueName":"search_term_string"}}],"inLanguage":"vi"},{"@type":"Organization","@id":"https:\/\/xuongnoithattipi.com\/#organization","name":"N\u1ed9i th\u1ea5t Tipi","url":"https:\/\/xuongnoithattipi.com\/","logo":{"@type":"ImageObject","inLanguage":"vi","@id":"https:\/\/xuongnoithattipi.com\/#\/schema\/logo\/image\/","url":"http:\/\/xuongnoithattipi.com\/wp-content\/uploads\/2025\/11\/LOGO_XUONG-NOI-THAT-TIPI_WEB-COLOR-full.png","contentUrl":"http:\/\/xuongnoithattipi.com\/wp-content\/uploads\/2025\/11\/LOGO_XUONG-NOI-THAT-TIPI_WEB-COLOR-full.png","width":536,"height":126,"caption":"N\u1ed9i th\u1ea5t Tipi"},"image":{"@id":"https:\/\/xuongnoithattipi.com\/#\/schema\/logo\/image\/"},"sameAs":["https:\/\/www.facebook.com\/profile.php?id=61583275246966#"]}]}},"_links":{"self":[{"href":"https:\/\/xuongnoithattipi.com\/index.php?rest_route=\/wp\/v2\/product\/4002","targetHints":{"allow":["GET"]}}],"collection":[{"href":"https:\/\/xuongnoithattipi.com\/index.php?rest_route=\/wp\/v2\/product"}],"about":[{"href":"https:\/\/xuongnoithattipi.com\/index.php?rest_route=\/wp\/v2\/types\/product"}],"replies":[{"embeddable":true,"href":"https:\/\/xuongnoithattipi.com\/index.php?rest_route=%2Fwp%2Fv2%2Fcomments&post=4002"}],"wp:featuredmedia":[{"embeddable":true,"href":"https:\/\/xuongnoithattipi.com\/index.php?rest_route=\/wp\/v2\/media\/4003"}],"wp:attachment":[{"href":"https:\/\/xuongnoithattipi.com\/index.php?rest_route=%2Fwp%2Fv2%2Fmedia&parent=4002"}],"wp:term":[{"taxonomy":"product_brand","embeddable":true,"href":"https:\/\/xuongnoithattipi.com\/index.php?rest_route=%2Fwp%2Fv2%2Fproduct_brand&post=4002"},{"taxonomy":"product_cat","embeddable":true,"href":"https:\/\/xuongnoithattipi.com\/index.php?rest_route=%2Fwp%2Fv2%2Fproduct_cat&post=4002"},{"taxonomy":"product_tag","embeddable":true,"href":"https:\/\/xuongnoithattipi.com\/index.php?rest_route=%2Fwp%2Fv2%2Fproduct_tag&post=4002"}],"curies":[{"name":"wp","href":"https:\/\/api.w.org\/{rel}","templated":true}]}}