{"id":3993,"date":"2025-11-11T12:45:12","date_gmt":"2025-11-11T05:45:12","guid":{"rendered":"https:\/\/xuongnoithattipi.com\/?post_type=product&#038;p=3993"},"modified":"2025-11-15T22:02:53","modified_gmt":"2025-11-15T15:02:53","slug":"tu-ao-mdf-co-dien","status":"publish","type":"product","link":"https:\/\/xuongnoithattipi.com\/?product=tu-ao-mdf-co-dien","title":{"rendered":"T\u1ee7 \u00c1o MDF C\u1ed5 \u0110i\u1ec3n"},"content":{"rendered":"<p data-start=\"380\" data-end=\"471\"><strong data-start=\"404\" data-end=\"471\">T\u1ee7 \u00c1o MDF C\u1ed5 \u0110i\u1ec3n \u2013 L\u1ef1a Ch\u1ecdn Ho\u00e0n H\u1ea3o Cho Kh\u00f4ng Gian Sang Tr\u1ecdng<\/strong><\/p>\n<p data-start=\"473\" data-end=\"761\">V\u1edbi nh\u1eefng ai y\u00eau th\u00edch phong c\u00e1ch c\u1ed5 \u0111i\u1ec3n, t\u1ee7 \u00e1o MDF c\u1ed5 \u0111i\u1ec3n c\u1ee7a N\u1ed8I TH\u1ea4T TIPI l\u00e0 m\u00f3n \u0111\u1ed3 n\u1ed9i th\u1ea5t l\u00fd t\u01b0\u1edfng gi\u00fap t\u0103ng th\u00eam v\u1ebb sang tr\u1ecdng cho kh\u00f4ng gian ph\u00f2ng ng\u1ee7. S\u1ea3n ph\u1ea9m kh\u00f4ng ch\u1ec9 mang \u0111\u1ebfn v\u1ebb \u0111\u1eb9p \u0111\u1eb3ng c\u1ea5p m\u00e0 c\u00f2n t\u1ed1i \u01b0u h\u00f3a kh\u00f4ng gian l\u01b0u tr\u1eef, gi\u00fap b\u1ea1n t\u1ed5 ch\u1ee9c \u0111\u1ed3 \u0111\u1ea1c ng\u0103n n\u1eafp v\u00e0 d\u1ec5 d\u00e0ng.<br \/>\n<img loading=\"lazy\" decoding=\"async\" class=\"alignnone  wp-image-3999\" src=\"http:\/\/xuongnoithattipi.com\/wp-content\/uploads\/2025\/11\/tu-co-dien6-300x300.jpg\" alt=\"\" width=\"374\" height=\"374\" srcset=\"https:\/\/xuongnoithattipi.com\/wp-content\/uploads\/2025\/11\/tu-co-dien6-300x300.jpg 300w, https:\/\/xuongnoithattipi.com\/wp-content\/uploads\/2025\/11\/tu-co-dien6-150x150.jpg 150w, https:\/\/xuongnoithattipi.com\/wp-content\/uploads\/2025\/11\/tu-co-dien6-768x768.jpg 768w, https:\/\/xuongnoithattipi.com\/wp-content\/uploads\/2025\/11\/tu-co-dien6-256x256.jpg 256w, https:\/\/xuongnoithattipi.com\/wp-content\/uploads\/2025\/11\/tu-co-dien6-100x100.jpg 100w, https:\/\/xuongnoithattipi.com\/wp-content\/uploads\/2025\/11\/tu-co-dien6.jpg 1024w\" sizes=\"auto, (max-width: 374px) 100vw, 374px\" \/> <img loading=\"lazy\" decoding=\"async\" class=\"alignnone  wp-image-3994\" src=\"http:\/\/xuongnoithattipi.com\/wp-content\/uploads\/2025\/11\/tu-mdf-class-300x300.jpg\" alt=\"\" width=\"358\" height=\"358\" srcset=\"https:\/\/xuongnoithattipi.com\/wp-content\/uploads\/2025\/11\/tu-mdf-class-300x300.jpg 300w, https:\/\/xuongnoithattipi.com\/wp-content\/uploads\/2025\/11\/tu-mdf-class-150x150.jpg 150w, https:\/\/xuongnoithattipi.com\/wp-content\/uploads\/2025\/11\/tu-mdf-class-768x768.jpg 768w, https:\/\/xuongnoithattipi.com\/wp-content\/uploads\/2025\/11\/tu-mdf-class-256x256.jpg 256w, https:\/\/xuongnoithattipi.com\/wp-content\/uploads\/2025\/11\/tu-mdf-class-100x100.jpg 100w, https:\/\/xuongnoithattipi.com\/wp-content\/uploads\/2025\/11\/tu-mdf-class.jpg 1024w\" sizes=\"auto, (max-width: 358px) 100vw, 358px\" \/><\/p>\n<p data-start=\"763\" data-end=\"832\"><strong data-start=\"763\" data-end=\"832\">T\u1ee7 \u00c1o MDF C\u1ed5 \u0110i\u1ec3n: S\u1ef1 K\u1ebft H\u1ee3p Tuy\u1ec7t V\u1eddi Gi\u1eefa V\u1ebb \u0110\u1eb9p V\u00e0 Ch\u1ea5t L\u01b0\u1ee3ng<\/strong><\/p>\n<p data-start=\"834\" data-end=\"1147\">T\u1ee7 \u00e1o MDF c\u1ed5 \u0111i\u1ec3n TIPI \u0111\u01b0\u1ee3c thi\u1ebft k\u1ebf tinh t\u1ebf v\u1edbi nh\u1eefng chi ti\u1ebft hoa v\u0103n trang nh\u00e3, s\u1eafc s\u1ea3o. Ch\u1ea5t li\u1ec7u MDF cao c\u1ea5p k\u1ebft h\u1ee3p v\u1edbi l\u1edbp ph\u1ee7 s\u01a1n b\u1ec1n b\u1ec9 kh\u00f4ng ch\u1ec9 mang \u0111\u1ebfn s\u1ef1 sang tr\u1ecdng m\u00e0 c\u00f2n gi\u00fap b\u1ea3o v\u1ec7 \u0111\u1ed3 \u0111\u1ea1c c\u1ee7a b\u1ea1n m\u1ed9t c\u00e1ch t\u1ed1i \u01b0u. \u0110\u00e2y l\u00e0 s\u1ea3n ph\u1ea9m ph\u00f9 h\u1ee3p cho nh\u1eefng kh\u00f4ng gian s\u1ed1ng y\u00eau th\u00edch s\u1ef1 c\u1ed5 \u0111i\u1ec3n, thanh tho\u00e1t.\n<\/p>\n<p data-start=\"1149\" data-end=\"1206\"><strong data-start=\"1149\" data-end=\"1206\">T\u1ea1i Sao N\u00ean Ch\u1ecdn T\u1ee7 \u00c1o MDF C\u1ed5 \u0110i\u1ec3n C\u1ee7a N\u1ed8I TH\u1ea4T TIPI?<br \/>\n<img loading=\"lazy\" decoding=\"async\" class=\"alignnone  wp-image-4000\" src=\"http:\/\/xuongnoithattipi.com\/wp-content\/uploads\/2025\/11\/tu-co-d-300x300.jpg\" alt=\"\" width=\"360\" height=\"360\" srcset=\"https:\/\/xuongnoithattipi.com\/wp-content\/uploads\/2025\/11\/tu-co-d-300x300.jpg 300w, https:\/\/xuongnoithattipi.com\/wp-content\/uploads\/2025\/11\/tu-co-d-150x150.jpg 150w, https:\/\/xuongnoithattipi.com\/wp-content\/uploads\/2025\/11\/tu-co-d-768x768.jpg 768w, https:\/\/xuongnoithattipi.com\/wp-content\/uploads\/2025\/11\/tu-co-d-256x256.jpg 256w, https:\/\/xuongnoithattipi.com\/wp-content\/uploads\/2025\/11\/tu-co-d-100x100.jpg 100w, https:\/\/xuongnoithattipi.com\/wp-content\/uploads\/2025\/11\/tu-co-d.jpg 1024w\" sizes=\"auto, (max-width: 360px) 100vw, 360px\" \/> <img loading=\"lazy\" decoding=\"async\" class=\"alignnone  wp-image-4001\" src=\"http:\/\/xuongnoithattipi.com\/wp-content\/uploads\/2025\/11\/tu-co-dienn1-300x300.jpg\" alt=\"\" width=\"392\" height=\"392\" srcset=\"https:\/\/xuongnoithattipi.com\/wp-content\/uploads\/2025\/11\/tu-co-dienn1-300x300.jpg 300w, https:\/\/xuongnoithattipi.com\/wp-content\/uploads\/2025\/11\/tu-co-dienn1-150x150.jpg 150w, https:\/\/xuongnoithattipi.com\/wp-content\/uploads\/2025\/11\/tu-co-dienn1-768x768.jpg 768w, https:\/\/xuongnoithattipi.com\/wp-content\/uploads\/2025\/11\/tu-co-dienn1-256x256.jpg 256w, https:\/\/xuongnoithattipi.com\/wp-content\/uploads\/2025\/11\/tu-co-dienn1-100x100.jpg 100w, https:\/\/xuongnoithattipi.com\/wp-content\/uploads\/2025\/11\/tu-co-dienn1.jpg 1024w\" sizes=\"auto, (max-width: 392px) 100vw, 392px\" \/><br \/>\n<\/strong><\/p>\n<p data-start=\"1208\" data-end=\"1510\"><strong data-start=\"1208\" data-end=\"1240\">Thi\u1ebft K\u1ebf C\u1ed5 \u0110i\u1ec3n, Sang Tr\u1ecdng<\/strong>:<br data-start=\"1241\" data-end=\"1244\" \/>T\u1ee7 \u00e1o MDF c\u1ed5 \u0111i\u1ec3n TIPI s\u1edf h\u1eefu thi\u1ebft k\u1ebf c\u1ed5 \u0111i\u1ec3n v\u1edbi c\u00e1c chi ti\u1ebft ch\u1ea1m kh\u1eafc tinh x\u1ea3o, c\u00e1c \u0111\u01b0\u1eddng n\u00e9t s\u1eafc s\u1ea3o, t\u1ea1o n\u00ean s\u1ef1 sang tr\u1ecdng v\u00e0 \u0111\u1eb3ng c\u1ea5p cho kh\u00f4ng gian ph\u00f2ng ng\u1ee7 c\u1ee7a b\u1ea1n. Ch\u1ea5t li\u1ec7u g\u1ed7 MDF k\u1ebft h\u1ee3p c\u00f9ng m\u00e0u s\u1eafc \u1ea5m \u00e1p, d\u1ec5 d\u00e0ng h\u00f2a h\u1ee3p v\u1edbi nhi\u1ec1u phong c\u00e1ch n\u1ed9i th\u1ea5t.<\/p>\n<p data-start=\"1512\" data-end=\"1811\"><strong data-start=\"1512\" data-end=\"1543\">Ch\u1ea5t Li\u1ec7u B\u1ec1n B\u1ec9, Ch\u1eafc Ch\u1eafn<\/strong>:<br data-start=\"1544\" data-end=\"1547\" \/>V\u1edbi ch\u1ea5t li\u1ec7u MDF cao c\u1ea5p, t\u1ee7 \u00e1o kh\u00f4ng ch\u1ec9 \u0111\u1eb9p m\u00e0 c\u00f2n b\u1ec1n b\u1ec9 theo th\u1eddi gian. Ch\u1ea5t li\u1ec7u n\u00e0y c\u00f3 kh\u1ea3 n\u0103ng ch\u1ed1ng \u1ea9m, ch\u1ed1ng m\u1ed1i m\u1ecdt, gi\u00fap b\u1ea3o v\u1ec7 qu\u1ea7n \u00e1o v\u00e0 \u0111\u1ed3 d\u00f9ng c\u00e1 nh\u00e2n c\u1ee7a b\u1ea1n kh\u1ecfi c\u00e1c y\u1ebfu t\u1ed1 m\u00f4i tr\u01b0\u1eddng. L\u1edbp s\u01a1n b\u1ec1n \u0111\u1eb9p gi\u00fap s\u1ea3n ph\u1ea9m lu\u00f4n m\u1edbi m\u1ebb v\u00e0 d\u1ec5 d\u00e0ng v\u1ec7 sinh.<\/p>\n<p data-start=\"1813\" data-end=\"2063\"><strong data-start=\"1813\" data-end=\"1844\">Kh\u00f4ng Gian L\u01b0u Tr\u1eef R\u1ed9ng R\u00e3i<\/strong>:<br data-start=\"1845\" data-end=\"1848\" \/>T\u1ee7 \u00e1o MDF c\u1ed5 \u0111i\u1ec3n TIPI cung c\u1ea5p kh\u00f4ng gian l\u01b0u tr\u1eef r\u1ed9ng r\u00e3i cho qu\u1ea7n \u00e1o, gi\u00e0y d\u00e9p v\u00e0 c\u00e1c v\u1eadt d\u1ee5ng kh\u00e1c. C\u00e1c ng\u0103n k\u00e9o, khoang ch\u1ee9a \u0111\u1ed3 \u0111\u01b0\u1ee3c b\u1ed1 tr\u00ed h\u1ee3p l\u00fd, gi\u00fap b\u1ea1n d\u1ec5 d\u00e0ng s\u1eafp x\u1ebfp \u0111\u1ed3 \u0111\u1ea1c m\u1ed9t c\u00e1ch g\u1ecdn g\u00e0ng v\u00e0 ng\u0103n n\u1eafp.<\/p>\n<p data-start=\"2065\" data-end=\"2364\"><strong data-start=\"2065\" data-end=\"2120\">T\u1ed1i \u01afu Kh\u00f4ng Gian, Ph\u00f9 H\u1ee3p M\u1ecdi Kh\u00f4ng Gian Ph\u00f2ng Ng\u1ee7<\/strong>:<br data-start=\"2121\" data-end=\"2124\" \/>T\u1ee7 \u00e1o MDF c\u1ed5 \u0111i\u1ec3n kh\u00f4ng ch\u1ec9 ph\u00f9 h\u1ee3p cho c\u00e1c ph\u00f2ng ng\u1ee7 l\u1edbn m\u00e0 c\u00f2n c\u00f3 th\u1ec3 ti\u1ebft ki\u1ec7m kh\u00f4ng gian cho c\u00e1c ph\u00f2ng ng\u1ee7 nh\u1ecf. S\u1ea3n ph\u1ea9m d\u1ec5 d\u00e0ng k\u1ebft h\u1ee3p v\u1edbi c\u00e1c \u0111\u1ed3 n\u1ed9i th\u1ea5t kh\u00e1c nh\u01b0 gi\u01b0\u1eddng ng\u1ee7, b\u00e0n trang \u0111i\u1ec3m, gi\u00fap t\u1ea1o ra kh\u00f4ng gian ph\u00f2ng ng\u1ee7 ho\u00e0n h\u1ea3o.<br \/>\n<img loading=\"lazy\" decoding=\"async\" class=\"alignnone  wp-image-3996\" src=\"http:\/\/xuongnoithattipi.com\/wp-content\/uploads\/2025\/11\/tu-ao-mdf-class-2-300x300.jpg\" alt=\"\" width=\"452\" height=\"452\" srcset=\"https:\/\/xuongnoithattipi.com\/wp-content\/uploads\/2025\/11\/tu-ao-mdf-class-2-300x300.jpg 300w, https:\/\/xuongnoithattipi.com\/wp-content\/uploads\/2025\/11\/tu-ao-mdf-class-2-150x150.jpg 150w, https:\/\/xuongnoithattipi.com\/wp-content\/uploads\/2025\/11\/tu-ao-mdf-class-2-768x768.jpg 768w, https:\/\/xuongnoithattipi.com\/wp-content\/uploads\/2025\/11\/tu-ao-mdf-class-2-256x256.jpg 256w, https:\/\/xuongnoithattipi.com\/wp-content\/uploads\/2025\/11\/tu-ao-mdf-class-2-100x100.jpg 100w, https:\/\/xuongnoithattipi.com\/wp-content\/uploads\/2025\/11\/tu-ao-mdf-class-2.jpg 1024w\" sizes=\"auto, (max-width: 452px) 100vw, 452px\" \/><\/p>\n<p data-start=\"2366\" data-end=\"2407\"><strong data-start=\"2366\" data-end=\"2407\">Li\u00ean H\u1ec7 N\u1ed8I TH\u1ea4T TIPI \u0110\u1ec3 \u0110\u01b0\u1ee3c T\u01b0 V\u1ea5n:<\/strong><\/p>\n<p data-start=\"2409\" data-end=\"2540\">\u0110\u1ec3 \u0111\u01b0\u1ee3c t\u01b0 v\u1ea5n chi ti\u1ebft v\u00e0 s\u1edf h\u1eefu ngay t\u1ee7 \u00e1o MDF c\u1ed5 \u0111i\u1ec3n TIPI ch\u1ea5t l\u01b0\u1ee3ng cao, h\u00e3y li\u00ean h\u1ec7 v\u1edbi N\u1ed8I TH\u1ea4T TIPI qua th\u00f4ng tin d\u01b0\u1edbi \u0111\u00e2y:<\/p>\n<p data-start=\"2542\" data-end=\"2738\"><strong data-start=\"2542\" data-end=\"2591\">C\u00d4NG TY TNHH TH\u01af\u01a0NG M\u1ea0I V\u00c0 S\u1ea2N XU\u1ea4T TIPI WOOD<\/strong><br data-start=\"2591\" data-end=\"2594\" \/>\u0110\u1ecba ch\u1ec9: 221\/229 B\u00ecnh Th\u00e0nh, Ph\u01b0\u1eddng B\u00ecnh T\u00e2n, TP.HCM<br data-start=\"2646\" data-end=\"2649\" \/>Kinh doanh: 0909.52.69.62<br data-start=\"2674\" data-end=\"2677\" \/>H\u1ed7 tr\u1ee3 k\u1ef9 thu\u1eadt: 0938.40.50.62<br data-start=\"2707\" data-end=\"2710\" \/>Email: <a class=\"decorated-link cursor-pointer\" rel=\"noopener\" data-start=\"2717\" data-end=\"2738\">tipiwood.sg@gmail.com<\/a><\/p>\n<p data-start=\"2740\" data-end=\"2844\">N\u1ed8I TH\u1ea4T TIPI lu\u00f4n s\u1eb5n s\u00e0ng ph\u1ee5c v\u1ee5 v\u00e0 mang \u0111\u1ebfn gi\u1ea3i ph\u00e1p n\u1ed9i th\u1ea5t ho\u00e0n h\u1ea3o cho kh\u00f4ng gian s\u1ed1ng c\u1ee7a b\u1ea1n!<\/p>\n","protected":false},"excerpt":{"rendered":"<p>Kh\u00e1m ph\u00e1 t\u1ee7 \u00e1o MDF c\u1ed5 \u0111i\u1ec3n c\u1ee7a N\u1ed8I TH\u1ea4T TIPI \u2013 thi\u1ebft k\u1ebf tinh x\u1ea3o, ch\u1ea5t li\u1ec7u g\u1ed7 MDF cao c\u1ea5p, mang \u0111\u1ebfn s\u1ef1 sang tr\u1ecdng v\u00e0 ti\u1ec7n nghi cho kh\u00f4ng gian ph\u00f2ng ng\u1ee7. \u0110\u1eb7t h\u00e0ng ngay t\u1ea1i TP.HCM.<\/p>\n","protected":false},"featured_media":3994,"comment_status":"open","ping_status":"closed","template":"","meta":{"_acf_changed":false},"product_brand":[],"product_cat":[148],"product_tag":[],"class_list":{"0":"post-3993","1":"product","2":"type-product","3":"status-publish","4":"has-post-thumbnail","6":"product_cat-tu-ao-mdf","8":"first","9":"instock","10":"shipping-taxable","11":"purchasable","12":"product-type-simple"},"acf":[],"yoast_head":"<!-- This site is optimized with the Yoast SEO Premium plugin v22.6 (Yoast SEO v26.3) - https:\/\/yoast.com\/wordpress\/plugins\/seo\/ -->\n<title>T\u1ee7 \u00c1o MDF C\u1ed5 \u0110i\u1ec3n - N\u1ed9i th\u1ea5t Tipi<\/title>\n<meta name=\"robots\" content=\"index, follow, max-snippet:-1, max-image-preview:large, max-video-preview:-1\" \/>\n<link rel=\"canonical\" href=\"https:\/\/xuongnoithattipi.com\/?product=tu-ao-mdf-co-dien\" \/>\n<meta property=\"og:locale\" content=\"vi_VN\" \/>\n<meta property=\"og:type\" content=\"article\" \/>\n<meta property=\"og:title\" content=\"T\u1ee7 \u00c1o MDF C\u1ed5 \u0110i\u1ec3n\" \/>\n<meta property=\"og:description\" content=\"Kh\u00e1m ph\u00e1 t\u1ee7 \u00e1o MDF c\u1ed5 \u0111i\u1ec3n c\u1ee7a N\u1ed8I TH\u1ea4T TIPI \u2013 thi\u1ebft k\u1ebf tinh x\u1ea3o, ch\u1ea5t li\u1ec7u g\u1ed7 MDF cao c\u1ea5p, mang \u0111\u1ebfn s\u1ef1 sang tr\u1ecdng v\u00e0 ti\u1ec7n nghi cho kh\u00f4ng gian ph\u00f2ng ng\u1ee7. \u0110\u1eb7t h\u00e0ng ngay t\u1ea1i TP.HCM.\" \/>\n<meta property=\"og:url\" content=\"https:\/\/xuongnoithattipi.com\/?product=tu-ao-mdf-co-dien\" \/>\n<meta property=\"og:site_name\" content=\"N\u1ed9i th\u1ea5t Tipi\" \/>\n<meta property=\"article:publisher\" content=\"https:\/\/www.facebook.com\/profile.php?id=61583275246966#\" \/>\n<meta property=\"article:modified_time\" content=\"2025-11-15T15:02:53+00:00\" \/>\n<meta property=\"og:image\" content=\"https:\/\/xuongnoithattipi.com\/wp-content\/uploads\/2025\/11\/tu-mdf-class.jpg\" \/>\n\t<meta property=\"og:image:width\" content=\"1024\" \/>\n\t<meta property=\"og:image:height\" content=\"1024\" \/>\n\t<meta property=\"og:image:type\" content=\"image\/jpeg\" \/>\n<meta name=\"twitter:card\" content=\"summary_large_image\" \/>\n<meta name=\"twitter:label1\" content=\"\u01af\u1edbc t\u00ednh th\u1eddi gian \u0111\u1ecdc\" \/>\n\t<meta name=\"twitter:data1\" content=\"4 ph\u00fat\" \/>\n<script type=\"application\/ld+json\" class=\"yoast-schema-graph\">{\"@context\":\"https:\/\/schema.org\",\"@graph\":[{\"@type\":\"WebPage\",\"@id\":\"https:\/\/xuongnoithattipi.com\/?product=tu-ao-mdf-co-dien\",\"url\":\"https:\/\/xuongnoithattipi.com\/?product=tu-ao-mdf-co-dien\",\"name\":\"T\u1ee7 \u00c1o MDF C\u1ed5 \u0110i\u1ec3n - N\u1ed9i th\u1ea5t Tipi\",\"isPartOf\":{\"@id\":\"https:\/\/xuongnoithattipi.com\/#website\"},\"primaryImageOfPage\":{\"@id\":\"https:\/\/xuongnoithattipi.com\/?product=tu-ao-mdf-co-dien#primaryimage\"},\"image\":{\"@id\":\"https:\/\/xuongnoithattipi.com\/?product=tu-ao-mdf-co-dien#primaryimage\"},\"thumbnailUrl\":\"https:\/\/xuongnoithattipi.com\/wp-content\/uploads\/2025\/11\/tu-mdf-class.jpg\",\"datePublished\":\"2025-11-11T05:45:12+00:00\",\"dateModified\":\"2025-11-15T15:02:53+00:00\",\"breadcrumb\":{\"@id\":\"https:\/\/xuongnoithattipi.com\/?product=tu-ao-mdf-co-dien#breadcrumb\"},\"inLanguage\":\"vi\",\"potentialAction\":[{\"@type\":\"ReadAction\",\"target\":[\"https:\/\/xuongnoithattipi.com\/?product=tu-ao-mdf-co-dien\"]}]},{\"@type\":\"ImageObject\",\"inLanguage\":\"vi\",\"@id\":\"https:\/\/xuongnoithattipi.com\/?product=tu-ao-mdf-co-dien#primaryimage\",\"url\":\"https:\/\/xuongnoithattipi.com\/wp-content\/uploads\/2025\/11\/tu-mdf-class.jpg\",\"contentUrl\":\"https:\/\/xuongnoithattipi.com\/wp-content\/uploads\/2025\/11\/tu-mdf-class.jpg\",\"width\":1024,\"height\":1024},{\"@type\":\"BreadcrumbList\",\"@id\":\"https:\/\/xuongnoithattipi.com\/?product=tu-ao-mdf-co-dien#breadcrumb\",\"itemListElement\":[{\"@type\":\"ListItem\",\"position\":1,\"name\":\"Trang ch\u1ee7\",\"item\":\"https:\/\/xuongnoithattipi.com\/\"},{\"@type\":\"ListItem\",\"position\":2,\"name\":\"S\u1ea3n ph\u1ea9m\",\"item\":\"https:\/\/xuongnoithattipi.com\/shop\/\"},{\"@type\":\"ListItem\",\"position\":3,\"name\":\"T\u1ee7 \u00e1o MDF\",\"item\":\"https:\/\/xuongnoithattipi.com\/danh-muc-san-pham\/tu-ao-mdf\/\"},{\"@type\":\"ListItem\",\"position\":4,\"name\":\"T\u1ee7 \u00c1o MDF C\u1ed5 \u0110i\u1ec3n\"}]},{\"@type\":\"WebSite\",\"@id\":\"https:\/\/xuongnoithattipi.com\/#website\",\"url\":\"https:\/\/xuongnoithattipi.com\/\",\"name\":\"N\u1ed9i th\u1ea5t Tipi\",\"description\":\"\",\"publisher\":{\"@id\":\"https:\/\/xuongnoithattipi.com\/#organization\"},\"potentialAction\":[{\"@type\":\"SearchAction\",\"target\":{\"@type\":\"EntryPoint\",\"urlTemplate\":\"https:\/\/xuongnoithattipi.com\/?s={search_term_string}\"},\"query-input\":{\"@type\":\"PropertyValueSpecification\",\"valueRequired\":true,\"valueName\":\"search_term_string\"}}],\"inLanguage\":\"vi\"},{\"@type\":\"Organization\",\"@id\":\"https:\/\/xuongnoithattipi.com\/#organization\",\"name\":\"N\u1ed9i th\u1ea5t Tipi\",\"url\":\"https:\/\/xuongnoithattipi.com\/\",\"logo\":{\"@type\":\"ImageObject\",\"inLanguage\":\"vi\",\"@id\":\"https:\/\/xuongnoithattipi.com\/#\/schema\/logo\/image\/\",\"url\":\"http:\/\/xuongnoithattipi.com\/wp-content\/uploads\/2025\/11\/LOGO_XUONG-NOI-THAT-TIPI_WEB-COLOR-full.png\",\"contentUrl\":\"http:\/\/xuongnoithattipi.com\/wp-content\/uploads\/2025\/11\/LOGO_XUONG-NOI-THAT-TIPI_WEB-COLOR-full.png\",\"width\":536,\"height\":126,\"caption\":\"N\u1ed9i th\u1ea5t Tipi\"},\"image\":{\"@id\":\"https:\/\/xuongnoithattipi.com\/#\/schema\/logo\/image\/\"},\"sameAs\":[\"https:\/\/www.facebook.com\/profile.php?id=61583275246966#\"]}]}<\/script>\n<!-- \/ Yoast SEO Premium plugin. -->","yoast_head_json":{"title":"T\u1ee7 \u00c1o MDF C\u1ed5 \u0110i\u1ec3n - N\u1ed9i th\u1ea5t Tipi","robots":{"index":"index","follow":"follow","max-snippet":"max-snippet:-1","max-image-preview":"max-image-preview:large","max-video-preview":"max-video-preview:-1"},"canonical":"https:\/\/xuongnoithattipi.com\/?product=tu-ao-mdf-co-dien","og_locale":"vi_VN","og_type":"article","og_title":"T\u1ee7 \u00c1o MDF C\u1ed5 \u0110i\u1ec3n","og_description":"Kh\u00e1m ph\u00e1 t\u1ee7 \u00e1o MDF c\u1ed5 \u0111i\u1ec3n c\u1ee7a N\u1ed8I TH\u1ea4T TIPI \u2013 thi\u1ebft k\u1ebf tinh x\u1ea3o, ch\u1ea5t li\u1ec7u g\u1ed7 MDF cao c\u1ea5p, mang \u0111\u1ebfn s\u1ef1 sang tr\u1ecdng v\u00e0 ti\u1ec7n nghi cho kh\u00f4ng gian ph\u00f2ng ng\u1ee7. \u0110\u1eb7t h\u00e0ng ngay t\u1ea1i TP.HCM.","og_url":"https:\/\/xuongnoithattipi.com\/?product=tu-ao-mdf-co-dien","og_site_name":"N\u1ed9i th\u1ea5t Tipi","article_publisher":"https:\/\/www.facebook.com\/profile.php?id=61583275246966#","article_modified_time":"2025-11-15T15:02:53+00:00","og_image":[{"width":1024,"height":1024,"url":"https:\/\/xuongnoithattipi.com\/wp-content\/uploads\/2025\/11\/tu-mdf-class.jpg","type":"image\/jpeg"}],"twitter_card":"summary_large_image","twitter_misc":{"\u01af\u1edbc t\u00ednh th\u1eddi gian \u0111\u1ecdc":"4 ph\u00fat"},"schema":{"@context":"https:\/\/schema.org","@graph":[{"@type":"WebPage","@id":"https:\/\/xuongnoithattipi.com\/?product=tu-ao-mdf-co-dien","url":"https:\/\/xuongnoithattipi.com\/?product=tu-ao-mdf-co-dien","name":"T\u1ee7 \u00c1o MDF C\u1ed5 \u0110i\u1ec3n - N\u1ed9i th\u1ea5t Tipi","isPartOf":{"@id":"https:\/\/xuongnoithattipi.com\/#website"},"primaryImageOfPage":{"@id":"https:\/\/xuongnoithattipi.com\/?product=tu-ao-mdf-co-dien#primaryimage"},"image":{"@id":"https:\/\/xuongnoithattipi.com\/?product=tu-ao-mdf-co-dien#primaryimage"},"thumbnailUrl":"https:\/\/xuongnoithattipi.com\/wp-content\/uploads\/2025\/11\/tu-mdf-class.jpg","datePublished":"2025-11-11T05:45:12+00:00","dateModified":"2025-11-15T15:02:53+00:00","breadcrumb":{"@id":"https:\/\/xuongnoithattipi.com\/?product=tu-ao-mdf-co-dien#breadcrumb"},"inLanguage":"vi","potentialAction":[{"@type":"ReadAction","target":["https:\/\/xuongnoithattipi.com\/?product=tu-ao-mdf-co-dien"]}]},{"@type":"ImageObject","inLanguage":"vi","@id":"https:\/\/xuongnoithattipi.com\/?product=tu-ao-mdf-co-dien#primaryimage","url":"https:\/\/xuongnoithattipi.com\/wp-content\/uploads\/2025\/11\/tu-mdf-class.jpg","contentUrl":"https:\/\/xuongnoithattipi.com\/wp-content\/uploads\/2025\/11\/tu-mdf-class.jpg","width":1024,"height":1024},{"@type":"BreadcrumbList","@id":"https:\/\/xuongnoithattipi.com\/?product=tu-ao-mdf-co-dien#breadcrumb","itemListElement":[{"@type":"ListItem","position":1,"name":"Trang ch\u1ee7","item":"https:\/\/xuongnoithattipi.com\/"},{"@type":"ListItem","position":2,"name":"S\u1ea3n ph\u1ea9m","item":"https:\/\/xuongnoithattipi.com\/shop\/"},{"@type":"ListItem","position":3,"name":"T\u1ee7 \u00e1o MDF","item":"https:\/\/xuongnoithattipi.com\/danh-muc-san-pham\/tu-ao-mdf\/"},{"@type":"ListItem","position":4,"name":"T\u1ee7 \u00c1o MDF C\u1ed5 \u0110i\u1ec3n"}]},{"@type":"WebSite","@id":"https:\/\/xuongnoithattipi.com\/#website","url":"https:\/\/xuongnoithattipi.com\/","name":"N\u1ed9i th\u1ea5t Tipi","description":"","publisher":{"@id":"https:\/\/xuongnoithattipi.com\/#organization"},"potentialAction":[{"@type":"SearchAction","target":{"@type":"EntryPoint","urlTemplate":"https:\/\/xuongnoithattipi.com\/?s={search_term_string}"},"query-input":{"@type":"PropertyValueSpecification","valueRequired":true,"valueName":"search_term_string"}}],"inLanguage":"vi"},{"@type":"Organization","@id":"https:\/\/xuongnoithattipi.com\/#organization","name":"N\u1ed9i th\u1ea5t Tipi","url":"https:\/\/xuongnoithattipi.com\/","logo":{"@type":"ImageObject","inLanguage":"vi","@id":"https:\/\/xuongnoithattipi.com\/#\/schema\/logo\/image\/","url":"http:\/\/xuongnoithattipi.com\/wp-content\/uploads\/2025\/11\/LOGO_XUONG-NOI-THAT-TIPI_WEB-COLOR-full.png","contentUrl":"http:\/\/xuongnoithattipi.com\/wp-content\/uploads\/2025\/11\/LOGO_XUONG-NOI-THAT-TIPI_WEB-COLOR-full.png","width":536,"height":126,"caption":"N\u1ed9i th\u1ea5t Tipi"},"image":{"@id":"https:\/\/xuongnoithattipi.com\/#\/schema\/logo\/image\/"},"sameAs":["https:\/\/www.facebook.com\/profile.php?id=61583275246966#"]}]}},"_links":{"self":[{"href":"https:\/\/xuongnoithattipi.com\/index.php?rest_route=\/wp\/v2\/product\/3993","targetHints":{"allow":["GET"]}}],"collection":[{"href":"https:\/\/xuongnoithattipi.com\/index.php?rest_route=\/wp\/v2\/product"}],"about":[{"href":"https:\/\/xuongnoithattipi.com\/index.php?rest_route=\/wp\/v2\/types\/product"}],"replies":[{"embeddable":true,"href":"https:\/\/xuongnoithattipi.com\/index.php?rest_route=%2Fwp%2Fv2%2Fcomments&post=3993"}],"wp:featuredmedia":[{"embeddable":true,"href":"https:\/\/xuongnoithattipi.com\/index.php?rest_route=\/wp\/v2\/media\/3994"}],"wp:attachment":[{"href":"https:\/\/xuongnoithattipi.com\/index.php?rest_route=%2Fwp%2Fv2%2Fmedia&parent=3993"}],"wp:term":[{"taxonomy":"product_brand","embeddable":true,"href":"https:\/\/xuongnoithattipi.com\/index.php?rest_route=%2Fwp%2Fv2%2Fproduct_brand&post=3993"},{"taxonomy":"product_cat","embeddable":true,"href":"https:\/\/xuongnoithattipi.com\/index.php?rest_route=%2Fwp%2Fv2%2Fproduct_cat&post=3993"},{"taxonomy":"product_tag","embeddable":true,"href":"https:\/\/xuongnoithattipi.com\/index.php?rest_route=%2Fwp%2Fv2%2Fproduct_tag&post=3993"}],"curies":[{"name":"wp","href":"https:\/\/api.w.org\/{rel}","templated":true}]}}