{"id":3980,"date":"2025-11-11T00:13:09","date_gmt":"2025-11-10T17:13:09","guid":{"rendered":"https:\/\/xuongnoithattipi.com\/?post_type=product&#038;p=3980"},"modified":"2025-11-15T22:03:03","modified_gmt":"2025-11-15T15:03:03","slug":"vo-loa-xach-tay","status":"publish","type":"product","link":"https:\/\/xuongnoithattipi.com\/?product=vo-loa-xach-tay","title":{"rendered":"V\u1ecf Loa X\u00e1ch Tay"},"content":{"rendered":"<p><b>V\u1ecf Loa X\u00e1ch Tay \u2013 \u0110\u1ed3ng H\u00e0nh C\u00f9ng M\u1ecdi Cu\u1ed9c Vui \u00c2m Nh\u1ea1c<\/b><\/p>\n<p>B\u1ea1n l\u00e0 ng\u01b0\u1eddi y\u00eau th\u00edch \u00e2m nh\u1ea1c v\u00e0 mu\u1ed1n mang theo nh\u1eefng giai \u0111i\u1ec7u y\u00eau th\u00edch \u0111\u1ebfn b\u1ea5t c\u1ee9 \u0111\u00e2u? S\u1ea3n ph\u1ea9m v\u1ecf loa x\u00e1ch tay t\u1eeb N\u1ed8I TH\u1ea4T TIPI ch\u00ednh l\u00e0 gi\u1ea3i ph\u00e1p ho\u00e0n h\u1ea3o, k\u1ebft h\u1ee3p gi\u1eefa t\u00ednh di \u0111\u1ed9ng, \u0111\u1ed9 b\u1ec1n b\u1ec9 v\u00e0 kh\u1ea3 n\u0103ng b\u1ea3o v\u1ec7 t\u1ed1i \u01b0u cho h\u1ec7 th\u1ed1ng \u00e2m thanh c\u1ee7a b\u1ea1n.<br \/>\n<img loading=\"lazy\" decoding=\"async\" class=\"alignnone wp-image-3984\" src=\"http:\/\/xuongnoithattipi.com\/wp-content\/uploads\/2025\/11\/vo-loa-sach-tay-4-300x300.jpg\" alt=\"\" width=\"332\" height=\"332\" srcset=\"https:\/\/xuongnoithattipi.com\/wp-content\/uploads\/2025\/11\/vo-loa-sach-tay-4-300x300.jpg 300w, https:\/\/xuongnoithattipi.com\/wp-content\/uploads\/2025\/11\/vo-loa-sach-tay-4-150x150.jpg 150w, https:\/\/xuongnoithattipi.com\/wp-content\/uploads\/2025\/11\/vo-loa-sach-tay-4-768x768.jpg 768w, https:\/\/xuongnoithattipi.com\/wp-content\/uploads\/2025\/11\/vo-loa-sach-tay-4-256x256.jpg 256w, https:\/\/xuongnoithattipi.com\/wp-content\/uploads\/2025\/11\/vo-loa-sach-tay-4-100x100.jpg 100w, https:\/\/xuongnoithattipi.com\/wp-content\/uploads\/2025\/11\/vo-loa-sach-tay-4.jpg 1024w\" sizes=\"auto, (max-width: 332px) 100vw, 332px\" \/> <img loading=\"lazy\" decoding=\"async\" class=\"alignnone wp-image-3983\" src=\"http:\/\/xuongnoithattipi.com\/wp-content\/uploads\/2025\/11\/vo-loa-sach-tay-2-300x300.jpg\" alt=\"\" width=\"324\" height=\"324\" srcset=\"https:\/\/xuongnoithattipi.com\/wp-content\/uploads\/2025\/11\/vo-loa-sach-tay-2-300x300.jpg 300w, https:\/\/xuongnoithattipi.com\/wp-content\/uploads\/2025\/11\/vo-loa-sach-tay-2-150x150.jpg 150w, https:\/\/xuongnoithattipi.com\/wp-content\/uploads\/2025\/11\/vo-loa-sach-tay-2-768x768.jpg 768w, https:\/\/xuongnoithattipi.com\/wp-content\/uploads\/2025\/11\/vo-loa-sach-tay-2-256x256.jpg 256w, https:\/\/xuongnoithattipi.com\/wp-content\/uploads\/2025\/11\/vo-loa-sach-tay-2-100x100.jpg 100w, https:\/\/xuongnoithattipi.com\/wp-content\/uploads\/2025\/11\/vo-loa-sach-tay-2.jpg 1024w\" sizes=\"auto, (max-width: 324px) 100vw, 324px\" \/><\/p>\n<p><b>V\u1ecf Loa X\u00e1ch Tay: Nh\u1eb9 G\u1ecdn, Th\u1eddi Trang, B\u1ea3o V\u1ec7 To\u00e0n Di\u1ec7n Cho \u00c2m Thanh C\u1ee7a B\u1ea1n<\/b> V\u1ecf loa x\u00e1ch tay kh\u00f4ng ch\u1ec9 l\u00e0 m\u1ed9t ph\u1ee5 ki\u1ec7n b\u1ea3o v\u1ec7 m\u00e0 c\u00f2n l\u00e0 ng\u01b0\u1eddi b\u1ea1n \u0111\u1ed3ng h\u00e0nh l\u00fd t\u01b0\u1edfng, gi\u00fap b\u1ea1n d\u1ec5 d\u00e0ng mang theo \u00e2m nh\u1ea1c \u0111\u1ebfn m\u1ecdi n\u01a1i, t\u1eeb nh\u1eefng bu\u1ed5i d\u00e3 ngo\u1ea1i, ti\u1ec7c t\u00f9ng \u0111\u1ebfn c\u00e1c bu\u1ed5i bi\u1ec3u di\u1ec5n nh\u1ecf.<\/p>\n<p><b>T\u1ea1i Sao N\u00ean Ch\u1ecdn V\u1ecf Loa X\u00e1ch Tay C\u1ee7a N\u1ed8I TH\u1ea4T TIPI?<\/b><\/p>\n<ol start=\"1\">\n<li><b>Thi\u1ebft K\u1ebf Nh\u1ecf G\u1ecdn, Ti\u1ec7n L\u1ee3i Di Chuy\u1ec3n:<\/b> \u0110i\u1ec3m n\u1ed5i b\u1eadt c\u1ee7a v\u1ecf loa x\u00e1ch tay l\u00e0 thi\u1ebft k\u1ebf t\u1ed1i \u01b0u cho s\u1ef1 di \u0111\u1ed9ng. V\u1edbi k\u00edch th\u01b0\u1edbc v\u1eeba ph\u1ea3i v\u00e0 th\u01b0\u1eddng t\u00edch h\u1ee3p quai x\u00e1ch ti\u1ec7n l\u1ee3i, b\u1ea1n c\u00f3 th\u1ec3 d\u1ec5 d\u00e0ng mang loa \u0111i kh\u1eafp m\u1ecdi n\u01a1i m\u00e0 kh\u00f4ng g\u1eb7p b\u1ea5t k\u1ef3 tr\u1edf ng\u1ea1i n\u00e0o. S\u1ea3n ph\u1ea9m ph\u00f9 h\u1ee3p cho c\u00e1c bu\u1ed5i g\u1eb7p m\u1eb7t b\u1ea1n b\u00e8, c\u1eafm tr\u1ea1i, du l\u1ecbch ho\u1eb7c c\u00e1c s\u1ef1 ki\u1ec7n ngo\u00e0i tr\u1eddi.<\/li>\n<li><b>Ch\u1ea5t Li\u1ec7u B\u1ec1n B\u1ec9, Ch\u1ed1ng Ch\u1ecbu T\u00e1c \u0110\u1ed9ng:<\/b> Ch\u00fang t\u00f4i s\u1eed d\u1ee5ng c\u00e1c lo\u1ea1i g\u1ed7 c\u00f4ng nghi\u1ec7p ch\u1ea5t l\u01b0\u1ee3ng cao (nh\u01b0 MDF) \u0111\u01b0\u1ee3c gia c\u1ed1 v\u00e0 ph\u1ee7 b\u1ec1 m\u1eb7t b\u1eb1ng v\u1eadt li\u1ec7u ch\u1ed1ng tr\u1ea7y x\u01b0\u1edbc, ch\u1ed1ng th\u1ea5m n\u01b0\u1edbc v\u00e0 ch\u1ecbu va \u0111\u1eadp t\u1ed1t. \u0110i\u1ec1u n\u00e0y \u0111\u1ea3m b\u1ea3o r\u1eb1ng c\u00e1c c\u1ee7 loa v\u00e0 linh ki\u1ec7n b\u00ean trong \u0111\u01b0\u1ee3c b\u1ea3o v\u1ec7 an to\u00e0n kh\u1ecfi c\u00e1c y\u1ebfu t\u1ed1 m\u00f4i tr\u01b0\u1eddng v\u00e0 t\u00e1c \u0111\u1ed9ng v\u1eadt l\u00fd trong qu\u00e1 tr\u00ecnh di chuy\u1ec3n.<\/li>\n<li><b>Th\u1ea9m M\u1ef9 \u0110a D\u1ea1ng, Ph\u00f9 H\u1ee3p Phong C\u00e1ch:<\/b> V\u1ecf loa x\u00e1ch tay c\u1ee7a ch\u00fang t\u00f4i kh\u00f4ng ch\u1ec9 b\u1ec1n m\u00e0 c\u00f2n c\u00f3 t\u00ednh th\u1ea9m m\u1ef9 cao. V\u1edbi nhi\u1ec1u l\u1ef1a ch\u1ecdn v\u1ec1 m\u00e0u s\u1eafc, t\u1eeb v\u00e2n g\u1ed7 t\u1ef1 nhi\u00ean \u1ea5m \u00e1p \u0111\u1ebfn c\u00e1c t\u00f4ng m\u00e0u hi\u1ec7n \u0111\u1ea1i, c\u00f9ng c\u00e1c chi ti\u1ebft thi\u1ebft k\u1ebf tinh t\u1ebf, s\u1ea3n ph\u1ea9m d\u1ec5 d\u00e0ng ph\u00f9 h\u1ee3p v\u1edbi phong c\u00e1ch c\u00e1 nh\u00e2n v\u00e0 c\u00e1c lo\u1ea1i loa kh\u00e1c nhau.<\/li>\n<li><b>T\u1ed1i \u01afu Hi\u1ec7u Su\u1ea5t \u00c2m Thanh:<\/b> M\u1eb7c d\u00f9 nh\u1ecf g\u1ecdn, v\u1ecf loa v\u1eabn \u0111\u01b0\u1ee3c thi\u1ebft k\u1ebf \u0111\u1ec3 t\u1ed1i \u01b0u h\u00f3a \u00e2m h\u1ecdc. C\u1ea5u tr\u00fac b\u00ean trong \u0111\u01b0\u1ee3c t\u00ednh to\u00e1n \u0111\u1ec3 gi\u1ea3m thi\u1ec3u rung \u0111\u1ed9ng kh\u00f4ng mong mu\u1ed1n, gi\u00fap \u00e2m thanh ph\u00e1t ra trong tr\u1ebbo, r\u00f5 r\u00e0ng v\u00e0 m\u1ea1nh m\u1ebd, mang l\u1ea1i tr\u1ea3i nghi\u1ec7m nghe nh\u1ea1c t\u1ed1t nh\u1ea5t ngay c\u1ea3 khi di chuy\u1ec3n.<br \/>\n<img loading=\"lazy\" decoding=\"async\" class=\"alignnone wp-image-3982\" src=\"http:\/\/xuongnoithattipi.com\/wp-content\/uploads\/2025\/11\/vo-lao-sach-tay3-300x300.jpg\" alt=\"\" width=\"325\" height=\"325\" srcset=\"https:\/\/xuongnoithattipi.com\/wp-content\/uploads\/2025\/11\/vo-lao-sach-tay3-300x300.jpg 300w, https:\/\/xuongnoithattipi.com\/wp-content\/uploads\/2025\/11\/vo-lao-sach-tay3-150x150.jpg 150w, https:\/\/xuongnoithattipi.com\/wp-content\/uploads\/2025\/11\/vo-lao-sach-tay3-768x768.jpg 768w, https:\/\/xuongnoithattipi.com\/wp-content\/uploads\/2025\/11\/vo-lao-sach-tay3-256x256.jpg 256w, https:\/\/xuongnoithattipi.com\/wp-content\/uploads\/2025\/11\/vo-lao-sach-tay3-100x100.jpg 100w, https:\/\/xuongnoithattipi.com\/wp-content\/uploads\/2025\/11\/vo-lao-sach-tay3.jpg 1024w\" sizes=\"auto, (max-width: 325px) 100vw, 325px\" \/> <img loading=\"lazy\" decoding=\"async\" class=\"alignnone wp-image-3981\" src=\"http:\/\/xuongnoithattipi.com\/wp-content\/uploads\/2025\/11\/vo-loa-sach-tay1-300x300.jpg\" alt=\"\" width=\"324\" height=\"324\" srcset=\"https:\/\/xuongnoithattipi.com\/wp-content\/uploads\/2025\/11\/vo-loa-sach-tay1-300x300.jpg 300w, https:\/\/xuongnoithattipi.com\/wp-content\/uploads\/2025\/11\/vo-loa-sach-tay1-150x150.jpg 150w, https:\/\/xuongnoithattipi.com\/wp-content\/uploads\/2025\/11\/vo-loa-sach-tay1-768x768.jpg 768w, https:\/\/xuongnoithattipi.com\/wp-content\/uploads\/2025\/11\/vo-loa-sach-tay1-256x256.jpg 256w, https:\/\/xuongnoithattipi.com\/wp-content\/uploads\/2025\/11\/vo-loa-sach-tay1-100x100.jpg 100w, https:\/\/xuongnoithattipi.com\/wp-content\/uploads\/2025\/11\/vo-loa-sach-tay1.jpg 1024w\" sizes=\"auto, (max-width: 324px) 100vw, 324px\" \/><\/li>\n<\/ol>\n<p><b>Li\u00ean H\u1ec7 N\u1ed8I TH\u1ea4T TIPI \u0110\u1ec3 \u0110\u01b0\u1ee3c T\u01b0 V\u1ea5n:<\/b><\/p>\n<p>\u0110\u1ec3 \u0111\u01b0\u1ee3c t\u01b0 v\u1ea5n chi ti\u1ebft v\u00e0 s\u1edf h\u1eefu ngay v\u1ecf loa x\u00e1ch tay ch\u1ea5t l\u01b0\u1ee3ng cao \u01b0ng \u00fd, h\u00e3y li\u00ean h\u1ec7 v\u1edbi N\u1ed8I TH\u1ea4T TIPI qua th\u00f4ng tin d\u01b0\u1edbi \u0111\u00e2y:<\/p>\n<ul>\n<li><b>C\u00d4NG TY TNHH TH\u01af\u01a0NG M\u1ea0I V\u00c0 S\u1ea2N XU\u1ea4T TIPI WOOD<\/b><\/li>\n<li><b>\u0110\u1ecba ch\u1ec9:<\/b> 221\/229 B\u00ecnh Th\u00e0nh, Ph\u01b0\u1eddng B\u00ecnh T\u00e2n, TP.HCM<\/li>\n<li><b>Kinh doanh:<\/b> 0909.52.69.62<\/li>\n<li><b>H\u1ed7 tr\u1ee3 k\u1ef9 thu\u1eadt:<\/b> 0938.40.50.62<\/li>\n<li><b>Email:<\/b> tipiwood.sg@gmail.com<\/li>\n<\/ul>\n<p>N\u1ed8I TH\u1ea4T TIPI lu\u00f4n s\u1eb5n l\u00f2ng ph\u1ee5c v\u1ee5 v\u00e0 mang \u0111\u1ebfn nh\u1eefng gi\u1ea3i ph\u00e1p n\u1ed9i th\u1ea5t ho\u00e0n h\u1ea3o nh\u1ea5t cho kh\u00f4ng gian s\u1ed1ng v\u00e0 ni\u1ec1m \u0111am m\u00ea \u00e2m nh\u1ea1c c\u1ee7a b\u1ea1n!<\/p>\n","protected":false},"excerpt":{"rendered":"<p>Kh\u00e1m ph\u00e1 v\u1ecf loa x\u00e1ch tay c\u1ee7a N\u1ed8I TH\u1ea4T TIPI \u2013 thi\u1ebft k\u1ebf nh\u1ecf g\u1ecdn, ch\u1ea5t li\u1ec7u b\u1ec1n \u0111\u1eb9p, l\u00fd t\u01b0\u1edfng cho nh\u1eefng ng\u01b0\u1eddi y\u00eau \u00e2m nh\u1ea1c di chuy\u1ec3n. \u0110\u1eb7t h\u00e0ng ngay t\u1ea1i TP.HCM.<\/p>\n","protected":false},"featured_media":4017,"comment_status":"open","ping_status":"closed","template":"","meta":{"_acf_changed":false},"product_brand":[],"product_cat":[146],"product_tag":[],"class_list":{"0":"post-3980","1":"product","2":"type-product","3":"status-publish","4":"has-post-thumbnail","6":"product_cat-vo-thung-loa","8":"first","9":"instock","10":"shipping-taxable","11":"purchasable","12":"product-type-simple"},"acf":[],"yoast_head":"<!-- This site is optimized with the Yoast SEO Premium plugin v22.6 (Yoast SEO v26.3) - https:\/\/yoast.com\/wordpress\/plugins\/seo\/ -->\n<title>V\u1ecf Loa X\u00e1ch Tay - N\u1ed9i th\u1ea5t Tipi<\/title>\n<meta name=\"robots\" content=\"index, follow, max-snippet:-1, max-image-preview:large, max-video-preview:-1\" \/>\n<link rel=\"canonical\" href=\"https:\/\/xuongnoithattipi.com\/?product=vo-loa-xach-tay\" \/>\n<meta property=\"og:locale\" content=\"vi_VN\" \/>\n<meta property=\"og:type\" content=\"article\" \/>\n<meta property=\"og:title\" content=\"V\u1ecf Loa X\u00e1ch Tay\" \/>\n<meta property=\"og:description\" content=\"Kh\u00e1m ph\u00e1 v\u1ecf loa x\u00e1ch tay c\u1ee7a N\u1ed8I TH\u1ea4T TIPI \u2013 thi\u1ebft k\u1ebf nh\u1ecf g\u1ecdn, ch\u1ea5t li\u1ec7u b\u1ec1n \u0111\u1eb9p, l\u00fd t\u01b0\u1edfng cho nh\u1eefng ng\u01b0\u1eddi y\u00eau \u00e2m nh\u1ea1c di chuy\u1ec3n. \u0110\u1eb7t h\u00e0ng ngay t\u1ea1i TP.HCM.\" \/>\n<meta property=\"og:url\" content=\"https:\/\/xuongnoithattipi.com\/?product=vo-loa-xach-tay\" \/>\n<meta property=\"og:site_name\" content=\"N\u1ed9i th\u1ea5t Tipi\" \/>\n<meta property=\"article:publisher\" content=\"https:\/\/www.facebook.com\/profile.php?id=61583275246966#\" \/>\n<meta property=\"article:modified_time\" content=\"2025-11-15T15:03:03+00:00\" \/>\n<meta property=\"og:image\" content=\"https:\/\/xuongnoithattipi.com\/wp-content\/uploads\/2025\/11\/vo-thung-loa-sach-tay.jpg\" \/>\n\t<meta property=\"og:image:width\" content=\"1024\" \/>\n\t<meta property=\"og:image:height\" content=\"1024\" \/>\n\t<meta property=\"og:image:type\" content=\"image\/jpeg\" \/>\n<meta name=\"twitter:card\" content=\"summary_large_image\" \/>\n<meta name=\"twitter:label1\" content=\"\u01af\u1edbc t\u00ednh th\u1eddi gian \u0111\u1ecdc\" \/>\n\t<meta name=\"twitter:data1\" content=\"4 ph\u00fat\" \/>\n<script type=\"application\/ld+json\" class=\"yoast-schema-graph\">{\"@context\":\"https:\/\/schema.org\",\"@graph\":[{\"@type\":\"WebPage\",\"@id\":\"https:\/\/xuongnoithattipi.com\/?product=vo-loa-xach-tay\",\"url\":\"https:\/\/xuongnoithattipi.com\/?product=vo-loa-xach-tay\",\"name\":\"V\u1ecf Loa X\u00e1ch Tay - N\u1ed9i th\u1ea5t Tipi\",\"isPartOf\":{\"@id\":\"https:\/\/xuongnoithattipi.com\/#website\"},\"primaryImageOfPage\":{\"@id\":\"https:\/\/xuongnoithattipi.com\/?product=vo-loa-xach-tay#primaryimage\"},\"image\":{\"@id\":\"https:\/\/xuongnoithattipi.com\/?product=vo-loa-xach-tay#primaryimage\"},\"thumbnailUrl\":\"https:\/\/xuongnoithattipi.com\/wp-content\/uploads\/2025\/11\/vo-thung-loa-sach-tay.jpg\",\"datePublished\":\"2025-11-10T17:13:09+00:00\",\"dateModified\":\"2025-11-15T15:03:03+00:00\",\"breadcrumb\":{\"@id\":\"https:\/\/xuongnoithattipi.com\/?product=vo-loa-xach-tay#breadcrumb\"},\"inLanguage\":\"vi\",\"potentialAction\":[{\"@type\":\"ReadAction\",\"target\":[\"https:\/\/xuongnoithattipi.com\/?product=vo-loa-xach-tay\"]}]},{\"@type\":\"ImageObject\",\"inLanguage\":\"vi\",\"@id\":\"https:\/\/xuongnoithattipi.com\/?product=vo-loa-xach-tay#primaryimage\",\"url\":\"https:\/\/xuongnoithattipi.com\/wp-content\/uploads\/2025\/11\/vo-thung-loa-sach-tay.jpg\",\"contentUrl\":\"https:\/\/xuongnoithattipi.com\/wp-content\/uploads\/2025\/11\/vo-thung-loa-sach-tay.jpg\",\"width\":1024,\"height\":1024},{\"@type\":\"BreadcrumbList\",\"@id\":\"https:\/\/xuongnoithattipi.com\/?product=vo-loa-xach-tay#breadcrumb\",\"itemListElement\":[{\"@type\":\"ListItem\",\"position\":1,\"name\":\"Trang ch\u1ee7\",\"item\":\"https:\/\/xuongnoithattipi.com\/\"},{\"@type\":\"ListItem\",\"position\":2,\"name\":\"S\u1ea3n ph\u1ea9m\",\"item\":\"https:\/\/xuongnoithattipi.com\/shop\/\"},{\"@type\":\"ListItem\",\"position\":3,\"name\":\"V\u1ecf th\u00f9ng loa\",\"item\":\"https:\/\/xuongnoithattipi.com\/danh-muc-san-pham\/vo-thung-loa\/\"},{\"@type\":\"ListItem\",\"position\":4,\"name\":\"V\u1ecf Loa X\u00e1ch Tay\"}]},{\"@type\":\"WebSite\",\"@id\":\"https:\/\/xuongnoithattipi.com\/#website\",\"url\":\"https:\/\/xuongnoithattipi.com\/\",\"name\":\"N\u1ed9i th\u1ea5t Tipi\",\"description\":\"\",\"publisher\":{\"@id\":\"https:\/\/xuongnoithattipi.com\/#organization\"},\"potentialAction\":[{\"@type\":\"SearchAction\",\"target\":{\"@type\":\"EntryPoint\",\"urlTemplate\":\"https:\/\/xuongnoithattipi.com\/?s={search_term_string}\"},\"query-input\":{\"@type\":\"PropertyValueSpecification\",\"valueRequired\":true,\"valueName\":\"search_term_string\"}}],\"inLanguage\":\"vi\"},{\"@type\":\"Organization\",\"@id\":\"https:\/\/xuongnoithattipi.com\/#organization\",\"name\":\"N\u1ed9i th\u1ea5t Tipi\",\"url\":\"https:\/\/xuongnoithattipi.com\/\",\"logo\":{\"@type\":\"ImageObject\",\"inLanguage\":\"vi\",\"@id\":\"https:\/\/xuongnoithattipi.com\/#\/schema\/logo\/image\/\",\"url\":\"http:\/\/xuongnoithattipi.com\/wp-content\/uploads\/2025\/11\/LOGO_XUONG-NOI-THAT-TIPI_WEB-COLOR-full.png\",\"contentUrl\":\"http:\/\/xuongnoithattipi.com\/wp-content\/uploads\/2025\/11\/LOGO_XUONG-NOI-THAT-TIPI_WEB-COLOR-full.png\",\"width\":536,\"height\":126,\"caption\":\"N\u1ed9i th\u1ea5t Tipi\"},\"image\":{\"@id\":\"https:\/\/xuongnoithattipi.com\/#\/schema\/logo\/image\/\"},\"sameAs\":[\"https:\/\/www.facebook.com\/profile.php?id=61583275246966#\"]}]}<\/script>\n<!-- \/ Yoast SEO Premium plugin. -->","yoast_head_json":{"title":"V\u1ecf Loa X\u00e1ch Tay - N\u1ed9i th\u1ea5t Tipi","robots":{"index":"index","follow":"follow","max-snippet":"max-snippet:-1","max-image-preview":"max-image-preview:large","max-video-preview":"max-video-preview:-1"},"canonical":"https:\/\/xuongnoithattipi.com\/?product=vo-loa-xach-tay","og_locale":"vi_VN","og_type":"article","og_title":"V\u1ecf Loa X\u00e1ch Tay","og_description":"Kh\u00e1m ph\u00e1 v\u1ecf loa x\u00e1ch tay c\u1ee7a N\u1ed8I TH\u1ea4T TIPI \u2013 thi\u1ebft k\u1ebf nh\u1ecf g\u1ecdn, ch\u1ea5t li\u1ec7u b\u1ec1n \u0111\u1eb9p, l\u00fd t\u01b0\u1edfng cho nh\u1eefng ng\u01b0\u1eddi y\u00eau \u00e2m nh\u1ea1c di chuy\u1ec3n. \u0110\u1eb7t h\u00e0ng ngay t\u1ea1i TP.HCM.","og_url":"https:\/\/xuongnoithattipi.com\/?product=vo-loa-xach-tay","og_site_name":"N\u1ed9i th\u1ea5t Tipi","article_publisher":"https:\/\/www.facebook.com\/profile.php?id=61583275246966#","article_modified_time":"2025-11-15T15:03:03+00:00","og_image":[{"width":1024,"height":1024,"url":"https:\/\/xuongnoithattipi.com\/wp-content\/uploads\/2025\/11\/vo-thung-loa-sach-tay.jpg","type":"image\/jpeg"}],"twitter_card":"summary_large_image","twitter_misc":{"\u01af\u1edbc t\u00ednh th\u1eddi gian \u0111\u1ecdc":"4 ph\u00fat"},"schema":{"@context":"https:\/\/schema.org","@graph":[{"@type":"WebPage","@id":"https:\/\/xuongnoithattipi.com\/?product=vo-loa-xach-tay","url":"https:\/\/xuongnoithattipi.com\/?product=vo-loa-xach-tay","name":"V\u1ecf Loa X\u00e1ch Tay - N\u1ed9i th\u1ea5t Tipi","isPartOf":{"@id":"https:\/\/xuongnoithattipi.com\/#website"},"primaryImageOfPage":{"@id":"https:\/\/xuongnoithattipi.com\/?product=vo-loa-xach-tay#primaryimage"},"image":{"@id":"https:\/\/xuongnoithattipi.com\/?product=vo-loa-xach-tay#primaryimage"},"thumbnailUrl":"https:\/\/xuongnoithattipi.com\/wp-content\/uploads\/2025\/11\/vo-thung-loa-sach-tay.jpg","datePublished":"2025-11-10T17:13:09+00:00","dateModified":"2025-11-15T15:03:03+00:00","breadcrumb":{"@id":"https:\/\/xuongnoithattipi.com\/?product=vo-loa-xach-tay#breadcrumb"},"inLanguage":"vi","potentialAction":[{"@type":"ReadAction","target":["https:\/\/xuongnoithattipi.com\/?product=vo-loa-xach-tay"]}]},{"@type":"ImageObject","inLanguage":"vi","@id":"https:\/\/xuongnoithattipi.com\/?product=vo-loa-xach-tay#primaryimage","url":"https:\/\/xuongnoithattipi.com\/wp-content\/uploads\/2025\/11\/vo-thung-loa-sach-tay.jpg","contentUrl":"https:\/\/xuongnoithattipi.com\/wp-content\/uploads\/2025\/11\/vo-thung-loa-sach-tay.jpg","width":1024,"height":1024},{"@type":"BreadcrumbList","@id":"https:\/\/xuongnoithattipi.com\/?product=vo-loa-xach-tay#breadcrumb","itemListElement":[{"@type":"ListItem","position":1,"name":"Trang ch\u1ee7","item":"https:\/\/xuongnoithattipi.com\/"},{"@type":"ListItem","position":2,"name":"S\u1ea3n ph\u1ea9m","item":"https:\/\/xuongnoithattipi.com\/shop\/"},{"@type":"ListItem","position":3,"name":"V\u1ecf th\u00f9ng loa","item":"https:\/\/xuongnoithattipi.com\/danh-muc-san-pham\/vo-thung-loa\/"},{"@type":"ListItem","position":4,"name":"V\u1ecf Loa X\u00e1ch Tay"}]},{"@type":"WebSite","@id":"https:\/\/xuongnoithattipi.com\/#website","url":"https:\/\/xuongnoithattipi.com\/","name":"N\u1ed9i th\u1ea5t Tipi","description":"","publisher":{"@id":"https:\/\/xuongnoithattipi.com\/#organization"},"potentialAction":[{"@type":"SearchAction","target":{"@type":"EntryPoint","urlTemplate":"https:\/\/xuongnoithattipi.com\/?s={search_term_string}"},"query-input":{"@type":"PropertyValueSpecification","valueRequired":true,"valueName":"search_term_string"}}],"inLanguage":"vi"},{"@type":"Organization","@id":"https:\/\/xuongnoithattipi.com\/#organization","name":"N\u1ed9i th\u1ea5t Tipi","url":"https:\/\/xuongnoithattipi.com\/","logo":{"@type":"ImageObject","inLanguage":"vi","@id":"https:\/\/xuongnoithattipi.com\/#\/schema\/logo\/image\/","url":"http:\/\/xuongnoithattipi.com\/wp-content\/uploads\/2025\/11\/LOGO_XUONG-NOI-THAT-TIPI_WEB-COLOR-full.png","contentUrl":"http:\/\/xuongnoithattipi.com\/wp-content\/uploads\/2025\/11\/LOGO_XUONG-NOI-THAT-TIPI_WEB-COLOR-full.png","width":536,"height":126,"caption":"N\u1ed9i th\u1ea5t Tipi"},"image":{"@id":"https:\/\/xuongnoithattipi.com\/#\/schema\/logo\/image\/"},"sameAs":["https:\/\/www.facebook.com\/profile.php?id=61583275246966#"]}]}},"_links":{"self":[{"href":"https:\/\/xuongnoithattipi.com\/index.php?rest_route=\/wp\/v2\/product\/3980","targetHints":{"allow":["GET"]}}],"collection":[{"href":"https:\/\/xuongnoithattipi.com\/index.php?rest_route=\/wp\/v2\/product"}],"about":[{"href":"https:\/\/xuongnoithattipi.com\/index.php?rest_route=\/wp\/v2\/types\/product"}],"replies":[{"embeddable":true,"href":"https:\/\/xuongnoithattipi.com\/index.php?rest_route=%2Fwp%2Fv2%2Fcomments&post=3980"}],"wp:featuredmedia":[{"embeddable":true,"href":"https:\/\/xuongnoithattipi.com\/index.php?rest_route=\/wp\/v2\/media\/4017"}],"wp:attachment":[{"href":"https:\/\/xuongnoithattipi.com\/index.php?rest_route=%2Fwp%2Fv2%2Fmedia&parent=3980"}],"wp:term":[{"taxonomy":"product_brand","embeddable":true,"href":"https:\/\/xuongnoithattipi.com\/index.php?rest_route=%2Fwp%2Fv2%2Fproduct_brand&post=3980"},{"taxonomy":"product_cat","embeddable":true,"href":"https:\/\/xuongnoithattipi.com\/index.php?rest_route=%2Fwp%2Fv2%2Fproduct_cat&post=3980"},{"taxonomy":"product_tag","embeddable":true,"href":"https:\/\/xuongnoithattipi.com\/index.php?rest_route=%2Fwp%2Fv2%2Fproduct_tag&post=3980"}],"curies":[{"name":"wp","href":"https:\/\/api.w.org\/{rel}","templated":true}]}}