{"id":3969,"date":"2025-11-10T23:22:57","date_gmt":"2025-11-10T16:22:57","guid":{"rendered":"https:\/\/xuongnoithattipi.com\/?post_type=product&#038;p=3969"},"modified":"2025-11-15T22:03:24","modified_gmt":"2025-11-15T15:03:24","slug":"giuong-mdf-hien-dai","status":"publish","type":"product","link":"https:\/\/xuongnoithattipi.com\/?product=giuong-mdf-hien-dai","title":{"rendered":"Gi\u01b0\u1eddng MDF Hi\u1ec7n \u0110\u1ea1i"},"content":{"rendered":"<p><b>Gi\u01b0\u1eddng MDF Hi\u1ec7n \u0110\u1ea1i \u2013 N\u00e9t Tinh T\u1ebf Cho Kh\u00f4ng Gian S\u1ed1ng M\u1edbi<\/b><\/p>\n<p>B\u1ea1n \u0111ang t\u00ecm ki\u1ebfm m\u1ed9t chi\u1ebfc gi\u01b0\u1eddng kh\u00f4ng ch\u1ec9 mang l\u1ea1i gi\u1ea5c ng\u1ee7 \u00eam \u00e1i m\u00e0 c\u00f2n ph\u1ea3n \u00e1nh phong c\u00e1ch s\u1ed1ng n\u0103ng \u0111\u1ed9ng, tinh t\u1ebf? Gi\u01b0\u1eddng MDF hi\u1ec7n \u0111\u1ea1i ch\u00ednh l\u00e0 l\u1ef1a ch\u1ecdn l\u00fd t\u01b0\u1edfng, ki\u1ebfn t\u1ea1o m\u1ed9t kh\u00f4ng gian ngh\u1ec9 ng\u01a1i \u0111\u1ea7y c\u1ea3m h\u1ee9ng v\u00e0 ti\u1ec7n nghi.<br \/>\n<img loading=\"lazy\" decoding=\"async\" class=\"alignnone size-medium wp-image-3974\" src=\"http:\/\/xuongnoithattipi.com\/wp-content\/uploads\/2025\/11\/giuong-mdf-hien-dai.2-300x300.jpg\" alt=\"\" width=\"300\" height=\"300\" srcset=\"https:\/\/xuongnoithattipi.com\/wp-content\/uploads\/2025\/11\/giuong-mdf-hien-dai.2-300x300.jpg 300w, https:\/\/xuongnoithattipi.com\/wp-content\/uploads\/2025\/11\/giuong-mdf-hien-dai.2-150x150.jpg 150w, https:\/\/xuongnoithattipi.com\/wp-content\/uploads\/2025\/11\/giuong-mdf-hien-dai.2-256x256.jpg 256w, https:\/\/xuongnoithattipi.com\/wp-content\/uploads\/2025\/11\/giuong-mdf-hien-dai.2-100x100.jpg 100w, https:\/\/xuongnoithattipi.com\/wp-content\/uploads\/2025\/11\/giuong-mdf-hien-dai.2.jpg 512w\" sizes=\"auto, (max-width: 300px) 100vw, 300px\" \/> <img loading=\"lazy\" decoding=\"async\" class=\"alignnone size-medium wp-image-3973\" src=\"http:\/\/xuongnoithattipi.com\/wp-content\/uploads\/2025\/11\/giuong-mdf-hien-dai.-3-300x300.jpg\" alt=\"\" width=\"300\" height=\"300\" srcset=\"https:\/\/xuongnoithattipi.com\/wp-content\/uploads\/2025\/11\/giuong-mdf-hien-dai.-3-300x300.jpg 300w, https:\/\/xuongnoithattipi.com\/wp-content\/uploads\/2025\/11\/giuong-mdf-hien-dai.-3-150x150.jpg 150w, https:\/\/xuongnoithattipi.com\/wp-content\/uploads\/2025\/11\/giuong-mdf-hien-dai.-3-256x256.jpg 256w, https:\/\/xuongnoithattipi.com\/wp-content\/uploads\/2025\/11\/giuong-mdf-hien-dai.-3-100x100.jpg 100w, https:\/\/xuongnoithattipi.com\/wp-content\/uploads\/2025\/11\/giuong-mdf-hien-dai.-3.jpg 512w\" sizes=\"auto, (max-width: 300px) 100vw, 300px\" \/><\/p>\n<p><b>Gi\u01b0\u1eddng MDF Hi\u1ec7n \u0110\u1ea1i: T\u1ed1i Gi\u1ea3n M\u00e0 \u0110\u1eb3ng C\u1ea5p, N\u0103ng \u0110\u1ed9ng V\u00e0 Ti\u1ec7n Nghi<\/b> Gi\u01b0\u1eddng MDF hi\u1ec7n \u0111\u1ea1i l\u00e0 bi\u1ec3u t\u01b0\u1ee3ng c\u1ee7a s\u1ef1 thanh l\u1ecbch, mang \u0111\u1ebfn m\u1ed9t kh\u00f4ng gian ngh\u1ec9 ng\u01a1i \u0111\u1eb3ng c\u1ea5p, th\u1ec3 hi\u1ec7n gu th\u1ea9m m\u1ef9 tinh t\u1ebf c\u1ee7a gia ch\u1ee7.<\/p>\n<p><b>T\u1ea1i Sao N\u00ean Ch\u1ecdn Gi\u01b0\u1eddng MDF Hi\u1ec7n \u0110\u1ea1i?<\/b><\/p>\n<ol start=\"1\">\n<li><b>Ch\u1ea5t Li\u1ec7u MDF Cao C\u1ea5p, B\u1ec1n \u0110\u1eb9p Theo Th\u1eddi Gian:<\/b> Ch\u00fang t\u00f4i cam k\u1ebft s\u1eed d\u1ee5ng g\u1ed7 c\u00f4ng nghi\u1ec7p MDF (Medium Density Fiberboard) ch\u1ea5t l\u01b0\u1ee3ng cao, \u0111\u00e3 qua x\u1eed l\u00fd nghi\u00eam ng\u1eb7t \u0111\u1ec3 ch\u1ed1ng \u1ea9m m\u1ed1c, cong v\u00eanh v\u00e0 m\u1ed1i m\u1ecdt hi\u1ec7u qu\u1ea3. B\u1ec1 m\u1eb7t g\u1ed7 \u0111\u01b0\u1ee3c ph\u1ee7 Melamine ho\u1eb7c Laminate cao c\u1ea5p kh\u00f4ng ch\u1ec9 gi\u00fap t\u0103ng c\u01b0\u1eddng \u0111\u1ed9 b\u1ec1n, ch\u1ed1ng tr\u1ea7y x\u01b0\u1edbc m\u00e0 c\u00f2n mang l\u1ea1i v\u1ebb \u0111\u1eb9p m\u1ecbn m\u00e0ng, hi\u1ec7n \u0111\u1ea1i v\u00e0 d\u1ec5 d\u00e0ng v\u1ec7 sinh.<\/li>\n<li><b>Thi\u1ebft K\u1ebf T\u1ed1i Gi\u1ea3n, \u0110\u01b0\u1eddng N\u00e9t Tinh G\u1ecdn:<\/b> Gi\u01b0\u1eddng MDF hi\u1ec7n \u0111\u1ea1i \u0111\u01b0\u1ee3c thi\u1ebft k\u1ebf v\u1edbi c\u00e1c \u0111\u01b0\u1eddng n\u00e9t tinh g\u1ecdn, kh\u00f4ng c\u1ea7u k\u1ef3 nh\u01b0ng v\u1eabn to\u00e1t l\u00ean v\u1ebb \u0111\u1eb9p sang tr\u1ecdng v\u00e0 hi\u1ec7n \u0111\u1ea1i. T\u1eadp trung v\u00e0o s\u1ef1 t\u1ed1i gi\u1ea3n, c\u00e1c m\u1eabu gi\u01b0\u1eddng n\u00e0y d\u1ec5 d\u00e0ng h\u00f2a h\u1ee3p v\u1edbi nhi\u1ec1u phong c\u00e1ch n\u1ed9i th\u1ea5t kh\u00e1c nhau, t\u1eeb B\u1eafc \u00c2u, Nh\u1eadt B\u1ea3n \u0111\u1ebfn Minimalist, t\u1ea1o n\u00ean m\u1ed9t t\u1ed5ng th\u1ec3 h\u00e0i h\u00f2a v\u00e0 th\u00f4ng tho\u00e1ng cho ph\u00f2ng ng\u1ee7.<\/li>\n<li><b>Mang L\u1ea1i Kh\u00f4ng Gian Tho\u00e1ng \u0110\u00e3ng v\u00e0 D\u1ec5 Ch\u1ecbu:<\/b> V\u1edbi thi\u1ebft k\u1ebf hi\u1ec7n \u0111\u1ea1i, gi\u01b0\u1eddng MDF g\u00f3p ph\u1ea7n t\u1ea1o n\u00ean m\u1ed9t kh\u00f4ng gian ph\u00f2ng ng\u1ee7 tho\u00e1ng \u0111\u00e3ng, r\u1ed9ng r\u00e3i h\u01a1n. C\u00e1c gam m\u00e0u trung t\u00ednh, v\u00e2n g\u1ed7 t\u1ef1 nhi\u00ean th\u01b0\u1eddng \u0111\u01b0\u1ee3c s\u1eed d\u1ee5ng, mang l\u1ea1i c\u1ea3m gi\u00e1c d\u1ec5 ch\u1ecbu, th\u01b0 th\u00e1i, gi\u00fap b\u1ea1n c\u00f3 nh\u1eefng gi\u00e2y ph\u00fat ngh\u1ec9 ng\u01a1i ch\u1ea5t l\u01b0\u1ee3ng nh\u1ea5t.<\/li>\n<li><b>Gi\u00e1 Th\u00e0nh H\u1ee3p L\u00fd, Ph\u00f9 H\u1ee3p V\u1edbi M\u1ecdi Gia \u0110\u00ecnh:<\/b> S\u1edf h\u1eefu v\u1ebb \u0111\u1eb9p tinh t\u1ebf v\u00e0 \u0111\u1ed9 b\u1ec1n v\u01b0\u1ee3t tr\u1ed9i, gi\u01b0\u1eddng MDF hi\u1ec7n \u0111\u1ea1i mang l\u1ea1i gi\u00e1 tr\u1ecb kinh t\u1ebf cao. V\u1edbi quy tr\u00ecnh s\u1ea3n xu\u1ea5t t\u1ed1i \u01b0u, ch\u00fang t\u00f4i mang \u0111\u1ebfn s\u1ea3n ph\u1ea9m ch\u1ea5t l\u01b0\u1ee3ng cao v\u1edbi m\u1ee9c gi\u00e1 ph\u1ea3i ch\u0103ng, gi\u00fap b\u1ea1n d\u1ec5 d\u00e0ng n\u00e2ng c\u1ea5p kh\u00f4ng gian s\u1ed1ng m\u00e0 kh\u00f4ng ph\u1ea3i lo l\u1eafng v\u1ec1 ng\u00e2n s\u00e1ch.<br \/>\n<img loading=\"lazy\" decoding=\"async\" class=\"alignnone size-medium wp-image-3972\" src=\"http:\/\/xuongnoithattipi.com\/wp-content\/uploads\/2025\/11\/giuong-mdf-hien-dai.-1-300x300.jpg\" alt=\"\" width=\"300\" height=\"300\" srcset=\"https:\/\/xuongnoithattipi.com\/wp-content\/uploads\/2025\/11\/giuong-mdf-hien-dai.-1-300x300.jpg 300w, https:\/\/xuongnoithattipi.com\/wp-content\/uploads\/2025\/11\/giuong-mdf-hien-dai.-1-150x150.jpg 150w, https:\/\/xuongnoithattipi.com\/wp-content\/uploads\/2025\/11\/giuong-mdf-hien-dai.-1-256x256.jpg 256w, https:\/\/xuongnoithattipi.com\/wp-content\/uploads\/2025\/11\/giuong-mdf-hien-dai.-1-100x100.jpg 100w, https:\/\/xuongnoithattipi.com\/wp-content\/uploads\/2025\/11\/giuong-mdf-hien-dai.-1.jpg 512w\" sizes=\"auto, (max-width: 300px) 100vw, 300px\" \/> <img loading=\"lazy\" decoding=\"async\" class=\"alignnone size-medium wp-image-3971\" src=\"http:\/\/xuongnoithattipi.com\/wp-content\/uploads\/2025\/11\/giuong-mdf-hien-dai-4-1-300x300.jpg\" alt=\"\" width=\"300\" height=\"300\" srcset=\"https:\/\/xuongnoithattipi.com\/wp-content\/uploads\/2025\/11\/giuong-mdf-hien-dai-4-1-300x300.jpg 300w, https:\/\/xuongnoithattipi.com\/wp-content\/uploads\/2025\/11\/giuong-mdf-hien-dai-4-1-150x150.jpg 150w, https:\/\/xuongnoithattipi.com\/wp-content\/uploads\/2025\/11\/giuong-mdf-hien-dai-4-1-256x256.jpg 256w, https:\/\/xuongnoithattipi.com\/wp-content\/uploads\/2025\/11\/giuong-mdf-hien-dai-4-1-100x100.jpg 100w, https:\/\/xuongnoithattipi.com\/wp-content\/uploads\/2025\/11\/giuong-mdf-hien-dai-4-1.jpg 512w\" sizes=\"auto, (max-width: 300px) 100vw, 300px\" \/><\/li>\n<\/ol>\n<p><b>Li\u00ean H\u1ec7 N\u1ed8I TH\u1ea4T TIPI \u0110\u1ec3 \u0110\u01b0\u1ee3c T\u01b0 V\u1ea5n:<\/b><\/p>\n<p>\u0110\u1ec3 \u0111\u01b0\u1ee3c t\u01b0 v\u1ea5n chi ti\u1ebft v\u00e0 s\u1edf h\u1eefu ngay chi\u1ebfc gi\u01b0\u1eddng MDF hi\u1ec7n \u0111\u1ea1i \u01b0ng \u00fd, h\u00e3y li\u00ean h\u1ec7 v\u1edbi N\u1ed8I TH\u1ea4T TIPI qua th\u00f4ng tin d\u01b0\u1edbi \u0111\u00e2y:<\/p>\n<ul>\n<li><b>C\u00d4NG TY TNHH TH\u01af\u01a0NG M\u1ea0I V\u00c0 S\u1ea2N XU\u1ea4T TIPI WOOD<\/b><\/li>\n<li><b>\u0110\u1ecba ch\u1ec9:<\/b> 221\/229 B\u00ecnh Th\u00e0nh, Ph\u01b0\u1eddng B\u00ecnh T\u00e2n, TP.HCM<\/li>\n<li><b>Kinh doanh:<\/b> 0909.52.69.62<\/li>\n<li><b>H\u1ed7 tr\u1ee3 k\u1ef9 thu\u1eadt:<\/b> 0938.40.50.62<\/li>\n<li><b>Email:<\/b> tipiwood.sg@gmail.com<\/li>\n<\/ul>\n<p>N\u1ed8I TH\u1ea4T TIPI lu\u00f4n s\u1eb5n l\u00f2ng ph\u1ee5c v\u1ee5 v\u00e0 mang \u0111\u1ebfn nh\u1eefng gi\u1ea3i ph\u00e1p n\u1ed9i th\u1ea5t ho\u00e0n h\u1ea3o nh\u1ea5t cho kh\u00f4ng gian s\u1ed1ng c\u1ee7a b\u1ea1n!<\/p>\n","protected":false},"excerpt":{"rendered":"<p>Kh\u00e1m ph\u00e1 gi\u01b0\u1eddng MDF hi\u1ec7n \u0111\u1ea1i c\u1ee7a N\u1ed8I TH\u1ea4T TIPI \u2013 s\u1ef1 k\u1ebft h\u1ee3p ho\u00e0n h\u1ea3o gi\u1eefa thi\u1ebft k\u1ebf tinh g\u1ecdn, ch\u1ea5t li\u1ec7u b\u1ec1n \u0111\u1eb9p v\u00e0 c\u00f4ng n\u0103ng ti\u1ec7n \u00edch. \u0110\u1eb7t h\u00e0ng ngay t\u1ea1i TP.HCM.<\/p>\n","protected":false},"featured_media":3970,"comment_status":"open","ping_status":"closed","template":"","meta":{"_acf_changed":false},"product_brand":[],"product_cat":[147],"product_tag":[],"class_list":{"0":"post-3969","1":"product","2":"type-product","3":"status-publish","4":"has-post-thumbnail","6":"product_cat-giuong-mdf","8":"first","9":"instock","10":"shipping-taxable","11":"purchasable","12":"product-type-simple"},"acf":[],"yoast_head":"<!-- This site is optimized with the Yoast SEO Premium plugin v22.6 (Yoast SEO v26.3) - https:\/\/yoast.com\/wordpress\/plugins\/seo\/ -->\n<title>Gi\u01b0\u1eddng MDF Hi\u1ec7n \u0110\u1ea1i - N\u1ed9i th\u1ea5t Tipi<\/title>\n<meta name=\"robots\" content=\"index, follow, max-snippet:-1, max-image-preview:large, max-video-preview:-1\" \/>\n<link rel=\"canonical\" href=\"https:\/\/xuongnoithattipi.com\/?product=giuong-mdf-hien-dai\" \/>\n<meta property=\"og:locale\" content=\"vi_VN\" \/>\n<meta property=\"og:type\" content=\"article\" \/>\n<meta property=\"og:title\" content=\"Gi\u01b0\u1eddng MDF Hi\u1ec7n \u0110\u1ea1i\" \/>\n<meta property=\"og:description\" content=\"Kh\u00e1m ph\u00e1 gi\u01b0\u1eddng MDF hi\u1ec7n \u0111\u1ea1i c\u1ee7a N\u1ed8I TH\u1ea4T TIPI \u2013 s\u1ef1 k\u1ebft h\u1ee3p ho\u00e0n h\u1ea3o gi\u1eefa thi\u1ebft k\u1ebf tinh g\u1ecdn, ch\u1ea5t li\u1ec7u b\u1ec1n \u0111\u1eb9p v\u00e0 c\u00f4ng n\u0103ng ti\u1ec7n \u00edch. \u0110\u1eb7t h\u00e0ng ngay t\u1ea1i TP.HCM.\" \/>\n<meta property=\"og:url\" content=\"https:\/\/xuongnoithattipi.com\/?product=giuong-mdf-hien-dai\" \/>\n<meta property=\"og:site_name\" content=\"N\u1ed9i th\u1ea5t Tipi\" \/>\n<meta property=\"article:publisher\" content=\"https:\/\/www.facebook.com\/profile.php?id=61583275246966#\" \/>\n<meta property=\"article:modified_time\" content=\"2025-11-15T15:03:24+00:00\" \/>\n<meta property=\"og:image\" content=\"https:\/\/xuongnoithattipi.com\/wp-content\/uploads\/2025\/11\/giuong-mdf-hien-dai-4.jpg\" \/>\n\t<meta property=\"og:image:width\" content=\"512\" \/>\n\t<meta property=\"og:image:height\" content=\"512\" \/>\n\t<meta property=\"og:image:type\" content=\"image\/jpeg\" \/>\n<meta name=\"twitter:card\" content=\"summary_large_image\" \/>\n<meta name=\"twitter:label1\" content=\"\u01af\u1edbc t\u00ednh th\u1eddi gian \u0111\u1ecdc\" \/>\n\t<meta name=\"twitter:data1\" content=\"4 ph\u00fat\" \/>\n<script type=\"application\/ld+json\" class=\"yoast-schema-graph\">{\"@context\":\"https:\/\/schema.org\",\"@graph\":[{\"@type\":\"WebPage\",\"@id\":\"https:\/\/xuongnoithattipi.com\/?product=giuong-mdf-hien-dai\",\"url\":\"https:\/\/xuongnoithattipi.com\/?product=giuong-mdf-hien-dai\",\"name\":\"Gi\u01b0\u1eddng MDF Hi\u1ec7n \u0110\u1ea1i - N\u1ed9i th\u1ea5t Tipi\",\"isPartOf\":{\"@id\":\"https:\/\/xuongnoithattipi.com\/#website\"},\"primaryImageOfPage\":{\"@id\":\"https:\/\/xuongnoithattipi.com\/?product=giuong-mdf-hien-dai#primaryimage\"},\"image\":{\"@id\":\"https:\/\/xuongnoithattipi.com\/?product=giuong-mdf-hien-dai#primaryimage\"},\"thumbnailUrl\":\"https:\/\/xuongnoithattipi.com\/wp-content\/uploads\/2025\/11\/giuong-mdf-hien-dai-4.jpg\",\"datePublished\":\"2025-11-10T16:22:57+00:00\",\"dateModified\":\"2025-11-15T15:03:24+00:00\",\"breadcrumb\":{\"@id\":\"https:\/\/xuongnoithattipi.com\/?product=giuong-mdf-hien-dai#breadcrumb\"},\"inLanguage\":\"vi\",\"potentialAction\":[{\"@type\":\"ReadAction\",\"target\":[\"https:\/\/xuongnoithattipi.com\/?product=giuong-mdf-hien-dai\"]}]},{\"@type\":\"ImageObject\",\"inLanguage\":\"vi\",\"@id\":\"https:\/\/xuongnoithattipi.com\/?product=giuong-mdf-hien-dai#primaryimage\",\"url\":\"https:\/\/xuongnoithattipi.com\/wp-content\/uploads\/2025\/11\/giuong-mdf-hien-dai-4.jpg\",\"contentUrl\":\"https:\/\/xuongnoithattipi.com\/wp-content\/uploads\/2025\/11\/giuong-mdf-hien-dai-4.jpg\",\"width\":512,\"height\":512},{\"@type\":\"BreadcrumbList\",\"@id\":\"https:\/\/xuongnoithattipi.com\/?product=giuong-mdf-hien-dai#breadcrumb\",\"itemListElement\":[{\"@type\":\"ListItem\",\"position\":1,\"name\":\"Trang ch\u1ee7\",\"item\":\"https:\/\/xuongnoithattipi.com\/\"},{\"@type\":\"ListItem\",\"position\":2,\"name\":\"S\u1ea3n ph\u1ea9m\",\"item\":\"https:\/\/xuongnoithattipi.com\/shop\/\"},{\"@type\":\"ListItem\",\"position\":3,\"name\":\"Gi\u01b0\u1eddng MDF\",\"item\":\"https:\/\/xuongnoithattipi.com\/danh-muc-san-pham\/giuong-mdf\/\"},{\"@type\":\"ListItem\",\"position\":4,\"name\":\"Gi\u01b0\u1eddng MDF Hi\u1ec7n \u0110\u1ea1i\"}]},{\"@type\":\"WebSite\",\"@id\":\"https:\/\/xuongnoithattipi.com\/#website\",\"url\":\"https:\/\/xuongnoithattipi.com\/\",\"name\":\"N\u1ed9i th\u1ea5t Tipi\",\"description\":\"\",\"publisher\":{\"@id\":\"https:\/\/xuongnoithattipi.com\/#organization\"},\"potentialAction\":[{\"@type\":\"SearchAction\",\"target\":{\"@type\":\"EntryPoint\",\"urlTemplate\":\"https:\/\/xuongnoithattipi.com\/?s={search_term_string}\"},\"query-input\":{\"@type\":\"PropertyValueSpecification\",\"valueRequired\":true,\"valueName\":\"search_term_string\"}}],\"inLanguage\":\"vi\"},{\"@type\":\"Organization\",\"@id\":\"https:\/\/xuongnoithattipi.com\/#organization\",\"name\":\"N\u1ed9i th\u1ea5t Tipi\",\"url\":\"https:\/\/xuongnoithattipi.com\/\",\"logo\":{\"@type\":\"ImageObject\",\"inLanguage\":\"vi\",\"@id\":\"https:\/\/xuongnoithattipi.com\/#\/schema\/logo\/image\/\",\"url\":\"http:\/\/xuongnoithattipi.com\/wp-content\/uploads\/2025\/11\/LOGO_XUONG-NOI-THAT-TIPI_WEB-COLOR-full.png\",\"contentUrl\":\"http:\/\/xuongnoithattipi.com\/wp-content\/uploads\/2025\/11\/LOGO_XUONG-NOI-THAT-TIPI_WEB-COLOR-full.png\",\"width\":536,\"height\":126,\"caption\":\"N\u1ed9i th\u1ea5t Tipi\"},\"image\":{\"@id\":\"https:\/\/xuongnoithattipi.com\/#\/schema\/logo\/image\/\"},\"sameAs\":[\"https:\/\/www.facebook.com\/profile.php?id=61583275246966#\"]}]}<\/script>\n<!-- \/ Yoast SEO Premium plugin. -->","yoast_head_json":{"title":"Gi\u01b0\u1eddng MDF Hi\u1ec7n \u0110\u1ea1i - N\u1ed9i th\u1ea5t Tipi","robots":{"index":"index","follow":"follow","max-snippet":"max-snippet:-1","max-image-preview":"max-image-preview:large","max-video-preview":"max-video-preview:-1"},"canonical":"https:\/\/xuongnoithattipi.com\/?product=giuong-mdf-hien-dai","og_locale":"vi_VN","og_type":"article","og_title":"Gi\u01b0\u1eddng MDF Hi\u1ec7n \u0110\u1ea1i","og_description":"Kh\u00e1m ph\u00e1 gi\u01b0\u1eddng MDF hi\u1ec7n \u0111\u1ea1i c\u1ee7a N\u1ed8I TH\u1ea4T TIPI \u2013 s\u1ef1 k\u1ebft h\u1ee3p ho\u00e0n h\u1ea3o gi\u1eefa thi\u1ebft k\u1ebf tinh g\u1ecdn, ch\u1ea5t li\u1ec7u b\u1ec1n \u0111\u1eb9p v\u00e0 c\u00f4ng n\u0103ng ti\u1ec7n \u00edch. \u0110\u1eb7t h\u00e0ng ngay t\u1ea1i TP.HCM.","og_url":"https:\/\/xuongnoithattipi.com\/?product=giuong-mdf-hien-dai","og_site_name":"N\u1ed9i th\u1ea5t Tipi","article_publisher":"https:\/\/www.facebook.com\/profile.php?id=61583275246966#","article_modified_time":"2025-11-15T15:03:24+00:00","og_image":[{"width":512,"height":512,"url":"https:\/\/xuongnoithattipi.com\/wp-content\/uploads\/2025\/11\/giuong-mdf-hien-dai-4.jpg","type":"image\/jpeg"}],"twitter_card":"summary_large_image","twitter_misc":{"\u01af\u1edbc t\u00ednh th\u1eddi gian \u0111\u1ecdc":"4 ph\u00fat"},"schema":{"@context":"https:\/\/schema.org","@graph":[{"@type":"WebPage","@id":"https:\/\/xuongnoithattipi.com\/?product=giuong-mdf-hien-dai","url":"https:\/\/xuongnoithattipi.com\/?product=giuong-mdf-hien-dai","name":"Gi\u01b0\u1eddng MDF Hi\u1ec7n \u0110\u1ea1i - N\u1ed9i th\u1ea5t Tipi","isPartOf":{"@id":"https:\/\/xuongnoithattipi.com\/#website"},"primaryImageOfPage":{"@id":"https:\/\/xuongnoithattipi.com\/?product=giuong-mdf-hien-dai#primaryimage"},"image":{"@id":"https:\/\/xuongnoithattipi.com\/?product=giuong-mdf-hien-dai#primaryimage"},"thumbnailUrl":"https:\/\/xuongnoithattipi.com\/wp-content\/uploads\/2025\/11\/giuong-mdf-hien-dai-4.jpg","datePublished":"2025-11-10T16:22:57+00:00","dateModified":"2025-11-15T15:03:24+00:00","breadcrumb":{"@id":"https:\/\/xuongnoithattipi.com\/?product=giuong-mdf-hien-dai#breadcrumb"},"inLanguage":"vi","potentialAction":[{"@type":"ReadAction","target":["https:\/\/xuongnoithattipi.com\/?product=giuong-mdf-hien-dai"]}]},{"@type":"ImageObject","inLanguage":"vi","@id":"https:\/\/xuongnoithattipi.com\/?product=giuong-mdf-hien-dai#primaryimage","url":"https:\/\/xuongnoithattipi.com\/wp-content\/uploads\/2025\/11\/giuong-mdf-hien-dai-4.jpg","contentUrl":"https:\/\/xuongnoithattipi.com\/wp-content\/uploads\/2025\/11\/giuong-mdf-hien-dai-4.jpg","width":512,"height":512},{"@type":"BreadcrumbList","@id":"https:\/\/xuongnoithattipi.com\/?product=giuong-mdf-hien-dai#breadcrumb","itemListElement":[{"@type":"ListItem","position":1,"name":"Trang ch\u1ee7","item":"https:\/\/xuongnoithattipi.com\/"},{"@type":"ListItem","position":2,"name":"S\u1ea3n ph\u1ea9m","item":"https:\/\/xuongnoithattipi.com\/shop\/"},{"@type":"ListItem","position":3,"name":"Gi\u01b0\u1eddng MDF","item":"https:\/\/xuongnoithattipi.com\/danh-muc-san-pham\/giuong-mdf\/"},{"@type":"ListItem","position":4,"name":"Gi\u01b0\u1eddng MDF Hi\u1ec7n \u0110\u1ea1i"}]},{"@type":"WebSite","@id":"https:\/\/xuongnoithattipi.com\/#website","url":"https:\/\/xuongnoithattipi.com\/","name":"N\u1ed9i th\u1ea5t Tipi","description":"","publisher":{"@id":"https:\/\/xuongnoithattipi.com\/#organization"},"potentialAction":[{"@type":"SearchAction","target":{"@type":"EntryPoint","urlTemplate":"https:\/\/xuongnoithattipi.com\/?s={search_term_string}"},"query-input":{"@type":"PropertyValueSpecification","valueRequired":true,"valueName":"search_term_string"}}],"inLanguage":"vi"},{"@type":"Organization","@id":"https:\/\/xuongnoithattipi.com\/#organization","name":"N\u1ed9i th\u1ea5t Tipi","url":"https:\/\/xuongnoithattipi.com\/","logo":{"@type":"ImageObject","inLanguage":"vi","@id":"https:\/\/xuongnoithattipi.com\/#\/schema\/logo\/image\/","url":"http:\/\/xuongnoithattipi.com\/wp-content\/uploads\/2025\/11\/LOGO_XUONG-NOI-THAT-TIPI_WEB-COLOR-full.png","contentUrl":"http:\/\/xuongnoithattipi.com\/wp-content\/uploads\/2025\/11\/LOGO_XUONG-NOI-THAT-TIPI_WEB-COLOR-full.png","width":536,"height":126,"caption":"N\u1ed9i th\u1ea5t Tipi"},"image":{"@id":"https:\/\/xuongnoithattipi.com\/#\/schema\/logo\/image\/"},"sameAs":["https:\/\/www.facebook.com\/profile.php?id=61583275246966#"]}]}},"_links":{"self":[{"href":"https:\/\/xuongnoithattipi.com\/index.php?rest_route=\/wp\/v2\/product\/3969","targetHints":{"allow":["GET"]}}],"collection":[{"href":"https:\/\/xuongnoithattipi.com\/index.php?rest_route=\/wp\/v2\/product"}],"about":[{"href":"https:\/\/xuongnoithattipi.com\/index.php?rest_route=\/wp\/v2\/types\/product"}],"replies":[{"embeddable":true,"href":"https:\/\/xuongnoithattipi.com\/index.php?rest_route=%2Fwp%2Fv2%2Fcomments&post=3969"}],"wp:featuredmedia":[{"embeddable":true,"href":"https:\/\/xuongnoithattipi.com\/index.php?rest_route=\/wp\/v2\/media\/3970"}],"wp:attachment":[{"href":"https:\/\/xuongnoithattipi.com\/index.php?rest_route=%2Fwp%2Fv2%2Fmedia&parent=3969"}],"wp:term":[{"taxonomy":"product_brand","embeddable":true,"href":"https:\/\/xuongnoithattipi.com\/index.php?rest_route=%2Fwp%2Fv2%2Fproduct_brand&post=3969"},{"taxonomy":"product_cat","embeddable":true,"href":"https:\/\/xuongnoithattipi.com\/index.php?rest_route=%2Fwp%2Fv2%2Fproduct_cat&post=3969"},{"taxonomy":"product_tag","embeddable":true,"href":"https:\/\/xuongnoithattipi.com\/index.php?rest_route=%2Fwp%2Fv2%2Fproduct_tag&post=3969"}],"curies":[{"name":"wp","href":"https:\/\/api.w.org\/{rel}","templated":true}]}}