{"id":3957,"date":"2025-11-10T21:32:59","date_gmt":"2025-11-10T14:32:59","guid":{"rendered":"https:\/\/xuongnoithattipi.com\/?post_type=product&#038;p=3957"},"modified":"2025-11-15T22:03:43","modified_gmt":"2025-11-15T15:03:43","slug":"giuong-mdf-co-ngan-keo","status":"publish","type":"product","link":"https:\/\/xuongnoithattipi.com\/?product=giuong-mdf-co-ngan-keo","title":{"rendered":"Gi\u01b0\u1eddng MDF C\u00f3 Ng\u0103n K\u00e9o"},"content":{"rendered":"<p><b>Gi\u01b0\u1eddng MDF C\u00f3 Ng\u0103n K\u00e9o \u2013 Gi\u1ea3i Ph\u00e1p N\u1ed9i Th\u1ea5t Th\u00f4ng Minh Cho M\u1ecdi Gia \u0110\u00ecnh<\/b><\/p>\n<p>B\u1ea1n \u0111ang t\u00ecm ki\u1ebfm m\u1ed9t chi\u1ebfc gi\u01b0\u1eddng kh\u00f4ng ch\u1ec9 mang l\u1ea1i s\u1ef1 tho\u1ea3i m\u00e1i t\u1ed1i \u0111a m\u00e0 c\u00f2n gi\u00fap t\u1ed1i \u01b0u h\u00f3a kh\u00f4ng gian s\u1ed1ng? Gi\u01b0\u1eddng MDF c\u00f3 ng\u0103n k\u00e9o l\u00e0 l\u1ef1a ch\u1ecdn ho\u00e0n h\u1ea3o d\u00e0nh cho b\u1ea1n. V\u1edbi thi\u1ebft k\u1ebf tinh t\u1ebf, ch\u1ea5t li\u1ec7u b\u1ec1n b\u1ec9 v\u00e0 t\u00ednh n\u0103ng l\u01b0u tr\u1eef v\u01b0\u1ee3t tr\u1ed9i, s\u1ea3n ph\u1ea9m n\u00e0y s\u1ebd bi\u1ebfn ph\u00f2ng ng\u1ee7 c\u1ee7a b\u1ea1n tr\u1edf n\u00ean g\u1ecdn g\u00e0ng, ti\u1ec7n nghi v\u00e0 hi\u1ec7n \u0111\u1ea1i h\u01a1n bao gi\u1edd h\u1ebft.<\/p>\n<p><img loading=\"lazy\" decoding=\"async\" class=\"alignnone size-medium wp-image-3961\" src=\"http:\/\/xuongnoithattipi.com\/wp-content\/uploads\/2025\/11\/giuong-mdf-ngan-keo.3-300x300.jpg\" alt=\"\" width=\"300\" height=\"300\" srcset=\"https:\/\/xuongnoithattipi.com\/wp-content\/uploads\/2025\/11\/giuong-mdf-ngan-keo.3-300x300.jpg 300w, https:\/\/xuongnoithattipi.com\/wp-content\/uploads\/2025\/11\/giuong-mdf-ngan-keo.3-150x150.jpg 150w, https:\/\/xuongnoithattipi.com\/wp-content\/uploads\/2025\/11\/giuong-mdf-ngan-keo.3-256x256.jpg 256w, https:\/\/xuongnoithattipi.com\/wp-content\/uploads\/2025\/11\/giuong-mdf-ngan-keo.3-100x100.jpg 100w, https:\/\/xuongnoithattipi.com\/wp-content\/uploads\/2025\/11\/giuong-mdf-ngan-keo.3.jpg 512w\" sizes=\"auto, (max-width: 300px) 100vw, 300px\" \/><img loading=\"lazy\" decoding=\"async\" class=\"alignnone size-medium wp-image-3959\" src=\"http:\/\/xuongnoithattipi.com\/wp-content\/uploads\/2025\/11\/giuong-mdf-ngan-keo.1-300x300.jpg\" alt=\"\" width=\"300\" height=\"300\" srcset=\"https:\/\/xuongnoithattipi.com\/wp-content\/uploads\/2025\/11\/giuong-mdf-ngan-keo.1-300x300.jpg 300w, https:\/\/xuongnoithattipi.com\/wp-content\/uploads\/2025\/11\/giuong-mdf-ngan-keo.1-150x150.jpg 150w, https:\/\/xuongnoithattipi.com\/wp-content\/uploads\/2025\/11\/giuong-mdf-ngan-keo.1-256x256.jpg 256w, https:\/\/xuongnoithattipi.com\/wp-content\/uploads\/2025\/11\/giuong-mdf-ngan-keo.1-100x100.jpg 100w, https:\/\/xuongnoithattipi.com\/wp-content\/uploads\/2025\/11\/giuong-mdf-ngan-keo.1.jpg 512w\" sizes=\"auto, (max-width: 300px) 100vw, 300px\" \/><\/p>\n<p><b>Gi\u01b0\u1eddng MDF C\u00f3 Ng\u0103n K\u00e9o: N\u01a1i Ngh\u1ec9 Ng\u01a1i L\u00fd T\u01b0\u1edfng, Tr\u1ee3 Th\u1ee7 \u0110\u1eafc L\u1ef1c Cho Kh\u00f4ng Gian G\u1ecdn G\u00e0ng<\/b> Gi\u01b0\u1eddng MDF c\u00f3 ng\u0103n k\u00e9o kh\u00f4ng ch\u1ec9 l\u00e0 n\u01a1i ngh\u1ec9 ng\u01a1i l\u00fd t\u01b0\u1edfng m\u00e0 c\u00f2n l\u00e0 tr\u1ee3 th\u1ee7 \u0111\u1eafc l\u1ef1c gi\u00fap b\u1ea1n duy tr\u00ec kh\u00f4ng gian s\u1ed1ng g\u1ecdn g\u00e0ng, tinh t\u1ebf v\u00e0 \u0111\u1ea7y ti\u1ec7n nghi.<\/p>\n<p><b>T\u1ea1i Sao N\u00ean Ch\u1ecdn Gi\u01b0\u1eddng MDF C\u00f3 Ng\u0103n K\u00e9o?<\/b><\/p>\n<ol start=\"1\">\n<li><b>Ch\u1ea5t Li\u1ec7u MDF Cao C\u1ea5p, B\u1ec1n \u0110\u1eb9p:<\/b> Ch\u00fang t\u00f4i cam k\u1ebft s\u1eed d\u1ee5ng g\u1ed7 c\u00f4ng nghi\u1ec7p MDF (Medium Density Fiberboard) ch\u1ea5t l\u01b0\u1ee3ng cao, \u0111\u00e3 qua x\u1eed l\u00fd ch\u1ed1ng \u1ea9m m\u1ed1c, cong v\u00eanh v\u00e0 m\u1ed1i m\u1ecdt. B\u1ec1 m\u1eb7t g\u1ed7 \u0111\u01b0\u1ee3c ph\u1ee7 Melamine ho\u1eb7c Laminate gi\u00fap ch\u1ed1ng tr\u1ea7y x\u01b0\u1edbc, d\u1ec5 d\u00e0ng v\u1ec7 sinh v\u00e0 duy tr\u00ec v\u1ebb \u0111\u1eb9p l\u00e2u d\u00e0i. S\u1ea3n ph\u1ea9m gi\u01b0\u1eddng MDF c\u00f3 ng\u0103n k\u00e9o kh\u00f4ng ch\u1ec9 \u0111\u1eb9p m\u00e0 c\u00f2n \u0111\u1ea3m b\u1ea3o \u0111\u1ed9 b\u1ec1n v\u01b0\u1ee3t tr\u1ed9i theo th\u1eddi gian.<\/li>\n<li><b>Thi\u1ebft K\u1ebf T\u1ed1i \u01afu Kh\u00f4ng Gian V\u1edbi Ng\u0103n K\u00e9o Ti\u1ec7n L\u1ee3i:<\/b> \u0110i\u1ec3m n\u1ed5i b\u1eadt nh\u1ea5t c\u1ee7a gi\u01b0\u1eddng MDF c\u00f3 ng\u0103n k\u00e9o ch\u00ednh l\u00e0 kh\u1ea3 n\u0103ng bi\u1ebfn kh\u00f4ng gian d\u01b0\u1edbi g\u1ea7m gi\u01b0\u1eddng th\u00e0nh n\u01a1i l\u01b0u tr\u1eef l\u00fd t\u01b0\u1edfng. Thay v\u00ec \u0111\u1ec3 tr\u1ed1ng ho\u1eb7c b\u1ee5i b\u1ea9n, c\u00e1c ng\u0103n k\u00e9o r\u1ed9ng r\u00e3i \u0111\u01b0\u1ee3c t\u00edch h\u1ee3p s\u1eb5n gi\u00fap b\u1ea1n d\u1ec5 d\u00e0ng c\u1ea5t gi\u1eef ch\u0103n m\u00e0n, ga g\u1ed1i, qu\u1ea7n \u00e1o tr\u00e1i m\u00f9a ho\u1eb7c c\u00e1c v\u1eadt d\u1ee5ng c\u00e1 nh\u00e2n kh\u00e1c. \u0110i\u1ec1u n\u00e0y \u0111\u1eb7c bi\u1ec7t h\u1eefu \u00edch cho nh\u1eefng c\u0103n h\u1ed9 c\u00f3 di\u1ec7n t\u00edch khi\u00eam t\u1ed1n, gi\u00fap ph\u00f2ng ng\u1ee7 lu\u00f4n ng\u0103n n\u1eafp v\u00e0 r\u1ed9ng r\u00e3i h\u01a1n.<\/li>\n<li><b>Ki\u1ec3u D\u00e1ng \u0110a D\u1ea1ng, Ph\u00f9 H\u1ee3p M\u1ecdi Phong C\u00e1ch:<\/b> Ch\u00fang t\u00f4i hi\u1ec3u r\u1eb1ng m\u1ed7i kh\u00e1ch h\u00e0ng c\u00f3 m\u1ed9t gu th\u1ea9m m\u1ef9 ri\u00eang. Ch\u00ednh v\u00ec v\u1eady, ch\u00fang t\u00f4i cung c\u1ea5p nhi\u1ec1u m\u1eabu m\u00e3 gi\u01b0\u1eddng MDF c\u00f3 ng\u0103n k\u00e9o v\u1edbi \u0111a d\u1ea1ng ki\u1ec3u d\u00e1ng, m\u00e0u s\u1eafc v\u00e0 k\u00edch th\u01b0\u1edbc. T\u1eeb phong c\u00e1ch t\u1ed1i gi\u1ea3n, hi\u1ec7n \u0111\u1ea1i \u0111\u1ebfn sang tr\u1ecdng, \u1ea5m c\u00fang, b\u1ea1n ch\u1eafc ch\u1eafn s\u1ebd t\u00ecm \u0111\u01b0\u1ee3c chi\u1ebfc gi\u01b0\u1eddng \u01b0ng \u00fd, h\u00e0i h\u00f2a v\u1edbi t\u1ed5ng th\u1ec3 n\u1ed9i th\u1ea5t ph\u00f2ng ng\u1ee7 c\u1ee7a m\u00ecnh.<\/li>\n<li><b>Gi\u00e1 Th\u00e0nh H\u1ee3p L\u00fd, Ti\u1ebft Ki\u1ec7m Chi Ph\u00ed:<\/b> So v\u1edbi g\u1ed7 t\u1ef1 nhi\u00ean, gi\u01b0\u1eddng ng\u1ee7 MDF c\u00f3 ng\u0103n k\u00e9o mang l\u1ea1i gi\u00e1 tr\u1ecb kinh t\u1ebf cao h\u01a1n m\u00e0 v\u1eabn \u0111\u1ea3m b\u1ea3o t\u00ednh th\u1ea9m m\u1ef9 v\u00e0 \u0111\u1ed9 b\u1ec1n. Ch\u00fang t\u00f4i t\u1ed1i \u01b0u h\u00f3a quy tr\u00ecnh s\u1ea3n xu\u1ea5t \u0111\u1ec3 mang \u0111\u1ebfn s\u1ea3n ph\u1ea9m ch\u1ea5t l\u01b0\u1ee3ng v\u1edbi m\u1ee9c gi\u00e1 c\u1ea1nh tranh nh\u1ea5t, gi\u00fap b\u1ea1n s\u1edf h\u1eefu n\u1ed9i th\u1ea5t \u0111\u1eb9p m\u00e0 kh\u00f4ng ph\u1ea3i lo l\u1eafng v\u1ec1 ng\u00e2n s\u00e1ch.<br \/>\n<img loading=\"lazy\" decoding=\"async\" class=\"alignnone size-medium wp-image-3959\" src=\"http:\/\/xuongnoithattipi.com\/wp-content\/uploads\/2025\/11\/giuong-mdf-ngan-keo.1-300x300.jpg\" alt=\"\" width=\"300\" height=\"300\" srcset=\"https:\/\/xuongnoithattipi.com\/wp-content\/uploads\/2025\/11\/giuong-mdf-ngan-keo.1-300x300.jpg 300w, https:\/\/xuongnoithattipi.com\/wp-content\/uploads\/2025\/11\/giuong-mdf-ngan-keo.1-150x150.jpg 150w, https:\/\/xuongnoithattipi.com\/wp-content\/uploads\/2025\/11\/giuong-mdf-ngan-keo.1-256x256.jpg 256w, https:\/\/xuongnoithattipi.com\/wp-content\/uploads\/2025\/11\/giuong-mdf-ngan-keo.1-100x100.jpg 100w, https:\/\/xuongnoithattipi.com\/wp-content\/uploads\/2025\/11\/giuong-mdf-ngan-keo.1.jpg 512w\" sizes=\"auto, (max-width: 300px) 100vw, 300px\" \/> <img loading=\"lazy\" decoding=\"async\" class=\"alignnone size-medium wp-image-3958\" src=\"http:\/\/xuongnoithattipi.com\/wp-content\/uploads\/2025\/11\/giuong-mdf-ngan-keo-300x300.jpg\" alt=\"\" width=\"300\" height=\"300\" srcset=\"https:\/\/xuongnoithattipi.com\/wp-content\/uploads\/2025\/11\/giuong-mdf-ngan-keo-300x300.jpg 300w, https:\/\/xuongnoithattipi.com\/wp-content\/uploads\/2025\/11\/giuong-mdf-ngan-keo-150x150.jpg 150w, https:\/\/xuongnoithattipi.com\/wp-content\/uploads\/2025\/11\/giuong-mdf-ngan-keo-256x256.jpg 256w, https:\/\/xuongnoithattipi.com\/wp-content\/uploads\/2025\/11\/giuong-mdf-ngan-keo-100x100.jpg 100w, https:\/\/xuongnoithattipi.com\/wp-content\/uploads\/2025\/11\/giuong-mdf-ngan-keo.jpg 512w\" sizes=\"auto, (max-width: 300px) 100vw, 300px\" \/><\/li>\n<\/ol>\n<p><b>Li\u00ean H\u1ec7 N\u1ed8I TH\u1ea4T TIPI \u0110\u1ec3 \u0110\u01b0\u1ee3c T\u01b0 V\u1ea5n:<\/b><\/p>\n<p>\u0110\u1ec3 \u0111\u01b0\u1ee3c t\u01b0 v\u1ea5n chi ti\u1ebft v\u00e0 s\u1edf h\u1eefu ngay chi\u1ebfc gi\u01b0\u1eddng MDF c\u00f3 ng\u0103n k\u00e9o \u01b0ng \u00fd, h\u00e3y li\u00ean h\u1ec7 v\u1edbi N\u1ed8I TH\u1ea4T TIPI qua th\u00f4ng tin d\u01b0\u1edbi \u0111\u00e2y:<\/p>\n<ul>\n<li><b>C\u00d4NG TY TNHH TH\u01af\u01a0NG M\u1ea0I V\u00c0 S\u1ea2N XU\u1ea4T TIPI WOOD<\/b><\/li>\n<li><b>\u0110\u1ecba ch\u1ec9:<\/b> 221\/229 B\u00ecnh Th\u00e0nh, Ph\u01b0\u1eddng B\u00ecnh T\u00e2n, TP.HCM<\/li>\n<li><b>Kinh doanh:<\/b> 0909.52.69.62<\/li>\n<li><b>H\u1ed7 tr\u1ee3 k\u1ef9 thu\u1eadt:<\/b> 0938.40.50.62<\/li>\n<li><b>Email:<\/b> Tip\u00edwood.sg@gmail.com<\/li>\n<\/ul>\n<p>N\u1ed8I TH\u1ea4T TIPI lu\u00f4n s\u1eb5n l\u00f2ng ph\u1ee5c v\u1ee5 v\u00e0 mang \u0111\u1ebfn nh\u1eefng gi\u1ea3i ph\u00e1p n\u1ed9i th\u1ea5t ho\u00e0n h\u1ea3o nh\u1ea5t cho kh\u00f4ng gian s\u1ed1ng c\u1ee7a b\u1ea1n!<\/p>\n","protected":false},"excerpt":{"rendered":"<p>Kh\u00e1m ph\u00e1 gi\u01b0\u1eddng MDF c\u00f3 ng\u0103n k\u00e9o \u2013 s\u1ef1 k\u1ebft h\u1ee3p ho\u00e0n h\u1ea3o gi\u1eefa thi\u1ebft k\u1ebf hi\u1ec7n \u0111\u1ea1i, ch\u1ea5t li\u1ec7u b\u1ec1n \u0111\u1eb9p v\u00e0 kh\u00f4ng gian l\u01b0u tr\u1eef t\u1ed1i \u01b0u. \u0110\u1eb7t h\u00e0ng ngay t\u1ea1i TP.HCM.<\/p>\n","protected":false},"featured_media":3958,"comment_status":"open","ping_status":"closed","template":"","meta":{"_acf_changed":false},"product_brand":[],"product_cat":[147],"product_tag":[],"class_list":{"0":"post-3957","1":"product","2":"type-product","3":"status-publish","4":"has-post-thumbnail","6":"product_cat-giuong-mdf","8":"first","9":"instock","10":"shipping-taxable","11":"purchasable","12":"product-type-simple"},"acf":[],"yoast_head":"<!-- This site is optimized with the Yoast SEO Premium plugin v22.6 (Yoast SEO v26.3) - https:\/\/yoast.com\/wordpress\/plugins\/seo\/ -->\n<title>Gi\u01b0\u1eddng MDF C\u00f3 Ng\u0103n K\u00e9o - N\u1ed9i th\u1ea5t Tipi<\/title>\n<meta name=\"robots\" content=\"index, follow, max-snippet:-1, max-image-preview:large, max-video-preview:-1\" \/>\n<link rel=\"canonical\" href=\"https:\/\/xuongnoithattipi.com\/?product=giuong-mdf-co-ngan-keo\" \/>\n<meta property=\"og:locale\" content=\"vi_VN\" \/>\n<meta property=\"og:type\" content=\"article\" \/>\n<meta property=\"og:title\" content=\"Gi\u01b0\u1eddng MDF C\u00f3 Ng\u0103n K\u00e9o\" \/>\n<meta property=\"og:description\" content=\"Kh\u00e1m ph\u00e1 gi\u01b0\u1eddng MDF c\u00f3 ng\u0103n k\u00e9o \u2013 s\u1ef1 k\u1ebft h\u1ee3p ho\u00e0n h\u1ea3o gi\u1eefa thi\u1ebft k\u1ebf hi\u1ec7n \u0111\u1ea1i, ch\u1ea5t li\u1ec7u b\u1ec1n \u0111\u1eb9p v\u00e0 kh\u00f4ng gian l\u01b0u tr\u1eef t\u1ed1i \u01b0u. \u0110\u1eb7t h\u00e0ng ngay t\u1ea1i TP.HCM.\" \/>\n<meta property=\"og:url\" content=\"https:\/\/xuongnoithattipi.com\/?product=giuong-mdf-co-ngan-keo\" \/>\n<meta property=\"og:site_name\" content=\"N\u1ed9i th\u1ea5t Tipi\" \/>\n<meta property=\"article:publisher\" content=\"https:\/\/www.facebook.com\/profile.php?id=61583275246966#\" \/>\n<meta property=\"article:modified_time\" content=\"2025-11-15T15:03:43+00:00\" \/>\n<meta property=\"og:image\" content=\"https:\/\/xuongnoithattipi.com\/wp-content\/uploads\/2025\/11\/giuong-mdf-ngan-keo.jpg\" \/>\n\t<meta property=\"og:image:width\" content=\"512\" \/>\n\t<meta property=\"og:image:height\" content=\"512\" \/>\n\t<meta property=\"og:image:type\" content=\"image\/jpeg\" \/>\n<meta name=\"twitter:card\" content=\"summary_large_image\" \/>\n<meta name=\"twitter:label1\" content=\"\u01af\u1edbc t\u00ednh th\u1eddi gian \u0111\u1ecdc\" \/>\n\t<meta name=\"twitter:data1\" content=\"5 ph\u00fat\" \/>\n<script type=\"application\/ld+json\" class=\"yoast-schema-graph\">{\"@context\":\"https:\/\/schema.org\",\"@graph\":[{\"@type\":\"WebPage\",\"@id\":\"https:\/\/xuongnoithattipi.com\/?product=giuong-mdf-co-ngan-keo\",\"url\":\"https:\/\/xuongnoithattipi.com\/?product=giuong-mdf-co-ngan-keo\",\"name\":\"Gi\u01b0\u1eddng MDF C\u00f3 Ng\u0103n K\u00e9o - N\u1ed9i th\u1ea5t Tipi\",\"isPartOf\":{\"@id\":\"https:\/\/xuongnoithattipi.com\/#website\"},\"primaryImageOfPage\":{\"@id\":\"https:\/\/xuongnoithattipi.com\/?product=giuong-mdf-co-ngan-keo#primaryimage\"},\"image\":{\"@id\":\"https:\/\/xuongnoithattipi.com\/?product=giuong-mdf-co-ngan-keo#primaryimage\"},\"thumbnailUrl\":\"https:\/\/xuongnoithattipi.com\/wp-content\/uploads\/2025\/11\/giuong-mdf-ngan-keo.jpg\",\"datePublished\":\"2025-11-10T14:32:59+00:00\",\"dateModified\":\"2025-11-15T15:03:43+00:00\",\"breadcrumb\":{\"@id\":\"https:\/\/xuongnoithattipi.com\/?product=giuong-mdf-co-ngan-keo#breadcrumb\"},\"inLanguage\":\"vi\",\"potentialAction\":[{\"@type\":\"ReadAction\",\"target\":[\"https:\/\/xuongnoithattipi.com\/?product=giuong-mdf-co-ngan-keo\"]}]},{\"@type\":\"ImageObject\",\"inLanguage\":\"vi\",\"@id\":\"https:\/\/xuongnoithattipi.com\/?product=giuong-mdf-co-ngan-keo#primaryimage\",\"url\":\"https:\/\/xuongnoithattipi.com\/wp-content\/uploads\/2025\/11\/giuong-mdf-ngan-keo.jpg\",\"contentUrl\":\"https:\/\/xuongnoithattipi.com\/wp-content\/uploads\/2025\/11\/giuong-mdf-ngan-keo.jpg\",\"width\":512,\"height\":512},{\"@type\":\"BreadcrumbList\",\"@id\":\"https:\/\/xuongnoithattipi.com\/?product=giuong-mdf-co-ngan-keo#breadcrumb\",\"itemListElement\":[{\"@type\":\"ListItem\",\"position\":1,\"name\":\"Trang ch\u1ee7\",\"item\":\"https:\/\/xuongnoithattipi.com\/\"},{\"@type\":\"ListItem\",\"position\":2,\"name\":\"S\u1ea3n ph\u1ea9m\",\"item\":\"https:\/\/xuongnoithattipi.com\/shop\/\"},{\"@type\":\"ListItem\",\"position\":3,\"name\":\"Gi\u01b0\u1eddng MDF\",\"item\":\"https:\/\/xuongnoithattipi.com\/danh-muc-san-pham\/giuong-mdf\/\"},{\"@type\":\"ListItem\",\"position\":4,\"name\":\"Gi\u01b0\u1eddng MDF C\u00f3 Ng\u0103n K\u00e9o\"}]},{\"@type\":\"WebSite\",\"@id\":\"https:\/\/xuongnoithattipi.com\/#website\",\"url\":\"https:\/\/xuongnoithattipi.com\/\",\"name\":\"N\u1ed9i th\u1ea5t Tipi\",\"description\":\"\",\"publisher\":{\"@id\":\"https:\/\/xuongnoithattipi.com\/#organization\"},\"potentialAction\":[{\"@type\":\"SearchAction\",\"target\":{\"@type\":\"EntryPoint\",\"urlTemplate\":\"https:\/\/xuongnoithattipi.com\/?s={search_term_string}\"},\"query-input\":{\"@type\":\"PropertyValueSpecification\",\"valueRequired\":true,\"valueName\":\"search_term_string\"}}],\"inLanguage\":\"vi\"},{\"@type\":\"Organization\",\"@id\":\"https:\/\/xuongnoithattipi.com\/#organization\",\"name\":\"N\u1ed9i th\u1ea5t Tipi\",\"url\":\"https:\/\/xuongnoithattipi.com\/\",\"logo\":{\"@type\":\"ImageObject\",\"inLanguage\":\"vi\",\"@id\":\"https:\/\/xuongnoithattipi.com\/#\/schema\/logo\/image\/\",\"url\":\"http:\/\/xuongnoithattipi.com\/wp-content\/uploads\/2025\/11\/LOGO_XUONG-NOI-THAT-TIPI_WEB-COLOR-full.png\",\"contentUrl\":\"http:\/\/xuongnoithattipi.com\/wp-content\/uploads\/2025\/11\/LOGO_XUONG-NOI-THAT-TIPI_WEB-COLOR-full.png\",\"width\":536,\"height\":126,\"caption\":\"N\u1ed9i th\u1ea5t Tipi\"},\"image\":{\"@id\":\"https:\/\/xuongnoithattipi.com\/#\/schema\/logo\/image\/\"},\"sameAs\":[\"https:\/\/www.facebook.com\/profile.php?id=61583275246966#\"]}]}<\/script>\n<!-- \/ Yoast SEO Premium plugin. -->","yoast_head_json":{"title":"Gi\u01b0\u1eddng MDF C\u00f3 Ng\u0103n K\u00e9o - N\u1ed9i th\u1ea5t Tipi","robots":{"index":"index","follow":"follow","max-snippet":"max-snippet:-1","max-image-preview":"max-image-preview:large","max-video-preview":"max-video-preview:-1"},"canonical":"https:\/\/xuongnoithattipi.com\/?product=giuong-mdf-co-ngan-keo","og_locale":"vi_VN","og_type":"article","og_title":"Gi\u01b0\u1eddng MDF C\u00f3 Ng\u0103n K\u00e9o","og_description":"Kh\u00e1m ph\u00e1 gi\u01b0\u1eddng MDF c\u00f3 ng\u0103n k\u00e9o \u2013 s\u1ef1 k\u1ebft h\u1ee3p ho\u00e0n h\u1ea3o gi\u1eefa thi\u1ebft k\u1ebf hi\u1ec7n \u0111\u1ea1i, ch\u1ea5t li\u1ec7u b\u1ec1n \u0111\u1eb9p v\u00e0 kh\u00f4ng gian l\u01b0u tr\u1eef t\u1ed1i \u01b0u. \u0110\u1eb7t h\u00e0ng ngay t\u1ea1i TP.HCM.","og_url":"https:\/\/xuongnoithattipi.com\/?product=giuong-mdf-co-ngan-keo","og_site_name":"N\u1ed9i th\u1ea5t Tipi","article_publisher":"https:\/\/www.facebook.com\/profile.php?id=61583275246966#","article_modified_time":"2025-11-15T15:03:43+00:00","og_image":[{"width":512,"height":512,"url":"https:\/\/xuongnoithattipi.com\/wp-content\/uploads\/2025\/11\/giuong-mdf-ngan-keo.jpg","type":"image\/jpeg"}],"twitter_card":"summary_large_image","twitter_misc":{"\u01af\u1edbc t\u00ednh th\u1eddi gian \u0111\u1ecdc":"5 ph\u00fat"},"schema":{"@context":"https:\/\/schema.org","@graph":[{"@type":"WebPage","@id":"https:\/\/xuongnoithattipi.com\/?product=giuong-mdf-co-ngan-keo","url":"https:\/\/xuongnoithattipi.com\/?product=giuong-mdf-co-ngan-keo","name":"Gi\u01b0\u1eddng MDF C\u00f3 Ng\u0103n K\u00e9o - N\u1ed9i th\u1ea5t Tipi","isPartOf":{"@id":"https:\/\/xuongnoithattipi.com\/#website"},"primaryImageOfPage":{"@id":"https:\/\/xuongnoithattipi.com\/?product=giuong-mdf-co-ngan-keo#primaryimage"},"image":{"@id":"https:\/\/xuongnoithattipi.com\/?product=giuong-mdf-co-ngan-keo#primaryimage"},"thumbnailUrl":"https:\/\/xuongnoithattipi.com\/wp-content\/uploads\/2025\/11\/giuong-mdf-ngan-keo.jpg","datePublished":"2025-11-10T14:32:59+00:00","dateModified":"2025-11-15T15:03:43+00:00","breadcrumb":{"@id":"https:\/\/xuongnoithattipi.com\/?product=giuong-mdf-co-ngan-keo#breadcrumb"},"inLanguage":"vi","potentialAction":[{"@type":"ReadAction","target":["https:\/\/xuongnoithattipi.com\/?product=giuong-mdf-co-ngan-keo"]}]},{"@type":"ImageObject","inLanguage":"vi","@id":"https:\/\/xuongnoithattipi.com\/?product=giuong-mdf-co-ngan-keo#primaryimage","url":"https:\/\/xuongnoithattipi.com\/wp-content\/uploads\/2025\/11\/giuong-mdf-ngan-keo.jpg","contentUrl":"https:\/\/xuongnoithattipi.com\/wp-content\/uploads\/2025\/11\/giuong-mdf-ngan-keo.jpg","width":512,"height":512},{"@type":"BreadcrumbList","@id":"https:\/\/xuongnoithattipi.com\/?product=giuong-mdf-co-ngan-keo#breadcrumb","itemListElement":[{"@type":"ListItem","position":1,"name":"Trang ch\u1ee7","item":"https:\/\/xuongnoithattipi.com\/"},{"@type":"ListItem","position":2,"name":"S\u1ea3n ph\u1ea9m","item":"https:\/\/xuongnoithattipi.com\/shop\/"},{"@type":"ListItem","position":3,"name":"Gi\u01b0\u1eddng MDF","item":"https:\/\/xuongnoithattipi.com\/danh-muc-san-pham\/giuong-mdf\/"},{"@type":"ListItem","position":4,"name":"Gi\u01b0\u1eddng MDF C\u00f3 Ng\u0103n K\u00e9o"}]},{"@type":"WebSite","@id":"https:\/\/xuongnoithattipi.com\/#website","url":"https:\/\/xuongnoithattipi.com\/","name":"N\u1ed9i th\u1ea5t Tipi","description":"","publisher":{"@id":"https:\/\/xuongnoithattipi.com\/#organization"},"potentialAction":[{"@type":"SearchAction","target":{"@type":"EntryPoint","urlTemplate":"https:\/\/xuongnoithattipi.com\/?s={search_term_string}"},"query-input":{"@type":"PropertyValueSpecification","valueRequired":true,"valueName":"search_term_string"}}],"inLanguage":"vi"},{"@type":"Organization","@id":"https:\/\/xuongnoithattipi.com\/#organization","name":"N\u1ed9i th\u1ea5t Tipi","url":"https:\/\/xuongnoithattipi.com\/","logo":{"@type":"ImageObject","inLanguage":"vi","@id":"https:\/\/xuongnoithattipi.com\/#\/schema\/logo\/image\/","url":"http:\/\/xuongnoithattipi.com\/wp-content\/uploads\/2025\/11\/LOGO_XUONG-NOI-THAT-TIPI_WEB-COLOR-full.png","contentUrl":"http:\/\/xuongnoithattipi.com\/wp-content\/uploads\/2025\/11\/LOGO_XUONG-NOI-THAT-TIPI_WEB-COLOR-full.png","width":536,"height":126,"caption":"N\u1ed9i th\u1ea5t Tipi"},"image":{"@id":"https:\/\/xuongnoithattipi.com\/#\/schema\/logo\/image\/"},"sameAs":["https:\/\/www.facebook.com\/profile.php?id=61583275246966#"]}]}},"_links":{"self":[{"href":"https:\/\/xuongnoithattipi.com\/index.php?rest_route=\/wp\/v2\/product\/3957","targetHints":{"allow":["GET"]}}],"collection":[{"href":"https:\/\/xuongnoithattipi.com\/index.php?rest_route=\/wp\/v2\/product"}],"about":[{"href":"https:\/\/xuongnoithattipi.com\/index.php?rest_route=\/wp\/v2\/types\/product"}],"replies":[{"embeddable":true,"href":"https:\/\/xuongnoithattipi.com\/index.php?rest_route=%2Fwp%2Fv2%2Fcomments&post=3957"}],"wp:featuredmedia":[{"embeddable":true,"href":"https:\/\/xuongnoithattipi.com\/index.php?rest_route=\/wp\/v2\/media\/3958"}],"wp:attachment":[{"href":"https:\/\/xuongnoithattipi.com\/index.php?rest_route=%2Fwp%2Fv2%2Fmedia&parent=3957"}],"wp:term":[{"taxonomy":"product_brand","embeddable":true,"href":"https:\/\/xuongnoithattipi.com\/index.php?rest_route=%2Fwp%2Fv2%2Fproduct_brand&post=3957"},{"taxonomy":"product_cat","embeddable":true,"href":"https:\/\/xuongnoithattipi.com\/index.php?rest_route=%2Fwp%2Fv2%2Fproduct_cat&post=3957"},{"taxonomy":"product_tag","embeddable":true,"href":"https:\/\/xuongnoithattipi.com\/index.php?rest_route=%2Fwp%2Fv2%2Fproduct_tag&post=3957"}],"curies":[{"name":"wp","href":"https:\/\/api.w.org\/{rel}","templated":true}]}}