{"id":3943,"date":"2025-11-10T20:01:07","date_gmt":"2025-11-10T13:01:07","guid":{"rendered":"https:\/\/xuongnoithattipi.com\/?post_type=product&#038;p=3943"},"modified":"2025-11-15T22:03:53","modified_gmt":"2025-11-15T15:03:53","slug":"vo-loa-binh","status":"publish","type":"product","link":"https:\/\/xuongnoithattipi.com\/?product=vo-loa-binh","title":{"rendered":"V\u1ecf Th\u00f9ng Loa B\u00ecnh"},"content":{"rendered":"<p data-start=\"389\" data-end=\"471\"><strong data-start=\"413\" data-end=\"471\">V\u1ecf Th\u00f9ng Loa B\u00ecnh \u2013 Gi\u1ea3i Ph\u00e1p B\u1ea3o V\u1ec7 \u00c2m Thanh \u0110\u1ec9nh Cao<\/strong><\/p>\n<p data-start=\"473\" data-end=\"799\">V\u1edbi nh\u1eefng ai y\u00eau th\u00edch \u00e2m nh\u1ea1c, ch\u1ea5t l\u01b0\u1ee3ng \u00e2m thanh lu\u00f4n l\u00e0 y\u1ebfu t\u1ed1 quan tr\u1ecdng. \u0110\u1ec3 b\u1ea3o v\u1ec7 v\u00e0 t\u1ed1i \u01b0u h\u00f3a \u00e2m thanh cho h\u1ec7 th\u1ed1ng loa c\u1ee7a b\u1ea1n, v\u1ecf th\u00f9ng loa b\u00ecnh c\u1ee7a N\u1ed8I TH\u1ea4T TIPI ch\u00ednh l\u00e0 l\u1ef1a ch\u1ecdn ho\u00e0n h\u1ea3o. S\u1ea3n ph\u1ea9m mang l\u1ea1i s\u1ef1 ch\u1eafc ch\u1eafn, b\u1ec1n b\u1ec9, gi\u00fap b\u1ea3o v\u1ec7 loa kh\u1ecfi c\u00e1c t\u00e1c \u0111\u1ed9ng b\u00ean ngo\u00e0i \u0111\u1ed3ng th\u1eddi c\u1ea3i thi\u1ec7n ch\u1ea5t l\u01b0\u1ee3ng \u00e2m thanh.<br \/>\n<img loading=\"lazy\" decoding=\"async\" class=\"alignnone  wp-image-3990\" src=\"http:\/\/xuongnoithattipi.com\/wp-content\/uploads\/2025\/11\/vo-thung-loa-binh3-300x300.jpg\" alt=\"\" width=\"346\" height=\"346\" srcset=\"https:\/\/xuongnoithattipi.com\/wp-content\/uploads\/2025\/11\/vo-thung-loa-binh3-300x300.jpg 300w, https:\/\/xuongnoithattipi.com\/wp-content\/uploads\/2025\/11\/vo-thung-loa-binh3-150x150.jpg 150w, https:\/\/xuongnoithattipi.com\/wp-content\/uploads\/2025\/11\/vo-thung-loa-binh3-768x768.jpg 768w, https:\/\/xuongnoithattipi.com\/wp-content\/uploads\/2025\/11\/vo-thung-loa-binh3-256x256.jpg 256w, https:\/\/xuongnoithattipi.com\/wp-content\/uploads\/2025\/11\/vo-thung-loa-binh3-100x100.jpg 100w, https:\/\/xuongnoithattipi.com\/wp-content\/uploads\/2025\/11\/vo-thung-loa-binh3.jpg 1024w\" sizes=\"auto, (max-width: 346px) 100vw, 346px\" \/> <img loading=\"lazy\" decoding=\"async\" class=\"alignnone  wp-image-3989\" src=\"http:\/\/xuongnoithattipi.com\/wp-content\/uploads\/2025\/11\/vo-thung-loa-binh-2-300x300.jpg\" alt=\"\" width=\"347\" height=\"347\" srcset=\"https:\/\/xuongnoithattipi.com\/wp-content\/uploads\/2025\/11\/vo-thung-loa-binh-2-300x300.jpg 300w, https:\/\/xuongnoithattipi.com\/wp-content\/uploads\/2025\/11\/vo-thung-loa-binh-2-150x150.jpg 150w, https:\/\/xuongnoithattipi.com\/wp-content\/uploads\/2025\/11\/vo-thung-loa-binh-2-768x768.jpg 768w, https:\/\/xuongnoithattipi.com\/wp-content\/uploads\/2025\/11\/vo-thung-loa-binh-2-256x256.jpg 256w, https:\/\/xuongnoithattipi.com\/wp-content\/uploads\/2025\/11\/vo-thung-loa-binh-2-100x100.jpg 100w, https:\/\/xuongnoithattipi.com\/wp-content\/uploads\/2025\/11\/vo-thung-loa-binh-2.jpg 1024w\" sizes=\"auto, (max-width: 347px) 100vw, 347px\" \/><\/p>\n<p data-start=\"801\" data-end=\"866\"><strong data-start=\"801\" data-end=\"866\">V\u1ecf Th\u00f9ng Loa B\u00ecnh: T\u00ednh B\u1ec1n B\u1ec9, Th\u1ea9m M\u1ef9 V\u00e0 \u00c2m Thanh Tuy\u1ec7t V\u1eddi<\/strong><\/p>\n<p data-start=\"868\" data-end=\"1175\">V\u1ecf th\u00f9ng loa b\u00ecnh kh\u00f4ng ch\u1ec9 \u0111\u01a1n thu\u1ea7n l\u00e0 m\u1ed9t l\u1edbp b\u1ea3o v\u1ec7 m\u00e0 c\u00f2n gi\u00fap t\u0103ng c\u01b0\u1eddng hi\u1ec7u su\u1ea5t \u00e2m thanh. Thi\u1ebft k\u1ebf c\u1ee7a v\u1ecf th\u00f9ng loa b\u00ecnh TIPI gi\u00fap b\u1ea3o v\u1ec7 c\u00e1c c\u1ee7 loa, linh ki\u1ec7n v\u00e0 c\u00e1c b\u1ed9 ph\u1eadn quan tr\u1ecdng kh\u1ecfi b\u1ee5i b\u1ea9n, n\u01b0\u1edbc, va \u0111\u1eadp hay c\u00e1c y\u1ebfu t\u1ed1 t\u00e1c \u0111\u1ed9ng kh\u00e1c, \u0111\u1ed3ng th\u1eddi c\u1ea3i thi\u1ec7n ch\u1ea5t l\u01b0\u1ee3ng \u00e2m thanh ph\u00e1t ra t\u1eeb loa.<\/p>\n<p data-start=\"1177\" data-end=\"1234\"><strong data-start=\"1177\" data-end=\"1234\">T\u1ea1i Sao N\u00ean Ch\u1ecdn V\u1ecf Th\u00f9ng Loa B\u00ecnh C\u1ee7a N\u1ed8I TH\u1ea4T TIPI?<\/strong><\/p>\n<p data-start=\"1236\" data-end=\"1560\"><strong data-start=\"1236\" data-end=\"1265\">Ch\u1ea5t Li\u1ec7u Cao C\u1ea5p, B\u1ec1n B\u1ec9<\/strong>:<br data-start=\"1266\" data-end=\"1269\" \/>V\u1edbi ch\u1ea5t li\u1ec7u g\u1ed7 c\u00f4ng nghi\u1ec7p cao c\u1ea5p nh\u01b0 MDF, v\u1ecf th\u00f9ng loa b\u00ecnh TIPI \u0111\u01b0\u1ee3c gia c\u1ed1 v\u00e0 ph\u1ee7 b\u1ec1 m\u1eb7t b\u1eb1ng v\u1eadt li\u1ec7u ch\u1ed1ng th\u1ea5m n\u01b0\u1edbc, ch\u1ed1ng tr\u1ea7y x\u01b0\u1edbc v\u00e0 ch\u1ecbu l\u1ef1c t\u1ed1t. \u0110i\u1ec1u n\u00e0y \u0111\u1ea3m b\u1ea3o v\u1ecf th\u00f9ng loa c\u00f3 th\u1ec3 ch\u1ed1ng l\u1ea1i m\u1ecdi t\u00e1c \u0111\u1ed9ng t\u1eeb b\u00ean ngo\u00e0i, b\u1ea3o v\u1ec7 \u00e2m thanh c\u1ee7a b\u1ea1n kh\u00f4ng b\u1ecb \u1ea3nh h\u01b0\u1edfng b\u1edfi m\u00f4i tr\u01b0\u1eddng.<\/p>\n<p data-start=\"1562\" data-end=\"1879\"><strong data-start=\"1562\" data-end=\"1622\">T\u1ed1i \u01afu \u00c2m Thanh, \u0110\u1ea3m B\u1ea3o Tr\u1ea3i Nghi\u1ec7m Nghe Nh\u1ea1c Tuy\u1ec7t V\u1eddi<\/strong>:<br data-start=\"1623\" data-end=\"1626\" \/>V\u1ecf th\u00f9ng loa b\u00ecnh c\u1ee7a TIPI kh\u00f4ng ch\u1ec9 b\u1ec1n m\u00e0 c\u00f2n \u0111\u01b0\u1ee3c thi\u1ebft k\u1ebf \u0111\u1ec3 t\u1ed1i \u01b0u h\u00f3a hi\u1ec7u su\u1ea5t \u00e2m thanh. C\u1ea5u tr\u00fac b\u00ean trong \u0111\u01b0\u1ee3c t\u00ednh to\u00e1n \u0111\u1ec3 gi\u1ea3m thi\u1ec3u rung \u0111\u1ed9ng kh\u00f4ng mong mu\u1ed1n, gi\u00fap \u00e2m thanh ph\u00e1t ra r\u00f5 r\u00e0ng v\u00e0 m\u1ea1nh m\u1ebd, mang l\u1ea1i tr\u1ea3i nghi\u1ec7m nghe nh\u1ea1c t\u1ed1t nh\u1ea5t.<br \/>\n<img loading=\"lazy\" decoding=\"async\" class=\"alignnone  wp-image-3991\" src=\"http:\/\/xuongnoithattipi.com\/wp-content\/uploads\/2025\/11\/vo-thung-loa-dien5-300x300.jpg\" alt=\"\" width=\"346\" height=\"346\" srcset=\"https:\/\/xuongnoithattipi.com\/wp-content\/uploads\/2025\/11\/vo-thung-loa-dien5-300x300.jpg 300w, https:\/\/xuongnoithattipi.com\/wp-content\/uploads\/2025\/11\/vo-thung-loa-dien5-150x150.jpg 150w, https:\/\/xuongnoithattipi.com\/wp-content\/uploads\/2025\/11\/vo-thung-loa-dien5-768x768.jpg 768w, https:\/\/xuongnoithattipi.com\/wp-content\/uploads\/2025\/11\/vo-thung-loa-dien5-256x256.jpg 256w, https:\/\/xuongnoithattipi.com\/wp-content\/uploads\/2025\/11\/vo-thung-loa-dien5-100x100.jpg 100w, https:\/\/xuongnoithattipi.com\/wp-content\/uploads\/2025\/11\/vo-thung-loa-dien5.jpg 1024w\" sizes=\"auto, (max-width: 346px) 100vw, 346px\" \/> <img loading=\"lazy\" decoding=\"async\" class=\"alignnone  wp-image-3988\" src=\"http:\/\/xuongnoithattipi.com\/wp-content\/uploads\/2025\/11\/vo-thung-loa-binh1-300x300.jpg\" alt=\"\" width=\"346\" height=\"346\" srcset=\"https:\/\/xuongnoithattipi.com\/wp-content\/uploads\/2025\/11\/vo-thung-loa-binh1-300x300.jpg 300w, https:\/\/xuongnoithattipi.com\/wp-content\/uploads\/2025\/11\/vo-thung-loa-binh1-150x150.jpg 150w, https:\/\/xuongnoithattipi.com\/wp-content\/uploads\/2025\/11\/vo-thung-loa-binh1-768x768.jpg 768w, https:\/\/xuongnoithattipi.com\/wp-content\/uploads\/2025\/11\/vo-thung-loa-binh1-256x256.jpg 256w, https:\/\/xuongnoithattipi.com\/wp-content\/uploads\/2025\/11\/vo-thung-loa-binh1-100x100.jpg 100w, https:\/\/xuongnoithattipi.com\/wp-content\/uploads\/2025\/11\/vo-thung-loa-binh1.jpg 1024w\" sizes=\"auto, (max-width: 346px) 100vw, 346px\" \/><\/p>\n<p data-start=\"1881\" data-end=\"2183\"><strong data-start=\"1881\" data-end=\"1929\">Thi\u1ebft K\u1ebf Tinh T\u1ebf, Ph\u00f9 H\u1ee3p V\u1edbi M\u1ecdi Kh\u00f4ng Gian<\/strong>:<br data-start=\"1930\" data-end=\"1933\" \/>V\u1ecf th\u00f9ng loa b\u00ecnh TIPI c\u00f3 thi\u1ebft k\u1ebf \u0111\u01a1n gi\u1ea3n, tinh t\u1ebf, d\u1ec5 d\u00e0ng h\u00f2a h\u1ee3p v\u1edbi m\u1ecdi kh\u00f4ng gian s\u1eed d\u1ee5ng. S\u1ea3n ph\u1ea9m c\u00f3 nhi\u1ec1u l\u1ef1a ch\u1ecdn v\u1ec1 m\u00e0u s\u1eafc v\u00e0 v\u00e2n g\u1ed7, t\u1eeb v\u00e2n g\u1ed7 t\u1ef1 nhi\u00ean \u0111\u1ebfn c\u00e1c m\u00e0u s\u1eafc hi\u1ec7n \u0111\u1ea1i, gi\u00fap b\u1ea1n d\u1ec5 d\u00e0ng ch\u1ecdn l\u1ef1a ph\u00f9 h\u1ee3p v\u1edbi phong c\u00e1ch c\u1ee7a m\u00ecnh.<\/p>\n<p data-start=\"2185\" data-end=\"2432\"><strong data-start=\"2185\" data-end=\"2217\">D\u1ec5 D\u00e0ng Di Chuy\u1ec3n V\u00e0 L\u1eafp \u0110\u1eb7t<\/strong>:<br data-start=\"2218\" data-end=\"2221\" \/>V\u1edbi thi\u1ebft k\u1ebf nh\u1ecf g\u1ecdn v\u00e0 d\u1ec5 d\u00e0ng l\u1eafp r\u00e1p, v\u1ecf th\u00f9ng loa b\u00ecnh TIPI kh\u00f4ng ch\u1ec9 thu\u1eadn ti\u1ec7n trong vi\u1ec7c di chuy\u1ec3n m\u00e0 c\u00f2n gi\u00fap b\u1ea1n d\u1ec5 d\u00e0ng l\u1eafp \u0111\u1eb7t h\u1ec7 th\u1ed1ng \u00e2m thanh t\u1ea1i c\u00e1c bu\u1ed5i ti\u1ec7c, s\u1ef1 ki\u1ec7n hay kh\u00f4ng gian s\u1eed d\u1ee5ng kh\u00e1c.<\/p>\n<p data-start=\"2434\" data-end=\"2475\"><strong data-start=\"2434\" data-end=\"2475\">Li\u00ean H\u1ec7 N\u1ed8I TH\u1ea4T TIPI \u0110\u1ec3 \u0110\u01b0\u1ee3c T\u01b0 V\u1ea5n:<\/strong><\/p>\n<p data-start=\"2477\" data-end=\"2603\">\u0110\u1ec3 \u0111\u01b0\u1ee3c t\u01b0 v\u1ea5n chi ti\u1ebft v\u00e0 s\u1edf h\u1eefu ngay v\u1ecf th\u00f9ng loa b\u00ecnh ch\u1ea5t l\u01b0\u1ee3ng cao, h\u00e3y li\u00ean h\u1ec7 v\u1edbi N\u1ed8I TH\u1ea4T TIPI qua th\u00f4ng tin d\u01b0\u1edbi \u0111\u00e2y:<\/p>\n<p data-start=\"2605\" data-end=\"2801\"><strong data-start=\"2605\" data-end=\"2654\">C\u00d4NG TY TNHH TH\u01af\u01a0NG M\u1ea0I V\u00c0 S\u1ea2N XU\u1ea4T TIPI WOOD<\/strong><br data-start=\"2654\" data-end=\"2657\" \/>\u0110\u1ecba ch\u1ec9: 221\/229 B\u00ecnh Th\u00e0nh, Ph\u01b0\u1eddng B\u00ecnh T\u00e2n, TP.HCM<br data-start=\"2709\" data-end=\"2712\" \/>Kinh doanh: 0909.52.69.62<br data-start=\"2737\" data-end=\"2740\" \/>H\u1ed7 tr\u1ee3 k\u1ef9 thu\u1eadt: 0938.40.50.62<br data-start=\"2770\" data-end=\"2773\" \/>Email: <a class=\"decorated-link cursor-pointer\" rel=\"noopener\" data-start=\"2780\" data-end=\"2801\">tipiwood.sg@gmail.com<\/a><\/p>\n<p data-start=\"2803\" data-end=\"2930\">N\u1ed8I TH\u1ea4T TIPI lu\u00f4n s\u1eb5n s\u00e0ng ph\u1ee5c v\u1ee5 v\u00e0 mang \u0111\u1ebfn gi\u1ea3i ph\u00e1p n\u1ed9i th\u1ea5t ho\u00e0n h\u1ea3o cho kh\u00f4ng gian s\u1ed1ng v\u00e0 ni\u1ec1m \u0111am m\u00ea \u00e2m nh\u1ea1c c\u1ee7a b\u1ea1n!<\/p>\n","protected":false},"excerpt":{"rendered":"<p>Kh\u00e1m ph\u00e1 v\u1ecf th\u00f9ng loa b\u00ecnh c\u1ee7a N\u1ed8I TH\u1ea4T TIPI \u2013 thi\u1ebft k\u1ebf ch\u1eafc ch\u1eafn, ch\u1ea5t li\u1ec7u cao c\u1ea5p, b\u1ea3o v\u1ec7 t\u1ed1i \u01b0u cho h\u1ec7 th\u1ed1ng \u00e2m thanh c\u1ee7a b\u1ea1n. \u0110\u1eb7t h\u00e0ng ngay t\u1ea1i TP.HCM.<\/p>\n","protected":false},"featured_media":3952,"comment_status":"open","ping_status":"closed","template":"","meta":{"_acf_changed":false},"product_brand":[],"product_cat":[146],"product_tag":[],"class_list":{"0":"post-3943","1":"product","2":"type-product","3":"status-publish","4":"has-post-thumbnail","6":"product_cat-vo-thung-loa","8":"first","9":"instock","10":"shipping-taxable","11":"purchasable","12":"product-type-simple"},"acf":[],"yoast_head":"<!-- This site is optimized with the Yoast SEO Premium plugin v22.6 (Yoast SEO v26.3) - https:\/\/yoast.com\/wordpress\/plugins\/seo\/ -->\n<title>V\u1ecf Th\u00f9ng Loa B\u00ecnh - N\u1ed9i th\u1ea5t Tipi<\/title>\n<meta name=\"robots\" content=\"index, follow, max-snippet:-1, max-image-preview:large, max-video-preview:-1\" \/>\n<link rel=\"canonical\" href=\"https:\/\/xuongnoithattipi.com\/?product=vo-loa-binh\" \/>\n<meta property=\"og:locale\" content=\"vi_VN\" \/>\n<meta property=\"og:type\" content=\"article\" \/>\n<meta property=\"og:title\" content=\"V\u1ecf Th\u00f9ng Loa B\u00ecnh\" \/>\n<meta property=\"og:description\" content=\"Kh\u00e1m ph\u00e1 v\u1ecf th\u00f9ng loa b\u00ecnh c\u1ee7a N\u1ed8I TH\u1ea4T TIPI \u2013 thi\u1ebft k\u1ebf ch\u1eafc ch\u1eafn, ch\u1ea5t li\u1ec7u cao c\u1ea5p, b\u1ea3o v\u1ec7 t\u1ed1i \u01b0u cho h\u1ec7 th\u1ed1ng \u00e2m thanh c\u1ee7a b\u1ea1n. \u0110\u1eb7t h\u00e0ng ngay t\u1ea1i TP.HCM.\" \/>\n<meta property=\"og:url\" content=\"https:\/\/xuongnoithattipi.com\/?product=vo-loa-binh\" \/>\n<meta property=\"og:site_name\" content=\"N\u1ed9i th\u1ea5t Tipi\" \/>\n<meta property=\"article:publisher\" content=\"https:\/\/www.facebook.com\/profile.php?id=61583275246966#\" \/>\n<meta property=\"article:modified_time\" content=\"2025-11-15T15:03:53+00:00\" \/>\n<meta property=\"og:image\" content=\"https:\/\/xuongnoithattipi.com\/wp-content\/uploads\/2025\/11\/vo-thung-loa-dai-dien.jpg\" \/>\n\t<meta property=\"og:image:width\" content=\"256\" \/>\n\t<meta property=\"og:image:height\" content=\"256\" \/>\n\t<meta property=\"og:image:type\" content=\"image\/jpeg\" \/>\n<meta name=\"twitter:card\" content=\"summary_large_image\" \/>\n<meta name=\"twitter:label1\" content=\"\u01af\u1edbc t\u00ednh th\u1eddi gian \u0111\u1ecdc\" \/>\n\t<meta name=\"twitter:data1\" content=\"4 ph\u00fat\" \/>\n<script type=\"application\/ld+json\" class=\"yoast-schema-graph\">{\"@context\":\"https:\/\/schema.org\",\"@graph\":[{\"@type\":\"WebPage\",\"@id\":\"https:\/\/xuongnoithattipi.com\/?product=vo-loa-binh\",\"url\":\"https:\/\/xuongnoithattipi.com\/?product=vo-loa-binh\",\"name\":\"V\u1ecf Th\u00f9ng Loa B\u00ecnh - N\u1ed9i th\u1ea5t Tipi\",\"isPartOf\":{\"@id\":\"https:\/\/xuongnoithattipi.com\/#website\"},\"primaryImageOfPage\":{\"@id\":\"https:\/\/xuongnoithattipi.com\/?product=vo-loa-binh#primaryimage\"},\"image\":{\"@id\":\"https:\/\/xuongnoithattipi.com\/?product=vo-loa-binh#primaryimage\"},\"thumbnailUrl\":\"https:\/\/xuongnoithattipi.com\/wp-content\/uploads\/2025\/11\/vo-thung-loa-dai-dien.jpg\",\"datePublished\":\"2025-11-10T13:01:07+00:00\",\"dateModified\":\"2025-11-15T15:03:53+00:00\",\"breadcrumb\":{\"@id\":\"https:\/\/xuongnoithattipi.com\/?product=vo-loa-binh#breadcrumb\"},\"inLanguage\":\"vi\",\"potentialAction\":[{\"@type\":\"ReadAction\",\"target\":[\"https:\/\/xuongnoithattipi.com\/?product=vo-loa-binh\"]}]},{\"@type\":\"ImageObject\",\"inLanguage\":\"vi\",\"@id\":\"https:\/\/xuongnoithattipi.com\/?product=vo-loa-binh#primaryimage\",\"url\":\"https:\/\/xuongnoithattipi.com\/wp-content\/uploads\/2025\/11\/vo-thung-loa-dai-dien.jpg\",\"contentUrl\":\"https:\/\/xuongnoithattipi.com\/wp-content\/uploads\/2025\/11\/vo-thung-loa-dai-dien.jpg\",\"width\":256,\"height\":256},{\"@type\":\"BreadcrumbList\",\"@id\":\"https:\/\/xuongnoithattipi.com\/?product=vo-loa-binh#breadcrumb\",\"itemListElement\":[{\"@type\":\"ListItem\",\"position\":1,\"name\":\"Trang ch\u1ee7\",\"item\":\"https:\/\/xuongnoithattipi.com\/\"},{\"@type\":\"ListItem\",\"position\":2,\"name\":\"S\u1ea3n ph\u1ea9m\",\"item\":\"https:\/\/xuongnoithattipi.com\/shop\/\"},{\"@type\":\"ListItem\",\"position\":3,\"name\":\"V\u1ecf th\u00f9ng loa\",\"item\":\"https:\/\/xuongnoithattipi.com\/danh-muc-san-pham\/vo-thung-loa\/\"},{\"@type\":\"ListItem\",\"position\":4,\"name\":\"V\u1ecf Th\u00f9ng Loa B\u00ecnh\"}]},{\"@type\":\"WebSite\",\"@id\":\"https:\/\/xuongnoithattipi.com\/#website\",\"url\":\"https:\/\/xuongnoithattipi.com\/\",\"name\":\"N\u1ed9i th\u1ea5t Tipi\",\"description\":\"\",\"publisher\":{\"@id\":\"https:\/\/xuongnoithattipi.com\/#organization\"},\"potentialAction\":[{\"@type\":\"SearchAction\",\"target\":{\"@type\":\"EntryPoint\",\"urlTemplate\":\"https:\/\/xuongnoithattipi.com\/?s={search_term_string}\"},\"query-input\":{\"@type\":\"PropertyValueSpecification\",\"valueRequired\":true,\"valueName\":\"search_term_string\"}}],\"inLanguage\":\"vi\"},{\"@type\":\"Organization\",\"@id\":\"https:\/\/xuongnoithattipi.com\/#organization\",\"name\":\"N\u1ed9i th\u1ea5t Tipi\",\"url\":\"https:\/\/xuongnoithattipi.com\/\",\"logo\":{\"@type\":\"ImageObject\",\"inLanguage\":\"vi\",\"@id\":\"https:\/\/xuongnoithattipi.com\/#\/schema\/logo\/image\/\",\"url\":\"http:\/\/xuongnoithattipi.com\/wp-content\/uploads\/2025\/11\/LOGO_XUONG-NOI-THAT-TIPI_WEB-COLOR-full.png\",\"contentUrl\":\"http:\/\/xuongnoithattipi.com\/wp-content\/uploads\/2025\/11\/LOGO_XUONG-NOI-THAT-TIPI_WEB-COLOR-full.png\",\"width\":536,\"height\":126,\"caption\":\"N\u1ed9i th\u1ea5t Tipi\"},\"image\":{\"@id\":\"https:\/\/xuongnoithattipi.com\/#\/schema\/logo\/image\/\"},\"sameAs\":[\"https:\/\/www.facebook.com\/profile.php?id=61583275246966#\"]}]}<\/script>\n<!-- \/ Yoast SEO Premium plugin. -->","yoast_head_json":{"title":"V\u1ecf Th\u00f9ng Loa B\u00ecnh - N\u1ed9i th\u1ea5t Tipi","robots":{"index":"index","follow":"follow","max-snippet":"max-snippet:-1","max-image-preview":"max-image-preview:large","max-video-preview":"max-video-preview:-1"},"canonical":"https:\/\/xuongnoithattipi.com\/?product=vo-loa-binh","og_locale":"vi_VN","og_type":"article","og_title":"V\u1ecf Th\u00f9ng Loa B\u00ecnh","og_description":"Kh\u00e1m ph\u00e1 v\u1ecf th\u00f9ng loa b\u00ecnh c\u1ee7a N\u1ed8I TH\u1ea4T TIPI \u2013 thi\u1ebft k\u1ebf ch\u1eafc ch\u1eafn, ch\u1ea5t li\u1ec7u cao c\u1ea5p, b\u1ea3o v\u1ec7 t\u1ed1i \u01b0u cho h\u1ec7 th\u1ed1ng \u00e2m thanh c\u1ee7a b\u1ea1n. \u0110\u1eb7t h\u00e0ng ngay t\u1ea1i TP.HCM.","og_url":"https:\/\/xuongnoithattipi.com\/?product=vo-loa-binh","og_site_name":"N\u1ed9i th\u1ea5t Tipi","article_publisher":"https:\/\/www.facebook.com\/profile.php?id=61583275246966#","article_modified_time":"2025-11-15T15:03:53+00:00","og_image":[{"width":256,"height":256,"url":"https:\/\/xuongnoithattipi.com\/wp-content\/uploads\/2025\/11\/vo-thung-loa-dai-dien.jpg","type":"image\/jpeg"}],"twitter_card":"summary_large_image","twitter_misc":{"\u01af\u1edbc t\u00ednh th\u1eddi gian \u0111\u1ecdc":"4 ph\u00fat"},"schema":{"@context":"https:\/\/schema.org","@graph":[{"@type":"WebPage","@id":"https:\/\/xuongnoithattipi.com\/?product=vo-loa-binh","url":"https:\/\/xuongnoithattipi.com\/?product=vo-loa-binh","name":"V\u1ecf Th\u00f9ng Loa B\u00ecnh - N\u1ed9i th\u1ea5t Tipi","isPartOf":{"@id":"https:\/\/xuongnoithattipi.com\/#website"},"primaryImageOfPage":{"@id":"https:\/\/xuongnoithattipi.com\/?product=vo-loa-binh#primaryimage"},"image":{"@id":"https:\/\/xuongnoithattipi.com\/?product=vo-loa-binh#primaryimage"},"thumbnailUrl":"https:\/\/xuongnoithattipi.com\/wp-content\/uploads\/2025\/11\/vo-thung-loa-dai-dien.jpg","datePublished":"2025-11-10T13:01:07+00:00","dateModified":"2025-11-15T15:03:53+00:00","breadcrumb":{"@id":"https:\/\/xuongnoithattipi.com\/?product=vo-loa-binh#breadcrumb"},"inLanguage":"vi","potentialAction":[{"@type":"ReadAction","target":["https:\/\/xuongnoithattipi.com\/?product=vo-loa-binh"]}]},{"@type":"ImageObject","inLanguage":"vi","@id":"https:\/\/xuongnoithattipi.com\/?product=vo-loa-binh#primaryimage","url":"https:\/\/xuongnoithattipi.com\/wp-content\/uploads\/2025\/11\/vo-thung-loa-dai-dien.jpg","contentUrl":"https:\/\/xuongnoithattipi.com\/wp-content\/uploads\/2025\/11\/vo-thung-loa-dai-dien.jpg","width":256,"height":256},{"@type":"BreadcrumbList","@id":"https:\/\/xuongnoithattipi.com\/?product=vo-loa-binh#breadcrumb","itemListElement":[{"@type":"ListItem","position":1,"name":"Trang ch\u1ee7","item":"https:\/\/xuongnoithattipi.com\/"},{"@type":"ListItem","position":2,"name":"S\u1ea3n ph\u1ea9m","item":"https:\/\/xuongnoithattipi.com\/shop\/"},{"@type":"ListItem","position":3,"name":"V\u1ecf th\u00f9ng loa","item":"https:\/\/xuongnoithattipi.com\/danh-muc-san-pham\/vo-thung-loa\/"},{"@type":"ListItem","position":4,"name":"V\u1ecf Th\u00f9ng Loa B\u00ecnh"}]},{"@type":"WebSite","@id":"https:\/\/xuongnoithattipi.com\/#website","url":"https:\/\/xuongnoithattipi.com\/","name":"N\u1ed9i th\u1ea5t Tipi","description":"","publisher":{"@id":"https:\/\/xuongnoithattipi.com\/#organization"},"potentialAction":[{"@type":"SearchAction","target":{"@type":"EntryPoint","urlTemplate":"https:\/\/xuongnoithattipi.com\/?s={search_term_string}"},"query-input":{"@type":"PropertyValueSpecification","valueRequired":true,"valueName":"search_term_string"}}],"inLanguage":"vi"},{"@type":"Organization","@id":"https:\/\/xuongnoithattipi.com\/#organization","name":"N\u1ed9i th\u1ea5t Tipi","url":"https:\/\/xuongnoithattipi.com\/","logo":{"@type":"ImageObject","inLanguage":"vi","@id":"https:\/\/xuongnoithattipi.com\/#\/schema\/logo\/image\/","url":"http:\/\/xuongnoithattipi.com\/wp-content\/uploads\/2025\/11\/LOGO_XUONG-NOI-THAT-TIPI_WEB-COLOR-full.png","contentUrl":"http:\/\/xuongnoithattipi.com\/wp-content\/uploads\/2025\/11\/LOGO_XUONG-NOI-THAT-TIPI_WEB-COLOR-full.png","width":536,"height":126,"caption":"N\u1ed9i th\u1ea5t Tipi"},"image":{"@id":"https:\/\/xuongnoithattipi.com\/#\/schema\/logo\/image\/"},"sameAs":["https:\/\/www.facebook.com\/profile.php?id=61583275246966#"]}]}},"_links":{"self":[{"href":"https:\/\/xuongnoithattipi.com\/index.php?rest_route=\/wp\/v2\/product\/3943","targetHints":{"allow":["GET"]}}],"collection":[{"href":"https:\/\/xuongnoithattipi.com\/index.php?rest_route=\/wp\/v2\/product"}],"about":[{"href":"https:\/\/xuongnoithattipi.com\/index.php?rest_route=\/wp\/v2\/types\/product"}],"replies":[{"embeddable":true,"href":"https:\/\/xuongnoithattipi.com\/index.php?rest_route=%2Fwp%2Fv2%2Fcomments&post=3943"}],"wp:featuredmedia":[{"embeddable":true,"href":"https:\/\/xuongnoithattipi.com\/index.php?rest_route=\/wp\/v2\/media\/3952"}],"wp:attachment":[{"href":"https:\/\/xuongnoithattipi.com\/index.php?rest_route=%2Fwp%2Fv2%2Fmedia&parent=3943"}],"wp:term":[{"taxonomy":"product_brand","embeddable":true,"href":"https:\/\/xuongnoithattipi.com\/index.php?rest_route=%2Fwp%2Fv2%2Fproduct_brand&post=3943"},{"taxonomy":"product_cat","embeddable":true,"href":"https:\/\/xuongnoithattipi.com\/index.php?rest_route=%2Fwp%2Fv2%2Fproduct_cat&post=3943"},{"taxonomy":"product_tag","embeddable":true,"href":"https:\/\/xuongnoithattipi.com\/index.php?rest_route=%2Fwp%2Fv2%2Fproduct_tag&post=3943"}],"curies":[{"name":"wp","href":"https:\/\/api.w.org\/{rel}","templated":true}]}}