{"id":4208,"date":"2025-11-12T23:44:09","date_gmt":"2025-11-12T16:44:09","guid":{"rendered":"https:\/\/xuongnoithattipi.com\/?page_id=4208"},"modified":"2025-11-13T12:10:24","modified_gmt":"2025-11-13T05:10:24","slug":"lien-he","status":"publish","type":"page","link":"https:\/\/xuongnoithattipi.com\/?page_id=4208","title":{"rendered":"Li\u00ean h\u1ec7"},"content":{"rendered":"<div class=\"contact-page-container\">\n<header class=\"contact-page-header\">\n<h1>Li\u00ean H\u1ec7 V\u1edbi Ch\u00fang T\u00f4i<\/h1>\n<p>            <span class=\"contact-page-slogan\">Sang t\u1eeb g\u1ed7, \u0111\u1eb9p t\u1eeb t\u00e2m<\/span><\/p>\n<p class=\"contact-page-slogan-description\">V\u1edbi N\u1ed8I TH\u1ea4T TIPI, ch\u00fang t\u00f4i tin r\u1eb1ng m\u1ed7i kh\u00f4ng gian s\u1ed1ng \u0111\u1ec1u l\u00e0 m\u1ed9t t\u00e1c ph\u1ea9m ngh\u1ec7 thu\u1eadt, \u0111\u01b0\u1ee3c t\u1ea1o n\u00ean t\u1eeb ch\u1ea5t li\u1ec7u g\u1ed7 t\u1ef1 nhi\u00ean v\u00e0 s\u1ef1 t\u1eadn t\u00e2m c\u1ee7a \u0111\u1ed9i ng\u0169 nh\u1eefng ng\u01b0\u1eddi th\u1ee3 l\u00e0nh ngh\u1ec1. H\u00e3y \u0111\u1ec3 ch\u00fang t\u00f4i c\u00f9ng b\u1ea1n hi\u1ec7n th\u1ef1c h\u00f3a kh\u00f4ng gian m\u01a1 \u01b0\u1edbc, n\u01a1i m\u1ed7i chi ti\u1ebft \u0111\u1ec1u to\u00e1t l\u00ean v\u1ebb sang tr\u1ecdng v\u00e0 s\u1ef1 \u1ea5m \u00e1p t\u1eeb t\u00e2m huy\u1ebft.<\/p>\n<p>            <strong>H\u00e3y \u0111\u1ec3 N\u1ed8I TH\u1ea4T TIPI t\u01b0 v\u1ea5n v\u00e0 \u0111\u1ed3ng h\u00e0nh c\u00f9ng b\u1ea1n!<\/strong><br \/>\n        <\/header>\n<section class=\"contact-info-section\">\n<div class=\"contact-item\">\n<h3>Th\u00f4ng Tin Li\u00ean H\u1ec7<\/h3>\n<p>                <strong>\ud83c\udfe0 T\u00ean C\u00f4ng Ty:<\/strong> C\u00d4NG TY TNHH TH\u01af\u01a0NG M\u1ea0I V\u00c0 S\u1ea2N XU\u1ea4T TIPI WOOD<br \/>\n                <br \/>\n                <strong>\ud83d\udccd \u0110\u1ecba ch\u1ec9:<\/strong> 221\/229 B\u00ecnh Th\u00e0nh, Ph\u01b0\u1eddng B\u00ecnh T\u00e2n, TP.HCM<br \/>\n                <br \/>\n                <strong>\ud83d\udcde Kinh doanh:<\/strong> <a href=\"tel:0909526962\">0909.52.69.62<\/a><br \/>\n                <br \/>\n                <strong>\ud83d\udcde H\u1ed7 tr\u1ee3 k\u1ef9 thu\u1eadt:<\/strong> <a href=\"tel:0938405062\">0938.40.50.62<\/a><br \/>\n                <br \/>\n                <strong>\ud83d\udce7 Email:<\/strong> <a href=\"mailto:tipiwood.sg@gmail.com\">tipiwood.sg@gmail.com<\/a><br \/>\n                <br \/>\n                <strong>\ud83c\udf10 Website:<\/strong> <a href=\"https:\/\/xuongnoithattipi.com\" target=\"_blank\" rel=\"noopener\">xuongnoithattipi.com<\/a>\n            <\/div>\n<\/section>\n<section class=\"map-section\">\n<h2>T\u00ecm Ch\u00fang T\u00f4i Tr\u00ean B\u1ea3n \u0110\u1ed3<\/h2>\n<p>            <iframe class=\"map-iframe\" src=\"https:\/\/www.google.com\/maps\/embed?pb=!1m18!1m12!1m3!1d3919.1437101735994!2d106.6023247748805!3d10.80006725851455!2m3!1f0!2f0!3f0!3m2!1i1024!2i768!4f13.1!3m3!1m2!1s0x31752b1b3b2b7b51%3A0x7c4f0b2f5d9d7f0!2s221%2F229%20Binh%20Thanh%2C%20Binh%20Tan%20District%2C%20Ho%20Chi%20Minh%20City%2C%20Vietnam!5e0!3m2!1sen!2sus!4v1678901234567!5m2!1sen!2sus\" allowfullscreen=\"allowfullscreen\"><\/iframe><br \/>\n        <\/section>\n<\/p><\/div>\n","protected":false},"excerpt":{"rendered":"<p>Li\u00ean H\u1ec7 V\u1edbi Ch\u00fang T\u00f4i Sang t\u1eeb g\u1ed7, \u0111\u1eb9p t\u1eeb t\u00e2m V\u1edbi N\u1ed8I TH\u1ea4T TIPI, ch\u00fang t\u00f4i tin r\u1eb1ng m\u1ed7i kh\u00f4ng gian s\u1ed1ng \u0111\u1ec1u l\u00e0 m\u1ed9t t\u00e1c ph\u1ea9m ngh\u1ec7 thu\u1eadt, \u0111\u01b0\u1ee3c t\u1ea1o n\u00ean t\u1eeb ch\u1ea5t li\u1ec7u g\u1ed7 t\u1ef1 nhi\u00ean v\u00e0 s\u1ef1 t\u1eadn t\u00e2m c\u1ee7a \u0111\u1ed9i ng\u0169 nh\u1eefng ng\u01b0\u1eddi th\u1ee3 l\u00e0nh ngh\u1ec1. H\u00e3y \u0111\u1ec3 ch\u00fang t\u00f4i&#8230;<\/p>\n","protected":false},"author":1,"featured_media":0,"parent":0,"menu_order":0,"comment_status":"closed","ping_status":"closed","template":"","meta":{"_acf_changed":false,"footnotes":""},"class_list":["post-4208","page","type-page","status-publish","hentry"],"acf":[],"yoast_head":"<!-- This site is optimized with the Yoast SEO Premium plugin v22.6 (Yoast SEO v26.3) - https:\/\/yoast.com\/wordpress\/plugins\/seo\/ -->\n<title>Li\u00ean h\u1ec7 - N\u1ed9i th\u1ea5t Tipi<\/title>\n<meta name=\"robots\" content=\"index, follow, max-snippet:-1, max-image-preview:large, max-video-preview:-1\" \/>\n<link rel=\"canonical\" href=\"http:\/\/xuongnoithattipi.com\/?page_id=4208\" \/>\n<meta property=\"og:locale\" content=\"vi_VN\" \/>\n<meta property=\"og:type\" content=\"article\" \/>\n<meta property=\"og:title\" content=\"Li\u00ean h\u1ec7\" \/>\n<meta property=\"og:description\" content=\"Li\u00ean H\u1ec7 V\u1edbi Ch\u00fang T\u00f4i Sang t\u1eeb g\u1ed7, \u0111\u1eb9p t\u1eeb t\u00e2m V\u1edbi N\u1ed8I TH\u1ea4T TIPI, ch\u00fang t\u00f4i tin r\u1eb1ng m\u1ed7i kh\u00f4ng gian s\u1ed1ng \u0111\u1ec1u l\u00e0 m\u1ed9t t\u00e1c ph\u1ea9m ngh\u1ec7 thu\u1eadt, \u0111\u01b0\u1ee3c t\u1ea1o n\u00ean t\u1eeb ch\u1ea5t li\u1ec7u g\u1ed7 t\u1ef1 nhi\u00ean v\u00e0 s\u1ef1 t\u1eadn t\u00e2m c\u1ee7a \u0111\u1ed9i ng\u0169 nh\u1eefng ng\u01b0\u1eddi th\u1ee3 l\u00e0nh ngh\u1ec1. H\u00e3y \u0111\u1ec3 ch\u00fang t\u00f4i...\" \/>\n<meta property=\"og:url\" content=\"http:\/\/xuongnoithattipi.com\/?page_id=4208\" \/>\n<meta property=\"og:site_name\" content=\"N\u1ed9i th\u1ea5t Tipi\" \/>\n<meta property=\"article:publisher\" content=\"https:\/\/www.facebook.com\/profile.php?id=61583275246966#\" \/>\n<meta property=\"article:modified_time\" content=\"2025-11-13T05:10:24+00:00\" \/>\n<meta property=\"og:image\" content=\"https:\/\/xuongnoithattipi.com\/wp-content\/uploads\/2025\/11\/LOGO_XUONG-NOI-THAT-TIPI_WEB-COLOR-full.png\" \/>\n\t<meta property=\"og:image:width\" content=\"536\" \/>\n\t<meta property=\"og:image:height\" content=\"126\" \/>\n\t<meta property=\"og:image:type\" content=\"image\/png\" \/>\n<meta name=\"twitter:card\" content=\"summary_large_image\" \/>\n<meta name=\"twitter:label1\" content=\"\u01af\u1edbc t\u00ednh th\u1eddi gian \u0111\u1ecdc\" \/>\n\t<meta name=\"twitter:data1\" content=\"1 ph\u00fat\" \/>\n<script type=\"application\/ld+json\" class=\"yoast-schema-graph\">{\"@context\":\"https:\/\/schema.org\",\"@graph\":[{\"@type\":\"WebPage\",\"@id\":\"http:\/\/xuongnoithattipi.com\/?page_id=4208\",\"url\":\"http:\/\/xuongnoithattipi.com\/?page_id=4208\",\"name\":\"Li\u00ean h\u1ec7 - N\u1ed9i th\u1ea5t Tipi\",\"isPartOf\":{\"@id\":\"https:\/\/xuongnoithattipi.com\/#website\"},\"datePublished\":\"2025-11-12T16:44:09+00:00\",\"dateModified\":\"2025-11-13T05:10:24+00:00\",\"breadcrumb\":{\"@id\":\"http:\/\/xuongnoithattipi.com\/?page_id=4208#breadcrumb\"},\"inLanguage\":\"vi\",\"potentialAction\":[{\"@type\":\"ReadAction\",\"target\":[\"http:\/\/xuongnoithattipi.com\/?page_id=4208\"]}]},{\"@type\":\"BreadcrumbList\",\"@id\":\"http:\/\/xuongnoithattipi.com\/?page_id=4208#breadcrumb\",\"itemListElement\":[{\"@type\":\"ListItem\",\"position\":1,\"name\":\"Trang ch\u1ee7\",\"item\":\"https:\/\/xuongnoithattipi.com\/\"},{\"@type\":\"ListItem\",\"position\":2,\"name\":\"Li\u00ean h\u1ec7\"}]},{\"@type\":\"WebSite\",\"@id\":\"https:\/\/xuongnoithattipi.com\/#website\",\"url\":\"https:\/\/xuongnoithattipi.com\/\",\"name\":\"N\u1ed9i th\u1ea5t Tipi\",\"description\":\"\",\"publisher\":{\"@id\":\"https:\/\/xuongnoithattipi.com\/#organization\"},\"potentialAction\":[{\"@type\":\"SearchAction\",\"target\":{\"@type\":\"EntryPoint\",\"urlTemplate\":\"https:\/\/xuongnoithattipi.com\/?s={search_term_string}\"},\"query-input\":{\"@type\":\"PropertyValueSpecification\",\"valueRequired\":true,\"valueName\":\"search_term_string\"}}],\"inLanguage\":\"vi\"},{\"@type\":\"Organization\",\"@id\":\"https:\/\/xuongnoithattipi.com\/#organization\",\"name\":\"N\u1ed9i th\u1ea5t Tipi\",\"url\":\"https:\/\/xuongnoithattipi.com\/\",\"logo\":{\"@type\":\"ImageObject\",\"inLanguage\":\"vi\",\"@id\":\"https:\/\/xuongnoithattipi.com\/#\/schema\/logo\/image\/\",\"url\":\"http:\/\/xuongnoithattipi.com\/wp-content\/uploads\/2025\/11\/LOGO_XUONG-NOI-THAT-TIPI_WEB-COLOR-full.png\",\"contentUrl\":\"http:\/\/xuongnoithattipi.com\/wp-content\/uploads\/2025\/11\/LOGO_XUONG-NOI-THAT-TIPI_WEB-COLOR-full.png\",\"width\":536,\"height\":126,\"caption\":\"N\u1ed9i th\u1ea5t Tipi\"},\"image\":{\"@id\":\"https:\/\/xuongnoithattipi.com\/#\/schema\/logo\/image\/\"},\"sameAs\":[\"https:\/\/www.facebook.com\/profile.php?id=61583275246966#\"]}]}<\/script>\n<!-- \/ Yoast SEO Premium plugin. -->","yoast_head_json":{"title":"Li\u00ean h\u1ec7 - N\u1ed9i th\u1ea5t Tipi","robots":{"index":"index","follow":"follow","max-snippet":"max-snippet:-1","max-image-preview":"max-image-preview:large","max-video-preview":"max-video-preview:-1"},"canonical":"http:\/\/xuongnoithattipi.com\/?page_id=4208","og_locale":"vi_VN","og_type":"article","og_title":"Li\u00ean h\u1ec7","og_description":"Li\u00ean H\u1ec7 V\u1edbi Ch\u00fang T\u00f4i Sang t\u1eeb g\u1ed7, \u0111\u1eb9p t\u1eeb t\u00e2m V\u1edbi N\u1ed8I TH\u1ea4T TIPI, ch\u00fang t\u00f4i tin r\u1eb1ng m\u1ed7i kh\u00f4ng gian s\u1ed1ng \u0111\u1ec1u l\u00e0 m\u1ed9t t\u00e1c ph\u1ea9m ngh\u1ec7 thu\u1eadt, \u0111\u01b0\u1ee3c t\u1ea1o n\u00ean t\u1eeb ch\u1ea5t li\u1ec7u g\u1ed7 t\u1ef1 nhi\u00ean v\u00e0 s\u1ef1 t\u1eadn t\u00e2m c\u1ee7a \u0111\u1ed9i ng\u0169 nh\u1eefng ng\u01b0\u1eddi th\u1ee3 l\u00e0nh ngh\u1ec1. H\u00e3y \u0111\u1ec3 ch\u00fang t\u00f4i...","og_url":"http:\/\/xuongnoithattipi.com\/?page_id=4208","og_site_name":"N\u1ed9i th\u1ea5t Tipi","article_publisher":"https:\/\/www.facebook.com\/profile.php?id=61583275246966#","article_modified_time":"2025-11-13T05:10:24+00:00","og_image":[{"width":536,"height":126,"url":"https:\/\/xuongnoithattipi.com\/wp-content\/uploads\/2025\/11\/LOGO_XUONG-NOI-THAT-TIPI_WEB-COLOR-full.png","type":"image\/png"}],"twitter_card":"summary_large_image","twitter_misc":{"\u01af\u1edbc t\u00ednh th\u1eddi gian \u0111\u1ecdc":"1 ph\u00fat"},"schema":{"@context":"https:\/\/schema.org","@graph":[{"@type":"WebPage","@id":"http:\/\/xuongnoithattipi.com\/?page_id=4208","url":"http:\/\/xuongnoithattipi.com\/?page_id=4208","name":"Li\u00ean h\u1ec7 - N\u1ed9i th\u1ea5t Tipi","isPartOf":{"@id":"https:\/\/xuongnoithattipi.com\/#website"},"datePublished":"2025-11-12T16:44:09+00:00","dateModified":"2025-11-13T05:10:24+00:00","breadcrumb":{"@id":"http:\/\/xuongnoithattipi.com\/?page_id=4208#breadcrumb"},"inLanguage":"vi","potentialAction":[{"@type":"ReadAction","target":["http:\/\/xuongnoithattipi.com\/?page_id=4208"]}]},{"@type":"BreadcrumbList","@id":"http:\/\/xuongnoithattipi.com\/?page_id=4208#breadcrumb","itemListElement":[{"@type":"ListItem","position":1,"name":"Trang ch\u1ee7","item":"https:\/\/xuongnoithattipi.com\/"},{"@type":"ListItem","position":2,"name":"Li\u00ean h\u1ec7"}]},{"@type":"WebSite","@id":"https:\/\/xuongnoithattipi.com\/#website","url":"https:\/\/xuongnoithattipi.com\/","name":"N\u1ed9i th\u1ea5t Tipi","description":"","publisher":{"@id":"https:\/\/xuongnoithattipi.com\/#organization"},"potentialAction":[{"@type":"SearchAction","target":{"@type":"EntryPoint","urlTemplate":"https:\/\/xuongnoithattipi.com\/?s={search_term_string}"},"query-input":{"@type":"PropertyValueSpecification","valueRequired":true,"valueName":"search_term_string"}}],"inLanguage":"vi"},{"@type":"Organization","@id":"https:\/\/xuongnoithattipi.com\/#organization","name":"N\u1ed9i th\u1ea5t Tipi","url":"https:\/\/xuongnoithattipi.com\/","logo":{"@type":"ImageObject","inLanguage":"vi","@id":"https:\/\/xuongnoithattipi.com\/#\/schema\/logo\/image\/","url":"http:\/\/xuongnoithattipi.com\/wp-content\/uploads\/2025\/11\/LOGO_XUONG-NOI-THAT-TIPI_WEB-COLOR-full.png","contentUrl":"http:\/\/xuongnoithattipi.com\/wp-content\/uploads\/2025\/11\/LOGO_XUONG-NOI-THAT-TIPI_WEB-COLOR-full.png","width":536,"height":126,"caption":"N\u1ed9i th\u1ea5t Tipi"},"image":{"@id":"https:\/\/xuongnoithattipi.com\/#\/schema\/logo\/image\/"},"sameAs":["https:\/\/www.facebook.com\/profile.php?id=61583275246966#"]}]}},"_links":{"self":[{"href":"https:\/\/xuongnoithattipi.com\/index.php?rest_route=\/wp\/v2\/pages\/4208","targetHints":{"allow":["GET"]}}],"collection":[{"href":"https:\/\/xuongnoithattipi.com\/index.php?rest_route=\/wp\/v2\/pages"}],"about":[{"href":"https:\/\/xuongnoithattipi.com\/index.php?rest_route=\/wp\/v2\/types\/page"}],"author":[{"embeddable":true,"href":"https:\/\/xuongnoithattipi.com\/index.php?rest_route=\/wp\/v2\/users\/1"}],"replies":[{"embeddable":true,"href":"https:\/\/xuongnoithattipi.com\/index.php?rest_route=%2Fwp%2Fv2%2Fcomments&post=4208"}],"version-history":[{"count":9,"href":"https:\/\/xuongnoithattipi.com\/index.php?rest_route=\/wp\/v2\/pages\/4208\/revisions"}],"predecessor-version":[{"id":4275,"href":"https:\/\/xuongnoithattipi.com\/index.php?rest_route=\/wp\/v2\/pages\/4208\/revisions\/4275"}],"wp:attachment":[{"href":"https:\/\/xuongnoithattipi.com\/index.php?rest_route=%2Fwp%2Fv2%2Fmedia&parent=4208"}],"curies":[{"name":"wp","href":"https:\/\/api.w.org\/{rel}","templated":true}]}}